{"id":910,"date":"2024-01-12T10:09:14","date_gmt":"2024-01-12T13:09:14","guid":{"rendered":"https:\/\/portal.uern.br\/paudosferros\/enfermagem\/?page_id=910"},"modified":"2024-01-12T10:19:29","modified_gmt":"2024-01-12T13:19:29","slug":"formularios","status":"publish","type":"page","link":"https:\/\/portal.uern.br\/paudosferros\/enfermagem\/formularios\/","title":{"rendered":"Formul\u00e1rios"},"content":{"rendered":"<p><a href=\"https:\/\/docs.google.com\/forms\/d\/e\/1FAIpQLSf6G19ErGhm8-vmcjUG7PQIrNLI-vAa9MG1-VjJjJJfQDI2Gg\/viewform?pli=1\" target=\"_blank\" rel=\"noopener\">Solicita\u00e7\u00e3o de Documento Acad\u00eamico<\/a><\/p>\n<p><a href=\"https:\/\/portal.uern.br\/paudosferros\/enfermagem\/wp-content\/uploads\/sites\/6\/2024\/01\/requerimento-2a-chamada.pdf\" target=\"_blank\" rel=\"noopener\">Requerimento segunda chamada de avalia\u00e7\u00e3o<\/a><\/p>\n","protected":false},"excerpt":{"rendered":"<p>Solicita\u00e7\u00e3o de Documento Acad\u00eamico Requerimento segunda chamada de avalia\u00e7\u00e3o<\/p>\n","protected":false},"author":17,"featured_media":0,"parent":0,"menu_order":0,"comment_status":"closed","ping_status":"closed","template":"","meta":{"footnotes":""},"class_list":["post-910","page","type-page","status-publish","hentry"],"_links":{"self":[{"href":"https:\/\/portal.uern.br\/paudosferros\/enfermagem\/wp-json\/wp\/v2\/pages\/910","targetHints":{"allow":["GET"]}}],"collection":[{"href":"https:\/\/portal.uern.br\/paudosferros\/enfermagem\/wp-json\/wp\/v2\/pages"}],"about":[{"href":"https:\/\/portal.uern.br\/paudosferros\/enfermagem\/wp-json\/wp\/v2\/types\/page"}],"author":[{"embeddable":true,"href":"https:\/\/portal.uern.br\/paudosferros\/enfermagem\/wp-json\/wp\/v2\/users\/17"}],"replies":[{"embeddable":true,"href":"https:\/\/portal.uern.br\/paudosferros\/enfermagem\/wp-json\/wp\/v2\/comments?post=910"}],"version-history":[{"count":4,"href":"https:\/\/portal.uern.br\/paudosferros\/enfermagem\/wp-json\/wp\/v2\/pages\/910\/revisions"}],"predecessor-version":[{"id":917,"href":"https:\/\/portal.uern.br\/paudosferros\/enfermagem\/wp-json\/wp\/v2\/pages\/910\/revisions\/917"}],"wp:attachment":[{"href":"https:\/\/portal.uern.br\/paudosferros\/enfermagem\/wp-json\/wp\/v2\/media?parent=910"}],"curies":[{"name":"wp","href":"https:\/\/api.w.org\/{rel}","templated":true}]}}