{"id":897,"date":"2024-01-12T10:00:56","date_gmt":"2024-01-12T13:00:56","guid":{"rendered":"https:\/\/portal.uern.br\/paudosferros\/enfermagem\/?page_id=897"},"modified":"2024-01-12T10:08:14","modified_gmt":"2024-01-12T13:08:14","slug":"apresentacao-2","status":"publish","type":"page","link":"https:\/\/portal.uern.br\/paudosferros\/enfermagem\/apresentacao-2\/","title":{"rendered":"Apresenta\u00e7\u00e3o Licenciatura e Bacharelado"},"content":{"rendered":"<h5>Enfermagem &#8211; Campus Avan\u00e7ado de Pau dos Ferros<\/h5>\n<p><strong>C\u00f3digo:<\/strong><br \/>\n100930-0<\/p>\n<p><strong>Modalidade:\u00a0<\/strong><br \/>\nBacharelado e Licenciatura<\/p>\n<p><strong>Carga Hor\u00e1ria Total:<\/strong><br \/>\n4935 horas<\/p>\n<p><strong>Tempo do Curso:<\/strong><br \/>\nEntre 4,5 e 7 anos (m\u00e1ximo)<\/p>\n<p><strong>Correio Eletr\u00f4nico:<\/strong><br \/>\nden.pferros@uern.br<\/p>\n<p><strong>Objetivo do Curso:<\/strong><\/p>\n<p>Participar efetivamente da consecu\u00e7\u00e3o do direito universal \u00e0 sa\u00fade, de acordo com os princ\u00edpios de resolutividade, eq\u00fcidade e integralidade.<br \/>\nDesenvolver a capacidade para definir seu pensar-fazer, a partir da compreens\u00e3o do perfil epidemiol\u00f3gico da popula\u00e7\u00e3o, inserindo-se adequada e dinamicamente<br \/>\nna produ\u00e7\u00e3o de servi\u00e7os \u00e0 sa\u00fade, no uso de novas tecnologias e conhecimentos comprometidos com a transforma\u00e7\u00e3o da totalidade social.<br \/>\nCapacitar o enfermeiro para assumir a coordena\u00e7\u00e3o do trabalho de enfermagem nos modelos cl\u00ednicos e epidemiol\u00f3gicos.<br \/>\nGarantir ao enfermeiro capacita\u00e7\u00e3o por meio de licenciaturas, formando profissionais para a for\u00e7a de trabalho em enfermagem de n\u00edvel b\u00e1sico.<\/p>\n<p><strong>Perfil do Formando:<\/strong><\/p>\n<p>Comprometido com o desenvolvimento da profiss\u00e3o e aprofundamento de sua qualifica\u00e7\u00e3o t\u00e9cnico-cient\u00edfica e dos demais trabalhadores de enfermagem.<\/p>\n<p>Capaz de identificar as necessidades coletivas e individuais da popula\u00e7\u00e3o e seus determinantes.<\/p>\n<p>Capaz de intervir na produ\u00e7\u00e3o dos servi\u00e7os de sa\u00fade com vistas e transforma\u00e7\u00e3o dos perfis epidemiol\u00f3gicos e aperfei\u00e7oamento do processo sa\u00fade-doen\u00e7a.<\/p>\n<p>Coordenador do trabalho de enfermagem, parcela do trabalho coletivo em sa\u00fade, atrav\u00e9s dos processos de trabalho de enfermagem (gerenciar, assistir\/intervir, ensinar\/aprender e pesquisar), nos modelos cl\u00ednicos e epidemiol\u00f3gicos de produ\u00e7\u00e3o dos servi\u00e7os de sa\u00fade.<\/p>\n<p>Produtor de conhecimentos comprometidos com a transforma\u00e7\u00e3o dos perfis epidemiol\u00f3gicos.<\/p>\n<p>Respons\u00e1vel pelo processo de forma\u00e7\u00e3o dos trabalhadores de enfermagem e participantes dos processos de forma\u00e7\u00e3o de outros trabalhadores de sa\u00fade.<\/p>\n<p>Capaz de estabelecer novas rela\u00e7\u00f5es com o contexto social, reconhecendo a estrutura e as formas de organiza\u00e7\u00e3o social, suas transforma\u00e7\u00f5es e express\u00f5es.<\/p>\n<p>Capaz de compreender a pol\u00edtica de sa\u00fade no contexto das pol\u00edticas sociais, reconhecendo os perfis epidemiol\u00f3gicos das popula\u00e7\u00f5es.<\/p>\n<p>Capaz de reconhecer as rela\u00e7\u00f5es de trabalho e sua influencia na sa\u00fade.<\/p>\n<p>Capaz de responder as especificidades regionais de sa\u00fade atrav\u00e9s de interven\u00e7\u00f5es planejadas estrategicamente.<\/p>\n<p>Comprometido com a organiza\u00e7\u00e3o pol\u00edtica da enfermagem e demais trabalhadores<\/p>\n<p>Articular, negociador, capaz de estabelecer alian\u00e7as e parcerias.<\/p>\n<p><strong>Campo de Atua\u00e7\u00e3o:<\/strong><\/p>\n<ul>\n<li>\u00d3rg\u00e3os p\u00fablicos e privados: escolas, creches, empresas, hospitais, ambulat\u00f3rios, unidades de sa\u00fade, comunidades, consult\u00f3rios em domic\u00edlio.<\/li>\n<li>Institui\u00e7\u00f5es de ensino superior e ensino m\u00e9dio.<\/li>\n<li>Profissional aut\u00f4nomo.<\/li>\n<\/ul>\n<p><strong>Atribui\u00e7\u00f5es do profissional formado:<\/strong><\/p>\n<ul>\n<li>O enfermeiro deve adquirir, durante sua forma\u00e7\u00e3o, compet\u00eancias, habilidades e atitudes para trabalhar no \u00e2mbito da assist\u00eancia, da informa\u00e7\u00e3o, da educa\u00e7\u00e3o, da<\/li>\n<li>preven\u00e7\u00e3o, da investiga\u00e7\u00e3o e do gerenciamento em sa\u00fade.<\/li>\n<li>Conhecimento geral e espec\u00edfico que lhe assegure a qualifica\u00e7\u00e3o cl\u00ednico-epidemiol\u00f3gica, t\u00e9cnico-cient\u00edfica, \u00e9tica e pol\u00edtica, capaz de permitir-lhe inser\u00e7\u00e3o nos<\/li>\n<li>processos de trabalho; assistir\/intervir, gerenciar, pesquisar e ensinar, considerando as demandas e as necessidades prevalentes e priorit\u00e1rias da popula\u00e7\u00e3o,<\/li>\n<li>conforme o quadro epidemiol\u00f3gico do pa\u00eds e da regi\u00e3o.<\/li>\n<\/ul>\n<h5>Estrutura Curricular<\/h5>\n<table class=\"table table-striped table-condensed\" border=\"0\" width=\"80%\" cellspacing=\"0\" cellpadding=\"0\">\n<tbody>\n<tr>\n<th class=\"destaque1\" align=\"right\" width=\"150\">Curso:<\/th>\n<td class=\"AlistTrans\" colspan=\"5\">\u00a0[100930-0] Enfermagem &#8211; Bacharelado e Licenciatura<\/td>\n<\/tr>\n<tr>\n<th class=\"destaque1\" align=\"right\">Matriz Curricular:<\/th>\n<td class=\"AlistTrans\" colspan=\"5\">\u00a02006.3 [V\u00e1lida para ingressantes a partir de\u00a0<b>2006.2<\/b>]<\/td>\n<\/tr>\n<tr>\n<th class=\"destaque1\" align=\"right\">Campus\/Cidade<\/th>\n<td class=\"AlistTrans\" colspan=\"5\">\u00a0Campus Avan\u00e7ado de Pau dos Ferros<\/td>\n<\/tr>\n<\/tbody>\n<\/table>\n<p>&nbsp;<\/p>\n<table class=\"table table-striped table-condensed\" border=\"0\" width=\"80%\" cellspacing=\"0\" cellpadding=\"0\">\n<tbody>\n<tr>\n<th class=\"destaque1\" align=\"right\" width=\"150\">Obrigat\u00f3rias:<\/th>\n<td class=\"AlistTrans\" colspan=\"5\">\u00a04425 horas<\/td>\n<\/tr>\n<tr>\n<th class=\"destaque1\" align=\"right\" width=\"150\">Optativas:<\/th>\n<td class=\"AlistTrans\" colspan=\"5\">\u00a060 horas<\/td>\n<\/tr>\n<tr>\n<th class=\"destaque1\" align=\"right\" width=\"150\">Ativ. Complementares:<\/th>\n<td class=\"AlistTrans\" colspan=\"5\">\u00a0210 horas<\/td>\n<\/tr>\n<tr>\n<th class=\"destaque1\" align=\"right\" width=\"150\">Total a integralizar:<\/th>\n<td class=\"AlistTrans\" colspan=\"5\">\u00a0<strong>4695 horas<\/strong><\/td>\n<\/tr>\n<tr>\n<th class=\"destaque1\" align=\"right\" width=\"150\"><em>Eletivas:\u00a0<\/em><\/th>\n<td class=\"AlistTrans\" colspan=\"5\">\u00a0<em>240 horas<\/em><\/td>\n<\/tr>\n<\/tbody>\n<\/table>\n<p>&nbsp;<\/p>\n","protected":false},"excerpt":{"rendered":"<p>Enfermagem &#8211; Campus Avan\u00e7ado de Pau dos Ferros C\u00f3digo: 100930-0 Modalidade:\u00a0 Bacharelado e Licenciatura Carga Hor\u00e1ria Total: 4935 horas Tempo do Curso: Entre 4,5 e 7 anos (m\u00e1ximo) Correio Eletr\u00f4nico: den.pferros@uern.br Objetivo do Curso: Participar efetivamente da consecu\u00e7\u00e3o do direito universal \u00e0 sa\u00fade, de acordo com os princ\u00edpios de resolutividade, eq\u00fcidade e integralidade. Desenvolver a [&hellip;]<\/p>\n","protected":false},"author":17,"featured_media":0,"parent":0,"menu_order":0,"comment_status":"closed","ping_status":"closed","template":"","meta":{"footnotes":""},"class_list":["post-897","page","type-page","status-publish","hentry"],"_links":{"self":[{"href":"https:\/\/portal.uern.br\/paudosferros\/enfermagem\/wp-json\/wp\/v2\/pages\/897","targetHints":{"allow":["GET"]}}],"collection":[{"href":"https:\/\/portal.uern.br\/paudosferros\/enfermagem\/wp-json\/wp\/v2\/pages"}],"about":[{"href":"https:\/\/portal.uern.br\/paudosferros\/enfermagem\/wp-json\/wp\/v2\/types\/page"}],"author":[{"embeddable":true,"href":"https:\/\/portal.uern.br\/paudosferros\/enfermagem\/wp-json\/wp\/v2\/users\/17"}],"replies":[{"embeddable":true,"href":"https:\/\/portal.uern.br\/paudosferros\/enfermagem\/wp-json\/wp\/v2\/comments?post=897"}],"version-history":[{"count":2,"href":"https:\/\/portal.uern.br\/paudosferros\/enfermagem\/wp-json\/wp\/v2\/pages\/897\/revisions"}],"predecessor-version":[{"id":909,"href":"https:\/\/portal.uern.br\/paudosferros\/enfermagem\/wp-json\/wp\/v2\/pages\/897\/revisions\/909"}],"wp:attachment":[{"href":"https:\/\/portal.uern.br\/paudosferros\/enfermagem\/wp-json\/wp\/v2\/media?parent=897"}],"curies":[{"name":"wp","href":"https:\/\/api.w.org\/{rel}","templated":true}]}}