{"id":693,"date":"2023-07-19T20:47:48","date_gmt":"2023-07-19T23:47:48","guid":{"rendered":"https:\/\/portal.uern.br\/paudosferros\/enfermagem\/?page_id=693"},"modified":"2023-07-19T20:47:48","modified_gmt":"2023-07-19T23:47:48","slug":"organizacao-do-curso","status":"publish","type":"page","link":"https:\/\/portal.uern.br\/paudosferros\/enfermagem\/organizacao-do-curso\/","title":{"rendered":"Organiza\u00e7\u00e3o do Curso"},"content":{"rendered":"<h5>1. CURSO DE BACHARELADO E LICENCIATURA EM ENFERMAGEM<\/h5>\n<p>Nome: Curso de Enfermagem<br \/>\nModalidade: Bacharelado e Licenciatura<br \/>\nAto de Cria\u00e7\u00e3o: Resolu\u00e7\u00e3o No 049\/2003\/CONSEPE.<br \/>\nData da Publica\u00e7\u00e3o: 29 de dezembro de 2003.<br \/>\nIn\u00edcio de Funcionamento: 04 de novembro de 2004<\/p>\n<p>\u00daltima Turma Ingressante: SISU ENEM 2022<\/p>\n<p>O estudante ingressante neste curso dever\u00e1 integralizar, para a forma\u00e7\u00e3o e obten\u00e7\u00e3o do grau de Enfermeiro e Licenciado em Enfermagem, um total de 4.740 (quatro mil setecentos e quarenta) horas, correspondendo a 316 (trezentos e dezesseis) cr\u00e9ditos, com dura\u00e7\u00e3o m\u00ednima de 4.5 (quatro anos e meio) anos ou 09 (nove) semestres letivos, e, m\u00e1xima de 07 (sete) anos ou 14 (quatorze) semestres letivos.<\/p>\n<p>Essa carga hor\u00e1ria encontra-se assim distribu\u00edda:\u00a0<strong>disciplinas obrigat\u00f3rias<\/strong>: 4.425 (quatro mil, quatrocentos e vinte e cinco) horas ou 295 (duzentos e noventa e cinco) cr\u00e9ditos;\u00a0<strong>disciplinas optativas<\/strong>: 60 (sessenta) horas ou 04 (quatro) cr\u00e9ditos;\u00a0<strong>atividades complementares<\/strong>: 210 (duzentos e dez) horas ou 14 (quatorze) cr\u00e9ditos;\u00a0<strong>pr\u00e1tica como componente curricular<\/strong>: 420 (quatrocentos e vinte) horas;\u00a0<strong>est\u00e1gio curricular supervisionado<\/strong>: 1320 (um mil, trezentos e vinte) horas;\u00a0<strong>disciplinas da \u00e1rea espec\u00edfica da forma\u00e7\u00e3o de professor<\/strong>: 1050 (um mil e cinq\u00fcenta) horas.<\/p>\n<p>O CEN\/CAPF tem como refer\u00eancia para o processo de forma\u00e7\u00e3o, uma proposta metodol\u00f3gica que supere as concep\u00e7\u00f5es tradicionais de ensino e proporcione um processo ensinar\/aprender onde os saberes se articulem e estimulem, no aluno, a cr\u00edtica, a reflex\u00e3o e a criatividade, mediante a utiliza\u00e7\u00e3o de pr\u00e1ticas metodol\u00f3gicas que tenham como ponto de partida a realidade socio-cultural do aluno e dos grupos sociais homog\u00eaneos, recuperem experi\u00eancias e viv\u00eancias, articulem teoria\u00a0 e pr\u00e1tica, possibilite a interpreta\u00e7\u00e3o e an\u00e1lise coletiva de problemas;\u00a0 estimulem o olhar investigativo; se caracterizem pela participa\u00e7\u00e3o ativa do aluno expressas na aplica\u00e7\u00e3o de t\u00e9cnicas de ensino socializadas e\/ou individualizadas como exposi\u00e7\u00f5es dialogadas, capta\u00e7\u00f5es da realidade, constru\u00e7\u00e3o de projetos de interven\u00e7\u00e3o, semin\u00e1rios, discuss\u00e3o, estudo de caso, demonstra\u00e7\u00e3o, dramatiza\u00e7\u00e3o, din\u00e2micas de grupo e outras.<\/p>\n<p>O curr\u00edculo do\u00a0 Curso de Bacharelado e Licenciatura em Enfermagem est\u00e1 organizado em\u00a0 \u00e1reas tem\u00e1ticas, as quais integrar\u00e3o simult\u00e2nea e gradativamente as ci\u00eancias biol\u00f3gicas, humanas e sociais, os conhecimentos t\u00e9cnicos, cient\u00edficos, pol\u00edticos da sa\u00fade, da educa\u00e7\u00e3o e da enfermagem, desenvolvidos por meio de estruturas de disciplinas obrigat\u00f3rias, disciplinas optativas, semin\u00e1rios tem\u00e1ticos e atividades complementares, que se sucedem em ordem de complexidade crescente, favorecendo a interdisciplinaridade, a integralidade e a terminalidade do processo de forma\u00e7\u00e3o do enfermeiro, capacitando-o para assumir a coordena\u00e7\u00e3o do processo de trabalho em enfermagem no modelo cl\u00ednico e epidemiol\u00f3gico, qualificando-o para inser\u00e7\u00e3o no mundo do trabalho.<\/p>\n<p>Deste modo encontram-se organizadas em 06 (seis) \u00e1reas tem\u00e1ticas:\u00a0<strong>Bases Biol\u00f3gicas e Sociais do Trabalho da Enfermagem; Bases Te\u00f3rico-Metodol\u00f3gicas do Trabalho da Enfermagem; Assist\u00eancia de Enfermagem; Gest\u00e3o em Enfermagem; Educa\u00e7\u00e3o, Sa\u00fade e Enfermagem e Articula\u00e7\u00e3o Ensino\/Trabalho.\u00a0<\/strong><\/p>\n<h5>2. CURSO DE BACHARELADO EM ENFERMAGEM<\/h5>\n<p>Nome: Curso de Gradua\u00e7\u00e3o em Enfermagem<br \/>\nModalidade: Bacharelado<br \/>\nAto de Cria\u00e7\u00e3o: Resolu\u00e7\u00e3o No 068\/2022\/CONSEPE.<br \/>\nData da Publica\u00e7\u00e3o: 24 de agosto de 2022.<br \/>\nIn\u00edcio de Funcionamento: previs\u00e3o para o primeiro semestre letivo de 2023.<\/p>\n<p>Primeira Turma Ingressante: SISU ENEM 2023<\/p>\n<p>Para concluir a forma\u00e7\u00e3o de n\u00edvel superior e obter o Grau de Bacharel em Enfermagem no CEN\/CAPF\/UERN, o estudante dever\u00e1 integralizar Carga Hor\u00e1ria Total de 4.350 (quatro mil trezentos e cinquenta) horas, com dura\u00e7\u00e3o m\u00ednima de 5 anos (cinco) ou 10 (dez) semestres letivos, e, m\u00e1xima de 08 anos (oito) ou 16 (dezesseis) semestres letivos, distribu\u00edda nos seguintes componentes curriculares:\u00a0<strong>Disciplinas Obrigat\u00f3rias:\u00a0<\/strong>2.805* (dois mil, oitocentos e cinco) horas ou 187 (cento e oitenta e sete) cr\u00e9ditos; inclu\u00eddo 30 (trinta) horas de Trabalho de Conclus\u00e3o de Curso (TCC);\u00a0<strong>Disciplinas Optativas:\u00a0<\/strong>90 horas (noventa) ou 6 (seis) cr\u00e9ditos;\u00a0<strong>Est\u00e1gio Curricular Supervisionado Obrigat\u00f3rio<\/strong>: 900 (novecentas) horas ou 60 (sessenta) cr\u00e9ditos;\u00a0<strong>Unidades Curriculares de Extens\u00e3o (UCE)<\/strong>: 435 (quatrocentos e trinta e cinco) horas ou 29 (vinte e nove) cr\u00e9ditos;\u00a0<strong>Atividades Complementares Curriculares (ACC)<\/strong>: 120 (cento e vinte) horas.<\/p>\n<p>A matriz curricular do CEN\/CAPF\/UERN est\u00e1 organizada em \u00e1reas tem\u00e1ticas, que integram os conte\u00fados fundamentais das ci\u00eancias biol\u00f3gicas, humanas e sociais, nos conhecimentos t\u00e9cnicos, cient\u00edficos, pol\u00edticos e \u00e9ticos da sa\u00fade, da educa\u00e7\u00e3o e da ci\u00eancia da enfermagem, desenvolvidos por meio de componentes curriculares (obrigat\u00f3rios, optativos, est\u00e1gio curricular supervisionado obrigat\u00f3rio, trabalho de conclus\u00e3o de curso), que se sucedem em ordem de complexidade crescente, favorecendo a interdisciplinaridade, a integralidade e a terminalidade do processo de forma\u00e7\u00e3o do enfermeiro, capacitando-o para assumir a coordena\u00e7\u00e3o do trabalho em enfermagem, no modelo cl\u00ednico e epidemiol\u00f3gico, qualificando-o para inser\u00e7\u00e3o no mundo do trabalho em sa\u00fade.<\/p>\n<p>As \u00c1reas Tem\u00e1ticas do Curso de Gradua\u00e7\u00e3o em Enfermagem CAPF\/UERN<strong>\u00a0<\/strong>encontram-se organizadas em 06 (seis) grandes \u00e1reas:<strong>\u00a0Bases Biol\u00f3gicas e Sociais do Trabalho da Enfermagem; Bases Te\u00f3rico-Metodol\u00f3gicas do Trabalho da Enfermagem; Assist\u00eancia de Enfermagem; Gest\u00e3o e Gerenciamento em Enfermagem; Educa\u00e7\u00e3o, Sa\u00fade e Enfermagem; e Articula\u00e7\u00e3o Ensino\/Trabalho.<\/strong><\/p>\n","protected":false},"excerpt":{"rendered":"<p>1. CURSO DE BACHARELADO E LICENCIATURA EM ENFERMAGEM Nome: Curso de Enfermagem Modalidade: Bacharelado e Licenciatura Ato de Cria\u00e7\u00e3o: Resolu\u00e7\u00e3o No 049\/2003\/CONSEPE. Data da Publica\u00e7\u00e3o: 29 de dezembro de 2003. In\u00edcio de Funcionamento: 04 de novembro de 2004 \u00daltima Turma Ingressante: SISU ENEM 2022 O estudante ingressante neste curso dever\u00e1 integralizar, para a forma\u00e7\u00e3o e [&hellip;]<\/p>\n","protected":false},"author":1,"featured_media":0,"parent":0,"menu_order":0,"comment_status":"closed","ping_status":"closed","template":"","meta":{"footnotes":""},"class_list":["post-693","page","type-page","status-publish","hentry"],"_links":{"self":[{"href":"https:\/\/portal.uern.br\/paudosferros\/enfermagem\/wp-json\/wp\/v2\/pages\/693","targetHints":{"allow":["GET"]}}],"collection":[{"href":"https:\/\/portal.uern.br\/paudosferros\/enfermagem\/wp-json\/wp\/v2\/pages"}],"about":[{"href":"https:\/\/portal.uern.br\/paudosferros\/enfermagem\/wp-json\/wp\/v2\/types\/page"}],"author":[{"embeddable":true,"href":"https:\/\/portal.uern.br\/paudosferros\/enfermagem\/wp-json\/wp\/v2\/users\/1"}],"replies":[{"embeddable":true,"href":"https:\/\/portal.uern.br\/paudosferros\/enfermagem\/wp-json\/wp\/v2\/comments?post=693"}],"version-history":[{"count":1,"href":"https:\/\/portal.uern.br\/paudosferros\/enfermagem\/wp-json\/wp\/v2\/pages\/693\/revisions"}],"predecessor-version":[{"id":694,"href":"https:\/\/portal.uern.br\/paudosferros\/enfermagem\/wp-json\/wp\/v2\/pages\/693\/revisions\/694"}],"wp:attachment":[{"href":"https:\/\/portal.uern.br\/paudosferros\/enfermagem\/wp-json\/wp\/v2\/media?parent=693"}],"curies":[{"name":"wp","href":"https:\/\/api.w.org\/{rel}","templated":true}]}}