{"id":689,"date":"2023-07-19T20:47:00","date_gmt":"2023-07-19T23:47:00","guid":{"rendered":"https:\/\/portal.uern.br\/paudosferros\/enfermagem\/?page_id=689"},"modified":"2023-07-19T20:47:00","modified_gmt":"2023-07-19T23:47:00","slug":"estrutura-fisica","status":"publish","type":"page","link":"https:\/\/portal.uern.br\/paudosferros\/enfermagem\/estrutura-fisica\/","title":{"rendered":"Estrutura F\u00edsica"},"content":{"rendered":"<p>Para o funcionamento do Curso de Enfermagem, o CAPF\/UERN disponibiliza 04 salas de aula, localizadas no Bloco B, pavimento 1, sendo 03 salas, cada uma medindo 52,92 m<sup>2<\/sup>, com capacidade para 45 (quarenta e cinco) pessoas; e 01 sala, medindo 68,36 m<sup>2<\/sup>, com capacidade para 60 (sessenta) pessoas, sendo esta sala multifun\u00e7\u00e3o, sendo utilizada, tamb\u00e9m, como miniaudit\u00f3rio. Todas as salas possuem projetor de multim\u00eddia fixo no teto, s\u00e3o climatizadas com ar condicionado tipo Split (03 unidades), e suas janelas (madeira com vidro) s\u00e3o adesivadas com blackout 100%, proporcionando conforto t\u00e9rmico e boa luminosidade.\u00a0H\u00e1 necessidade, no futuro, de coloca\u00e7\u00e3o de forro com gesso para melhorar a ac\u00fastica.<\/p>\n<p>Ademais, tem-se a disposi\u00e7\u00e3o no Bloco A do CAPF\/UERN: 03 salas para funcionamento do Administrativo do Curso (recep\u00e7\u00e3o, secretaria, coordena\u00e7\u00e3o do curso, orienta\u00e7\u00e3o acad\u00eamica e sala de professores); e 02 salas para o funcionamento de 02 laborat\u00f3rios de ensino: o Laborat\u00f3rio de Semiologia e Semiot\u00e9cnica de Enfermagem (LABSemio) e o Laborat\u00f3rio de Morfologia (LABMorfo) localizados no Bloco A.<\/p>\n<p>No Bloco B, temos dispon\u00edvel 01 sala para dep\u00f3sito e banheiros exclusivos para uso do Curso, no sentido de garantir a biosseguran\u00e7a dos docentes e discentes que necessitam se paramentar para uso dos laborat\u00f3rios e realiza\u00e7\u00e3o da aulas pr\u00e1ticas nos servi\u00e7os.<\/p>\n<p>Outros espa\u00e7os utilizados pelo curso fazem parte da estrutura do Campus, tais como:<\/p>\n<p>O Audit\u00f3rio Profa.\u00a0\u00a0<em>Joseney<\/em>\u00a0Rodrigues de<em>\u00a0<\/em><em>Queiroz<\/em>\u00a0Dantas, localizado no Pr\u00e9dio da Biblioteca Setorial (Pavimento 2), cuja capacidade comporta de\u00a0100 a 150 pessoas, as quais podem acessar o ambiente, seja por escada ou por plataforma elevat\u00f3ria; o miniaudit\u00f3rio do Programa de P\u00f3s-Gradua\u00e7\u00e3o em Letras, com capacidade para 60 pessoas, localizado, no andar t\u00e9rreo do Bloco B e o Audit\u00f3rio Prof. Ant\u00f4nio Capistrano Filho, no Bloco C. Esses espa\u00e7os s\u00e3o de uso coletivo e a otimiza\u00e7\u00e3o do uso \u00e9 distribu\u00eddo de acordo com as necessidades semestrais geridos pela Prefeitura do CAPF.<\/p>\n<p>A Biblioteca Setorial \u201cPe. S\u00e1tiro de Cavalcanti Dantas\u201d foi ampliada para um pr\u00e9dio de 853m\u00b2 (oitocentos e cinquenta e tr\u00eas) distribu\u00eddos em 03 (tr\u00eas) pavimentos. Temos tamb\u00e9m o Museu de Cultura Sertaneja (MCS) do\u00a0<em>Campus<\/em>\u00a0Avan\u00e7ado de Pau dos Ferros (CAPF), \u00e9 um espa\u00e7o dedicado \u00e0 Ci\u00eancia, \u00e0 Educa\u00e7\u00e3o e \u00e0 Arte, na regi\u00e3o do Alto Oeste Potiguar.<\/p>\n<p>O CAPF\/UERN disp\u00f5e de um amplo espa\u00e7o f\u00edsico destinado para constru\u00e7\u00e3o de um arrojado complexo poliesportivo. Para o atendimento e acomoda\u00e7\u00e3o das Bases dos Grupos de Pesquisa vinculados aos departamentos acad\u00eamicos, o Campus oferece 14 (quatorze) salas climatizadas no Bloco H. O CAPF tamb\u00e9m disp\u00f5e de ampla \u00e1rea de jardins e cantina para conviv\u00eancia coletiva.<\/p>\n<p>As novas demandas para forma\u00e7\u00e3o do enfermeiro e valoriza\u00e7\u00e3o da categoria profissional, al\u00e9m do crescimento do curso e o aumento das atividades acad\u00eamicas na pesquisa e na extens\u00e3o apontam hoje para a necessidade de amplia\u00e7\u00e3o e melhoramento da estrutura f\u00edsica do curso, em especial, dos Laborat\u00f3rios de Ensino (LABSemio e LABMorfo), no intuito de elevar a qualidade do ensino, da pesquisa e da extens\u00e3o.<\/p>\n<p>O LABSemio consiste no Laborat\u00f3rio de Ensino de Pr\u00e1ticas de Enfermagem sob a responsabilidade da Coordena\u00e7\u00e3o de Laborat\u00f3rios do Departamento de Enfermagem (CAPF\/UERN). Funciona em sala \u00fanica (56,46m\u00b2) localizada no Bloco A, com layout aberto dispondo de 03 esta\u00e7\u00f5es de pr\u00e1ticas (Enfermaria &#8211; Leito; Tocoginecologia; Posto de Enfermagem e Lavabo). A sala possui 30 carteiras escolares, bir\u00f4 escolar, duas cadeiras estofadas, quadro branco e projetor de multim\u00eddia.<\/p>\n<p>A Esta\u00e7\u00e3o 1 Posto de Enfermagem \u00e9 composta por arm\u00e1rio vitrine (1), no qual ficam alojados materiais e equipamentos para aferi\u00e7\u00e3o de sinais vitais (esfigmoman\u00f4metros, estetosc\u00f3pios, term\u00f4metros com coluna de merc\u00fario, etc.); equipamentos e materiais para medidas antropom\u00e9tricas &#8211; balan\u00e7a adulto (1), balan\u00e7a infantil (1) e outros; material para realiza\u00e7\u00e3o de consultas pr\u00e9-natal (estetosc\u00f3pio de Pinard, sonar doppler) e consulta ginecol\u00f3gica (cubas, esp\u00e1tulas); e bra\u00e7adeira.<\/p>\n<p>A Esta\u00e7\u00e3o 2 Tocoginecologia \u00e9 composto por mesa ginecol\u00f3gica (1); foco de luz (1); e banco girat\u00f3rio.<\/p>\n<p>A Esta\u00e7\u00e3o 3 Enfermaria-Leito \u00e9 composta por cama hospitalar (1); escada dois degraus (1); suporte para soro (1); carrinho auxiliar (1); suporte bandeja auxiliar (2); bomba de infus\u00e3o (1); e biombo (1).<\/p>\n<p>O LABMorfo consiste no Laborat\u00f3rio de Ensino das Ci\u00eancias B\u00e1sicas sob a responsabilidade da Coordena\u00e7\u00e3o de Laborat\u00f3rios do Departamento de Enfermagem (CAPF\/UERN). Funciona em sala \u00fanica (56,46m\u00b2) localizada no Bloco A, com layout aberto dispondo de esta\u00e7\u00f5es de pr\u00e1ticas dos componentes curriculares das ci\u00eancias b\u00e1sicas dos PPC de Enfermagem e Educa\u00e7\u00e3o F\u00edsica do CAPF. Portanto, \u00e9 espa\u00e7o\u00a0<em>sinen quan non<\/em>\u00a0para a constru\u00e7\u00e3o de habilidades e compet\u00eancias necess\u00e1rias a forma\u00e7\u00e3o de enfermeiros e educadores f\u00edsicos.<\/p>\n<p>Apesar dos laborat\u00f3rios apresentarem boa estrutura f\u00edsica, h\u00e1 necessidade de ampliar espa\u00e7os para o ensino das pr\u00e1ticas de enfermagem e das ci\u00eancias b\u00e1sicas. Dessa forma, prevemos o Plano de Expans\u00e3o e Adequa\u00e7\u00e3o dos Laborat\u00f3rios de Ensino de Enfermagem. Para viabiliz\u00e1-lo, o CAPF\/UERN disponibilizou terreno com \u00e1rea de 633,67m\u00b2 ao lado do Bloco A, onde se localiza o LABMorfo e LABSemio e, do Bloco B, onde se localizam as salas de aula do Curso, em reuni\u00e3o do CONSAD realizada em 30 de setembro de 2022.<\/p>\n<p>O novo Laborat\u00f3rio de Ensino de Enfermagem (LABEnf), medindo 279,46 m\u00b2, ser\u00e1 constru\u00eddo em 1 pavimento (t\u00e9rreo). A ideia \u00e9 que o LABEnf seja um espa\u00e7o para promover a\u00e7\u00f5es de ensino, pesquisa e extens\u00e3o no \u00e2mbito da forma\u00e7\u00e3o de enfermeiros, no Curso de Enfermagem\/CAPF\/UERN.<\/p>\n<p>O novo LABEnf comportar\u00e1 03 novos espa\u00e7os f\u00edsicos para a forma\u00e7\u00e3o pr\u00e1tica dos enfermeiros, prevendo nesta unidade a constru\u00e7\u00e3o dos seguintes laborat\u00f3rios de ensino: Laborat\u00f3rio de An\u00e1lises (LABAN), para suporte \u00e0s aulas pr\u00e1ticas de Histologia, Microbiologia e Parasitologia; Laborat\u00f3rio de Enfermagem em Sa\u00fade Coletiva (LABESC), para suporte \u00e0s aulas pr\u00e1ticas de Enfermagem em Sa\u00fade Coletiva; Sa\u00fade da Fam\u00edlia; Enfermagem Comunit\u00e1ria; Educa\u00e7\u00e3o em Sa\u00fade; Consulta de Enfermagem, entre outras; e Laborat\u00f3rio de Simula\u00e7\u00e3o Real\u00edstica em Enfermagem (LABSIR), para suporte ao ensino da Semiologia e Semiot\u00e9cnica de Enfermagem nos diferentes ciclos de vida que necessitam de cuidados cl\u00ednicos de enfermagem. O laborat\u00f3rio prev\u00ea estrutura completa para auxiliar na aquisi\u00e7\u00e3o de habilidades, por meio de simuladores de alta tecnologia, para proporcionar aulas pr\u00e1ticas que reproduzam os diferentes cen\u00e1rios e situa\u00e7\u00f5es que se assemelhem com a realidade dos servi\u00e7os de sa\u00fade\/enfermagem; ainda, ir\u00e1 dispor de: banheiros com vestu\u00e1rio para docentes e discentes; sanit\u00e1rios para comunidade externa; dep\u00f3sito; sala para coordena\u00e7\u00e3o de laborat\u00f3rio; e copa.<\/p>\n","protected":false},"excerpt":{"rendered":"<p>Para o funcionamento do Curso de Enfermagem, o CAPF\/UERN disponibiliza 04 salas de aula, localizadas no Bloco B, pavimento 1, sendo 03 salas, cada uma medindo 52,92 m2, com capacidade para 45 (quarenta e cinco) pessoas; e 01 sala, medindo 68,36 m2, com capacidade para 60 (sessenta) pessoas, sendo esta sala multifun\u00e7\u00e3o, sendo utilizada, tamb\u00e9m, [&hellip;]<\/p>\n","protected":false},"author":1,"featured_media":0,"parent":0,"menu_order":0,"comment_status":"closed","ping_status":"closed","template":"","meta":{"footnotes":""},"class_list":["post-689","page","type-page","status-publish","hentry"],"_links":{"self":[{"href":"https:\/\/portal.uern.br\/paudosferros\/enfermagem\/wp-json\/wp\/v2\/pages\/689","targetHints":{"allow":["GET"]}}],"collection":[{"href":"https:\/\/portal.uern.br\/paudosferros\/enfermagem\/wp-json\/wp\/v2\/pages"}],"about":[{"href":"https:\/\/portal.uern.br\/paudosferros\/enfermagem\/wp-json\/wp\/v2\/types\/page"}],"author":[{"embeddable":true,"href":"https:\/\/portal.uern.br\/paudosferros\/enfermagem\/wp-json\/wp\/v2\/users\/1"}],"replies":[{"embeddable":true,"href":"https:\/\/portal.uern.br\/paudosferros\/enfermagem\/wp-json\/wp\/v2\/comments?post=689"}],"version-history":[{"count":1,"href":"https:\/\/portal.uern.br\/paudosferros\/enfermagem\/wp-json\/wp\/v2\/pages\/689\/revisions"}],"predecessor-version":[{"id":690,"href":"https:\/\/portal.uern.br\/paudosferros\/enfermagem\/wp-json\/wp\/v2\/pages\/689\/revisions\/690"}],"wp:attachment":[{"href":"https:\/\/portal.uern.br\/paudosferros\/enfermagem\/wp-json\/wp\/v2\/media?parent=689"}],"curies":[{"name":"wp","href":"https:\/\/api.w.org\/{rel}","templated":true}]}}