{"id":671,"date":"2023-07-19T20:42:38","date_gmt":"2023-07-19T23:42:38","guid":{"rendered":"https:\/\/portal.uern.br\/paudosferros\/enfermagem\/?page_id=671"},"modified":"2023-07-19T20:42:38","modified_gmt":"2023-07-19T23:42:38","slug":"semestre-2014-2","status":"publish","type":"page","link":"https:\/\/portal.uern.br\/paudosferros\/enfermagem\/semestre-2014-2\/","title":{"rendered":"Semestre 2014.2"},"content":{"rendered":"<table cellspacing=\"0\" cellpadding=\"0\">\n<tbody>\n<tr>\n<td>Ana Cristina Costa<\/td>\n<\/tr>\n<tr>\n<td>Deyvson Alexandre Ferreira<\/td>\n<\/tr>\n<tr>\n<td>Diogo Adam Nogueira de Aquino<\/td>\n<\/tr>\n<tr>\n<td>Elline Jahne de Souza Cardoso<\/td>\n<\/tr>\n<tr>\n<td>H\u00e9lida Lunara de Freitas<\/td>\n<\/tr>\n<tr>\n<td>Jos\u00e9 Douglas J\u00e1come Alves<\/td>\n<\/tr>\n<tr>\n<td>Jos\u00e9 Ednardo Soares Pereira da Silva<\/td>\n<\/tr>\n<tr>\n<td>L\u00edgia Fernanda da Silveira Andrade<\/td>\n<\/tr>\n<tr>\n<td>Lisandra Iaponira Henrique Maia<\/td>\n<\/tr>\n<tr>\n<td>Maria Jaqueline Lopes<\/td>\n<\/tr>\n<tr>\n<td>Maria Juliete Maia Gomes<\/td>\n<\/tr>\n<tr>\n<td>Maria Naiara da Silva<\/td>\n<\/tr>\n<tr>\n<td>Mar\u00edlia Abrantes Fernandes Cavalcanti<\/td>\n<\/tr>\n<tr>\n<td>Mar\u00edlia Pinheiro Lima<\/td>\n<\/tr>\n<tr>\n<td>Priscila Mikaelly Fernandes Monteiro<\/td>\n<\/tr>\n<tr>\n<td>Raimundo Nac\u00e9lio da Costa<\/td>\n<\/tr>\n<tr>\n<td>T\u00e1sia Ang\u00e9lica Batista de Mesquita<\/td>\n<\/tr>\n<\/tbody>\n<\/table>\n","protected":false},"excerpt":{"rendered":"<p>Ana Cristina Costa Deyvson Alexandre Ferreira Diogo Adam Nogueira de Aquino Elline Jahne de Souza Cardoso H\u00e9lida Lunara de Freitas Jos\u00e9 Douglas J\u00e1come Alves Jos\u00e9 Ednardo Soares Pereira da Silva L\u00edgia Fernanda da Silveira Andrade Lisandra Iaponira Henrique Maia Maria Jaqueline Lopes Maria Juliete Maia Gomes Maria Naiara da Silva Mar\u00edlia Abrantes Fernandes Cavalcanti Mar\u00edlia [&hellip;]<\/p>\n","protected":false},"author":1,"featured_media":0,"parent":0,"menu_order":0,"comment_status":"closed","ping_status":"closed","template":"","meta":{"footnotes":""},"class_list":["post-671","page","type-page","status-publish","hentry"],"_links":{"self":[{"href":"https:\/\/portal.uern.br\/paudosferros\/enfermagem\/wp-json\/wp\/v2\/pages\/671","targetHints":{"allow":["GET"]}}],"collection":[{"href":"https:\/\/portal.uern.br\/paudosferros\/enfermagem\/wp-json\/wp\/v2\/pages"}],"about":[{"href":"https:\/\/portal.uern.br\/paudosferros\/enfermagem\/wp-json\/wp\/v2\/types\/page"}],"author":[{"embeddable":true,"href":"https:\/\/portal.uern.br\/paudosferros\/enfermagem\/wp-json\/wp\/v2\/users\/1"}],"replies":[{"embeddable":true,"href":"https:\/\/portal.uern.br\/paudosferros\/enfermagem\/wp-json\/wp\/v2\/comments?post=671"}],"version-history":[{"count":1,"href":"https:\/\/portal.uern.br\/paudosferros\/enfermagem\/wp-json\/wp\/v2\/pages\/671\/revisions"}],"predecessor-version":[{"id":672,"href":"https:\/\/portal.uern.br\/paudosferros\/enfermagem\/wp-json\/wp\/v2\/pages\/671\/revisions\/672"}],"wp:attachment":[{"href":"https:\/\/portal.uern.br\/paudosferros\/enfermagem\/wp-json\/wp\/v2\/media?parent=671"}],"curies":[{"name":"wp","href":"https:\/\/api.w.org\/{rel}","templated":true}]}}