{"id":669,"date":"2023-07-19T20:42:21","date_gmt":"2023-07-19T23:42:21","guid":{"rendered":"https:\/\/portal.uern.br\/paudosferros\/enfermagem\/?page_id=669"},"modified":"2023-07-19T20:42:21","modified_gmt":"2023-07-19T23:42:21","slug":"semestre-2013-2","status":"publish","type":"page","link":"https:\/\/portal.uern.br\/paudosferros\/enfermagem\/semestre-2013-2\/","title":{"rendered":"Semestre 2013.2"},"content":{"rendered":"<table cellspacing=\"0\" cellpadding=\"0\">\n<tbody>\n<tr>\n<td>Aline Paula Alves da Costa<\/td>\n<\/tr>\n<tr>\n<td>\u00c2ngela Walverlya Pinheiro Silva<\/td>\n<\/tr>\n<tr>\n<td>Anne Rafaela de Figueiredo R\u00eago<\/td>\n<\/tr>\n<tr>\n<td>Antonia Mar\u00edlia Praxedes<\/td>\n<\/tr>\n<tr>\n<td>Antonio Pedro da Silva Neto<\/td>\n<\/tr>\n<tr>\n<td>C\u00e1zio Ermans Flor\u00eancio do Vale Oliveira<\/td>\n<\/tr>\n<tr>\n<td>Eva da Silva Paiva<\/td>\n<\/tr>\n<tr>\n<td>Francisco Alancaderque Melo da Silva<\/td>\n<\/tr>\n<tr>\n<td>Francisco Nal\u00e9cio da Costa<\/td>\n<\/tr>\n<tr>\n<td>Gev\u00e2nia Maria da Silva<\/td>\n<\/tr>\n<tr>\n<td>Karla Kesianne Torres do Nascimento<\/td>\n<\/tr>\n<tr>\n<td>K\u00e1ssia Bandeira Galv\u00e3o<\/td>\n<\/tr>\n<tr>\n<td>Kirlla Micaelly Carlos<\/td>\n<\/tr>\n<tr>\n<td>Let\u00edcia Rodrigues de Queiroz<\/td>\n<\/tr>\n<tr>\n<td>Lorena Daisy da Concei\u00e7\u00e3o Fernandes<\/td>\n<\/tr>\n<tr>\n<td>Luiza de Marilac Alves da Fonseca<\/td>\n<\/tr>\n<tr>\n<td>Luma Juliana de Oliveira<\/td>\n<\/tr>\n<tr>\n<td>Melissa Dias Holanda<\/td>\n<\/tr>\n<tr>\n<td>Mignum de Andrade Batista<\/td>\n<\/tr>\n<tr>\n<td>Nath\u00e1lia Lorenna Duarte de Sena<\/td>\n<\/tr>\n<tr>\n<td>Priscila Sampaio de Lima<\/td>\n<\/tr>\n<tr>\n<td>Sthefanny Milany Cavalcante Vidal<\/td>\n<\/tr>\n<\/tbody>\n<\/table>\n","protected":false},"excerpt":{"rendered":"<p>Aline Paula Alves da Costa \u00c2ngela Walverlya Pinheiro Silva Anne Rafaela de Figueiredo R\u00eago Antonia Mar\u00edlia Praxedes Antonio Pedro da Silva Neto C\u00e1zio Ermans Flor\u00eancio do Vale Oliveira Eva da Silva Paiva Francisco Alancaderque Melo da Silva Francisco Nal\u00e9cio da Costa Gev\u00e2nia Maria da Silva Karla Kesianne Torres do Nascimento K\u00e1ssia Bandeira Galv\u00e3o Kirlla Micaelly [&hellip;]<\/p>\n","protected":false},"author":1,"featured_media":0,"parent":0,"menu_order":0,"comment_status":"closed","ping_status":"closed","template":"","meta":{"footnotes":""},"class_list":["post-669","page","type-page","status-publish","hentry"],"_links":{"self":[{"href":"https:\/\/portal.uern.br\/paudosferros\/enfermagem\/wp-json\/wp\/v2\/pages\/669","targetHints":{"allow":["GET"]}}],"collection":[{"href":"https:\/\/portal.uern.br\/paudosferros\/enfermagem\/wp-json\/wp\/v2\/pages"}],"about":[{"href":"https:\/\/portal.uern.br\/paudosferros\/enfermagem\/wp-json\/wp\/v2\/types\/page"}],"author":[{"embeddable":true,"href":"https:\/\/portal.uern.br\/paudosferros\/enfermagem\/wp-json\/wp\/v2\/users\/1"}],"replies":[{"embeddable":true,"href":"https:\/\/portal.uern.br\/paudosferros\/enfermagem\/wp-json\/wp\/v2\/comments?post=669"}],"version-history":[{"count":1,"href":"https:\/\/portal.uern.br\/paudosferros\/enfermagem\/wp-json\/wp\/v2\/pages\/669\/revisions"}],"predecessor-version":[{"id":670,"href":"https:\/\/portal.uern.br\/paudosferros\/enfermagem\/wp-json\/wp\/v2\/pages\/669\/revisions\/670"}],"wp:attachment":[{"href":"https:\/\/portal.uern.br\/paudosferros\/enfermagem\/wp-json\/wp\/v2\/media?parent=669"}],"curies":[{"name":"wp","href":"https:\/\/api.w.org\/{rel}","templated":true}]}}