{"id":665,"date":"2023-07-19T20:41:39","date_gmt":"2023-07-19T23:41:39","guid":{"rendered":"https:\/\/portal.uern.br\/paudosferros\/enfermagem\/?page_id=665"},"modified":"2023-07-19T20:41:39","modified_gmt":"2023-07-19T23:41:39","slug":"semestre-2011-2","status":"publish","type":"page","link":"https:\/\/portal.uern.br\/paudosferros\/enfermagem\/semestre-2011-2\/","title":{"rendered":"Semestre 2011.2"},"content":{"rendered":"<table cellspacing=\"0\" cellpadding=\"0\">\n<tbody>\n<tr>\n<td>Ailton Pereira da Silva<\/td>\n<\/tr>\n<tr>\n<td>Ana Paula Leite de Oliveira<\/td>\n<\/tr>\n<tr>\n<td>Ananda Ruth de Paula G\u00f3is<\/td>\n<\/tr>\n<tr>\n<td>Arabella Nadja Ferreira Lima<\/td>\n<\/tr>\n<tr>\n<td>Carlos Augusto da Silva Almeida<\/td>\n<\/tr>\n<tr>\n<td>Djeane Rocha Silvestre<\/td>\n<\/tr>\n<tr>\n<td>\u00c9merson Leandro Mani\u00e7oba de Oliveira<\/td>\n<\/tr>\n<tr>\n<td>Fab\u00edola Viana Carvalho<\/td>\n<\/tr>\n<tr>\n<td>Francisca Gilvaneide Holanda do Carmo<\/td>\n<\/tr>\n<tr>\n<td>Jecilanie Gon\u00e7alves de Oliveira<\/td>\n<\/tr>\n<tr>\n<td>Josefa Ren\u00e1gila Nunes de Lima<\/td>\n<\/tr>\n<tr>\n<td>Maria Gilma Ferreira Rocha<\/td>\n<\/tr>\n<tr>\n<td>Paulo Bernardino Farias J\u00fanior<\/td>\n<\/tr>\n<tr>\n<td>Priscila da Silveira J\u00e1come<\/td>\n<\/tr>\n<tr>\n<td>Ra\u00edssa Ferreira Di\u00f3genes<\/td>\n<\/tr>\n<tr>\n<td>Silvane dos Santos Matias<\/td>\n<\/tr>\n<tr>\n<td>Tereza Raquel Fernandes T\u00f4rres<\/td>\n<\/tr>\n<tr>\n<td>Tiago Andrade Dantas<\/td>\n<\/tr>\n<tr>\n<td>Valqu\u00edria de Souza Freitas<\/td>\n<\/tr>\n<\/tbody>\n<\/table>\n","protected":false},"excerpt":{"rendered":"<p>Ailton Pereira da Silva Ana Paula Leite de Oliveira Ananda Ruth de Paula G\u00f3is Arabella Nadja Ferreira Lima Carlos Augusto da Silva Almeida Djeane Rocha Silvestre \u00c9merson Leandro Mani\u00e7oba de Oliveira Fab\u00edola Viana Carvalho Francisca Gilvaneide Holanda do Carmo Jecilanie Gon\u00e7alves de Oliveira Josefa Ren\u00e1gila Nunes de Lima Maria Gilma Ferreira Rocha Paulo Bernardino Farias [&hellip;]<\/p>\n","protected":false},"author":1,"featured_media":0,"parent":0,"menu_order":0,"comment_status":"closed","ping_status":"closed","template":"","meta":{"footnotes":""},"class_list":["post-665","page","type-page","status-publish","hentry"],"_links":{"self":[{"href":"https:\/\/portal.uern.br\/paudosferros\/enfermagem\/wp-json\/wp\/v2\/pages\/665","targetHints":{"allow":["GET"]}}],"collection":[{"href":"https:\/\/portal.uern.br\/paudosferros\/enfermagem\/wp-json\/wp\/v2\/pages"}],"about":[{"href":"https:\/\/portal.uern.br\/paudosferros\/enfermagem\/wp-json\/wp\/v2\/types\/page"}],"author":[{"embeddable":true,"href":"https:\/\/portal.uern.br\/paudosferros\/enfermagem\/wp-json\/wp\/v2\/users\/1"}],"replies":[{"embeddable":true,"href":"https:\/\/portal.uern.br\/paudosferros\/enfermagem\/wp-json\/wp\/v2\/comments?post=665"}],"version-history":[{"count":1,"href":"https:\/\/portal.uern.br\/paudosferros\/enfermagem\/wp-json\/wp\/v2\/pages\/665\/revisions"}],"predecessor-version":[{"id":666,"href":"https:\/\/portal.uern.br\/paudosferros\/enfermagem\/wp-json\/wp\/v2\/pages\/665\/revisions\/666"}],"wp:attachment":[{"href":"https:\/\/portal.uern.br\/paudosferros\/enfermagem\/wp-json\/wp\/v2\/media?parent=665"}],"curies":[{"name":"wp","href":"https:\/\/api.w.org\/{rel}","templated":true}]}}