{"id":663,"date":"2023-07-19T20:41:16","date_gmt":"2023-07-19T23:41:16","guid":{"rendered":"https:\/\/portal.uern.br\/paudosferros\/enfermagem\/?page_id=663"},"modified":"2023-07-19T20:41:16","modified_gmt":"2023-07-19T23:41:16","slug":"semestre-2010-2","status":"publish","type":"page","link":"https:\/\/portal.uern.br\/paudosferros\/enfermagem\/semestre-2010-2\/","title":{"rendered":"Semestre 2010.2"},"content":{"rendered":"<table cellspacing=\"0\" cellpadding=\"0\">\n<tbody>\n<tr>\n<td>Aline Iane Correia da Silva<\/td>\n<\/tr>\n<tr>\n<td>Antonio Freire Neto<\/td>\n<\/tr>\n<tr>\n<td>Carla Mara Bezerra dos Santos<\/td>\n<\/tr>\n<tr>\n<td>Ciro Holanda Maia<\/td>\n<\/tr>\n<tr>\n<td>Concita Cristina Siqueira Moreira<\/td>\n<\/tr>\n<tr>\n<td>D\u00e9bora Paula Paiva<\/td>\n<\/tr>\n<tr>\n<td>Erionildes Lopes de Moura<\/td>\n<\/tr>\n<tr>\n<td>Francisca Raquel Monteiro Melo<\/td>\n<\/tr>\n<tr>\n<td>Henrrique Emanuel Silva Ara\u00fajo<\/td>\n<\/tr>\n<tr>\n<td>Ione Cl\u00e9a da Costa Morais<\/td>\n<\/tr>\n<tr>\n<td>Jos\u00e9 Du\u00e9giton Torres de Morais<\/td>\n<\/tr>\n<tr>\n<td>Larissa Alane Costa Oliveira<\/td>\n<\/tr>\n<tr>\n<td>Paula Thissiany Oliveira Gurgel<\/td>\n<\/tr>\n<tr>\n<td>Rafael Eduardo Gurgel Medeiros<\/td>\n<\/tr>\n<tr>\n<td>Rafael Morais de Paiva Sousa<\/td>\n<\/tr>\n<tr>\n<td>Renata Borges Vasconcelos<\/td>\n<\/tr>\n<tr>\n<td>Saionara Aline Alves Sousa<\/td>\n<\/tr>\n<tr>\n<td>Suelen de F\u00e1tima Silva Souza<\/td>\n<\/tr>\n<tr>\n<td>Talita Nogueira Maciel Alves<\/td>\n<\/tr>\n<\/tbody>\n<\/table>\n","protected":false},"excerpt":{"rendered":"<p>Aline Iane Correia da Silva Antonio Freire Neto Carla Mara Bezerra dos Santos Ciro Holanda Maia Concita Cristina Siqueira Moreira D\u00e9bora Paula Paiva Erionildes Lopes de Moura Francisca Raquel Monteiro Melo Henrrique Emanuel Silva Ara\u00fajo Ione Cl\u00e9a da Costa Morais Jos\u00e9 Du\u00e9giton Torres de Morais Larissa Alane Costa Oliveira Paula Thissiany Oliveira Gurgel Rafael Eduardo [&hellip;]<\/p>\n","protected":false},"author":1,"featured_media":0,"parent":0,"menu_order":0,"comment_status":"closed","ping_status":"closed","template":"","meta":{"footnotes":""},"class_list":["post-663","page","type-page","status-publish","hentry"],"_links":{"self":[{"href":"https:\/\/portal.uern.br\/paudosferros\/enfermagem\/wp-json\/wp\/v2\/pages\/663","targetHints":{"allow":["GET"]}}],"collection":[{"href":"https:\/\/portal.uern.br\/paudosferros\/enfermagem\/wp-json\/wp\/v2\/pages"}],"about":[{"href":"https:\/\/portal.uern.br\/paudosferros\/enfermagem\/wp-json\/wp\/v2\/types\/page"}],"author":[{"embeddable":true,"href":"https:\/\/portal.uern.br\/paudosferros\/enfermagem\/wp-json\/wp\/v2\/users\/1"}],"replies":[{"embeddable":true,"href":"https:\/\/portal.uern.br\/paudosferros\/enfermagem\/wp-json\/wp\/v2\/comments?post=663"}],"version-history":[{"count":1,"href":"https:\/\/portal.uern.br\/paudosferros\/enfermagem\/wp-json\/wp\/v2\/pages\/663\/revisions"}],"predecessor-version":[{"id":664,"href":"https:\/\/portal.uern.br\/paudosferros\/enfermagem\/wp-json\/wp\/v2\/pages\/663\/revisions\/664"}],"wp:attachment":[{"href":"https:\/\/portal.uern.br\/paudosferros\/enfermagem\/wp-json\/wp\/v2\/media?parent=663"}],"curies":[{"name":"wp","href":"https:\/\/api.w.org\/{rel}","templated":true}]}}