{"id":659,"date":"2023-07-19T20:40:32","date_gmt":"2023-07-19T23:40:32","guid":{"rendered":"https:\/\/portal.uern.br\/paudosferros\/enfermagem\/?page_id=659"},"modified":"2023-07-19T20:40:32","modified_gmt":"2023-07-19T23:40:32","slug":"semestre-2008-2","status":"publish","type":"page","link":"https:\/\/portal.uern.br\/paudosferros\/enfermagem\/semestre-2008-2\/","title":{"rendered":"Semestre 2008.2"},"content":{"rendered":"<table cellspacing=\"0\" cellpadding=\"0\">\n<tbody>\n<tr>\n<td>Angel\u00facia Micarle Leite de Queiroz<\/td>\n<\/tr>\n<tr>\n<td>Antonia L\u00facia da Silva de Oliveira<\/td>\n<\/tr>\n<tr>\n<td>Charlles Kenedy Duarte de Freitas<\/td>\n<\/tr>\n<tr>\n<td>Clemente Carlos da Costa Neto<\/td>\n<\/tr>\n<tr>\n<td>Francisca Lidiane Fernandes Bandeira<\/td>\n<\/tr>\n<tr>\n<td>Francisco Moura Pessoa Paiva<\/td>\n<\/tr>\n<tr>\n<td>Glaucia Barbosa de Freitas<\/td>\n<\/tr>\n<tr>\n<td>Ivana Maria Queiroz Fernandes<\/td>\n<\/tr>\n<tr>\n<td>Jair\u00e1 Gon\u00e7alves Trigueiro<\/td>\n<\/tr>\n<tr>\n<td>J\u00f4nia Maria Vieira da Silva<\/td>\n<\/tr>\n<tr>\n<td>Jos\u00e9 Breno de Alencar Pinto<\/td>\n<\/tr>\n<tr>\n<td>Josimeire Kalina Peixoto da Silva<\/td>\n<\/tr>\n<tr>\n<td>Lucivania de Lima Maia<\/td>\n<\/tr>\n<tr>\n<td>Maria Priscilla Cibelle Ferreira da Silva<\/td>\n<\/tr>\n<tr>\n<td>Talita Lira do Nascimento<\/td>\n<\/tr>\n<\/tbody>\n<\/table>\n","protected":false},"excerpt":{"rendered":"<p>Angel\u00facia Micarle Leite de Queiroz Antonia L\u00facia da Silva de Oliveira Charlles Kenedy Duarte de Freitas Clemente Carlos da Costa Neto Francisca Lidiane Fernandes Bandeira Francisco Moura Pessoa Paiva Glaucia Barbosa de Freitas Ivana Maria Queiroz Fernandes Jair\u00e1 Gon\u00e7alves Trigueiro J\u00f4nia Maria Vieira da Silva Jos\u00e9 Breno de Alencar Pinto Josimeire Kalina Peixoto da Silva [&hellip;]<\/p>\n","protected":false},"author":1,"featured_media":0,"parent":0,"menu_order":0,"comment_status":"closed","ping_status":"closed","template":"","meta":{"footnotes":""},"class_list":["post-659","page","type-page","status-publish","hentry"],"_links":{"self":[{"href":"https:\/\/portal.uern.br\/paudosferros\/enfermagem\/wp-json\/wp\/v2\/pages\/659","targetHints":{"allow":["GET"]}}],"collection":[{"href":"https:\/\/portal.uern.br\/paudosferros\/enfermagem\/wp-json\/wp\/v2\/pages"}],"about":[{"href":"https:\/\/portal.uern.br\/paudosferros\/enfermagem\/wp-json\/wp\/v2\/types\/page"}],"author":[{"embeddable":true,"href":"https:\/\/portal.uern.br\/paudosferros\/enfermagem\/wp-json\/wp\/v2\/users\/1"}],"replies":[{"embeddable":true,"href":"https:\/\/portal.uern.br\/paudosferros\/enfermagem\/wp-json\/wp\/v2\/comments?post=659"}],"version-history":[{"count":1,"href":"https:\/\/portal.uern.br\/paudosferros\/enfermagem\/wp-json\/wp\/v2\/pages\/659\/revisions"}],"predecessor-version":[{"id":660,"href":"https:\/\/portal.uern.br\/paudosferros\/enfermagem\/wp-json\/wp\/v2\/pages\/659\/revisions\/660"}],"wp:attachment":[{"href":"https:\/\/portal.uern.br\/paudosferros\/enfermagem\/wp-json\/wp\/v2\/media?parent=659"}],"curies":[{"name":"wp","href":"https:\/\/api.w.org\/{rel}","templated":true}]}}