{"id":657,"date":"2023-07-19T20:39:32","date_gmt":"2023-07-19T23:39:32","guid":{"rendered":"https:\/\/portal.uern.br\/paudosferros\/enfermagem\/?page_id=657"},"modified":"2025-10-17T09:51:49","modified_gmt":"2025-10-17T12:51:49","slug":"corpo-docente","status":"publish","type":"page","link":"https:\/\/portal.uern.br\/paudosferros\/enfermagem\/corpo-docente\/","title":{"rendered":"Corpo Docente"},"content":{"rendered":"<table style=\"width: 100%\">\n<tbody>\n<tr>\n<td style=\"width: 0.566572%\"><\/td>\n<td style=\"width: 98.678%\">\n<h3 class=\"nome\">Andrezza Karine Ara\u00fajo de Medeiros Pereira<\/h3>\n<p>Possui Bacharelado e Licenciatura em Enfermagem pela Universidade do Estado do Rio Grande do Norte (2000). Mestre em Sa\u00fade da Fam\u00edlia pela RENASF\/ UFRN. Doutoranda em Ci\u00eancias da Sa\u00fade pelo Programa de P\u00f3s-Gradua\u00e7\u00e3o em Ci\u00eancias da Sa\u00fade da Universidade Federal do Rio Grande do Norte (UFRN). \u00c9 membro do Conselho Executivo da Rede Brasileira de Educa\u00e7\u00e3o e Trabalho Interprofissional em Sa\u00fade (ReBETIS). Atualmente \u00e9 docente Adjunto III e em regime de dedica\u00e7\u00e3o exclusiva da Universidade do Estado do Rio Grande do Norte \/ Curso de Enfermagem do Campus de Pau dos Ferros \/CAPF. Tem experi\u00eancia na doc\u00eancia de N\u00edvel M\u00e9dio e Superior em Enfermagem, na assist\u00eancia em maternidade e em sa\u00fade da fam\u00edlia. Tem interesse nas \u00e1reas de Pesquisa da Interprofissionalidade, Sa\u00fade Coletiva, Educa\u00e7\u00e3o em Sa\u00fade, Forma\u00e7\u00e3o em Sa\u00fade\/ Enfermagem, APS, Sa\u00fade da Fam\u00edlia e Sa\u00fade da Mulher. Membro do Grupo Interdisciplinar de Pesquisa em Educa\u00e7\u00e3o, Sa\u00fade e Sociedade (GIPESS) e do Grupo de Pesquisa Conhecimento, Enfermagem e Sa\u00fade das Popula\u00e7\u00f5es (GRUPESCES).<\/p>\n<p>Curr\u00edculo Lattes: <a href=\"http:\/\/lattes.cnpq.br\/8538890642402300\">http:\/\/lattes.cnpq.br\/8538890642402300<\/a><\/td>\n<\/tr>\n<\/tbody>\n<\/table>\n<hr \/>\n<table>\n<tbody>\n<tr>\n<td><\/td>\n<td>\n<h3 class=\"nome\">Eliana Barreto Fixina<\/h3>\n<p>Possui gradua\u00e7\u00e3o em ENFERMAGEM pela Escola de Enfermagem Santa Em\u00edlia de Rodat (1987) e doutorado em Ci\u00eancias da Sa\u00fade pela Universidade Federal do Rio Grande do Norte (2015). Atualmente \u00e9 enfermeira da Unidade de Coleta e Transfus\u00e3o da rede HEMONORTE &#8211; Secretaria Estadual de Sa\u00fade do rio Grande do Norte e professor do ensino Superior, Classe II e N\u00edvel IX na UNIVERSIDADE ESTADUAL DO RIO GRANDE DO NORTE , atuando principalmente nos seguintes temas: sa\u00fade, sociedade e idoso, doen\u00e7a renal, direito, clinica ampliada, idoso, estrat\u00e9gia sa\u00fade da fam\u00edlia, sa\u00fade, reforma psiqui\u00e1trica. assist\u00eancia. e autismo, rela\u00e7\u00e3o familiar e assist\u00eancia.<\/p>\n<p>Curr\u00edculo Lattes: <a href=\"http:\/\/lattes.cnpq.br\/7022769319208873\">http:\/\/lattes.cnpq.br\/7022769319208873<\/a><\/td>\n<\/tr>\n<\/tbody>\n<\/table>\n<hr \/>\n<hr \/>\n<table>\n<tbody>\n<tr>\n<td><\/td>\n<td>\n<h3 class=\"name\">Francisca Adriana Barreto<\/h3>\n<p>Doutora em Geografia pelo Programa de P\u00f3s gradua\u00e7\u00e3o em Geografia da UFPE. Mestre em Cuidados Cl\u00ednicos e Enfermagem pela UECE. Especialista em Enfermagem do Trabalho pela FACISA. Graduada e Licenciada em Enfermagem pela UERN. Atualmente atua como Docente da Universidade do Estado do Rio Grande do Norte, \u00e9 coordenadora do projeto de extens\u00e3o Clube do Livro. Membro do Comit\u00ea de \u00e9tica em pesquisa da UERN (CEP-UERN). Membro da Comiss\u00e3o setorial de Avalia\u00e7\u00e3o (COSE &#8211; DEN &#8211; CAPF). Leciona e pesquisa sobre o mundo do trabalho, hist\u00f3ria da enfermagem, sa\u00fade coletiva e ambiental.<\/p>\n<p>Curr\u00edculo Lattes:\u00a0<a href=\"http:\/\/lattes.cnpq.br\/6969651296303052\">http:\/\/lattes.cnpq.br\/6969651296303052<\/a><\/td>\n<\/tr>\n<\/tbody>\n<\/table>\n<hr \/>\n<table>\n<tbody>\n<tr>\n<td><\/td>\n<td>\n<h3 class=\"nome\">Gra\u00e7a Rocha Pessoa<\/h3>\n<p>Docente Adjunto 1 da Universidade do Estado do Rio Grande do Norte e enfermeira assistencial do Hospital Dr. Cleodon Carlos de Andrade. Mestre em Sa\u00fade e Sociedade pela Universidade do Estado do Rio Grande do Norte (2014). Graduada em Enfermagem pela Universidade do Estado do Rio Grande do Norte (2000). T\u00edtulo: Bacharel e licenciada. Especialista em Sa\u00fade da Fam\u00edlia pela Universidade do Estado do Rio Grande do Norte (2006).<\/p>\n<p>Curr\u00edculo Lattes:\u00a0<a href=\"http:\/\/lattes.cnpq.br\/6314000394524535\">http:\/\/lattes.cnpq.br\/6314000394524535<\/a><\/td>\n<\/tr>\n<\/tbody>\n<\/table>\n<hr \/>\n<hr \/>\n<table>\n<tbody>\n<tr>\n<td><\/td>\n<td>\n<h3 class=\"name\">Jaira Gon\u00e7alves Trigueiro<\/h3>\n<p>Possui gradua\u00e7\u00e3o em Enfermagem (Licenciatura\/Bacharelado) pela Universidade do Estado do Rio Grande do Norte &#8211; UERN (2009). Especialista em Enfermagem do Trabalho, pela Uni\u00e3o americana (2012) e em Urg\u00eancia e Emerg\u00eancia pela FCM (2013). Mestre em Ensino na Sa\u00fade pela Universidade Estadual do Cear\u00e1 -UECE (2016). Doutoranda do Programa de p\u00f3s gradua\u00e7\u00e3o de Cuidados Cl\u00ednicos em Enfermagem e Sa\u00fade pela Universidade Estadual do Cear\u00e1 (PPCCLIS\/UECE) Atualmente \u00e9 docente na Universidade do Estado do Rio Grande do Norte-UERN, Curso de Enfermagem, Campus Pau dos Ferros &#8211; CAPF. Membro do Grupo de Pesquisa: Grupo Interdisciplinar de Pesquisa em Educa\u00e7\u00e3o, Sa\u00fade e Sociedade (GIPPES\/UERN) e Membro do Grupo de pesquisa em Seguran\u00e7a do Paciente, Tecnologia e Cuidados Cl\u00ednicos &#8211; UECE. Atua na \u00e1rea de Enfermagem, com \u00eanfase na aten\u00e7\u00e3o individual e coletiva, principalmente nos seguintes temas: Semiologia e Semiot\u00e9cnica do Adulto, Sa\u00fade do Adulto com \u00eanfase em Unidade de Terapia Intensiva e Urg\u00eancia e Emerg\u00eancia, Seguran\u00e7a do paciente, aten\u00e7\u00e3o hospitalar. Possui experi\u00eancia assistencial na Aten\u00e7\u00e3o B\u00e1sica e em servi\u00e7os de Urg\u00eancia e Emerg\u00eancia e UTI.<\/p>\n<p>Curr\u00edculo Lattes:\u00a0<a href=\"http:\/\/lattes.cnpq.br\/7759850444924626\">http:\/\/lattes.cnpq.br\/7759850444924626<\/a><\/td>\n<\/tr>\n<\/tbody>\n<\/table>\n<table>\n<tbody>\n<tr>\n<td><\/td>\n<td>\n<h3 class=\"nome\">Janieiry Lima de Ara\u00fajo<\/h3>\n<p>Possui Bacharelado e Licenciatura em Enfermagem pela Universidade do Estado do Rio Grande do Norte (2000), Mestrado Acad\u00eamico em Cuidados Cl\u00ednicos em Enfermagem e Sa\u00fade pela Universidade Estadual do Cear\u00e1 (2010) com per\u00edodo de mestrado Sandu\u00edche em Enfermagem pela Universidade Federal do Rio de Janeiro &#8211; Escola de Enfermagem Anna Nery (2009); Doutorado Acad\u00eamico em Cuidados Cl\u00ednicos em Enfermagem e Sa\u00fade pela Universidade Estadual do Cear\u00e1 (2019). Atualmente \u00e9 Docente Associado Classe III, N\u00edvel 10, da Universidade do Estado do Rio Grande do Norte, lotada no Departamento de Enfermagem, Campus Avan\u00e7ado de Pau dos Ferros (DEN-CAPF-UERN), exercendo a Coordena\u00e7\u00e3o do N\u00facleo Docente Estruturante (NDE) e da Comiss\u00e3o Setorial de Avalia\u00e7\u00e3o (COSE) desde 2019.2. Membro do Comit\u00ea Covid 19 UERN desde 2020.2. Tem experi\u00eancia no ensino t\u00e9cnico e superior em Enfermagem, na assist\u00eancia hospitalar e sa\u00fade da Fam\u00edlia. Tem interesse nas \u00e1reas de Pesquisa em Forma\u00e7\u00e3o em Sa\u00fade\/Enfermagem, \u00c9tica Profissional, Bio\u00e9tica, Sa\u00fade Coletiva, Sa\u00fade das popula\u00e7\u00f5es. L\u00edder do Grupo Interdisciplinar de Pesquisa em Educa\u00e7\u00e3o, Sa\u00fade e Sociedade (GIPESS) e membro (l\u00edder fundadora) do Grupo de Pesquisa Conhecimento, Enfermagem e Sa\u00fade das Popula\u00e7\u00f5es (GRUPESCES).<\/p>\n<p>Curr\u00edculo Lattes:\u00a0<a href=\"http:\/\/lattes.cnpq.br\/5675319249081842\">http:\/\/lattes.cnpq.br\/5675319249081842<\/a><\/td>\n<\/tr>\n<\/tbody>\n<\/table>\n<hr \/>\n<hr \/>\n<table>\n<tbody>\n<tr>\n<td><\/td>\n<td>\n<h3 class=\"nome\">Jose Giovani Nobre Gomes<\/h3>\n<p>Jos\u00e9 Giovani Nobre Gomes concluiu o Doutorado em Ci\u00eancias da Sa\u00fade pelo Programa de P\u00f3s-Gradua\u00e7\u00e3o em Ci\u00eancias da Sa\u00fade &#8211; PPGCSa, DINTER UFRN\/UERN. Graduado em Enfermagem pela Universidade do Estado do Rio Grande do Norte &#8211; UERN; \u00c9 Especialista em Sa\u00fade da Fam\u00edlia pela Universidade Federal do Cear\u00e1 &#8211; UFC e pela Universidade Federal do Rio Grande do Norte &#8211; UFRN; em Enfermagem Obst\u00e9trica pela Universidade do Estado do Rio Grande do Norte &#8211; UERN e em Forma\u00e7\u00e3o em Sa\u00fade pela FIOCRUZ. Atualmente \u00e9 Professor Classe 3 &#8211; N\u00edvel 09 do Curso de Enfermagem da Universidade do Estado do Rio Grande do Norte, no Campus de Pau dos Ferros &#8211; CAPF\/UERN. Professor Titular do Programa de P\u00f3s-Gradua\u00e7\u00e3o em Planejamento e Din\u00e2micas Territoriais no Semi\u00e1rido (PLANDITES) da Universidade do Estado do Rio Grande do Norte &#8211; UERN, Campus de Pau dos Ferros. Tem experi\u00eancia na \u00e1rea de Enfermagem, com \u00eanfase em Gest\u00e3o de Servi\u00e7os de Sa\u00fade, Pol\u00edticas P\u00fablicas, Ensino de Enfermagem na Aten\u00e7\u00e3o a Sa\u00fade Individual e Coletiva, Fisiologia Humana e Sa\u00fade da Materno-infantil.<\/p>\n<p>Curr\u00edculo Lattes:\u00a0<a href=\"\/\/lattes.cnpq.br\/5446698015405038\">tp:\/\/lattes.cnpq.br\/5446698015405038<\/a><\/td>\n<\/tr>\n<\/tbody>\n<\/table>\n<table>\n<tbody>\n<tr>\n<td><\/td>\n<td>\n<h3 class=\"nome\">Juce Ally Lopes de Melo<\/h3>\n<p>Doutoranda no curso de Cuidados Cl\u00ednicos em Enfermagem e Sa\u00fade (Acad\u00eamico) pela Universidade Estadual do Cear\u00e1 &#8211; UECE. Mestre em Cuidados Cl\u00ednicos em Enfermagem e Sa\u00fade pela UECE (2013). Possui Gradua\u00e7\u00e3o em Enfermagem Licenciatura\/Bacharelado pela Universidade do Estado do Rio Grande do Norte em Mossor\u00f3\/RN (2005) e P\u00f3s-Gradua\u00e7\u00e3o (Especialista) na \u00e1rea de Urg\u00eancia e Emerg\u00eancia pela Fauldade de Ci\u00eancias M\u00e9dicas de Campina Grande\/PB (2008). Durante o per\u00edodo acad\u00eamico, referente 2002 \u00e0 2005 foi bolsista do Programa de Educa\u00e7\u00e3o Tutorial &#8211; PET\/MEC\/SESu. Atuou como enfermeira contratada pela Prefeitura de S\u00e3o Miguel &#8211; RN, lotada no Programa Sa\u00fade da Fam\u00edlia &#8211; PSF desde 02\/2006 at\u00e9 12\/2007, tendo tamb\u00e9m experi\u00eancia profissional no mesmo munic\u00edpio, no Centro de Aten\u00e7\u00e3o Psicossocial &#8211; CAPS, no per\u00edodo de 02\/2006 \u00e0 12\/2006, e viv\u00eancia na \u00e1rea hospitalar enquanto enfermeira plantonista do Hospital Regional \u00c1urea Maia de Figueiredo com carga hor\u00e1ria de 12h semanais, no per\u00edodo de 02\/2006 at\u00e9 12\/2007. Executou a fun\u00e7\u00e3o de docente do ensino superior na Universidade Potiguar &#8211; UNP (01\/2008 a 06\/2018). Atualmente \u00e9 docente efetiva da Universidade do Estado do Rio Grande do Norte no Curso de Enfermagem, campus Pau dos Ferros-RN (2007-atual). Foi Coordenadora e professora do Centro Regional para Forma\u00e7\u00e3o em Pol\u00edticas P\u00fablicas sobre Drogas &#8211; CRR UERN (2015-2018). Foi Professora da Resid\u00eancia Multiprofissional em Sa\u00fade da Fam\u00edlia &#8211; UERN (2016-2018) e Membro do Comit\u00e9 de \u00c9tica em Pesquisa da UERN (2013-2018).<\/p>\n<p>Curr\u00edculo Lattes:\u00a0<a href=\"http:\/\/lattes.cnpq.br\/3596383918423592\">http:\/\/lattes.cnpq.br\/3596383918423592<\/a><\/td>\n<\/tr>\n<\/tbody>\n<\/table>\n<hr \/>\n<table>\n<tbody>\n<tr>\n<td><\/td>\n<td>\n<h3 class=\"nome\">M\u00e1rcio Adriano Fernandes Barreto<\/h3>\n<p>Possui gradua\u00e7\u00e3o em Farm\u00e1cia (2002) e Habilita\u00e7\u00e3o em an\u00e1lises cl\u00ednicas (2004) pela Universidade Federal do Rio Grande do Norte, Especializa\u00e7\u00e3o em Citologia C\u00ednica. Mestre em Sa\u00fade e Sociedade. Doutor em Cuidados Cl\u00ednicos e Sa\u00fade. Atualmente \u00e9 Professor Adjunto I, das bases biol\u00f3gicas e sociais da enfermagem, da Universidade do Estado do Rio Grande do Norte na gradua\u00e7\u00e3o do Curso de Enfermagem. Integrante do Grupo Epidemiologia, Cuidado em Cronicidade e Enfermagem. Coordenador do Projeto de Extens\u00e3o Avalia\u00e7\u00e3o Parasitol\u00f3gicas em Manipuladores de Alimentos de Escolas P\u00fablicas de Pau dos Ferros\/RN.<span class=\"texto\">\u00a0<\/span><\/p>\n<p>Curr\u00edculo Lattes:\u00a0<a href=\"http:\/\/lattes.cnpq.br\/4555008505889802\">http:\/\/lattes.cnpq.br\/4555008505889802<\/a><\/td>\n<\/tr>\n<\/tbody>\n<\/table>\n<table>\n<tbody>\n<tr>\n<td><\/td>\n<td>\n<h3 class=\"nome\">Nat\u00e1lia Amorim Ramos Felix<\/h3>\n<p>Docente do curso de Gradua\u00e7\u00e3o em Enfermagem da Universidade Estadual do Rio Grande do Norte (UERN). Cursando Doutorado pela Faculdade de Enfermagem da Universidade Estadual de Campinas. Mestra em Sa\u00fade Coletiva: Pol\u00edticas e Gest\u00e3o em Sa\u00fade na \u00e1rea de Pol\u00edtica, Gest\u00e3o e Planejamento pela Universidade Estadual de Campinas &#8211; SP (2015). Especializa\u00e7\u00e3o em Sa\u00fade da Fam\u00edlia pela Universidade Federal de S\u00e3o Paulo &#8211; SP (2012). Graduada em Enfermagem pela Universidade Estadual de Campinas &#8211; SP (2009).Tem experi\u00eancia na \u00e1rea de Enfermagem, Sa\u00fade Coletiva, Sa\u00fade da Fam\u00edlia, Assist\u00eancia a Sa\u00fade da Mulher, Processos de trabalho e Pr\u00e1ticas Integrativas em Sa\u00fade.<\/p>\n<p>Curr\u00edculo Lattes:\u00a0<a href=\"http:\/\/lattes.cnpq.br\/5341032269831261\">http:\/\/lattes.cnpq.br\/5341032269831261<\/a><\/td>\n<\/tr>\n<\/tbody>\n<\/table>\n<table>\n<tbody>\n<tr>\n<td><\/td>\n<td>\n<h3 class=\"nome\">Palmyra Sayonara de G\u00f3is<\/h3>\n<p>Doutorado em Desenvolvimento Urbano, pela Universidade Federal de Pernambuco (UFPE). Mestrado em Enfermagem pela Universidade Federal do Rio Grande do Norte (UFRN). Especializa\u00e7\u00e3o em Sa\u00fade da Fam\u00edlia e Em forma\u00e7\u00e3o pedag\u00f3gica em Sa\u00fade. Gradua\u00e7\u00e3o (licenciatura e bacharelado) em Enfermagem pela Universidade do Estado do Rio Grande do Norte (UERN). Docente Adjunto IV da Universidade do Estado do Rio Grande do Norte (UERN). Experi\u00eancia na \u00e1rea de Enfermagem, com \u00eanfase em Sa\u00fade Coletiva, atuando principalmente nos seguintes temas: Processo Sa\u00fade-doen\u00e7a, Trabalho e Mundo do Trabalho, Precariza\u00e7\u00e3o do Trabalho em Sa\u00fade, SUS, Sa\u00fade do Trabalhador, Processo de Trabalho do Enfermeiro, Quest\u00f5es de G\u00eanero, Sa\u00fade Coletiva, Sa\u00fade da popula\u00e7\u00e3o urbana.<span class=\"texto\">\u00a0<\/span><\/p>\n<p>Curr\u00edculo Lattes:\u00a0<a href=\"http:\/\/lattes.cnpq.br\/7664037401712523\">http:\/\/lattes.cnpq.br\/7664037401712523<\/a><\/td>\n<\/tr>\n<\/tbody>\n<\/table>\n<table dir=\"ltr\" style=\"width: 100%\">\n<tbody>\n<tr>\n<td style=\"width: 0.377715%\"><\/td>\n<td style=\"width: 98.8669%\">\n<h3>Kalyane Kelly Duarte de Oliveira<\/h3>\n<p>Atualmente atua como docente do Departamento de Enfermagem do Campus Avan\u00e7ado de Pau dos Ferros\/UERN. Docente permanente do Programa de P\u00f3s-Gradua\u00e7\u00e3o em Sa\u00fade Coletiva &#8211; PPGSaCol\/FACISA\/UFRN. Docente colaboradora do Programa de P\u00f3s-Gradua\u00e7\u00e3o em Sa\u00fade e Sociedade\/UERN. Membro do Comit\u00ea de \u00c9tica em Pesquisa da UERN. Participa do grupo de pesquisa conhecimento, enfermagem e sa\u00fade das popula\u00e7\u00f5es\/UERN, do qual foi vice l\u00edder de maio de maio de 2018 a agosto de 2019 e foi l\u00edder de setembro de 2019 a outubro de 2020. Tem experi\u00eancia na \u00e1rea de enfermagem na sa\u00fade da crian\u00e7a e do adolescente atuando principalmente nos temas: educa\u00e7\u00e3o em sa\u00fade, promo\u00e7\u00e3o da sa\u00fade, redes sociais de apoio e prote\u00e7\u00e3o \u00e0 crian\u00e7a e ao adolescente. Tamb\u00e9m trabalha com sa\u00fade da mulher e aten\u00e7\u00e3o b\u00e1sica. Doutora pelo Programa de P\u00f3s-Gradua\u00e7\u00e3o em Enfermagem da Universidade Federal do Rio Grande do Norte, seguindo como linha de pesquisa enfermagem na sa\u00fade mental e coletiva, conclu\u00eddo em Dezembro de 2014. Mestre em enfermagem pelo programa de P\u00f3s-gradua\u00e7\u00e3o em enfermagem da UFRN, conclu\u00eddo em Dezembro de 2011. Possui gradua\u00e7\u00e3o (licenciatura e bacharelado) em Enfermagem pela Universidade do Estado do Rio Grande do Norte, conclu\u00edda em 2004.<\/p>\n<p>Curr\u00edculo Lattes:\u00a0<a href=\"http:\/\/lattes.cnpq.br\/4437324318943452\">http:\/\/lattes.cnpq.br\/4437324318943452<\/a><\/td>\n<\/tr>\n<tr>\n<td style=\"width: 0.377715%\"><\/td>\n<td style=\"width: 98.8669%\">\n<h3 class=\"nome\">Sara Taciana Firmino Bezerra<\/h3>\n<p>Doutora em Enfermagem pelo Programa de P\u00f3s-Gradua\u00e7\u00e3o em Enfermagem da Universidade Federal do Cear\u00e1, mestre em Cuidados Cl\u00ednicos em Sa\u00fade e Enfermagem, pela Universidade Estadual do Cear\u00e1; Especialista em Estomaterapia pela Universidade Estadual do Cear\u00e1; Especialista em Enfermagem em Centro Cir\u00fargico e Central de Material e Esteriliza\u00e7\u00e3o pela Est\u00e1cio. Docente do Curso de gradua\u00e7\u00e3o em Enfermagem da Universidade Estadual do Rio Grande do Norte, Docente permanente do Programa de P\u00f3s-Gradua\u00e7\u00e3o Planejamento e Din\u00e2micas Territoriais no Semi\u00e1rido e enfermeira do Instituto Dr. Jos\u00e9 Frota Fortaleza-CE. Foi professora do curso de gradua\u00e7\u00e3o em Enfermagem da Faculdade Metropolitana da Grande Fortaleza (FAMETRO) e professora substituta do Curso de Gradua\u00e7\u00e3o em Enfermagem da Universidade Estadual do Cear\u00e1. Trabalhou no Hospital Municipal Humberto de Queiroz no munic\u00edpio de Pereiro-CE e no Programa Sa\u00fade da Fam\u00edlia (PSF) no munic\u00edpio de Erer\u00ea &#8211; CE. Tem experi\u00eancia na \u00e1rea de Enfermagem, atuando principalmente nos seguintes temas: teorias de Enfermagem, estomaterapia, educa\u00e7\u00e3o e sa\u00fade, doen\u00e7as cr\u00f4nicas, sistematiza\u00e7\u00e3o da assist\u00eancia de enfermagem, hipertens\u00e3o arterial.<\/p>\n<p>Curr\u00edculo Lattes:\u00a0<a href=\"http:\/\/lattes.cnpq.br\/0986496765422651\">http:\/\/lattes.cnpq.br\/0986496765422651<\/a><\/td>\n<\/tr>\n<tr>\n<td style=\"width: 0.377715%\"><\/td>\n<td style=\"width: 98.8669%\">\n<h3 class=\"nome\">Rodrigo J\u00e1cob Moreira de Freitas<\/h3>\n<p>Possui gradua\u00e7\u00e3o em Enfermagem (Licenciatura e Bacharelado) pela Universidade do Estado do Rio Grande do Norte &#8211; UERN (2010), Mestre e Doutor em Cuidados Cl\u00ednicos em Enfermagem e Sa\u00fade pela Universidade Estadual do Cear\u00e1 &#8211; PPCCLIS\/UECE (2019). Docente Classe III, N\u00edvel III do curso de Enfermagem da Universidade do Estado do Rio Grande do Norte &#8211; UERN\/Campus Pau dos Ferros &#8211; CAPF. Professor Permanente do Programa de P\u00f3s-Gradua\u00e7\u00e3o Sa\u00fade e Sociedade &#8211; PPGSS\/UERN. Professor Permanente do Programa de Mestrado e Doutorado Profissional em Sa\u00fade da Fam\u00edlia &#8211; PPGSF\/RENASF, nucleadora UECE. L\u00edder do Grupo de pesquisa: Conhecimento, Enfermagem e Sa\u00fade das Popula\u00e7\u00f5es (GRUPESCES) &#8211; UERN e membro Pesquisador do Grupo de Pesquisa: Cuidado Cl\u00ednico, Sa\u00fade Mental e Sa\u00fade da Fam\u00edlia (GPECCS) &#8211; UECE. Pesquisa sobre o uso de teorias (Fenomenologia Social de Alfred Schutz e Tidal Model do Phil Barker) no cuidado cl\u00ednico de enfermagem em sa\u00fade mental. Leciona as disciplinas de Semiologia e Semiot\u00e9cnica do Processo de Cuidar em Enfermagem; Enfermagem no Processo sa\u00fade\/doen\u00e7a do adulto, especificamente a Sa\u00fade Mental do Adulto; e G\u00eanero, enfermagem e Sa\u00fade. Atuando principalmente nos seguintes temas: enfermagem em sa\u00fade mental, educa\u00e7\u00e3o, viol\u00eancia, g\u00eanero, sa\u00fade da popula\u00e7\u00e3o LGBTQ+ e sexualidade.<\/p>\n<p>Curr\u00edculo Lattes:\u00a0<a href=\"http:\/\/lattes.cnpq.br\/4519629228007618\">http:\/\/lattes.cnpq.br\/4519629228007618<\/a><\/td>\n<\/tr>\n<tr>\n<td style=\"width: 0.377715%\"><\/td>\n<td style=\"width: 98.8669%\">\n<h3 class=\"name\">Lupicino Peixoto Soares Junior <span style=\"font-size: 12pt\">(contrato provis\u00f3rio)<\/span><\/h3>\n<p>Enfermeiro licenciado e bacharel formado pela Universidade do Estado do Rio Grande do Norte, (UERN), Campus Avan\u00e7ado de Pau Dos Ferros. Especialista em Urg\u00eancia e Emerg\u00eancia e em Enfermagem em UTI, pela institui\u00e7\u00e3o de n\u00edvel superior Faculdade da Regi\u00e3o Serrana FARESE, mantida pelo Instituto de Ensino Superior da Regi\u00e3o Serrana, LTDA. Especialista em Enfermagem do Trabalho e em Enfermagem na aten\u00e7\u00e3o Prim\u00e1ria com \u00eanfase na Estrat\u00e9gia Sa\u00fade da Fam\u00edlia, pela Faculdade Hol\u00edstica &#8211; FAHOL. Forma\u00e7\u00e3o em Socorrista pelo Instituto mossoroense de Atendimento Pr\u00e9-Hospitalar (IMAPH). Atuante Atualmente como preceptor de est\u00e1gio e como professor dos cursos, t\u00e9cnico de Enfermagem e da especializa\u00e7\u00e3o em urg\u00eancia e emerg\u00eanciada para t\u00e9cnico de enfermagem da escola profissionalizante Catarina de Siena.<\/p>\n<p>Curr\u00edculo Lattes:\u00a0<a href=\"http:\/\/lattes.cnpq.br\/1520522562998671\">http:\/\/lattes.cnpq.br\/1520522562998671<\/a><\/td>\n<\/tr>\n<tr>\n<td style=\"width: 0.377715%\"><\/td>\n<td style=\"width: 98.8669%\">\n<h3 class=\"name\">Jos\u00e9 Wilkinson de Queiroz Leite <span style=\"font-size: 12pt\">(contrato provis\u00f3rio)<\/span><\/h3>\n<p>Possui gradua\u00e7\u00e3o em Enfermagem pela Universidade do Estado do Rio Grande do Norte(2020), especializa\u00e7\u00e3o em Enfermagem do Trabalho pela Faculdade Hol\u00edstica(2023), especializa\u00e7\u00e3o em Urge\u00eancia e Emerg\u00eancia em Enfermagem pelo Instituto de Ensino Superior da Regi\u00e3o Serrana(2021), especializa\u00e7\u00e3o em Enfermagem na Aten\u00e7\u00e3o Prim\u00e1ria com \u00canfase na Estrat\u00e9gia Sa\u00fade da Fam\u00edlia pela Faculdade Hol\u00edstica(2023) e ensino-medio-segundo-graupela Escola Estadual Professor Manoel Herculano(2012). Atualmente \u00e9 Professor da Escola Profissionalizante Catarina de Siena e Professor da Universidade do Estado do Rio Grande do Norte.<\/p>\n<p>Curr\u00edculo Lattes:\u00a0<a href=\"http:\/\/lattes.cnpq.br\/3052003441263328\">http:\/\/lattes.cnpq.br\/3052003441263328<\/a><\/p>\n<h1 class=\"name\"><span style=\"font-size: 14pt\">\u00a0<\/span><\/h1>\n<\/td>\n<\/tr>\n<\/tbody>\n<\/table>\n<p>&nbsp;<\/p>\n<p>&nbsp;<\/p>\n","protected":false},"excerpt":{"rendered":"<p>Andrezza Karine Ara\u00fajo de Medeiros Pereira Possui Bacharelado e Licenciatura em Enfermagem pela Universidade do Estado do Rio Grande do Norte (2000). Mestre em Sa\u00fade da Fam\u00edlia pela RENASF\/ UFRN. Doutoranda em Ci\u00eancias da Sa\u00fade pelo Programa de P\u00f3s-Gradua\u00e7\u00e3o em Ci\u00eancias da Sa\u00fade da Universidade Federal do Rio Grande do Norte (UFRN). \u00c9 membro do [&hellip;]<\/p>\n","protected":false},"author":1,"featured_media":0,"parent":0,"menu_order":0,"comment_status":"closed","ping_status":"closed","template":"","meta":{"footnotes":""},"class_list":["post-657","page","type-page","status-publish","hentry"],"_links":{"self":[{"href":"https:\/\/portal.uern.br\/paudosferros\/enfermagem\/wp-json\/wp\/v2\/pages\/657","targetHints":{"allow":["GET"]}}],"collection":[{"href":"https:\/\/portal.uern.br\/paudosferros\/enfermagem\/wp-json\/wp\/v2\/pages"}],"about":[{"href":"https:\/\/portal.uern.br\/paudosferros\/enfermagem\/wp-json\/wp\/v2\/types\/page"}],"author":[{"embeddable":true,"href":"https:\/\/portal.uern.br\/paudosferros\/enfermagem\/wp-json\/wp\/v2\/users\/1"}],"replies":[{"embeddable":true,"href":"https:\/\/portal.uern.br\/paudosferros\/enfermagem\/wp-json\/wp\/v2\/comments?post=657"}],"version-history":[{"count":10,"href":"https:\/\/portal.uern.br\/paudosferros\/enfermagem\/wp-json\/wp\/v2\/pages\/657\/revisions"}],"predecessor-version":[{"id":1080,"href":"https:\/\/portal.uern.br\/paudosferros\/enfermagem\/wp-json\/wp\/v2\/pages\/657\/revisions\/1080"}],"wp:attachment":[{"href":"https:\/\/portal.uern.br\/paudosferros\/enfermagem\/wp-json\/wp\/v2\/media?parent=657"}],"curies":[{"name":"wp","href":"https:\/\/api.w.org\/{rel}","templated":true}]}}