{"id":1068,"date":"2024-11-19T12:18:59","date_gmt":"2024-11-19T15:18:59","guid":{"rendered":"https:\/\/portal.uern.br\/paudosferros\/enfermagem\/?page_id=1068"},"modified":"2024-11-19T12:18:59","modified_gmt":"2024-11-19T15:18:59","slug":"semestre-2023-1","status":"publish","type":"page","link":"https:\/\/portal.uern.br\/paudosferros\/enfermagem\/semestre-2023-1\/","title":{"rendered":"Semestre 2023.1"},"content":{"rendered":"<p>Albaniza Paiva de Melo Neta<br \/>\nAlysson Hemet\u00e9rio Lima Pessoa<br \/>\nAmanda Cr\u00edzia Duarte da Silva<br \/>\nAna Fl\u00e1via Pinheiro Dias<br \/>\nAna Gabriela da Silva<br \/>\nAna Let\u00edcia Barros<br \/>\nDa\u00edsys Maria Rodrigues Melo<br \/>\nHugo Leonardo de Queir\u00f3z Silva<br \/>\nIsadora Jordana Lopes de Freitas<br \/>\nIsadora Mesquita Nunes<br \/>\nJanaildo Josemar Davino<br \/>\nJo\u00e3o Batista de Almeida Filho<br \/>\nJose Am\u00e9rico Sobrinho<br \/>\nJos\u00e9 Plynio do Rego Leite<br \/>\nLuiz Fernando Brito da Costa<br \/>\nMaria Luiza Oliveira da Costa<br \/>\nMaria Marlinda de Almeida<br \/>\nPaula Micaele Oliveira Dantas<br \/>\nRaquel Fontes Cavalcanti<br \/>\nRenyelle Mesquita Mello<br \/>\nRichelieu Luciani de Oliveira<br \/>\nTaiane Millena Costa Nascimento<br \/>\nVanessa Carolina Maia Bento<\/p>\n","protected":false},"excerpt":{"rendered":"<p>Albaniza Paiva de Melo Neta Alysson Hemet\u00e9rio Lima Pessoa Amanda Cr\u00edzia Duarte da Silva Ana Fl\u00e1via Pinheiro Dias Ana Gabriela da Silva Ana Let\u00edcia Barros Da\u00edsys Maria Rodrigues Melo Hugo Leonardo de Queir\u00f3z Silva Isadora Jordana Lopes de Freitas Isadora Mesquita Nunes Janaildo Josemar Davino Jo\u00e3o Batista de Almeida Filho Jose Am\u00e9rico Sobrinho Jos\u00e9 Plynio [&hellip;]<\/p>\n","protected":false},"author":17,"featured_media":0,"parent":0,"menu_order":0,"comment_status":"closed","ping_status":"closed","template":"","meta":{"footnotes":""},"class_list":["post-1068","page","type-page","status-publish","hentry"],"_links":{"self":[{"href":"https:\/\/portal.uern.br\/paudosferros\/enfermagem\/wp-json\/wp\/v2\/pages\/1068","targetHints":{"allow":["GET"]}}],"collection":[{"href":"https:\/\/portal.uern.br\/paudosferros\/enfermagem\/wp-json\/wp\/v2\/pages"}],"about":[{"href":"https:\/\/portal.uern.br\/paudosferros\/enfermagem\/wp-json\/wp\/v2\/types\/page"}],"author":[{"embeddable":true,"href":"https:\/\/portal.uern.br\/paudosferros\/enfermagem\/wp-json\/wp\/v2\/users\/17"}],"replies":[{"embeddable":true,"href":"https:\/\/portal.uern.br\/paudosferros\/enfermagem\/wp-json\/wp\/v2\/comments?post=1068"}],"version-history":[{"count":4,"href":"https:\/\/portal.uern.br\/paudosferros\/enfermagem\/wp-json\/wp\/v2\/pages\/1068\/revisions"}],"predecessor-version":[{"id":1072,"href":"https:\/\/portal.uern.br\/paudosferros\/enfermagem\/wp-json\/wp\/v2\/pages\/1068\/revisions\/1072"}],"wp:attachment":[{"href":"https:\/\/portal.uern.br\/paudosferros\/enfermagem\/wp-json\/wp\/v2\/media?parent=1068"}],"curies":[{"name":"wp","href":"https:\/\/api.w.org\/{rel}","templated":true}]}}