{"id":676,"date":"2023-07-19T20:29:01","date_gmt":"2023-07-19T23:29:01","guid":{"rendered":"https:\/\/portal.uern.br\/paudosferros\/educacaofisica\/?page_id=676"},"modified":"2023-07-19T20:29:43","modified_gmt":"2023-07-19T23:29:43","slug":"noticias","status":"publish","type":"page","link":"https:\/\/portal.uern.br\/paudosferros\/educacaofisica\/noticias\/","title":{"rendered":"Not\u00edcias"},"content":{"rendered":"<p><strong>\u00daLTIMAS NOT\u00cdCIAS<\/strong><\/p>\n<p>O Departamento de Educa\u00e7\u00e3o F\u00edsica &#8211; DEF\/CAPF\/UERN divulga o\u00a0resultado final\u00a0das elei\u00e7\u00f5es realizadas no dia 29 de abril de 2021 por meio da Plataforma \u00cdntegra.<\/p>\n<p>O referido resultado foi homologado no 20 de maio de 2021, durante a realiza\u00e7\u00e3o de Reuni\u00e3o Ordin\u00e1ria da Plen\u00e1ria do Departamento de Educa\u00e7\u00e3o F\u00edsica\/UERN, pela Comiss\u00e3o Eleitoral nomeada por meio da Portaria n\u00ba 003\/2020 \u2013 DEF\/CAPF\/UERN, de 16 de setembro de 2020.<\/p>\n<p>Portanto,\u00a0foi eleita para a fun\u00e7\u00e3o de Chefe a Professora Dandara Queiroga de Oliveira Sousa; para a fun\u00e7\u00e3o de Subchefe foi eleita a Professora Maria Ione da Silva.<\/p>\n<p>Resultado da vota\u00e7\u00e3o para chefe do DEF\/CAPF\/UERN:\u00a0Resultado da eli\u00e7\u00e3o para Chefe do DEF\/CAPF\/UERN<\/p>\n<p>Resultado da vota\u00e7\u00e3o para Subchefe do DEF\/CAPF\/UERN:\u00a0Resultado da elei\u00e7\u00e3opara subchefe do DEF\/CAPF\/UERN<\/p>\n<p>Pau dos Ferros, 21 de maio de 2021.<\/p>\n<p>O Departamento de Educa\u00e7\u00e3o F\u00edsica do Campus Avan\u00e7ado da UERN em Pau dos Ferros (DEF\/CAPF\/UERN) manifesta o seu mais profundo pesar pelo falecimento da senhora\u00a0ELIENE CUST\u00d3DIO DA ANUNCIA\u00c7\u00c3O, m\u00e3e da discente\u00a0Kaliane Cust\u00f3dio da Silva, do Curso de Educa\u00e7\u00e3o F\u00edsica, ocorrido no dia 20\/05\/2021, acometida de Covid-19.<\/p>\n<p>RESULTADO DAS ELEI\u00c7\u00d5ES DE 2021 DO DEPARTAMENTO DE EDUCA\u00c7\u00c3O F\u00cdSICA &#8211; DEF\/CAPF\/UERN<\/p>\n<p>A Comiss\u00e3o Eleitoral para a escolha de Chefe e Subchefe do Departamento de Educa\u00e7\u00e3o F\u00edsica \u2013 DEF,\u00a0Campus\u00a0Avan\u00e7ado de Pau dos Ferros\/CAPF\/UERN, nomeada pela Portaria n\u00ba 003\/2020 \u2013 DEF\/CAPF\/UERN, no uso de suas atribui\u00e7\u00f5es legais, considerando o Edital n\u00ba 01\/2021 \u2013 DEF\/CAPF\/UERN e as informa\u00e7\u00f5es repassadas pela Unidade de Processamento de Dados da Diretoria de Informatiza\u00e7\u00e3o da UERN (UPD\/DINF), torna p\u00fablico, pelo presente edital, o resultado da elei\u00e7\u00e3o para Chefe e Subchefe do referido Departamento Acad\u00eamico realizada no dia 29 de abril de 2021.<\/p>\n<p>Os dados referentes ao pleito eleitoral para Chefe e Subchefe podem ser encontrados no\u00a0Edital n\u00ba 004 2021 \u2013 DEF CAPF UERN.<\/p>\n<p>Pau dos Ferros, 04 de maio de 2021.<\/p>\n<p>No pr\u00f3ximo dia 30.07.2020 \u00e0s 19h teremos nossa segunda roda de conversa da a\u00e7\u00e3o &#8220;Conectad@s pela Educa\u00e7\u00e3o F\u00edsica&#8221;. O tema da noite ser\u00e1: O movimento e a inf\u00e2ncia: reflex\u00f5es em tempos de pandemia. O di\u00e1logo ser\u00e1 entre as professoras Cida Dias (DEF &#8211; UFRN) e Joyce Mariana (NEI &#8211; UFRN).<\/p>\n<p>O link para acesso ser\u00e1 disponibilizado na nossa p\u00e1gina do Instagram<\/p>\n<p>https:\/\/instagram.com\/educacaofisicacapf<\/p>\n<p>Curta nossa p\u00e1gina e acompanhe todas as atividades que temos desenvolvido! Marque na agenda e compartilhe com as pessoas!<\/p>\n<p>BATE PAPO E RESIST\u00caNCIA<\/p>\n<p>Plestra: &#8220;Forma\u00e7\u00e3o e atua\u00e7\u00e3o dos professores de Educa\u00e7\u00e3o F\u00edsica: O que defender em tempos de crise?&#8221;<\/p>\n<p>Com a Prof.\u00aa C\u00e1ssia Hack.<\/p>\n<p>Dia 22\/07\/2020 \u00e0s 19h via google meet.<\/p>\n<p>O Nosso encontro ser\u00e1 pelo link:<\/p>\n<p>https:\/\/meet.google.com\/zit-wukm-gok?hs=122&#038;authuser=0<\/p>\n<p>Contamos contigo!<\/p>\n<p>Semana que vem daremos uma a\u00e7\u00e3o que chamamos &#8220;Conectad@s pela Educa\u00e7\u00e3o F\u00edsica&#8221; com ideia de fazermos rodas de conversa sobre temas diversos, relacionando a Educa\u00e7\u00e3o F\u00edsica.<\/p>\n<p>No dia 15.07.2020, as 19h marque na sua agenda, que temos um encontro com esse time maravilhoso de professoras e professores, formados em nosso curso, que ir\u00e3o refletir e dialogar sobre a quest\u00e3o &#8220;como reinventar a Educa\u00e7\u00e3o F\u00edsica?&#8221;<\/p>\n<p>A atividade ser\u00e1 realizada pelo Google meet, no link: https:\/\/meet.google.com\/xdd-jctk-wur<\/p>\n<p>Curso de treinamento para\u00a0a utiliza\u00e7\u00e3o da plataforma virtual do Google Classroom e demais ferramentas do GSuite a ela integrada!<\/p>\n<p>Fa\u00e7a sua inscri\u00e7\u00e3o (Inscri\u00e7\u00e3o aqui)<\/p>\n<p>Para mais informa\u00e7\u00e3os clique a seguir:<\/p>\n<p>Uern Conect@ inicia aulas do curso on-line sobre uso do Google Classroom e ferramentas do GSuite<\/p>\n<p>Uern Conect@ promove curso on-line para alunos sobre uso do Google Classroom e demais ferramentas do GSuite<\/p>\n<p>&nbsp;<\/p>\n","protected":false},"excerpt":{"rendered":"<p>\u00daLTIMAS NOT\u00cdCIAS O Departamento de Educa\u00e7\u00e3o F\u00edsica &#8211; DEF\/CAPF\/UERN divulga o\u00a0resultado final\u00a0das elei\u00e7\u00f5es realizadas no dia 29 de abril de 2021 por meio da Plataforma \u00cdntegra. O referido resultado foi homologado no 20 de maio de 2021, durante a realiza\u00e7\u00e3o de Reuni\u00e3o Ordin\u00e1ria da Plen\u00e1ria do Departamento de Educa\u00e7\u00e3o F\u00edsica\/UERN, pela Comiss\u00e3o Eleitoral nomeada por [&hellip;]<\/p>\n","protected":false},"author":1,"featured_media":0,"parent":0,"menu_order":0,"comment_status":"closed","ping_status":"closed","template":"","meta":{"footnotes":""},"class_list":["post-676","page","type-page","status-publish","hentry"],"_links":{"self":[{"href":"https:\/\/portal.uern.br\/paudosferros\/educacaofisica\/wp-json\/wp\/v2\/pages\/676","targetHints":{"allow":["GET"]}}],"collection":[{"href":"https:\/\/portal.uern.br\/paudosferros\/educacaofisica\/wp-json\/wp\/v2\/pages"}],"about":[{"href":"https:\/\/portal.uern.br\/paudosferros\/educacaofisica\/wp-json\/wp\/v2\/types\/page"}],"author":[{"embeddable":true,"href":"https:\/\/portal.uern.br\/paudosferros\/educacaofisica\/wp-json\/wp\/v2\/users\/1"}],"replies":[{"embeddable":true,"href":"https:\/\/portal.uern.br\/paudosferros\/educacaofisica\/wp-json\/wp\/v2\/comments?post=676"}],"version-history":[{"count":2,"href":"https:\/\/portal.uern.br\/paudosferros\/educacaofisica\/wp-json\/wp\/v2\/pages\/676\/revisions"}],"predecessor-version":[{"id":678,"href":"https:\/\/portal.uern.br\/paudosferros\/educacaofisica\/wp-json\/wp\/v2\/pages\/676\/revisions\/678"}],"wp:attachment":[{"href":"https:\/\/portal.uern.br\/paudosferros\/educacaofisica\/wp-json\/wp\/v2\/media?parent=676"}],"curies":[{"name":"wp","href":"https:\/\/api.w.org\/{rel}","templated":true}]}}