{"id":663,"date":"2023-07-19T20:23:55","date_gmt":"2023-07-19T23:23:55","guid":{"rendered":"https:\/\/portal.uern.br\/paudosferros\/educacaofisica\/?page_id=663"},"modified":"2023-07-19T20:23:55","modified_gmt":"2023-07-19T23:23:55","slug":"docentes-temporarios","status":"publish","type":"page","link":"https:\/\/portal.uern.br\/paudosferros\/educacaofisica\/docentes-temporarios\/","title":{"rendered":"Docentes tempor\u00e1rios"},"content":{"rendered":"<table>\n<tbody>\n<tr>\n<td><img decoding=\"async\" src=\"http:\/\/www.uern.br\/controledepaginas\/curso-educacaofisica-pferros-docentestemporarios\/imagens\/7127francisco_vieira2.jpg\" alt=\"\" width=\"144\" height=\"139\" \/><\/td>\n<td>PROFESSOR:<strong>\u00a0Francisco Vieira de Oliveira<\/strong><\/p>\n<p>FORMA\u00c7\u00c3O:<strong>\u00a0Mestre<\/strong><\/p>\n<p>CARGO:\u00a0<strong>Contrato Tempor\u00e1rio<br \/>\n<\/strong><\/p>\n<p>CURR\u00cdCULO LATTES:\u00a0<a href=\"https:\/\/buscatextual.cnpq.br\/buscatextual\/visualizacv.do?id=K8721945H6&amp;tokenCaptchar=03ANYolqtjl2JuVTQyVyheotidGFAif5ZkKapoi4f7pX2KFwl-dx30irB5qVrq0P1ZN9qUJxxdeyY0euDYEWWCLMesdFvs1EcArVJ_FfQ_ZqE_PwgyTyC_gPEDDWNjuhEsPhLUVmcq5fD_ytxJyTZWlhr-BacoGe2nt7NrGiRFG4r6VhZMAz1831SnricQOqwfsIi1feFRDlVK3v1sEsc3jcs27Fq3ocC2eWTF0DK_mGyg-WkeCLULJiX8jmTpirIrDTQD9ilywW4jr64UowHU3JOc-3Dg8aFWqPr0D7OwAFldYPPq4s88VBUXqL5LAPSFf_L-f7eruQ3rppdnGdqVRl3wnf1jTgW6MAdq4c24KhGmhoaskuf0MDqGVV5Kv6on61MIW6BdJKHUc3TG4PPkmKnkY4plv40cDQ4WjI3pZQfBPeV9zlH8qmhSusUmKzV43XeMwbax47cL53fLkSaUl8tfKtuJJ1xh101n4ejwHrCVTqp25pH9IIKDk2cWi2dYf9YS5VaisaItNV1NsUTVNx5TAMez9bAakw\" target=\"_blank\" rel=\"noopener\"><strong>LINK\u00a0<\/strong><\/a><\/p>\n<p>E-MAIL:\u00a0<a href=\"mailto:franciscovieira@uern.br\" target=\"_parent\" rel=\"noopener\">franciscovieira@uern.br<\/a><\/td>\n<\/tr>\n<\/tbody>\n<\/table>\n<hr \/>\n<table>\n<tbody>\n<tr>\n<td><img decoding=\"async\" src=\"http:\/\/www.uern.br\/controledepaginas\/curso-educacaofisica-pferros-docentestemporarios\/imagens\/7127vania_pessoa_1.jpg\" alt=\"\" width=\"130\" height=\"180\" \/><\/td>\n<td>PROFESSOR:<strong>\u00a0V\u00e2nia Maria Pessoa Rodrigues<\/strong><\/p>\n<p>FORMA\u00c7\u00c3O:<strong>\u00a0Mestre<\/strong><\/p>\n<p>CARGO:\u00a0<strong>Contrato Tempor\u00e1rio<br \/>\n<\/strong><\/p>\n<p>CURR\u00cdCULO LATTES:<a href=\"http:\/\/buscatextual.cnpq.br\/buscatextual\/visualizacv.do?id=K8709278T4&amp;tokenCaptchar=03ANYolqttIK_R03-f05r0mt0SwN3mauinGPyJYUBG_6UICaee-Qh1WHSZJ6S-OaqxlAASerJCRg77kp2gReIr9Y7QwEDITq6wXgg4WdBd9OmOSzb1nQBdN_N8_olItjILU64kbh64RyqvBwDwgF9g-TvKipzwi9j1zhz_JxFQEZJsVTVyAe8Jx-wcxRkh-agyGOj0YWg9mOiZepEEnyf_thbKUyKhod1ioQGLvfiBHLajbaR_qvi9Tf4sdNErK_6MFC69gYJiEYh8N-TTczmx1iKRuOOLEnZ4x2leDAKtG481g-A6-B5f_gBDwLurHJAhvDpSfy0U-qqPDLU_VZph-JlNZrppE-km-VqsOeQtky_QOXb4iupTjcMGhQ5u0OxcGVKNOSUH9EKfDzpI74dF0J7AS83JdJpRUy1jNhBZ-nCesZZ-iT0ERYEDrMyti7dwHPWlMQmG2VqYPx_qRzTofPZvfUmzJzKLWiIX1PT6QMDdIDgV0itoTy2ZO0Ngfz5nsKwdpaqWFKpR82iLSzqM27gr-Na3MMGckg\" target=\"_blank\" rel=\"noopener\">\u00a0<strong>LINK\u00a0<\/strong><\/a><\/p>\n<p>E-MAIL:\u00a0<a href=\"mailto:mariapessoa@uern.br\" target=\"_parent\" rel=\"noopener\">mariapessoa@uern.br<\/a><\/td>\n<\/tr>\n<\/tbody>\n<\/table>\n","protected":false},"excerpt":{"rendered":"<p>PROFESSOR:\u00a0Francisco Vieira de Oliveira FORMA\u00c7\u00c3O:\u00a0Mestre CARGO:\u00a0Contrato Tempor\u00e1rio CURR\u00cdCULO LATTES:\u00a0LINK\u00a0 E-MAIL:\u00a0franciscovieira@uern.br PROFESSOR:\u00a0V\u00e2nia Maria Pessoa Rodrigues FORMA\u00c7\u00c3O:\u00a0Mestre CARGO:\u00a0Contrato Tempor\u00e1rio CURR\u00cdCULO LATTES:\u00a0LINK\u00a0 E-MAIL:\u00a0mariapessoa@uern.br<\/p>\n","protected":false},"author":1,"featured_media":0,"parent":0,"menu_order":0,"comment_status":"closed","ping_status":"closed","template":"","meta":{"footnotes":""},"class_list":["post-663","page","type-page","status-publish","hentry"],"_links":{"self":[{"href":"https:\/\/portal.uern.br\/paudosferros\/educacaofisica\/wp-json\/wp\/v2\/pages\/663","targetHints":{"allow":["GET"]}}],"collection":[{"href":"https:\/\/portal.uern.br\/paudosferros\/educacaofisica\/wp-json\/wp\/v2\/pages"}],"about":[{"href":"https:\/\/portal.uern.br\/paudosferros\/educacaofisica\/wp-json\/wp\/v2\/types\/page"}],"author":[{"embeddable":true,"href":"https:\/\/portal.uern.br\/paudosferros\/educacaofisica\/wp-json\/wp\/v2\/users\/1"}],"replies":[{"embeddable":true,"href":"https:\/\/portal.uern.br\/paudosferros\/educacaofisica\/wp-json\/wp\/v2\/comments?post=663"}],"version-history":[{"count":1,"href":"https:\/\/portal.uern.br\/paudosferros\/educacaofisica\/wp-json\/wp\/v2\/pages\/663\/revisions"}],"predecessor-version":[{"id":664,"href":"https:\/\/portal.uern.br\/paudosferros\/educacaofisica\/wp-json\/wp\/v2\/pages\/663\/revisions\/664"}],"wp:attachment":[{"href":"https:\/\/portal.uern.br\/paudosferros\/educacaofisica\/wp-json\/wp\/v2\/media?parent=663"}],"curies":[{"name":"wp","href":"https:\/\/api.w.org\/{rel}","templated":true}]}}