{"id":661,"date":"2023-07-19T20:23:07","date_gmt":"2023-07-19T23:23:07","guid":{"rendered":"https:\/\/portal.uern.br\/paudosferros\/educacaofisica\/?page_id=661"},"modified":"2023-07-19T20:23:07","modified_gmt":"2023-07-19T23:23:07","slug":"corpo-docente-efetivos","status":"publish","type":"page","link":"https:\/\/portal.uern.br\/paudosferros\/educacaofisica\/corpo-docente-efetivos\/","title":{"rendered":"Corpo Docente &#8211; Efetivos"},"content":{"rendered":"<table>\n<tbody>\n<tr>\n<td><strong><img decoding=\"async\" src=\"http:\/\/servicosweb.cnpq.br\/wspessoa\/servletrecuperafoto?tipo=1&amp;id=K4706278E1\" alt=\"\" width=\"150\" height=\"139\" \/><\/strong><\/td>\n<td>PROFESSOR:<strong>\u00a0Bertulino Jos\u00e9 de Souza<\/strong><\/p>\n<p>FORMA\u00c7\u00c3O:<strong>\u00a0Doutor<\/strong><\/p>\n<p>CARGO:\u00a0<strong>Efetivo<br \/>\n<\/strong><\/p>\n<p>CURR\u00cdCULO LATTES:\u00a0<a href=\"http:\/\/lattes.cnpq.br\/0591898261776447\"><strong>LINK\u00a0<\/strong><\/a><\/p>\n<p>E-MAIL:\u00a0<a href=\"mailto:bertulinosouza@uern.br\"><strong>bertulinosouza@uern.br<\/strong><\/a><\/td>\n<\/tr>\n<\/tbody>\n<\/table>\n<hr \/>\n<table>\n<tbody>\n<tr>\n<td><img decoding=\"async\" src=\"http:\/\/servicosweb.cnpq.br\/wspessoa\/servletrecuperafoto?tipo=1&amp;id=K4419350H6\" alt=\"\" width=\"150\" height=\"139\" \/><\/td>\n<td>&nbsp;<\/p>\n<p>PROFESSORA:<strong>\u00a0Dandara Queiroga de Oliveira Sousa<\/strong><\/p>\n<p>FORMA\u00c7\u00c3O:<strong>\u00a0Mestre<\/strong><\/p>\n<p>CARGO:\u00a0<strong>Efetivo<br \/>\n<\/strong><\/p>\n<p>CURR\u00cdCULO LATTES:\u00a0<a href=\"http:\/\/lattes.cnpq.br\/2567679047551260\" target=\"_blank\" rel=\"noopener\"><strong>LINK\u00a0<\/strong><\/a><\/p>\n<p>E-MAIL:\u00a0<strong><a href=\"mailto:dandaraqueiroga@uern.br\">dandaraqueiroga@uern.br<\/a><br \/>\n<\/strong><\/td>\n<\/tr>\n<\/tbody>\n<\/table>\n<hr \/>\n<table>\n<tbody>\n<tr>\n<td><img decoding=\"async\" src=\"http:\/\/servicosweb.cnpq.br\/wspessoa\/servletrecuperafoto?tipo=1&amp;id=K4259631P9\" alt=\"\" width=\"150\" height=\"139\" \/><\/td>\n<td>&nbsp;<\/p>\n<p>PROFESSOR:<strong>\u00a0Francisco Gama da Silva<br \/>\n<\/strong><\/p>\n<p>FORMA\u00c7\u00c3O:<strong>\u00a0Mestre<\/strong><\/p>\n<p>CARGO:\u00a0<strong>Efetivo<br \/>\n<\/strong><\/p>\n<p>CURR\u00cdCULO LATTES:\u00a0<a href=\"http:\/\/lattes.cnpq.br\/4191951367225164\" target=\"_blank\" rel=\"noopener\"><strong>LINK\u00a0<\/strong><\/a><\/p>\n<p>E-MAIL:\u00a0<strong><a href=\"mailto:franciscogama@uern.br\">franciscogama@uern.br<\/a><br \/>\n<\/strong><\/td>\n<\/tr>\n<\/tbody>\n<\/table>\n<hr \/>\n<table>\n<tbody>\n<tr>\n<td><img loading=\"lazy\" decoding=\"async\" src=\"http:\/\/servicosweb.cnpq.br\/wspessoa\/servletrecuperafoto?tipo=1&amp;id=K4138442P8\" alt=\"\" width=\"150\" height=\"139\" \/><\/td>\n<td>&nbsp;<\/p>\n<p>PROFESSOR:<strong>\u00a0Helder Cavalcante C\u00e2mara<br \/>\n<\/strong><\/p>\n<p>FORMA\u00c7\u00c3O:<strong>\u00a0Mestre<\/strong><\/p>\n<p>CARGO:\u00a0<strong>Efetivo<br \/>\n<\/strong><\/p>\n<p>CURR\u00cdCULO LATTES:\u00a0<a href=\"http:\/\/lattes.cnpq.br\/9869136943013819\" target=\"_blank\" rel=\"noopener\"><strong>LINK\u00a0<\/strong><\/a><\/p>\n<p>E-MAIL:\u00a0<strong><a href=\"mailto:heldercavalcante@uern.br\">heldercavalcante@uern.br<\/a><br \/>\n<\/strong><\/td>\n<\/tr>\n<\/tbody>\n<\/table>\n<hr \/>\n<table>\n<tbody>\n<tr>\n<td><img loading=\"lazy\" decoding=\"async\" src=\"http:\/\/servicosweb.cnpq.br\/wspessoa\/servletrecuperafoto?tipo=1&amp;id=K4762761P4\" alt=\"\" width=\"150\" height=\"139\" \/><\/td>\n<td>&nbsp;<\/p>\n<p>PROFESSOR:<strong>\u00a0Leonardo Rocha da Gama<\/strong><\/p>\n<p>FORMA\u00c7\u00c3O:<strong>\u00a0Mestre<\/strong><\/p>\n<p>CARGO:\u00a0<strong>Efetivo<br \/>\n<\/strong><\/p>\n<p>CURR\u00cdCULO LATTES:\u00a0<strong><a href=\"http:\/\/lattes.cnpq.br\/3773005402983623\" target=\"_blank\" rel=\"noopener\">LINK<\/a>\u00a0<\/strong><\/p>\n<p>E-MAIL:\u00a0<a href=\"mailto:leonardogama@uern.br\"><strong>leonardogama@uern.br<\/strong><\/a><\/td>\n<\/tr>\n<\/tbody>\n<\/table>\n<hr \/>\n<table>\n<tbody>\n<tr>\n<td><img loading=\"lazy\" decoding=\"async\" src=\"http:\/\/servicosweb.cnpq.br\/wspessoa\/servletrecuperafoto?tipo=1&amp;id=K4486275T5\" alt=\"\" width=\"150\" height=\"139\" \/><\/td>\n<td>&nbsp;<\/p>\n<p>PROFESSOR:<strong>\u00a0Marcos Ant\u00f4nio da Silva<\/strong><\/p>\n<p>FORMA\u00c7\u00c3O:<strong>\u00a0Mestre<\/strong><\/p>\n<p>CARGO:\u00a0<strong>Efetivo<br \/>\n<\/strong><\/p>\n<p>CURR\u00cdCULO LATTES:\u00a0<a href=\"http:\/\/lattes.cnpq.br\/3390259789853890\" target=\"_blank\" rel=\"noopener\"><strong>LINK\u00a0<\/strong><\/a><\/p>\n<p>E-MAIL:<a href=\"mailto:marcosantonio@uern.br\"><strong>\u00a0marcosantonio@uern.br<\/strong><\/a><\/td>\n<\/tr>\n<\/tbody>\n<\/table>\n<hr \/>\n<table>\n<tbody>\n<tr>\n<td><img loading=\"lazy\" decoding=\"async\" src=\"http:\/\/servicosweb.cnpq.br\/wspessoa\/servletrecuperafoto?tipo=1&amp;id=K4203655Z8\" alt=\"\" width=\"150\" height=\"139\" \/><\/td>\n<td>&nbsp;<\/p>\n<p>PROFESSORA:\u00a0<strong>Maria Ione da Silva<br \/>\n<\/strong><\/p>\n<p>FORMA\u00c7\u00c3O:<strong>\u00a0Doutora<\/strong><\/p>\n<p>CARGO:\u00a0<strong>Efetivo<br \/>\n<\/strong><\/p>\n<p>CURR\u00cdCULO LATTES:\u00a0<a href=\"http:\/\/lattes.cnpq.br\/8351602063804501\" target=\"_blank\" rel=\"noopener\"><strong>LINK\u00a0<\/strong><\/a><\/p>\n<p>E-MAIL:<a href=\"mailto:ionesilva@uern.br\"><strong>\u00a0ionesilva@uern.br<\/strong><\/a><\/td>\n<\/tr>\n<\/tbody>\n<\/table>\n<hr \/>\n<table>\n<tbody>\n<tr>\n<td><img loading=\"lazy\" decoding=\"async\" src=\"http:\/\/servicosweb.cnpq.br\/wspessoa\/servletrecuperafoto?tipo=1&amp;id=K4771760Z2\" alt=\"\" width=\"150\" height=\"139\" \/><\/td>\n<td>&nbsp;<\/p>\n<p>PROFESSORA:\u00a0<strong>Maria L\u00facia Lira de Andrade<br \/>\n<\/strong><\/p>\n<p>FORMA\u00c7\u00c3O:<strong>\u00a0Doutora<\/strong><\/p>\n<p>CARGO:\u00a0<strong>Efetivo<br \/>\n<\/strong><\/p>\n<p>CURR\u00cdCULO LATTES:\u00a0<strong><a href=\"http:\/\/lattes.cnpq.br\/1232534928540545\" target=\"_blank\" rel=\"noopener\">LINK<\/a>\u00a0<\/strong><\/p>\n<p>E-MAIL:<strong>\u00a0<a href=\"mailto:lucialira@uern.br\">lucialira@uern.br<\/a><\/strong><\/td>\n<\/tr>\n<\/tbody>\n<\/table>\n<hr \/>\n<table>\n<tbody>\n<tr>\n<td><img loading=\"lazy\" decoding=\"async\" src=\"http:\/\/servicosweb.cnpq.br\/wspessoa\/servletrecuperafoto?tipo=1&amp;id=K4268797T6\" alt=\"\" width=\"150\" height=\"139\" \/><\/td>\n<td>&nbsp;<\/p>\n<p>PROFESSOR:<strong>\u00a0Napole\u00e3o Di\u00f3genes Pessoa Neto<\/strong><\/p>\n<p>FORMA\u00c7\u00c3O:<strong>\u00a0Especialista<\/strong><\/p>\n<p>CARGO:\u00a0<strong>Efetivo<br \/>\n<\/strong><\/p>\n<p>CURR\u00cdCULO LATTES:\u00a0<a href=\"http:\/\/lattes.cnpq.br\/2059202557335899\" target=\"_blank\" rel=\"noopener\"><strong>LINK\u00a0<\/strong><\/a><\/p>\n<p>E-MAIL:<strong>\u00a0<a href=\"mailto:napoleaodiogenes@uern.br\">napoleaodiogenes@uern.br<\/a><\/strong><\/td>\n<\/tr>\n<\/tbody>\n<\/table>\n<hr \/>\n<table>\n<tbody>\n<tr>\n<td><img loading=\"lazy\" decoding=\"async\" src=\"http:\/\/servicosweb.cnpq.br\/wspessoa\/servletrecuperafoto?tipo=1&amp;id=K4290481A4\" alt=\"\" width=\"150\" height=\"139\" \/><\/td>\n<td>&nbsp;<\/p>\n<p>PROFESSORA:\u00a0<strong>Su\u00eania de Lima Duarte<br \/>\n<\/strong><\/p>\n<p>FORMA\u00c7\u00c3O:<strong>\u00a0Mestre<\/strong><\/p>\n<p>CARGO:\u00a0<strong>Efetivo<br \/>\n<\/strong><\/p>\n<p>CURR\u00cdCULO LATTES:\u00a0<strong><a href=\"http:\/\/lattes.cnpq.br\/1492270470821656\" target=\"_blank\" rel=\"noopener\">LINK<\/a>\u00a0<\/strong><\/p>\n<p>E-MAIL:<strong>\u00a0<a href=\"mailto:limaduarte@uern.bt\">limaduarte@uern.br<\/a><\/strong><\/td>\n<\/tr>\n<\/tbody>\n<\/table>\n<hr \/>\n<table>\n<tbody>\n<tr>\n<td><img loading=\"lazy\" decoding=\"async\" src=\"http:\/\/servicosweb.cnpq.br\/wspessoa\/servletrecuperafoto?tipo=1&amp;id=K4770475D1\" alt=\"\" width=\"150\" height=\"139\" \/><\/td>\n<td>&nbsp;<\/p>\n<p>PROFESSORA:\u00a0<strong>Themis Cristina Mesquita Soares<br \/>\n<\/strong><\/p>\n<p>FORMA\u00c7\u00c3O:<strong>\u00a0Doutora<\/strong><\/p>\n<p>CARGO:\u00a0<strong>Efetivo<br \/>\n<\/strong><\/p>\n<p>CURR\u00cdCULO LATTES:\u00a0<a href=\"http:\/\/lattes.cnpq.br\/8186458525576176\" target=\"_blank\" rel=\"noopener\"><strong>LINK\u00a0<\/strong><\/a><\/p>\n<p>E-MAIL:<strong>\u00a0<a href=\"mailto:themissoares@uern.br\">themissoares@uern.br<\/a><\/strong><\/td>\n<\/tr>\n<\/tbody>\n<\/table>\n<hr \/>\n<table>\n<tbody>\n<tr>\n<td><img loading=\"lazy\" decoding=\"async\" src=\"http:\/\/servicosweb.cnpq.br\/wspessoa\/servletrecuperafoto?tipo=1&amp;id=K4259658E4\" alt=\"\" width=\"150\" height=\"139\" \/><\/td>\n<td>&nbsp;<\/p>\n<p>PROFESSORA: Ubilina Maria da Concei\u00e7\u00e3o Maia<strong><br \/>\n<\/strong><\/p>\n<p>FORMA\u00c7\u00c3O:<strong>\u00a0Mestre<\/strong><\/p>\n<p>CARGO:\u00a0<strong>Efetivo<br \/>\n<\/strong><\/p>\n<p>CURR\u00cdCULO LATTES:\u00a0<strong><a href=\"http:\/\/lattes.cnpq.br\/0312215370188308\" target=\"_blank\" rel=\"noopener\">LINK<\/a>\u00a0<\/strong><\/p>\n<p>E-MAIL:<strong>\u00a0<a href=\"mailto:ubilinamaia@uern.br\">ubilinamaia@uern.br<\/a><\/strong><\/td>\n<\/tr>\n<\/tbody>\n<\/table>\n","protected":false},"excerpt":{"rendered":"<p>PROFESSOR:\u00a0Bertulino Jos\u00e9 de Souza FORMA\u00c7\u00c3O:\u00a0Doutor CARGO:\u00a0Efetivo CURR\u00cdCULO LATTES:\u00a0LINK\u00a0 E-MAIL:\u00a0bertulinosouza@uern.br &nbsp; PROFESSORA:\u00a0Dandara Queiroga de Oliveira Sousa FORMA\u00c7\u00c3O:\u00a0Mestre CARGO:\u00a0Efetivo CURR\u00cdCULO LATTES:\u00a0LINK\u00a0 E-MAIL:\u00a0dandaraqueiroga@uern.br &nbsp; PROFESSOR:\u00a0Francisco Gama da Silva FORMA\u00c7\u00c3O:\u00a0Mestre CARGO:\u00a0Efetivo CURR\u00cdCULO LATTES:\u00a0LINK\u00a0 E-MAIL:\u00a0franciscogama@uern.br &nbsp; PROFESSOR:\u00a0Helder Cavalcante C\u00e2mara FORMA\u00c7\u00c3O:\u00a0Mestre CARGO:\u00a0Efetivo CURR\u00cdCULO LATTES:\u00a0LINK\u00a0 E-MAIL:\u00a0heldercavalcante@uern.br &nbsp; PROFESSOR:\u00a0Leonardo Rocha da Gama FORMA\u00c7\u00c3O:\u00a0Mestre CARGO:\u00a0Efetivo CURR\u00cdCULO LATTES:\u00a0LINK\u00a0 E-MAIL:\u00a0leonardogama@uern.br &nbsp; PROFESSOR:\u00a0Marcos Ant\u00f4nio da Silva FORMA\u00c7\u00c3O:\u00a0Mestre [&hellip;]<\/p>\n","protected":false},"author":1,"featured_media":0,"parent":0,"menu_order":0,"comment_status":"closed","ping_status":"closed","template":"","meta":{"footnotes":""},"class_list":["post-661","page","type-page","status-publish","hentry"],"_links":{"self":[{"href":"https:\/\/portal.uern.br\/paudosferros\/educacaofisica\/wp-json\/wp\/v2\/pages\/661","targetHints":{"allow":["GET"]}}],"collection":[{"href":"https:\/\/portal.uern.br\/paudosferros\/educacaofisica\/wp-json\/wp\/v2\/pages"}],"about":[{"href":"https:\/\/portal.uern.br\/paudosferros\/educacaofisica\/wp-json\/wp\/v2\/types\/page"}],"author":[{"embeddable":true,"href":"https:\/\/portal.uern.br\/paudosferros\/educacaofisica\/wp-json\/wp\/v2\/users\/1"}],"replies":[{"embeddable":true,"href":"https:\/\/portal.uern.br\/paudosferros\/educacaofisica\/wp-json\/wp\/v2\/comments?post=661"}],"version-history":[{"count":1,"href":"https:\/\/portal.uern.br\/paudosferros\/educacaofisica\/wp-json\/wp\/v2\/pages\/661\/revisions"}],"predecessor-version":[{"id":662,"href":"https:\/\/portal.uern.br\/paudosferros\/educacaofisica\/wp-json\/wp\/v2\/pages\/661\/revisions\/662"}],"wp:attachment":[{"href":"https:\/\/portal.uern.br\/paudosferros\/educacaofisica\/wp-json\/wp\/v2\/media?parent=661"}],"curies":[{"name":"wp","href":"https:\/\/api.w.org\/{rel}","templated":true}]}}