{"id":656,"date":"2023-07-19T20:21:24","date_gmt":"2023-07-19T23:21:24","guid":{"rendered":"https:\/\/portal.uern.br\/paudosferros\/educacaofisica\/?page_id=656"},"modified":"2023-07-19T20:21:24","modified_gmt":"2023-07-19T23:21:24","slug":"informacoes-gerais","status":"publish","type":"page","link":"https:\/\/portal.uern.br\/paudosferros\/educacaofisica\/informacoes-gerais\/","title":{"rendered":"Informa\u00e7\u00f5es Gerais"},"content":{"rendered":"<p><strong>1. IDENTIFICA\u00c7\u00c3O DA INSTITUI\u00c7\u00c3O<\/strong><br \/>\nInstitui\u00e7\u00e3o Mantenedora<br \/>\nFunda\u00e7\u00e3o Universidade do Estado do Rio Grande do Norte \u2013 FUERN<br \/>\nRua Almino Afonso, n. 478 \u2013 Centro<br \/>\nCEP: 59.610-210 \u2013 Mossor\u00f3 \u2013 RN<br \/>\nFone: (84) 3315-2148. Fax: (84) 3315-2108<br \/>\nE-mail: reitoria@uern.br<br \/>\nPresidente: Prof. Dr. Pedro Fernandes Ribeiro Neto<br \/>\nEsp\u00e9cie Societ\u00e1ria: N\u00e3o Lucrativa<\/p>\n<p>Institui\u00e7\u00e3o Mantida<br \/>\nUniversidade do Estado do Rio Grande do Norte \u2013 UERN<br \/>\nCNPJ: 08.258.295\/0001<br \/>\nCampus Universit\u00e1rio<br \/>\nBR 110, Km 46, Av. Prof. Ant\u00f4nio Campos S\/N<br \/>\nBairro Costa e Silva<br \/>\nCEP: 59625-620 \u2013 Mossor\u00f3-RN<br \/>\nFone: (84) 3315-2175 Fax: (84) 3315-2175<br \/>\nHome Page: www.uern.br e-mail: reitoria@uern.br<br \/>\nDirigente: Prof. Dr. Pedro Fernandes Ribeiro Neto<br \/>\nAto de Credenciamento: Portaria N.\u00ba 874\/MEC de 17\/06\/1993<\/p>\n<p><strong>2. PERFIL DO CURSO<\/strong><\/p>\n<p><strong>2.1 Identifica\u00e7\u00e3o do curso de gradua\u00e7\u00e3o<\/strong><br \/>\nDenomina\u00e7\u00e3o: Curso de Educa\u00e7\u00e3o F\u00edsica \u2013 CEF\/CAMEAM\/UERN<br \/>\nGrau acad\u00eamico: Licenciatura<br \/>\nModalidade: Presencial<br \/>\n\u00c1rea de Conhecimento: Ci\u00eancias da Sa\u00fade<br \/>\nAto de Autoriza\u00e7\u00e3o\/Cria\u00e7\u00e3o: Resolu\u00e7\u00e3o n.\u00ba 047\/2003 \u2013 CONSEPE\/UERN<br \/>\nData de In\u00edcio de Funcionamento: 03 de novembro de 2004.<\/p>\n<p><strong>2.2 Local de Funcionamento do Curso<\/strong><br \/>\nCampus: Campus Avan\u00e7ado Profa. Maria Elisa de Albuquerque Maia &#8211; CAMEAM<br \/>\nEndere\u00e7o: BR: 405, Km: 03. Arizona. Pau dos Ferros\/RN. C.E.P: 59.900-000<br \/>\nTelefone: (84) 3351-2560. Ramal: 221.<br \/>\nE-mail: def_pferros@uern.br. Site: uern.br\/<\/p>\n<p><strong>2.3 Dados sobre o curso<\/strong><br \/>\nC\u00f3digo do e-MEC: 72594<br \/>\nCarga hor\u00e1ria total: 3.600 (tr\u00eas mil e seiscentas horas)<br \/>\nTempo m\u00e9dio de integraliza\u00e7\u00e3o curricular: 4 anos \u2013 8 semestres.<br \/>\nTempo m\u00e1ximo de integraliza\u00e7\u00e3o curricular: 7 anos \u2013 14 semestres.<br \/>\nN\u00famero de vagas por semestre\/ano: 40.<br \/>\nTurnos de funcionamento: Integral conforme par\u00e1grafo 1\u00b0 artigo 12. do Regulamento dos<br \/>\nCursos de Gradua\u00e7\u00e3o \u2013 Resolu\u00e7\u00e3o n.\u00ba 26\/2017 \u2013 CONSEPE\/UERN<br \/>\nN\u00famero m\u00e1ximo de alunos por turma: 50.<br \/>\nSistema: cr\u00e9ditos com matr\u00edcula semestral<br \/>\nForma de Ingresso no Curso: ENEM\/SISU; PSVI; PSVNI, e; Transfer\u00eancia compuls\u00f3ria.<br \/>\nTrabalho de Conclus\u00e3o de Curso: Monografia, artigo e ou texto cient\u00edfico diverso<br \/>\npreviamente especificado pela Congrega\u00e7\u00e3o do Curso \u2013 90h.<br \/>\nEst\u00e1gio Curricular Obrigat\u00f3rio:<br \/>\nN\u00famero de componentes de est\u00e1gio: quatro<br \/>\nN\u00famero total de horas de est\u00e1gio: 405h<br \/>\nAtividades Acad\u00eamicas Complementares (AAC): 210h.<\/p>\n<p><strong>3. DADOS SOBRE A AVALAI\u00c7\u00c3O DO CURSO<\/strong><br \/>\nNota do ENADE: 4 (ano de 2017)<br \/>\nConceito: 3 (ano de 2017)<br \/>\nIDD: 3 (ano de 2017)<\/p>\n","protected":false},"excerpt":{"rendered":"<p>1. IDENTIFICA\u00c7\u00c3O DA INSTITUI\u00c7\u00c3O Institui\u00e7\u00e3o Mantenedora Funda\u00e7\u00e3o Universidade do Estado do Rio Grande do Norte \u2013 FUERN Rua Almino Afonso, n. 478 \u2013 Centro CEP: 59.610-210 \u2013 Mossor\u00f3 \u2013 RN Fone: (84) 3315-2148. Fax: (84) 3315-2108 E-mail: reitoria@uern.br Presidente: Prof. Dr. Pedro Fernandes Ribeiro Neto Esp\u00e9cie Societ\u00e1ria: N\u00e3o Lucrativa Institui\u00e7\u00e3o Mantida Universidade do Estado do [&hellip;]<\/p>\n","protected":false},"author":1,"featured_media":0,"parent":0,"menu_order":0,"comment_status":"closed","ping_status":"closed","template":"","meta":{"footnotes":""},"class_list":["post-656","page","type-page","status-publish","hentry"],"_links":{"self":[{"href":"https:\/\/portal.uern.br\/paudosferros\/educacaofisica\/wp-json\/wp\/v2\/pages\/656","targetHints":{"allow":["GET"]}}],"collection":[{"href":"https:\/\/portal.uern.br\/paudosferros\/educacaofisica\/wp-json\/wp\/v2\/pages"}],"about":[{"href":"https:\/\/portal.uern.br\/paudosferros\/educacaofisica\/wp-json\/wp\/v2\/types\/page"}],"author":[{"embeddable":true,"href":"https:\/\/portal.uern.br\/paudosferros\/educacaofisica\/wp-json\/wp\/v2\/users\/1"}],"replies":[{"embeddable":true,"href":"https:\/\/portal.uern.br\/paudosferros\/educacaofisica\/wp-json\/wp\/v2\/comments?post=656"}],"version-history":[{"count":1,"href":"https:\/\/portal.uern.br\/paudosferros\/educacaofisica\/wp-json\/wp\/v2\/pages\/656\/revisions"}],"predecessor-version":[{"id":657,"href":"https:\/\/portal.uern.br\/paudosferros\/educacaofisica\/wp-json\/wp\/v2\/pages\/656\/revisions\/657"}],"wp:attachment":[{"href":"https:\/\/portal.uern.br\/paudosferros\/educacaofisica\/wp-json\/wp\/v2\/media?parent=656"}],"curies":[{"name":"wp","href":"https:\/\/api.w.org\/{rel}","templated":true}]}}