{"id":960,"date":"2023-10-26T10:45:03","date_gmt":"2023-10-26T13:45:03","guid":{"rendered":"https:\/\/portal.uern.br\/paudosferros\/dlv\/?page_id=960"},"modified":"2024-10-31T08:04:03","modified_gmt":"2024-10-31T11:04:03","slug":"contatos-e-coordenacoes-de-polos-uab","status":"publish","type":"page","link":"https:\/\/portal.uern.br\/paudosferros\/dlv\/contatos-e-coordenacoes-de-polos-uab\/","title":{"rendered":"Contatos e Coordena\u00e7\u00f5es de Polos UAB"},"content":{"rendered":"<p style=\"text-align: center\"><strong><span style=\"color: #3366ff\">COORDENA\u00c7\u00d5ES DOS POLOS<\/span><\/strong><\/p>\n<p><strong>\u21d2 Polo de Assu<\/strong><\/p>\n<p>Coordenadora: Francisco Francij\u00e9si Firmino<br \/>\nE-mail: uabpolo.caa@uern.br<br \/>\nEndere\u00e7o do polo: Rua Sinhazinha Wanderley, 871, CEP: 59650-000, Centro, Assu\/RN.<br \/>\nFuncionamento:<\/p>\n<p><strong>\u21d2 Polo de Grossos:<\/strong><\/p>\n<p>Coordenadora: M\u00f4nica Lib\u00e2nia Mendon\u00e7a Firmino<br \/>\nE-mail: educagrossos@gmail.com<br \/>\nTelefone: (84) 98121-5094<br \/>\nEndere\u00e7o do polo: Av. Coronel Solon, Boa esperan\u00e7a, 59675-000<br \/>\nO polo est\u00e1 abrindo no turno matutino, das 07h \u00e0s 11h, segunda a s\u00e1bado.\u00a0Na ter\u00e7a e quarta o polo tamb\u00e9m abre no turno verpertino.<\/p>\n<p><strong>\u21d2 Polo de Guamar\u00e9<\/strong><\/p>\n<p>Coordenadora: M\u00e1rcia Meyre de Abreu Leite Bezerra &#8211; (84) 99911-0269<br \/>\nE-mail: uabguamare12@gmail.com e marcialeitegmr@gmail.com<br \/>\nTelefone: (84) 99911-0269 e (84) 98146-2983<br \/>\nEndere\u00e7o do polo: Rua Manoel Lucas de Miranda, 23, Centro, CEP: 59598-000, Guamar\u00e9\/RN.<br \/>\nFuncionamento: O hor\u00e1rio \u00e9 de segunda \u00e0 sexta (7h \u00e0s 17h, s\u00e1bado 7h \u00e0s 13h).<\/p>\n<p><strong>\u21d2 Polo de Lu\u00eds Gomes<\/strong><\/p>\n<p>Coordenadora: Joseani Martins da Costa<br \/>\nE-mail: puaplgcoordena@outlook.com<br \/>\nTelefone: (84) 99983-2020<br \/>\nEndere\u00e7o do polo: Avenida Senhora Santana, 17, Lu\u00eds Gomes \u2013 RN,\u00a0anexo ao Col\u00e9gio Municipal Pe. Osvaldo.<br \/>\nO Polo abre de ter\u00e7a a s\u00e1bado, sendo: ter\u00e7a a sexta, das 13h \u00e0s 17h e 19h \u00e0s 22h. No s\u00e1bado abre das 8h \u00e0s 16h.<\/p>\n<p><strong>\u21d2 Polo de Marcelino Vieira<\/strong><\/p>\n<p>Coordenadora: Francimeire Ces\u00e1rio de Oliveira Queir\u00f3s<br \/>\nE-mail: polo2017marcelinovieira@gmail.com<br \/>\nTelefone: (84) 99648-4321<br \/>\nEndere\u00e7o do polo: Rua Travessa Neo Pontes, s\/n, Centro de Marcelino Vieira, CEP: 59970-000.<br \/>\nFuncionamento: Funciona das ter\u00e7as aos s\u00e1bados, per\u00edodos: matutino (7h30 \u00e0s 11h30) e vespertino (13h30 \u00e0s 17h).<\/p>\n<p><strong>\u21d2 Polo de Martins<\/strong><\/p>\n<p>Coordenadora: H\u00e9lia de Oliveira Silva<br \/>\nE-mail:\u00a0polouabmartins@gmail.com e holiveira36@gmail.com<br \/>\nTelefone:\u00a0(84) 99917-7308<br \/>\nEndere\u00e7o do polo:\u00a0Rua Ant\u00f4nio Marcelino, bairro Jocelyn Villar \u2013 CEP 59800-000<br \/>\nAbre de ter\u00e7a a sexta (manh\u00e3, tarde e noite), s\u00e1bado (manh\u00e3 e tarde)<\/p>\n<p><strong>\u21d2 Polo de Natal<\/strong><\/p>\n<p>Coordenador: Jo\u00e3o Maria de Castro Pontes (Jo\u00e3o di Castro)<br \/>\nE-mail: polouabnatal@gmail.com e dicastro.uabnatal@gmail.com<br \/>\nTelefone: (84) 99602-7052 e 3232-3390<br \/>\nEndere\u00e7o do Polo: Av. Coronel Estevam, n\u00ba 3705O polo UAB Natal funciona no Centro Municipal de Refer\u00eancia em Educa\u00e7\u00e3o Alu\u00edzio Alves (CEMURE).<br \/>\nHor\u00e1rio de funcionamento: de segunda a sexta, das 08h \u00e0s 21h (salas previamente agendadas)<br \/>\nS\u00e1bado das 08h \u00e0s 14h (quando s\u00e1bado letivo e presencial)<\/p>\n<p><strong>\u21d2 Polo de Parnamirim<\/strong><\/p>\n<p>Coordenadora: Tereza Cristina F\u00e9lix de Andrade Silva<br \/>\nE-mail: parnamirimpoloead@gmail.com e tereza.eadparnamirim@gmail.com<br \/>\nTelefones: Secretaria do polo: (84) 98669-7916 \/ Coordena\u00e7\u00e3o do polo: (84) 98804-2307<br \/>\nEndere\u00e7o do polo: Av. Jo\u00e3o XXIII, 704 &#8211; Cohabinal, Parnamirim &#8211; RN, CEP 59140-230.<br \/>\nFuncionamento: <strong>Segunda a sexta<\/strong>: 7h30 \u00e0s 19h \/ <strong>S\u00e1bado<\/strong>: das 8h \u00e0s 14h \/<strong> Domingo<\/strong>: 8h \u00e0s 13h em dias de aplica\u00e7\u00e3o de provas da UFRN<\/p>\n<p><strong>\u21d2 Polo de Patu<\/strong><\/p>\n<p>Coordenadora: Silvana Elizabete de Andrade<br \/>\nE-mail: silvanaelizabete@hotmail.com e silvanaelizabete@uern.br<br \/>\nTelefone: (84) 3361-2461 e (84) 99925-3629<br \/>\nEndere\u00e7o do polo: Campus Avan\u00e7ado de Patu\/UERN, localizado na Avenida Lauro Maia, s\/n &#8211; Centro<br \/>\nFuncionamento: O polo funciona todos os dias da semana e \u00e0 noite funciona na quinta-feira e no s\u00e1bado pela manh\u00e3 at\u00e9 13h, Segunda a sexta: 18h30 \u00e0s 22h e Quinta e s\u00e1bado: 7h30 \u00e0s 13h30.<\/p>\n","protected":false},"excerpt":{"rendered":"<p>COORDENA\u00c7\u00d5ES DOS POLOS \u21d2 Polo de Assu Coordenadora: Francisco Francij\u00e9si Firmino E-mail: uabpolo.caa@uern.br Endere\u00e7o do polo: Rua Sinhazinha Wanderley, 871, CEP: 59650-000, Centro, Assu\/RN. Funcionamento: \u21d2 Polo de Grossos: Coordenadora: M\u00f4nica Lib\u00e2nia Mendon\u00e7a Firmino E-mail: educagrossos@gmail.com Telefone: (84) 98121-5094 Endere\u00e7o do polo: Av. Coronel Solon, Boa esperan\u00e7a, 59675-000 O polo est\u00e1 abrindo no turno matutino, [&hellip;]<\/p>\n","protected":false},"author":18,"featured_media":0,"parent":0,"menu_order":0,"comment_status":"closed","ping_status":"closed","template":"","meta":{"footnotes":""},"class_list":["post-960","page","type-page","status-publish","hentry"],"_links":{"self":[{"href":"https:\/\/portal.uern.br\/paudosferros\/dlv\/wp-json\/wp\/v2\/pages\/960","targetHints":{"allow":["GET"]}}],"collection":[{"href":"https:\/\/portal.uern.br\/paudosferros\/dlv\/wp-json\/wp\/v2\/pages"}],"about":[{"href":"https:\/\/portal.uern.br\/paudosferros\/dlv\/wp-json\/wp\/v2\/types\/page"}],"author":[{"embeddable":true,"href":"https:\/\/portal.uern.br\/paudosferros\/dlv\/wp-json\/wp\/v2\/users\/18"}],"replies":[{"embeddable":true,"href":"https:\/\/portal.uern.br\/paudosferros\/dlv\/wp-json\/wp\/v2\/comments?post=960"}],"version-history":[{"count":24,"href":"https:\/\/portal.uern.br\/paudosferros\/dlv\/wp-json\/wp\/v2\/pages\/960\/revisions"}],"predecessor-version":[{"id":1766,"href":"https:\/\/portal.uern.br\/paudosferros\/dlv\/wp-json\/wp\/v2\/pages\/960\/revisions\/1766"}],"wp:attachment":[{"href":"https:\/\/portal.uern.br\/paudosferros\/dlv\/wp-json\/wp\/v2\/media?parent=960"}],"curies":[{"name":"wp","href":"https:\/\/api.w.org\/{rel}","templated":true}]}}