{"id":627,"date":"2023-05-25T13:09:08","date_gmt":"2023-05-25T16:09:08","guid":{"rendered":"https:\/\/portal.uern.br\/paudosferros\/dlv\/?page_id=627"},"modified":"2024-04-08T10:04:01","modified_gmt":"2024-04-08T13:04:01","slug":"projeto-raizes-da-cultura-sertaneja-procult","status":"publish","type":"page","link":"https:\/\/portal.uern.br\/paudosferros\/dlv\/projetos-de-extensao\/projeto-raizes-da-cultura-sertaneja-procult\/","title":{"rendered":"Projeto Ra\u00edzes da Cultura Sertaneja &#8211; PROCULT"},"content":{"rendered":"<p align=\"justify\"><span style=\"font-family: Arial, serif\">O Projeto Ra\u00edzes da Cultura Sertaneja (PROCULT) tem como objetivo principal desenvolver a\u00e7\u00f5es extensionistas que ampliem o conhecimento, o acesso e a valoriza\u00e7\u00e3o do patrim\u00f4nio hist\u00f3rico, cultural, econ\u00f4mico e pol\u00edtico do homem do sert\u00e3o nordestino, bem como promover atividades acad\u00eamico-pedag\u00f3gicas que fortale\u00e7am e deem visibilidade \u00e0 identidade cultural da regi\u00e3o. As a\u00e7\u00f5es acad\u00eamico-culturais e extensionistas do PROCULT s\u00e3o realizadas na sede do Museu de Cultura Sertaneja e em escolas e institui\u00e7\u00f5es p\u00fablicas e privadas da regi\u00e3o do Alto-Oeste potiguar e de regi\u00f5es de fronteiras dos estados do Cear\u00e1 e Para\u00edba. <\/span><\/p>\n<p align=\"justify\"><span style=\"font-family: Arial, serif\">O PROCULT, no intuito de aproximar a universidade da sociedade, contribuindo tamb\u00e9m para o desenvolvimento cultural desta, se efetiva por meio de a\u00e7\u00f5es extensionistas, com destaque para \u201cMuseu de coisas sertanejas\u201d, \u201cMuseu do cordel\u201d, \u201cMuseu virtual\u201d e \u201cMuseu pedag\u00f3gico\u201d, que focalizam a preserva\u00e7\u00e3o e valoriza\u00e7\u00e3o de pe\u00e7as materiais caracter\u00edsticas da cultura sertaneja; a forma\u00e7\u00e3o de acervo, o mapeamento e a recep\u00e7\u00e3o est\u00e9tica da literatura de cordel; a vida, as dores, os sofrimentos, as paix\u00f5es, a religiosidade, a pol\u00edtica, a economia, o trabalho e as lutas em depoimentos, filmes, imagens e narrativas orais do povo sertanejo; e o desenvolvimento de atividades junto \u00e0s escolas da educa\u00e7\u00e3o b\u00e1sica, dando visibilidade \u00e0 cultura sertaneja e contribuindo para a valoriza\u00e7\u00e3o est\u00e9tica, hist\u00f3rica e art\u00edstica dos museus.<\/span><\/p>\n<p align=\"justify\">\n","protected":false},"excerpt":{"rendered":"<p>O Projeto Ra\u00edzes da Cultura Sertaneja (PROCULT) tem como objetivo principal desenvolver a\u00e7\u00f5es extensionistas que ampliem o conhecimento, o acesso e a valoriza\u00e7\u00e3o do patrim\u00f4nio hist\u00f3rico, cultural, econ\u00f4mico e pol\u00edtico do homem do sert\u00e3o nordestino, bem como promover atividades acad\u00eamico-pedag\u00f3gicas que fortale\u00e7am e deem visibilidade \u00e0 identidade cultural da regi\u00e3o. As a\u00e7\u00f5es acad\u00eamico-culturais e extensionistas [&hellip;]<\/p>\n","protected":false},"author":5,"featured_media":0,"parent":567,"menu_order":0,"comment_status":"closed","ping_status":"closed","template":"","meta":{"footnotes":""},"class_list":["post-627","page","type-page","status-publish","hentry"],"_links":{"self":[{"href":"https:\/\/portal.uern.br\/paudosferros\/dlv\/wp-json\/wp\/v2\/pages\/627","targetHints":{"allow":["GET"]}}],"collection":[{"href":"https:\/\/portal.uern.br\/paudosferros\/dlv\/wp-json\/wp\/v2\/pages"}],"about":[{"href":"https:\/\/portal.uern.br\/paudosferros\/dlv\/wp-json\/wp\/v2\/types\/page"}],"author":[{"embeddable":true,"href":"https:\/\/portal.uern.br\/paudosferros\/dlv\/wp-json\/wp\/v2\/users\/5"}],"replies":[{"embeddable":true,"href":"https:\/\/portal.uern.br\/paudosferros\/dlv\/wp-json\/wp\/v2\/comments?post=627"}],"version-history":[{"count":2,"href":"https:\/\/portal.uern.br\/paudosferros\/dlv\/wp-json\/wp\/v2\/pages\/627\/revisions"}],"predecessor-version":[{"id":1560,"href":"https:\/\/portal.uern.br\/paudosferros\/dlv\/wp-json\/wp\/v2\/pages\/627\/revisions\/1560"}],"up":[{"embeddable":true,"href":"https:\/\/portal.uern.br\/paudosferros\/dlv\/wp-json\/wp\/v2\/pages\/567"}],"wp:attachment":[{"href":"https:\/\/portal.uern.br\/paudosferros\/dlv\/wp-json\/wp\/v2\/media?parent=627"}],"curies":[{"name":"wp","href":"https:\/\/api.w.org\/{rel}","templated":true}]}}