{"id":326,"date":"2023-02-09T10:17:57","date_gmt":"2023-02-09T13:17:57","guid":{"rendered":"http:\/\/beta.apps.uern.br\/wordpress\/paudosferros\/dlv\/?page_id=326"},"modified":"2023-10-25T11:08:38","modified_gmt":"2023-10-25T14:08:38","slug":"projeto-pedagogico-do-curso","status":"publish","type":"page","link":"https:\/\/portal.uern.br\/paudosferros\/dlv\/projeto-pedagogico-do-curso\/","title":{"rendered":"Projeto Pedag\u00f3gico do Curso"},"content":{"rendered":"<p><strong>Letras\u00a0 L\u00edngua Portuguesa\u00a0 &#8211; Campus Avan\u00e7ado de Pau dos Ferros<\/strong><\/p>\n<p><strong>Objetivo do Curso:<\/strong><\/p>\n<p style=\"text-align: justify\">Formar profissionais na \u00e1rea de linguagem, atrav\u00e9s de discuss\u00f5es te\u00f3ricas e viv\u00eancias pr\u00e1ticas em atividades de ensino e pesquisa, proporcionando ao graduando oportunidades para refletir, compreender, criticar e aplicar diferentes teorias e abordagens de ensino, de modo que possa atuar conscientemente na constru\u00e7\u00e3o de conhecimentos sobre L\u00edngua Portuguesa e literaturas respectivas, com vias a uma pedagogia culturalmente sens\u00edvel.<\/p>\n<p><strong>Perfil do Formando:<\/strong><\/p>\n<p style=\"text-align: justify\">Devido \u00e0 diversidade de atua\u00e7\u00e3o social e profissional do graduando em Letras \u2013 L\u00edngua Portuguesa, numa sociedade complexa, este dever\u00e1 demonstrar capacidade de articular a express\u00e3o lingu\u00edstica e liter\u00e1ria, nos diversos contextos significativos de uso da linguagem. Dessa forma, o graduando dever\u00e1 n\u00e3o apenas saber fazer uso da linguagem oral e escrita, como tamb\u00e9m ser capaz de desempenhar o papel de multiplicador, capacitando outras pessoas para a mesma profici\u00eancia lingu\u00edstica.<\/p>\n<p style=\"text-align: justify\">Desse modo, o\u00a0<a href=\"http:\/\/www.uern.br\/controledepaginas\/dlv-pferros-graduacao\/arquivos\/2352resolua%C2%A7a%C2%A3o_de_aprovaa%C2%A7a%C2%A3o_do_ppc_2021.1.pdf\">Projeto Pedag\u00f3gico do Curso de Letras<\/a>\u00a0\u2013 L\u00edngua Portuguesa possibilitar\u00e1 ao graduando:<\/p>\n<ol style=\"text-align: justify\">\n<li>Capacidade de interagir em diferentes situa\u00e7\u00f5es de uso da linguagem, bem como refletir criticamente sobre a linguagem como um fen\u00f4meno social, hist\u00f3rico, cultural e pol\u00edtico;<\/li>\n<li>Dom\u00ednio do uso da l\u00edngua objeto e literaturas respectivas, em diferentes manifesta\u00e7\u00f5es lingu\u00edsticas para atuar como professor, investigador, cr\u00edtico liter\u00e1rio, int\u00e9rprete, produtor e consultor, fornecendo, assim, o processo cont\u00ednuo de constru\u00e7\u00e3o do conhecimento da \u00e1rea e a utiliza\u00e7\u00e3o de novas tecnologias;<\/li>\n<li>Dom\u00ednio cr\u00edtico de um repert\u00f3rio representativo das literaturas: portuguesa e brasileira;<\/li>\n<li>Dom\u00ednio de diferentes no\u00e7\u00f5es de gram\u00e1tica e (re) conhecimento das variedades lingu\u00edsticas existentes, bem como dos v\u00e1rios n\u00edveis e registros de linguagem, nas suas manifesta\u00e7\u00f5es orais e escritas;<\/li>\n<li>Capacidade de analisar, descrever e explicar diacr\u00f4nica e sincronicamente, a estrutura e o funcionamento da l\u00edngua objeto de sua gradua\u00e7\u00e3o;<\/li>\n<li>Dom\u00ednio te\u00f3rico e descritivo dos componentes fonol\u00f3gicos, morfossint\u00e1ticos, lexicais, sem\u00e2nticos, pragm\u00e1ticos da l\u00edngua.<\/li>\n<\/ol>\n<p style=\"text-align: justify\"><strong>Campo de Atua\u00e7\u00e3o:<\/strong><\/p>\n<ul style=\"text-align: justify\">\n<li>Institui\u00e7\u00f5es de ensino fundamental m\u00e9dio e superior.<\/li>\n<li>\u00d3rg\u00e3os de difus\u00e3o e revis\u00e3o lingu\u00edstica.<\/li>\n<li>Consultoria e revis\u00e3o lingu\u00edstica.<\/li>\n<li>Editoras e empresas jornal\u00edsticas e de publicidade.<\/li>\n<li>Representa\u00e7\u00f5es diplom\u00e1ticas.<\/li>\n<li>Centros de Pesquisa.<\/li>\n<\/ul>\n<p style=\"text-align: justify\"><strong>Atribui\u00e7\u00f5es do profissional formado:<\/strong><\/p>\n<ul style=\"text-align: justify\">\n<li>Exercer Magist\u00e9rio de ensino fundamental, m\u00e9dio e superior.<\/li>\n<li>Prestar servi\u00e7os de consultoria e de revis\u00e3o lingu\u00edstica.<\/li>\n<li>Desenvolver pesquisas.<\/li>\n<\/ul>\n<p style=\"text-align: justify\"><strong><a href=\"\/Users\/ededu\/Desktop\/PPC%20Letras_Lingua_Portuguesa_DLV_CAPF%20-%20dilig%C3%AAncias%20CPE%20(1)%20(1)%20FINAL.doc#_heading=h.3dy6vkm\">PERFIL DO CURSO<\/a>\u00a0\u00a0<\/strong><\/p>\n<p style=\"text-align: justify\"><strong><a href=\"\/Users\/ededu\/Desktop\/PPC%20Letras_Lingua_Portuguesa_DLV_CAPF%20-%20dilig%C3%AAncias%20CPE%20(1)%20(1)%20FINAL.doc#_heading=h.1t3h5sf\">Identifica\u00e7\u00e3o do curso de gradua\u00e7\u00e3o<\/a><\/strong><\/p>\n<p style=\"text-align: justify\"><strong>Denomina\u00e7\u00e3o:<\/strong>\u00a0Curso Letras &#8211; L\u00edngua Portuguesa<\/p>\n<p style=\"text-align: justify\"><strong>C\u00f3digo e-mec:<\/strong>25205<\/p>\n<p style=\"text-align: justify\"><strong>Grau acad\u00eamico:\u00a0<\/strong>Licenciatura<\/p>\n<p style=\"text-align: justify\"><strong>Modalidade:<\/strong>\u00a0Presencial<\/p>\n<p style=\"text-align: justify\"><strong>\u00c1rea de Conhecimento:<\/strong>\u00a0Lingu\u00edstica, Letras e Artes.<\/p>\n<p style=\"text-align: justify\"><strong>Ato de Autoriza\u00e7\u00e3o\/Cria\u00e7\u00e3o:<\/strong>\u00a0Decreto n\u00ba. 71.406\/72, de 21 de novembro de 1972 e Decreto n\u00ba. 15\/76, de 28 de setembro de 1976.<\/p>\n<p style=\"text-align: justify\"><strong>Data de in\u00edcio de funcionamento:<\/strong>\u00a01\u00ba de mar\u00e7o de 1977.<\/p>\n<p style=\"text-align: justify\"><strong><a href=\"\/Users\/ededu\/Desktop\/PPC%20Letras_Lingua_Portuguesa_DLV_CAPF%20-%20dilig%C3%AAncias%20CPE%20(1)%20(1)%20FINAL.doc#_heading=h.2s8eyo1\">Dados sobre o curso<\/a><\/strong><\/p>\n<ul style=\"text-align: justify\">\n<li><strong>Letras L\u00edngua Portuguesa e respectivas Literaturas\u00a0<a href=\"http:\/\/www.uern.br\/controledepaginas\/dlv-pferros-apresentacao\/arquivos\/2269matriz_2015.4__lingua_portuguesa_e_respec._literaturas_com_equivala%C5%A1ncias.pdf\">(Matriz 2015.4)<\/a><\/strong><\/li>\n<li><strong><a title=\"PPC Pedagogia 2019\" href=\"https:\/\/www.uern.br\/controledepaginas\/Projeto-Pedag%C3%B3gico-do-Curso\/arquivos\/3769ppc_pedagogia_campus_central_2019_corrigido_final.pdf\" target=\"_blank\" rel=\"noopener\">Projeto Pedag\u00f3gico do Curso &#8211; 2019<\/a><\/strong><\/li>\n<\/ul>\n<p style=\"text-align: justify\"><strong>Carga hor\u00e1ria total:\u00a0<\/strong><span class=\"fontstyle2\">3.560 horas<\/span><\/p>\n<p style=\"text-align: justify\"><strong>Tempo m\u00e9dio de integraliza\u00e7\u00e3o curricular:\u00a0<\/strong><span class=\"fontstyle2\">04 anos<\/span><\/p>\n<p style=\"text-align: justify\"><strong>Tempo m\u00e1ximo de integraliza\u00e7\u00e3o curricular:\u00a0<\/strong><span class=\"fontstyle2\">06 ano<\/span><span class=\"fontstyle2\">s<\/span><\/p>\n<p style=\"text-align: justify\"><strong>N\u00famero de vagas por semestre\/ano:\u00a0<\/strong><span class=\"fontstyle2\">40 (quarenta) no primeiro semestre e 30 (trinta) no segundo semestre.<\/span><\/p>\n<p style=\"text-align: justify\"><strong>Turnos de funcionamento:<\/strong><span class=\"fontstyle2\">matutino\/noturno<\/span><\/p>\n<p style=\"text-align: justify\"><strong>N\u00famero m\u00e1ximo de alunos por turma:\u00a0<\/strong><span class=\"fontstyle2\">50 alunos<\/span><\/p>\n<p style=\"text-align: justify\"><strong>Sistema:\u00a0<\/strong><span class=\"fontstyle2\">cr\u00e9ditos com matr\u00edcula semestral<\/span><\/p>\n<p style=\"text-align: justify\"><strong>Forma de Ingresso no Curso:\u00a0<\/strong><span class=\"fontstyle2\">PSVI (Processo seletivo de vagas iniciais), atrav\u00e9s do ENEM\/SISU ou outro que venha a substitu\u00ed-lo; PSVNI (Processo Seletivo de vagas n\u00e3oiniciais); Transfer\u00eancia compuls\u00f3ria e aluno especial.<\/span><\/p>\n<p style=\"text-align: justify\"><strong>Trabalho de Conclus\u00e3o de Curso:\u00a0<\/strong><span class=\"fontstyle2\">TCC (Monografia) \u2013 240h\/a nos dois componentes<\/span><\/p>\n<p style=\"text-align: justify\"><strong>Est\u00e1gio Curricular Obrigat\u00f3rio: N\u00famero de componentes de est\u00e1gio:\u00a0<\/strong><span class=\"fontstyle2\">02<\/span><\/p>\n<p style=\"text-align: justify\"><strong>N\u00famero total de horas de est\u00e1gio:\u00a0<\/strong><span class=\"fontstyle2\">480<\/span><\/p>\n<p style=\"text-align: justify\"><strong>Atividades Acad\u00eamicas Complementares (AAC):\u00a0<\/strong><span class=\"fontstyle2\">200 horas<\/span><strong><br \/>\n<\/strong><\/p>\n<ul style=\"text-align: justify\">\n<li><strong>Letras L\u00edngua Portuguesa.\u00a0<a href=\"https:\/\/portal.uern.br\/paudosferros\/dlv\/wp-content\/uploads\/sites\/12\/2023\/05\/2021.2-Sistema-Integrado-de-Gestao-de-Atividades-Academicas.pdf\">(Matriz 2021.2)<\/a><\/strong><\/li>\n<li><strong><a href=\"https:\/\/portal.uern.br\/paudosferros\/dlv\/wp-content\/uploads\/sites\/12\/2023\/05\/Resolucao-de-aprovacao-do-PPC-2021.1.pdf\">Projeto Pedag\u00f3gico do Curso &#8211; 2020<\/a><\/strong><\/li>\n<\/ul>\n<p style=\"text-align: justify\"><span class=\"fontstyle0\"><strong>Carga hor\u00e1ria total<\/strong>:\u00a0<\/span><span class=\"fontstyle2\">3.570 horas<\/span><\/p>\n<p style=\"text-align: justify\"><span class=\"fontstyle0\"><strong>Carga hor\u00e1ria de componentes curriculares obrigat\u00f3rios<\/strong>:\u00a0<\/span><span class=\"fontstyle2\">2.130 horas<\/span><\/p>\n<p style=\"text-align: justify\"><strong>Carga hor\u00e1ria de componentes curriculares optativos:\u00a0<\/strong><span class=\"fontstyle2\">90 horas<\/span><\/p>\n<p style=\"text-align: justify\"><strong>Pr\u00e1tica como Componente Curricular:\u00a0<\/strong><span class=\"fontstyle2\">450 horas<\/span><\/p>\n<p style=\"text-align: justify\"><strong>Atividades Curriculares de Extens\u00e3o:\u00a0<\/strong><span class=\"fontstyle2\">360 horas<\/span><\/p>\n<p style=\"text-align: justify\"><strong>Tempo m\u00e9dio de integraliza\u00e7\u00e3o curricular:\u00a0<\/strong><span class=\"fontstyle2\">04 (quatro) anos<\/span><\/p>\n<p style=\"text-align: justify\"><strong>Tempo m\u00e1ximo de integraliza\u00e7\u00e3o curricular:\u00a0<\/strong><span class=\"fontstyle2\">06 (seis) anos<\/span><\/p>\n<p style=\"text-align: justify\"><span class=\"fontstyle0\"><strong>N\u00famero de vagas por semestre\/ano<\/strong>:\u00a0<\/span><span class=\"fontstyle2\">30 (trinta) no turno matutino; 40 (quarenta)\u00a0<\/span>no turno noturno, por semestres alternados<\/p>\n<p style=\"text-align: justify\"><span class=\"fontstyle0\"><strong>Turnos de funcionamento<\/strong>:\u00a0<\/span><span class=\"fontstyle2\">matutino\/noturno<\/span><\/p>\n<p style=\"text-align: justify\"><strong>N\u00famero m\u00e1ximo de alunos por turma:\u00a0<\/strong><span class=\"fontstyle2\">50 alunos<\/span><\/p>\n<p style=\"text-align: justify\"><span class=\"fontstyle0\"><strong>Sistema<\/strong>:\u00a0<\/span><span class=\"fontstyle2\">Cr\u00e9ditos com matr\u00edcula semestral<\/span><\/p>\n<p style=\"text-align: justify\"><strong>Forma de Ingresso no Curso:\u00a0<\/strong><span class=\"fontstyle2\">Processo Seletivo de Vagas Iniciais (PSVI) ou no Processo Seletivo de Vagas N\u00e3o-Iniciais (PSVNI)<\/span><\/p>\n<p style=\"text-align: justify\"><span class=\"fontstyle0\"><strong>Trabalho de Conclus\u00e3o de Curso<\/strong>:\u00a0<\/span><span class=\"fontstyle2\">Monografia resultante de atividades de tr\u00eas componentes: Laborat\u00f3rio de Pesquisa (15 horas); TCC I (90 horas) e TCC II (135<br \/>\nhoras): 240<\/span><\/p>\n<p style=\"text-align: justify\"><span class=\"fontstyle0\"><strong>Est\u00e1gio Curricular Obrigat\u00f3rio:<\/strong>\u00a0N\u00famero de componentes de est\u00e1gio:<\/span><span class=\"fontstyle2\">03 (tr\u00eas) componentes, distribu\u00eddos no 5\u00ba, 6\u00ba e 7\u00ba per\u00edodos do Curso.<\/span><\/p>\n<p style=\"text-align: justify\"><strong>N\u00famero total de horas de est\u00e1gio:\u00a0<\/strong><span class=\"fontstyle2\">420 horas<\/span><\/p>\n<p style=\"text-align: justify\"><strong>Atividades Acad\u00eamicas Complementares (AAC):\u00a0<\/strong><span class=\"fontstyle2\">120 horas<\/span><\/p>\n<p>&nbsp;<\/p>\n<p>&nbsp;<\/p>\n<p>&nbsp;<\/p>\n","protected":false},"excerpt":{"rendered":"<p>Letras\u00a0 L\u00edngua Portuguesa\u00a0 &#8211; Campus Avan\u00e7ado de Pau dos Ferros Objetivo do Curso: Formar profissionais na \u00e1rea de linguagem, atrav\u00e9s de discuss\u00f5es te\u00f3ricas e viv\u00eancias pr\u00e1ticas em atividades de ensino e pesquisa, proporcionando ao graduando oportunidades para refletir, compreender, criticar e aplicar diferentes teorias e abordagens de ensino, de modo que possa atuar conscientemente na [&hellip;]<\/p>\n","protected":false},"author":1,"featured_media":0,"parent":0,"menu_order":0,"comment_status":"closed","ping_status":"closed","template":"","meta":{"footnotes":""},"class_list":["post-326","page","type-page","status-publish","hentry"],"_links":{"self":[{"href":"https:\/\/portal.uern.br\/paudosferros\/dlv\/wp-json\/wp\/v2\/pages\/326","targetHints":{"allow":["GET"]}}],"collection":[{"href":"https:\/\/portal.uern.br\/paudosferros\/dlv\/wp-json\/wp\/v2\/pages"}],"about":[{"href":"https:\/\/portal.uern.br\/paudosferros\/dlv\/wp-json\/wp\/v2\/types\/page"}],"author":[{"embeddable":true,"href":"https:\/\/portal.uern.br\/paudosferros\/dlv\/wp-json\/wp\/v2\/users\/1"}],"replies":[{"embeddable":true,"href":"https:\/\/portal.uern.br\/paudosferros\/dlv\/wp-json\/wp\/v2\/comments?post=326"}],"version-history":[{"count":6,"href":"https:\/\/portal.uern.br\/paudosferros\/dlv\/wp-json\/wp\/v2\/pages\/326\/revisions"}],"predecessor-version":[{"id":945,"href":"https:\/\/portal.uern.br\/paudosferros\/dlv\/wp-json\/wp\/v2\/pages\/326\/revisions\/945"}],"wp:attachment":[{"href":"https:\/\/portal.uern.br\/paudosferros\/dlv\/wp-json\/wp\/v2\/media?parent=326"}],"curies":[{"name":"wp","href":"https:\/\/api.w.org\/{rel}","templated":true}]}}