{"id":324,"date":"2023-02-09T10:15:56","date_gmt":"2023-02-09T13:15:56","guid":{"rendered":"http:\/\/beta.apps.uern.br\/wordpress\/paudosferros\/dlv\/?page_id=324"},"modified":"2023-11-08T07:29:29","modified_gmt":"2023-11-08T10:29:29","slug":"horario-do-semestre","status":"publish","type":"page","link":"https:\/\/portal.uern.br\/paudosferros\/dlv\/horario-do-semestre\/","title":{"rendered":"Hor\u00e1rio do semestre"},"content":{"rendered":"<p class=\"western\" align=\"center\"><strong style=\"text-align: left\">SEMESTRE 2023.2<\/strong><\/p>\n<p align=\"center\"><strong><span class=\"fontstyle0\">HOR\u00c1RIO DE AULAS LETRAS L\u00cdNGUA PORTUGUESA 2023.2 \u2013 MATUTINO<br \/>\n<\/span><\/strong><span class=\"fontstyle0\"><strong>1\u00ba PER\u00cdODO \u2013 I 10 (MATRIZ 2021.2)<\/strong><br \/>\n<\/span><\/p>\n<table class=\"NormalTable\">\n<tbody>\n<tr>\n<td style=\"text-align: center\" width=\"185\"><strong><span class=\"fontstyle0\">SEGUNDA-FEIRA <\/span><\/strong><\/td>\n<td style=\"text-align: center\" width=\"183\"><strong><span class=\"fontstyle0\">TER\u00c7A-FEIRA <\/span><\/strong><\/td>\n<td style=\"text-align: center\" width=\"182\"><strong><span class=\"fontstyle0\">QUARTA-FEIRA <\/span><\/strong><\/td>\n<td style=\"text-align: center\" width=\"169\"><strong><span class=\"fontstyle0\">QUINTA-FEIRA <\/span><\/strong><\/td>\n<td style=\"text-align: center\" width=\"211\"><strong><span class=\"fontstyle0\">SEXTA-FEIRA<\/span><\/strong><\/td>\n<\/tr>\n<tr>\n<td style=\"text-align: center\" width=\"185\"><span class=\"fontstyle0\">Teoria da Literatura I<br \/>\n<\/span><span class=\"fontstyle2\">Francisco Edson Gon\u00e7alves<br \/>\nLeite<\/span><\/td>\n<td style=\"text-align: center\" width=\"183\"><span class=\"fontstyle0\">Fund. de Lingu\u00edstica Geral<br \/>\n<\/span><span class=\"fontstyle2\">Ros\u00e2ngela Alves dos Santos<br \/>\nBernardino<\/span><\/td>\n<td style=\"text-align: center\" width=\"182\"><span class=\"fontstyle0\">Produ\u00e7\u00e3o Textual I<br \/>\n<\/span><span class=\"fontstyle2\">Dalva Teixeira da Silva Penha<\/span><\/td>\n<td style=\"text-align: center\" width=\"169\"><span class=\"fontstyle0\">Metodologia do Trab.<br \/>\nCient\u00edfico<br \/>\n<\/span><span class=\"fontstyle2\">Contrato 02<\/span><\/td>\n<td style=\"text-align: center\" width=\"211\"><span class=\"fontstyle0\">L\u00edngua Inglesa <\/span><span class=\"fontstyle2\">Instrumental<br \/>\nJailson Jos\u00e9 dos Santos<\/span><\/td>\n<\/tr>\n<tr>\n<td style=\"text-align: center\" width=\"185\"><span class=\"fontstyle0\">Teoria da Literatura I<br \/>\n<\/span><span class=\"fontstyle2\">Francisco Edson Gon\u00e7alves<br \/>\nLeite<\/span><\/td>\n<td style=\"text-align: center\" width=\"183\"><span class=\"fontstyle0\">Fund. de Lingu\u00edstica Geral<br \/>\n<\/span><span class=\"fontstyle2\">Ros\u00e2ngela Alves dos Santos<br \/>\nBernardino<\/span><\/td>\n<td style=\"text-align: center\" width=\"182\"><span class=\"fontstyle0\">Produ\u00e7\u00e3o Textual I<br \/>\n<\/span><span class=\"fontstyle2\">Dalva Teixeira da Silva Penha<\/span><\/td>\n<td style=\"text-align: center\" width=\"169\"><span class=\"fontstyle0\">Metodologia do Trab.<br \/>\nCient\u00edfico<br \/>\n<\/span><span class=\"fontstyle2\">Contrato 02<\/span><\/td>\n<td style=\"text-align: center\" width=\"211\"><span class=\"fontstyle0\">L\u00edngua Inglesa Instrumental<br \/>\n<\/span><span class=\"fontstyle2\">Jailson Jos\u00e9 dos Santos<\/span><\/td>\n<\/tr>\n<\/tbody>\n<\/table>\n<p align=\"center\"><strong><span class=\"fontstyle0\">3\u00ba PER\u00cdODO \u2013 I 09 (MATRIZ 2021.2)<br \/>\n<\/span><\/strong><\/p>\n<table class=\"NormalTable\">\n<tbody>\n<tr>\n<td style=\"text-align: center\" width=\"182\"><strong><span class=\"fontstyle0\">SEGUNDA-FEIRA <\/span><\/strong><\/td>\n<td style=\"text-align: center\" width=\"184\"><strong><span class=\"fontstyle0\">TER\u00c7A-FEIRA <\/span><\/strong><\/td>\n<td style=\"text-align: center\" width=\"182\"><strong><span class=\"fontstyle0\">QUARTA-FEIRA <\/span><\/strong><\/td>\n<td style=\"text-align: center\" width=\"168\"><strong><span class=\"fontstyle0\">QUINTA-FEIRA <\/span><\/strong><\/td>\n<td style=\"text-align: center\" width=\"213\"><strong><span class=\"fontstyle0\">SEXTA-FEIRA<\/span><\/strong><\/td>\n<\/tr>\n<tr>\n<td style=\"text-align: center\" width=\"182\"><span class=\"fontstyle0\">Did\u00e1tica Geral<br \/>\n<\/span><span class=\"fontstyle2\">Contrato DE<\/span><\/td>\n<td style=\"text-align: center\" width=\"184\"><span class=\"fontstyle0\">LIBRAS<br \/>\n<\/span><span class=\"fontstyle2\">Victor Lopes Bezerra<\/span><\/td>\n<td style=\"text-align: center\" width=\"182\"><span class=\"fontstyle0\">UCE<br \/>\n<\/span><span class=\"fontstyle2\">Edneide Carvalho<br \/>\n<\/span><span class=\"fontstyle0\">Literatura Brasileira I<br \/>\n<\/span><span class=\"fontstyle2\">Vanessa Bastos<\/span><\/td>\n<td style=\"text-align: center\" width=\"168\"><span class=\"fontstyle0\">Leitura<br \/>\n<\/span><span class=\"fontstyle2\">Lucineide Carneiro<\/span><\/td>\n<td style=\"text-align: center\" width=\"213\"><span class=\"fontstyle0\">L\u00edngua Latina<br \/>\n<\/span><span class=\"fontstyle2\">Contrato 01<\/span><\/td>\n<\/tr>\n<tr>\n<td style=\"text-align: center\" width=\"182\"><span class=\"fontstyle0\">Psicologia da Educa\u00e7\u00e3o<br \/>\n<\/span><span class=\"fontstyle2\">Contrato DE<\/span><\/td>\n<td style=\"text-align: center\" width=\"184\"><span class=\"fontstyle0\">LIBRAS<br \/>\n<\/span><span class=\"fontstyle2\">Victor Lopes Bezerra<\/span><\/td>\n<td style=\"text-align: center\" width=\"182\"><span class=\"fontstyle0\">Literatura Brasileira I<br \/>\n<\/span><span class=\"fontstyle2\">Vanessa Bastos<\/span><\/td>\n<td style=\"text-align: center\" width=\"168\"><span class=\"fontstyle0\">Leitura<br \/>\n<\/span><span class=\"fontstyle2\">Lucineide Carneiro<\/span><\/td>\n<td style=\"text-align: center\" width=\"213\"><span class=\"fontstyle0\">L\u00edngua Latina<br \/>\n<\/span><span class=\"fontstyle2\">Contrato 01<\/span><\/td>\n<\/tr>\n<\/tbody>\n<\/table>\n<p align=\"center\"><strong><span class=\"fontstyle0\">5\u00ba PER\u00cdODO \u2013 I 08 (MATRIZ 2021.2)<br \/>\n<\/span><\/strong><\/p>\n<table class=\"NormalTable\">\n<tbody>\n<tr>\n<td style=\"text-align: center\" width=\"186\"><strong><span class=\"fontstyle0\">SEGUNDA-FEIRA <\/span><\/strong><\/td>\n<td style=\"text-align: center\" width=\"182\"><strong><span class=\"fontstyle0\">TER\u00c7A-FEIRA <\/span><\/strong><\/td>\n<td style=\"text-align: center\" width=\"182\"><strong><span class=\"fontstyle0\">QUARTA-FEIRA <\/span><\/strong><\/td>\n<td style=\"text-align: center\" width=\"169\"><strong><span class=\"fontstyle0\">QUINTA-FEIRA <\/span><\/strong><\/td>\n<td style=\"text-align: center\" width=\"211\"><strong><span class=\"fontstyle0\">SEXTA-FEIRA<\/span><\/strong><\/td>\n<\/tr>\n<tr>\n<td style=\"text-align: center\" width=\"186\"><span class=\"fontstyle0\">Psicolingu\u00edstica<br \/>\n<\/span><span class=\"fontstyle2\">Josinaldo Pereira de Paula<\/span><\/td>\n<td style=\"text-align: center\" width=\"182\"><span class=\"fontstyle0\">Literatura Brasileira III<br \/>\n<\/span><span class=\"fontstyle2\">Vanessa Bastos<\/span><\/td>\n<td style=\"text-align: center\" width=\"182\"><span class=\"fontstyle0\">Est\u00e1gio C. Supervisionado I<br \/>\n<\/span><span class=\"fontstyle2\">TURMA A: Lucineide<br \/>\nCarneiro<br \/>\nTURMA B: Leidiana Alves<\/span><\/td>\n<td style=\"text-align: center\" width=\"169\"><span class=\"fontstyle0\">Literatura Portuguesa I<br \/>\n<\/span><span class=\"fontstyle2\">Aparecida Costa<\/span><\/td>\n<td style=\"text-align: center\" width=\"211\"><span class=\"fontstyle0\">Morfossintaxe II<br \/>\n<\/span><span class=\"fontstyle2\">Secleide Alves<\/span><\/td>\n<\/tr>\n<tr>\n<td style=\"text-align: center\" width=\"186\"><span class=\"fontstyle0\">Literatura e Ensino<br \/>\n<\/span><span class=\"fontstyle2\">Edneide Carvalho<\/span><\/td>\n<td style=\"text-align: center\" width=\"182\"><span class=\"fontstyle0\">Literatura Brasileira III<br \/>\n<\/span><span class=\"fontstyle2\">Vanessa Bastos<\/span><\/td>\n<td style=\"text-align: center\" width=\"182\"><span class=\"fontstyle0\">Sociolingu\u00edstica<br \/>\n<\/span><span class=\"fontstyle2\">Geise Kelly<\/span><\/td>\n<td style=\"text-align: center\" width=\"169\"><span class=\"fontstyle0\">Literatura Portuguesa I<br \/>\n<\/span><span class=\"fontstyle2\">Aparecida Costa<\/span><\/td>\n<td style=\"text-align: center\" width=\"211\"><span class=\"fontstyle0\">Morfossintaxe II<br \/>\n<\/span><span class=\"fontstyle2\">Secleide Alves<\/span><\/td>\n<\/tr>\n<\/tbody>\n<\/table>\n<p align=\"center\"><strong><span class=\"fontstyle0\">7\u00ba PER\u00cdODO \u2013 I 07 (MATRIZ 2015.4)<br \/>\n<\/span><\/strong><\/p>\n<table class=\"NormalTable\">\n<tbody>\n<tr>\n<td style=\"text-align: center\" width=\"189\"><strong><span class=\"fontstyle0\">SEGUNDA-FEIRA <\/span><\/strong><\/td>\n<td style=\"text-align: center\" width=\"181\"><strong><span class=\"fontstyle0\">TER\u00c7A-FEIRA <\/span><\/strong><\/td>\n<td style=\"text-align: center\" width=\"182\"><strong><span class=\"fontstyle0\">QUARTA-FEIRA <\/span><\/strong><\/td>\n<td style=\"text-align: center\" width=\"169\"><strong><span class=\"fontstyle0\">QUINTA-FEIRA <\/span><\/strong><\/td>\n<td style=\"text-align: center\" width=\"210\"><strong><span class=\"fontstyle0\">SEXTA-FEIRA<\/span><\/strong><\/td>\n<\/tr>\n<tr>\n<td style=\"text-align: center\" width=\"181\"><span class=\"fontstyle0\">Literatura Brasileira III<br \/>\n<\/span><span class=\"fontstyle2\">Manoel Freire<\/span><\/td>\n<td style=\"text-align: center\" width=\"182\"><span class=\"fontstyle0\">Semin\u00e1rio de Monografia I<br \/>\n<\/span><span class=\"fontstyle2\">Doc 1. Cr\u00edgina Pereira<br \/>\nDoc 2. Contrato 03<\/span><\/td>\n<td style=\"text-align: center\" width=\"169\"><span class=\"fontstyle0\">Estil\u00edstica<br \/>\n<\/span><span class=\"fontstyle2\">Dalva Teixeira<\/span><\/td>\n<td style=\"text-align: center\" width=\"210\"><span class=\"fontstyle0\">Argumenta\u00e7\u00e3o<br \/>\n<\/span><span class=\"fontstyle2\">Leidiana Alves<\/span><\/td>\n<\/tr>\n<tr>\n<td style=\"text-align: center\" width=\"181\"><span class=\"fontstyle0\">Literatura Brasileira III<br \/>\n<\/span><span class=\"fontstyle2\">Manoel Freire<\/span><\/td>\n<td style=\"text-align: center\" width=\"182\"><span class=\"fontstyle0\">Semin\u00e1rio de Monografia I<br \/>\n<\/span><span class=\"fontstyle2\">Doc 1. Cr\u00edgina Pereira<br \/>\nDoc 2. Contrato 03<\/span><\/td>\n<td style=\"text-align: center\" width=\"169\"><span class=\"fontstyle0\">Estil\u00edstica<br \/>\n<\/span><span class=\"fontstyle2\">Dalva Teixeira<\/span><\/td>\n<td style=\"text-align: center\" width=\"210\"><span class=\"fontstyle0\">&#8211;<\/span><\/td>\n<\/tr>\n<\/tbody>\n<\/table>\n<p align=\"center\"><strong><span class=\"fontstyle0\">HOR\u00c1RIO DE AULAS LETRAS L\u00cdNGUA PORTUGUESA 2023.2 \u2013 NOTURNO<br \/>\n<\/span><span class=\"fontstyle0\">2\u00ba PER\u00cdODO \u2013 I 10 (MATRIZ 2021.2)<br \/>\n<\/span><\/strong><\/p>\n<table class=\"NormalTable\">\n<tbody>\n<tr>\n<td style=\"text-align: center\" width=\"186\"><strong><span class=\"fontstyle0\">SEGUNDA-FEIRA <\/span><\/strong><\/td>\n<td style=\"text-align: center\" width=\"182\"><strong><span class=\"fontstyle0\">TER\u00c7A-FEIRA <\/span><\/strong><\/td>\n<td style=\"text-align: center\" width=\"180\"><strong><span class=\"fontstyle0\">QUARTA-FEIRA <\/span><\/strong><\/td>\n<td style=\"text-align: center\" width=\"194\"><strong><span class=\"fontstyle0\">QUINTA-FEIRA <\/span><\/strong><\/td>\n<td style=\"text-align: center\" width=\"188\"><strong><span class=\"fontstyle0\">SEXTA-FEIRA<\/span><\/strong><\/td>\n<\/tr>\n<tr>\n<td style=\"text-align: center\" width=\"186\"><span class=\"fontstyle0\">Lingu\u00edstica Textual<br \/>\n<\/span><span class=\"fontstyle2\">Josinaldo Pereira de Paula<\/span><\/td>\n<td style=\"text-align: center\" width=\"182\"><span class=\"fontstyle0\">UCE<br \/>\n<\/span><span class=\"fontstyle2\">Gevildo Viana<br \/>\n<\/span><span class=\"fontstyle0\">Teoria da Literatura II<br \/>\n<\/span><span class=\"fontstyle2\">Evando Gondim<\/span><\/td>\n<td style=\"text-align: center\" width=\"180\"><span class=\"fontstyle0\">Fon\u00e9tica e Fonologia I<br \/>\n(Portugu\u00eas)<br \/>\n<\/span><span class=\"fontstyle2\">Daliane Pereira<\/span><\/td>\n<td style=\"text-align: center\" width=\"194\"><span class=\"fontstyle0\">Filosofia da Linguagem<br \/>\n<\/span><span class=\"fontstyle2\">Geise Kelly<\/span><\/td>\n<td style=\"text-align: center\" width=\"188\"><span class=\"fontstyle0\">T\u00f3picos de Gram\u00e1tica do<br \/>\nPortugu\u00eas<br \/>\n<\/span><span class=\"fontstyle2\">Leidiana Alves<\/span><\/td>\n<\/tr>\n<tr>\n<td style=\"text-align: center\" width=\"186\"><span class=\"fontstyle0\">Lingu\u00edstica Textual<br \/>\n<\/span><span class=\"fontstyle2\">Josinaldo Pereira de Paula<\/span><\/td>\n<td style=\"text-align: center\" width=\"182\"><span class=\"fontstyle0\">Teoria da Literatura II<br \/>\n<\/span><span class=\"fontstyle2\">Evando Gondim<\/span><\/td>\n<td style=\"text-align: center\" width=\"180\"><span class=\"fontstyle0\">Fon\u00e9tica e Fonologia I<br \/>\n(Portugu\u00eas)<br \/>\n<\/span><span class=\"fontstyle2\">Daliane Pereira<\/span><\/td>\n<td style=\"text-align: center\" width=\"194\"><span class=\"fontstyle0\">Produ\u00e7\u00e3o Textual II<br \/>\n<\/span><span class=\"fontstyle2\">Amanda Nobre<\/span><\/td>\n<td style=\"text-align: center\" width=\"188\"><span class=\"fontstyle0\">T\u00f3picos de Gram\u00e1tica do<br \/>\nPortugu\u00eas<br \/>\n<\/span><span class=\"fontstyle2\">Leidiana Alves<\/span><\/td>\n<\/tr>\n<\/tbody>\n<\/table>\n<p align=\"center\"><strong><span class=\"fontstyle0\">4\u00ba PER\u00cdODO \u2013 I 09 (MATRIZ 2021.2)<br \/>\n<\/span><\/strong><\/p>\n<table class=\"NormalTable\">\n<tbody>\n<tr>\n<td style=\"text-align: center\" width=\"185\"><strong><span class=\"fontstyle0\">SEGUNDA-FEIRA <\/span><\/strong><\/td>\n<td style=\"text-align: center\" width=\"184\"><strong><span class=\"fontstyle0\">TER\u00c7A-FEIRA <\/span><\/strong><\/td>\n<td style=\"text-align: center\" width=\"180\"><strong><span class=\"fontstyle0\">QUARTA-FEIRA <\/span><\/strong><\/td>\n<td style=\"text-align: center\" width=\"193\"><strong><span class=\"fontstyle0\">QUINTA-FEIRA <\/span><\/strong><\/td>\n<td style=\"text-align: center\" width=\"188\"><strong><span class=\"fontstyle0\">SEXTA-FEIRA<\/span><\/strong><\/td>\n<\/tr>\n<tr>\n<td style=\"text-align: center\" width=\"185\"><span class=\"fontstyle0\">Morfossintaxe I<br \/>\n<\/span><span class=\"fontstyle2\">Amanda Nobre<\/span><\/td>\n<td style=\"text-align: center\" width=\"184\"><span class=\"fontstyle0\">Literatura Brasileira II<br \/>\n<\/span><span class=\"fontstyle2\">Ciro Leandro<\/span><\/td>\n<td style=\"text-align: center\" width=\"180\"><span class=\"fontstyle0\">Did\u00e1tica da L\u00edngua<br \/>\nPortuguesa<br \/>\n<\/span><span class=\"fontstyle2\">Gevildo Viana<\/span><\/td>\n<td style=\"text-align: center\" width=\"193\"><span class=\"fontstyle0\">UCE<br \/>\n<\/span><span class=\"fontstyle2\">Dalva Teixeira<br \/>\n<\/span><span class=\"fontstyle0\">Diacronia do Portugu\u00eas<br \/>\n<\/span><span class=\"fontstyle2\">Josinaldo Pereira<\/span><\/td>\n<td style=\"text-align: center\" width=\"188\"><span class=\"fontstyle0\">Estrutura e Func. da Educ.<br \/>\nB\u00e1sica<br \/>\n<\/span><span class=\"fontstyle2\">Anny Ang\u00e9lica<\/span><\/td>\n<\/tr>\n<tr>\n<td style=\"text-align: center\" width=\"185\"><span class=\"fontstyle0\">Morfossintaxe I<br \/>\n<\/span><span class=\"fontstyle2\">Amanda Nobre<\/span><\/td>\n<td style=\"text-align: center\" width=\"184\"><span class=\"fontstyle0\">Literatura Brasileira II<br \/>\n<\/span><span class=\"fontstyle2\">Ciro Leandro<\/span><\/td>\n<td style=\"text-align: center\" width=\"180\"><span class=\"fontstyle0\">Did\u00e1tica da L\u00edngua<br \/>\nPortuguesa<br \/>\n<\/span><span class=\"fontstyle2\">Gevildo Viana<\/span><\/td>\n<td style=\"text-align: center\" width=\"193\"><span class=\"fontstyle0\">Diacronia do Portugu\u00eas<br \/>\n<\/span><span class=\"fontstyle2\">Josinaldo Pereira<\/span><\/td>\n<td style=\"text-align: center\" width=\"188\"><span class=\"fontstyle0\">G\u00eaneros Textuais<br \/>\n<\/span><span class=\"fontstyle2\">Ciro Leandro<\/span><\/td>\n<\/tr>\n<\/tbody>\n<\/table>\n<p align=\"center\"><strong><span class=\"fontstyle0\">6\u00ba PER\u00cdODO \u2013 I 08 (MATRIZ 2021.2)<br \/>\n<\/span><\/strong><\/p>\n<table class=\"NormalTable\">\n<tbody>\n<tr>\n<td style=\"text-align: center\" width=\"185\"><strong><span class=\"fontstyle0\">SEGUNDA-FEIRA <\/span><\/strong><\/td>\n<td style=\"text-align: center\" width=\"184\"><strong><span class=\"fontstyle0\">TER\u00c7A-FEIRA <\/span><\/strong><\/td>\n<td style=\"text-align: center\" width=\"180\"><strong><span class=\"fontstyle0\">QUARTA-FEIRA <\/span><\/strong><\/td>\n<td style=\"text-align: center\" width=\"193\"><strong><span class=\"fontstyle0\">QUINTA-FEIRA <\/span><\/strong><\/td>\n<td style=\"text-align: center\" width=\"188\"><strong><span class=\"fontstyle0\">SEXTA-FEIRA<\/span><\/strong><\/td>\n<\/tr>\n<tr>\n<td style=\"text-align: center\" width=\"185\"><span class=\"fontstyle0\">Literatura Portuguesa II<br \/>\n<\/span><span class=\"fontstyle2\">Ciro Leandro<\/span><\/td>\n<td style=\"text-align: center\" width=\"184\"><span class=\"fontstyle0\">Morfossintaxe III<br \/>\n<\/span><span class=\"fontstyle2\">Jos\u00e9 Juv\u00eancio<\/span><\/td>\n<td style=\"text-align: center\" width=\"180\"><span class=\"fontstyle0\">Literatura Brasileira IV<br \/>\n<\/span><span class=\"fontstyle2\">Vanessa Bastos Lima<\/span><\/td>\n<td style=\"text-align: center\" width=\"193\"><span class=\"fontstyle0\">Est\u00e1g. Curr. Superv. II<br \/>\n<\/span><span class=\"fontstyle2\">\u00a0A: Amanda Nobre<br \/>\nB: Daliane Pereira<\/span><\/td>\n<td style=\"text-align: center\" width=\"188\"><span class=\"fontstyle0\">Sem\u00e2ntica e Pragm\u00e1tica<br \/>\n<\/span><span class=\"fontstyle2\">Daliane Pereira<\/span><\/td>\n<\/tr>\n<tr>\n<td style=\"text-align: center\" width=\"185\"><span class=\"fontstyle0\">Literatura Portuguesa II<br \/>\n<\/span><span class=\"fontstyle2\">Ciro Leandro<\/span><\/td>\n<td style=\"text-align: center\" width=\"184\"><span class=\"fontstyle0\">Morfossintaxe III<br \/>\n<\/span><span class=\"fontstyle2\">Jos\u00e9 Juv\u00eancio <\/span><span class=\"fontstyle0\">Laborat\u00f3rio de Pesquisa<br \/>\n<\/span><span class=\"fontstyle2\">Gevildo Viana<\/span><\/td>\n<td style=\"text-align: center\" width=\"180\"><span class=\"fontstyle0\">Literatura Brasileira IV<br \/>\n<\/span><span class=\"fontstyle2\">Vanessa Bastos Lima<\/span><\/td>\n<td style=\"text-align: center\" width=\"193\"><span class=\"fontstyle0\">Multiletramentos<br \/>\n<\/span><span class=\"fontstyle2\">Jos\u00e9 Juv\u00eancio<\/span><\/td>\n<td style=\"text-align: center\" width=\"188\"><span class=\"fontstyle0\">Sem\u00e2ntica e Pragm\u00e1tica<br \/>\n<\/span><span class=\"fontstyle2\">Daliane Pereira<\/span><\/td>\n<\/tr>\n<\/tbody>\n<\/table>\n<p align=\"center\"><strong><span class=\"fontstyle0\">8\u00ba PER\u00cdODO \u2013 I 07 (MATRIZ 2015.4)<br \/>\n<\/span><\/strong><\/p>\n<table class=\"NormalTable\">\n<tbody>\n<tr>\n<td style=\"text-align: center\" width=\"182\"><strong><span class=\"fontstyle0\">SEGUNDA-FEIRA <\/span><\/strong><\/td>\n<td style=\"text-align: center\" width=\"186\"><strong><span class=\"fontstyle0\">TER\u00c7A-FEIRA <\/span><\/strong><\/td>\n<td style=\"text-align: center\" width=\"185\"><strong><span class=\"fontstyle0\">QUARTA-FEIRA <\/span><\/strong><\/td>\n<td style=\"text-align: center\" width=\"189\"><strong><span class=\"fontstyle0\">QUINTA-FEIRA <\/span><\/strong><\/td>\n<td style=\"text-align: center\" width=\"188\"><strong><span class=\"fontstyle0\">SEXTA-FEIRA<\/span><\/strong><\/td>\n<\/tr>\n<tr>\n<td style=\"text-align: center\" width=\"186\"><span class=\"fontstyle0\">Literatura Brasileira IV<br \/>\n<\/span><span class=\"fontstyle2\">Vanessa Bastos Lima<\/span><\/td>\n<td style=\"text-align: center\" width=\"185\"><span class=\"fontstyle0\">Semin\u00e1rio de Monografia II<br \/>\n<\/span><span class=\"fontstyle2\">Amanda Nobre<\/span><\/td>\n<\/tr>\n<tr>\n<td style=\"text-align: center\" width=\"186\"><span class=\"fontstyle0\">Literatura Brasileira IV<br \/>\n<\/span><span class=\"fontstyle2\">Vanessa Bastos Lima<\/span><\/td>\n<td style=\"text-align: center\" width=\"185\"><span class=\"fontstyle0\">G\u00eaneros Textuais<br \/>\n<\/span><span class=\"fontstyle2\">Ciro Leandro<\/span><\/td>\n<\/tr>\n<\/tbody>\n<\/table>\n<p align=\"center\"><span class=\"fontstyle3\">dlv_pferros@uern.br <\/span><span class=\"fontstyle3\">| Br 405, Km 153, Bairro Arizona, Pau dos Ferros\/RN, <\/span><span class=\"fontstyle3\">C<\/span><span class=\"fontstyle3\">EP 59900-000<\/span><\/p>\n","protected":false},"excerpt":{"rendered":"<p>SEMESTRE 2023.2 HOR\u00c1RIO DE AULAS LETRAS L\u00cdNGUA PORTUGUESA 2023.2 \u2013 MATUTINO 1\u00ba PER\u00cdODO \u2013 I 10 (MATRIZ 2021.2) SEGUNDA-FEIRA TER\u00c7A-FEIRA QUARTA-FEIRA QUINTA-FEIRA SEXTA-FEIRA Teoria da Literatura I Francisco Edson Gon\u00e7alves Leite Fund. de Lingu\u00edstica Geral Ros\u00e2ngela Alves dos Santos Bernardino Produ\u00e7\u00e3o Textual I Dalva Teixeira da Silva Penha Metodologia do Trab. Cient\u00edfico Contrato 02 L\u00edngua [&hellip;]<\/p>\n","protected":false},"author":1,"featured_media":0,"parent":0,"menu_order":0,"comment_status":"closed","ping_status":"closed","template":"","meta":{"footnotes":""},"class_list":["post-324","page","type-page","status-publish","hentry"],"_links":{"self":[{"href":"https:\/\/portal.uern.br\/paudosferros\/dlv\/wp-json\/wp\/v2\/pages\/324","targetHints":{"allow":["GET"]}}],"collection":[{"href":"https:\/\/portal.uern.br\/paudosferros\/dlv\/wp-json\/wp\/v2\/pages"}],"about":[{"href":"https:\/\/portal.uern.br\/paudosferros\/dlv\/wp-json\/wp\/v2\/types\/page"}],"author":[{"embeddable":true,"href":"https:\/\/portal.uern.br\/paudosferros\/dlv\/wp-json\/wp\/v2\/users\/1"}],"replies":[{"embeddable":true,"href":"https:\/\/portal.uern.br\/paudosferros\/dlv\/wp-json\/wp\/v2\/comments?post=324"}],"version-history":[{"count":7,"href":"https:\/\/portal.uern.br\/paudosferros\/dlv\/wp-json\/wp\/v2\/pages\/324\/revisions"}],"predecessor-version":[{"id":1535,"href":"https:\/\/portal.uern.br\/paudosferros\/dlv\/wp-json\/wp\/v2\/pages\/324\/revisions\/1535"}],"wp:attachment":[{"href":"https:\/\/portal.uern.br\/paudosferros\/dlv\/wp-json\/wp\/v2\/media?parent=324"}],"curies":[{"name":"wp","href":"https:\/\/api.w.org\/{rel}","templated":true}]}}