{"id":318,"date":"2023-02-09T10:11:31","date_gmt":"2023-02-09T13:11:31","guid":{"rendered":"http:\/\/beta.apps.uern.br\/wordpress\/paudosferros\/dlv\/?page_id=318"},"modified":"2023-05-25T10:31:47","modified_gmt":"2023-05-25T13:31:47","slug":"pim","status":"publish","type":"page","link":"https:\/\/portal.uern.br\/paudosferros\/dlv\/pim\/","title":{"rendered":"PIM"},"content":{"rendered":"<p><strong>PROGRAMA INSTITUCIONAL DE MONITORIA (PIM)<\/strong><\/p>\n<p style=\"text-align: justify\">Conforme estabelecido na Resolu\u00e7\u00e3o n\u00ba 15\/2016 \u2013 CONSEPE\/UERN, em seu Art. 3\u00ba \u201cO Programa Institucional de Monitoria &#8211; PIM consiste no desenvolvimento de atividades acad\u00eamicas que tem como um de seus principais objetivos: \u201cEstimular a participa\u00e7\u00e3o de discentes dos cursos de Gradua\u00e7\u00e3o no seu processo formativo, articulando ensino, pesquisa e extens\u00e3o no \u00e2mbito dos componentes curriculares\u201d. Noutras palavras, atrav\u00e9s da participa\u00e7\u00e3o em monitoria, vinculada aos componentes curriculares do curso, o aluno pode desenvolver atividades formativas que se situem numa rela\u00e7\u00e3o intr\u00ednseca com a pesquisa e a extens\u00e3o.<\/p>\n<p style=\"text-align: justify\">Nesse programa formativo, h\u00e1 um est\u00edmulo \u00e0 forma\u00e7\u00e3o docente em n\u00edvel superior, j\u00e1 que o aluno-monitor, geralmente selecionado via editais espec\u00edficos, atua no planejamento, acompanhamento e execu\u00e7\u00e3o de algumas atividades dos componentes curriculares para os quais foi selecionado, conforme projeto aprovado junto \u00e0 Pr\u00f3-reitoria de Ensino da UERN. Tais atividades s\u00e3o definidas em cronograma pr\u00e9vio e de conhecimento do aluno-monitor e s\u00f3 podem ser desenvolvidas com o acompanhamento de um professor orientador.<\/p>\n","protected":false},"excerpt":{"rendered":"<p>PROGRAMA INSTITUCIONAL DE MONITORIA (PIM) Conforme estabelecido na Resolu\u00e7\u00e3o n\u00ba 15\/2016 \u2013 CONSEPE\/UERN, em seu Art. 3\u00ba \u201cO Programa Institucional de Monitoria &#8211; PIM consiste no desenvolvimento de atividades acad\u00eamicas que tem como um de seus principais objetivos: \u201cEstimular a participa\u00e7\u00e3o de discentes dos cursos de Gradua\u00e7\u00e3o no seu processo formativo, articulando ensino, pesquisa e [&hellip;]<\/p>\n","protected":false},"author":1,"featured_media":0,"parent":0,"menu_order":0,"comment_status":"closed","ping_status":"closed","template":"","meta":{"footnotes":""},"class_list":["post-318","page","type-page","status-publish","hentry"],"_links":{"self":[{"href":"https:\/\/portal.uern.br\/paudosferros\/dlv\/wp-json\/wp\/v2\/pages\/318","targetHints":{"allow":["GET"]}}],"collection":[{"href":"https:\/\/portal.uern.br\/paudosferros\/dlv\/wp-json\/wp\/v2\/pages"}],"about":[{"href":"https:\/\/portal.uern.br\/paudosferros\/dlv\/wp-json\/wp\/v2\/types\/page"}],"author":[{"embeddable":true,"href":"https:\/\/portal.uern.br\/paudosferros\/dlv\/wp-json\/wp\/v2\/users\/1"}],"replies":[{"embeddable":true,"href":"https:\/\/portal.uern.br\/paudosferros\/dlv\/wp-json\/wp\/v2\/comments?post=318"}],"version-history":[{"count":3,"href":"https:\/\/portal.uern.br\/paudosferros\/dlv\/wp-json\/wp\/v2\/pages\/318\/revisions"}],"predecessor-version":[{"id":624,"href":"https:\/\/portal.uern.br\/paudosferros\/dlv\/wp-json\/wp\/v2\/pages\/318\/revisions\/624"}],"wp:attachment":[{"href":"https:\/\/portal.uern.br\/paudosferros\/dlv\/wp-json\/wp\/v2\/media?parent=318"}],"curies":[{"name":"wp","href":"https:\/\/api.w.org\/{rel}","templated":true}]}}