{"id":306,"date":"2023-02-09T09:55:58","date_gmt":"2023-02-09T12:55:58","guid":{"rendered":"http:\/\/beta.apps.uern.br\/wordpress\/paudosferros\/dlv\/?page_id=306"},"modified":"2023-02-09T09:55:58","modified_gmt":"2023-02-09T12:55:58","slug":"corpo-tecnico","status":"publish","type":"page","link":"https:\/\/portal.uern.br\/paudosferros\/dlv\/corpo-tecnico\/","title":{"rendered":"Corpo t\u00e9cnico"},"content":{"rendered":"<p><strong>DEPARTAMENTO DE LETRAS VERN\u00c1CULAS &#8211; DLV\/CAPEF\/UERN<\/strong><\/p>\n<ul>\n<li><strong>Secretaria do Departamento de Letras Vern\u00e1culas<\/strong><\/li>\n<\/ul>\n<p>TNS Esp. Kalliny Maria da Concei\u00e7\u00e3o Bezerra Teixeira<\/p>\n<p>TNM Esp. Simone M\u00e1rcia dos Guima\u00e3es Coelho<\/p>\n<ul>\n<li><strong>Secrataria do Curso de Letras LIBRAS EaD.<\/strong><\/li>\n<\/ul>\n<p>TNM Esp. Jos\u00e9 Roberto da Silva<\/p>\n<ul>\n<li><strong>Secrtaria do Programa de Mestrado Profissional em Letras &#8211; PROFLETRAS<\/strong><\/li>\n<\/ul>\n<p>TNS Me. Edneudo Cavalcante de Medeiros<\/p>\n","protected":false},"excerpt":{"rendered":"<p>DEPARTAMENTO DE LETRAS VERN\u00c1CULAS &#8211; DLV\/CAPEF\/UERN Secretaria do Departamento de Letras Vern\u00e1culas TNS Esp. Kalliny Maria da Concei\u00e7\u00e3o Bezerra Teixeira TNM Esp. Simone M\u00e1rcia dos Guima\u00e3es Coelho Secrataria do Curso de Letras LIBRAS EaD. TNM Esp. Jos\u00e9 Roberto da Silva Secrtaria do Programa de Mestrado Profissional em Letras &#8211; PROFLETRAS TNS Me. Edneudo Cavalcante de [&hellip;]<\/p>\n","protected":false},"author":1,"featured_media":0,"parent":0,"menu_order":0,"comment_status":"closed","ping_status":"closed","template":"","meta":{"footnotes":""},"class_list":["post-306","page","type-page","status-publish","hentry"],"_links":{"self":[{"href":"https:\/\/portal.uern.br\/paudosferros\/dlv\/wp-json\/wp\/v2\/pages\/306","targetHints":{"allow":["GET"]}}],"collection":[{"href":"https:\/\/portal.uern.br\/paudosferros\/dlv\/wp-json\/wp\/v2\/pages"}],"about":[{"href":"https:\/\/portal.uern.br\/paudosferros\/dlv\/wp-json\/wp\/v2\/types\/page"}],"author":[{"embeddable":true,"href":"https:\/\/portal.uern.br\/paudosferros\/dlv\/wp-json\/wp\/v2\/users\/1"}],"replies":[{"embeddable":true,"href":"https:\/\/portal.uern.br\/paudosferros\/dlv\/wp-json\/wp\/v2\/comments?post=306"}],"version-history":[{"count":1,"href":"https:\/\/portal.uern.br\/paudosferros\/dlv\/wp-json\/wp\/v2\/pages\/306\/revisions"}],"predecessor-version":[{"id":307,"href":"https:\/\/portal.uern.br\/paudosferros\/dlv\/wp-json\/wp\/v2\/pages\/306\/revisions\/307"}],"wp:attachment":[{"href":"https:\/\/portal.uern.br\/paudosferros\/dlv\/wp-json\/wp\/v2\/media?parent=306"}],"curies":[{"name":"wp","href":"https:\/\/api.w.org\/{rel}","templated":true}]}}