{"id":304,"date":"2023-02-09T09:55:18","date_gmt":"2023-02-09T12:55:18","guid":{"rendered":"http:\/\/beta.apps.uern.br\/wordpress\/paudosferros\/dlv\/?page_id=304"},"modified":"2025-05-19T10:18:32","modified_gmt":"2025-05-19T13:18:32","slug":"corpo-docente","status":"publish","type":"page","link":"https:\/\/portal.uern.br\/paudosferros\/dlv\/corpo-docente\/","title":{"rendered":"Corpo docente"},"content":{"rendered":"<p><strong>PROFESSORES EFETIVOS<\/strong><\/p>\n<p style=\"text-align: justify\"><strong style=\"text-align: justify\"><a href=\"https:\/\/www.uern.br\/professor\/default2.asp?p=criginacibelle&amp;item=professor&amp;busca=Cr%EDgina%20Cibelle%20Pereira\">Cr\u00edgina Cibelle Pereira<\/a>:\u00a0<\/strong><span style=\"text-align: justify\">Possui Gradua\u00e7\u00e3o em Letras L\u00edngua Portuguesa, pela Universidade do Estado do Rio Grande do Norte (UERN), Campus Pau dos Ferros (2005); Mestrado (2007) e Doutorado (2012) em Estudos da Linguagem pela Universidade Federal do Rio Grande do Norte (UFRN). \u00c9 professora na Categoria Adjunto IV do Departamento de Letras Vern\u00e1culas (DLV) do Campus da UERN em Pau dos Ferros. \u00c9 l\u00edder do Grupo de Pesquisa em Produ\u00e7\u00e3o e Ensino do Texto (GPET). Iniciou sua doc\u00eancia na Educa\u00e7\u00e3o B\u00e1sica, na Escola Estadual Manoel Raimundo. Na Educa\u00e7\u00e3o Superior, iniciou como T\u00e9cnica Administrativa no CAPF (2007), depois docente do Ensino Superior, tendo iniciado suas atividades como Professora Substituta de L\u00edngua Portuguesa no DLV\/CAPF\/UERN (2009) e, logo no ano seguinte, em 2010, exerce as suas fun\u00e7\u00f5es de docente efetiva do DLV, atuando ainda no quadro permanente do Programa de P\u00f3s-Gradua\u00e7\u00e3o em Ensino (PPGE) e do Programa de Mestrado Profissional em Letras (PROFLETRAS). Tem experi\u00eancias de Gest\u00e3o, na Chefia do Departamento de Letras Vern\u00e1culas, no per\u00edodo de 2014 a 2018. Atualmente, exerce a fun\u00e7\u00e3o de Coordenadora do PROFLETRAS. Tem experi\u00eancia na \u00e1rea de Ensino, com foco no ensino de produ\u00e7\u00e3o de texto, g\u00eaneros acad\u00eamicos e novas tecnologias.<\/span><\/p>\n<p style=\"text-align: justify\"><strong><a href=\"https:\/\/www.uern.br\/professor\/default2.asp?p=dalvapenha&amp;item=professor&amp;busca=Dalva%20Teixeira%20da%20Silva%20Penha\">Dalva Teixeira da Silva Penha<\/a>:\u00a0<\/strong>Possui gradua\u00e7\u00e3o em Letras \u2013 Habilita\u00e7\u00f5es em L\u00edngua Portuguesa e L\u00edngua Inglesa pela Universidade do Estado do Rio Grande do Norte (1989). Tem Mestrado em Lingu\u00edstica Aplicada pelo Programa de P\u00f3s-gradua\u00e7\u00e3o em Estudos da Linguagem\/PPGEL da Universidade Federal do Rio Grande do Norte\/UFRN (2010). \u00c9 Doutoranda em Letras, pelo Programa de P\u00f3s-gradua\u00e7\u00e3o em Letras\/PPGL da Universidade do Estado do Rio Grande do Norte\/UERN. Atualmente, \u00e9 professora Adjunto I da Universidade do Estado do Rio Grande do Norte. Atuando na gradua\u00e7\u00e3o em Letras \u2013 l\u00edngua portuguesa, \u00e9 membro do grupo de pesquisa GRED \u2013 Grupo de Estudos do Discurso. Tem experi\u00eancia em Lingu\u00edstica Aplicada, com \u00eanfase nos estudos da linguagem na vis\u00e3o de Bakhtin, atuando principalmente nos seguintes temas: g\u00eaneros discursivos, produ\u00e7\u00e3o de texto, autoria, estilo, leitura e escrita na escola, ethos discursivos.<\/p>\n<p style=\"text-align: justify\"><strong><a href=\"https:\/\/www.uern.br\/professor\/default2.asp?p=gevildoviana&amp;item=professor&amp;busca=Jos%E9%20Gevildo%20Viana\">Jos\u00e9 Gevildo Viana<\/a>:\u00a0<\/strong>Professor do Departamento de Letras Vern\u00e1culas do Campus Avan\u00e7ado \u201cProfa. Maria Elisa de Albuquerque Maia\u201d \u2013 CAMEAM, da Universidade do Estado do Rio Grande do Norte \u2013 UERN. Graduado em Letras pela Universidade do Estado do Rio Grande do Norte UERN (2001). Especialista em Lingu\u00edstica Aplicada \u2013 UERN (2003). Mestre em Letras -PPGL\\UERN (2010). Doutorando em Letras \u2013 PPGL\\UERN (2017). Vinculado aos seguintes grupos de pesquisas: Grupo de Estudos do Discurso (GRED\\CAMEAM\\UERN); Grupo de Estudos do Discursos da Universidade Estadual do Rio Grande do Norte (GEDUERN) Tem experi\u00eancias com trabalhos na \u00e1rea de An\u00e1lise do Discurso Francesa e tamb\u00e9m na \u00e1rea de Ensino de L\u00edngua Materna (Portugu\u00eas).<\/p>\n<p style=\"text-align: justify\"><strong><a href=\"https:\/\/www.uern.br\/professor\/default2.asp?p=lucineidecarneiro&amp;item=professor&amp;busca=Lucineide%20da%20Silva%20Carneiro\">Lucineide da Silva Carneiro<\/a>:\u00a0<\/strong>Possui gradua\u00e7\u00e3o em Letras Portugu\u00eas pela Universidade do Estado do Rio Grande do Norte (2006), especializa\u00e7\u00e3o em Literatura e Estudos Culturais pela Universidade do Estado do Rio Grande do Norte (2008) e mestrado em Letras pela Universidade do Estado do Rio Grande do Norte (2013). Atualmente \u00e9 Professor Assistente III da Universidade do Estado do Rio Grande do Norte. Tem experi\u00eancia na \u00e1rea de Letras, com \u00eanfase em L\u00edngua Portuguesa.<\/p>\n<p style=\"text-align: justify\"><strong><a href=\"https:\/\/www.uern.br\/professor\/default2.asp?p=manoelfreire&amp;item=professor&amp;busca=Manoel%20Freire%20Rodrigues\">Manoel Freire Rodrigues<\/a>:\u00a0<\/strong>Graduado em Letras pela Universidade do Estado do Rio Grande do Norte (1995), com Mestrado em Estudos da Linguagem pela Universidade Federal do Rio Grande do Norte (2001) e Doutorado em Teoria e Hist\u00f3ria Liter\u00e1ria pela Universidade Estadual de Campinas (2009). \u00c9 professor de literatura brasileira, vinculado ao Departamento de Letras Vern\u00e1culas da Universidade do Estado do Rio Grande do Norte, docente permanente do Programa de P\u00f3s-gradua\u00e7\u00e3o em Letras da mesma Universidade, do qual foi coordenador no quadri\u00eanio 2012-2016. Membro do Grupo de Estudos Cr\u00edticos da Literatura (UERN), da Base de Pesquisa Forma\u00e7\u00e3o da Literatura Brasileira (UFRN), e coordenador do Grupo de Trabalho Literatura e Sociedade na Anpoll. Membro do Comit\u00ea Institucional de Pesquisa e Inova\u00e7\u00e3o (CIPI\/PROPEG\/UERN), no per\u00edodo de 2012-2016. Desenvolve pesquisas em Literatura Brasileira, especificamente prosa de fic\u00e7\u00e3o moderna e contempor\u00e2nea, numa abordagem que enfatiza na rela\u00e7\u00e3o entre forma liter\u00e1ria e processo social.<\/p>\n<p style=\"text-align: justify\"><strong><a href=\"https:\/\/www.uern.br\/professor\/default2.asp?p=mariaaparecida&amp;item=professor&amp;busca=Maria%20Aparecida%20da%20Costa\">Maria Aparecida da Costa<\/a>:\u00a0<\/strong>Gradua\u00e7\u00e3o em Licenciatura em L\u00edngua Portuguesa pela Universidade Federal de Ouro Preto (2000), gradua\u00e7\u00e3o em Bacharelado em Estudos Liter\u00e1rios pela Universidade Federal de Ouro Preto (2001); Mestrado em Literatura Brasileira pela Universidade Federal da Para\u00edba (2002) e Doutoranda pela Universidade Federal do Rio Grande do Norte. Atualmente \u00e9 Professora Assistente II da Universidade do Estado do Rio Grande do Norte. Tem experi\u00eancia na \u00e1rea de Letras, com \u00eanfase em Literatura Brasileira, Literatura Portuguesa e Teoria da Literatura.<\/p>\n<p style=\"text-align: justify\"><strong><a href=\"https:\/\/www.uern.br\/professor\/default2.asp?p=mariaedneide&amp;item=professor&amp;busca=Maria%20Edneide%20Ferreira%20de%20Carvalho\">Maria Edneide Ferreira de Carvalho<\/a>:\u00a0<\/strong>Possui gradua\u00e7\u00e3o em Letras \u2013 Portugu\u00eas pela Universidade do Estado do Rio Grande do Norte (2007) e mestrado em Letras pela Universidade do Estado do Rio Grande do Norte (2010). Atualmente \u00e9 docente do quadro efetivo do Departamento de Letras, do Campus Avan\u00e7ado Prof.\u00aa Maria Elisa de Albuquerque Maia, da Universidade do Estado do Rio Grande do Norte. Tem experi\u00eancia na \u00e1rea de L\u00edngua Portuguesa e Ensino, atuando principalmente nos seguintes temas: Cultura popular e ensino, literatura e ensino, metodologia da pesquisa cient\u00edfica.<\/p>\n<p style=\"text-align: justify\"><strong><a href=\"http:\/\/lattes.cnpq.br\/9340083237379321\">Maria Leidiana Alves:<\/a> <\/strong>Doutora em Letras pelo Programa de P\u00f3s-Gradua\u00e7\u00e3o em Letras &#8211; PPGL, da Universidade do Estado do Rio Grande do Norte &#8211; UERN (2021). Possui Mestrado Acad\u00eamico em Letras, tamb\u00e9m pelo PPGL\/UERN (2011) e gradua\u00e7\u00e3o em Letras (hab. L\u00edngua Portuguesa e respectivas Literaturas) (2009), pela Universidade do Estado do Rio Grande do Norte-UERN. Atuou como Bolsista do Programa Institucional de Bolsa de Inicia\u00e7\u00e3o Cient\u00edfica &#8211; PIBIC\/CNPq, do Programa Talento Jovem, no per\u00edodo de 08\/2004 a 07\/2005; como Bolsista PIBIC\/CNPq no per\u00edodo de 08\/2005 a 02\/2009; como Supervisora do Programa Institucional de Bolsa de Inicia\u00e7\u00e3o \u00e0 Doc\u00eancia &#8211; PIBID\/UERN, Subprojeto Interdisciplinar, do Campus Avan\u00e7ado de Pau dos Ferros &#8211; CAPF, no per\u00edodo de 01\/03\/2014 a 01\/03\/2016 e como coordenadora de \u00e1rea do PIBID\/UERN, Subprojeto L\u00edngua Portuguesa, Campus Avan\u00e7ado de Patu &#8211; CAP\/UERN, no per\u00edodo de 11\/2020 a 04\/2022. Atualmente, \u00e9 professora Adjunto III do Departamento de Letras Vern\u00e1culas, do CAPF\/UERN. \u00c9 membro do Grupo de Pesquisa em Ensino, Literatura e Linguagem &#8211; GELIN. Possui experi\u00eancia na \u00e1rea de Letras, com \u00eanfase em Lingu\u00edstica, Ensino e Nova Ret\u00f3rica, atuando, principalmente nos temas relacionados ao ensino de l\u00edngua portuguesa e argumenta\u00e7\u00e3o no discurso.<\/p>\n<p style=\"text-align: justify\"><strong><a href=\"https:\/\/www.uern.br\/professor\/default2.asp?p=rosaleite&amp;item=professor&amp;busca=Rosa%20Leite%20da%20Costa\">Rosa Leite da Costa<\/a>:\u00a0<\/strong>Possui gradua\u00e7\u00e3o em Letras pela Universidade do Estado do Rio Grande do Norte (2003), especializa\u00e7\u00e3o em Lingu\u00edstica Aplicada(2005) e Mestrado acad\u00eamico em Letras, PPgL,UERN (2010). Atuou durante dez anos como professora de L\u00edngua Portuguesa do Ensino Fundamental (Prefeitura Municipal de S\u00e3o Miguel \/RN). Atualmente, \u00e9 professora da Universidade do Estado do Rio Grande do Norte. Tem experi\u00eancia na \u00e1rea de Letras, com \u00eanfase em L\u00edngua Portuguesa, atuando principalmente nos seguintes temas: discurso, linguagem, argumenta\u00e7\u00e3o.<\/p>\n<p style=\"text-align: justify\"><span lang=\"\"><a href=\"https:\/\/www.uern.br\/professor\/secleidealves\"><strong>Secleide Alves da Silva:<\/strong>\u00a0<\/a>Possui gradua\u00e7\u00e3o em Letras pela Universidade do Estado do Rio Grande do Norte (2006), especializa\u00e7\u00e3o em Leitura e Produ\u00e7\u00e3o Textual por esta mesma institui\u00e7\u00e3o; e mestrado em Letras pela Universidade do Estado do Rio Grande do Norte (2012). Atualmente \u00e9 professora efetiva da Universidade do Estado do Rio Grande do Norte. Tem experi\u00eancia na \u00e1rea de Letras, com \u00eanfase em Lingu\u00edstica e L\u00edngua Portuguesa, atuando principalmente nos seguintes temas: Gram\u00e1tica, Produ\u00e7\u00e3o Textual, intertextualidade, letramento, an\u00e1lise do discurso.<\/span><\/p>\n<p style=\"text-align: justify\"><span lang=\"\"><strong><a href=\"https:\/\/www.uern.br\/professor\/vanessabastos\">Vanessa Bastos Lima:<\/a>\u00a0<\/strong>Graduada em Licenciatura em Letras Vern\u00e1culas pela Universidade Estadual de Feira de Santana, especialista em Estudos Liter\u00e1rios tamb\u00e9m pela Universidade Estadual de Feira de Santana. Participou do projeto: Imagens em Movimento \u2013 Aspectos da Literatura Brasileira no Cinema Nacional, coordenado pelo Prof. Dr. Cl\u00e1udio Cledson Novaes. Foi bolsista de inicia\u00e7\u00e3o cient\u00edfica com a pesquisa intitulada: Retratos da Mulher Sertaneja: a figura feminina nas obras Deus e o diabo na Terra do Sol e Luzia-Homem. Mestre em Cr\u00edtica Cultural pela Universidade do Estado da Bahia (UNEB). Foi professora substituta da \u00e1rea de Literatura da Universidade do Estado da Bahia, Campus XXIII-Seabra (2011- 2014), e tamb\u00e9m foi docente substituta de Literatura da UEPB , campus VI, ( 2014 -2015). Foi professora efetiva de L\u00edngua Portuguesa da Prefeitura Municipal de Jo\u00e3o Pessoa( 2015 \u2013 2018 ), tamb\u00e9m professora substituta de L\u00edngua Portuguesa do IFPB campus Cabedelo (2016 \u2013 2018); Atualmente \u00e9 Professora assistente efetiva de Literatura da Universidade do Estado Rio Grande do Norte (UERN) \u2013 CAPF, Departamento de Letras Vern\u00e1culas.<\/span><\/p>\n<p><strong>PROFESSORES PROVIS\u00d3RIOS<\/strong><\/p>\n<p style=\"text-align: justify\"><strong><a href=\"http:\/\/lattes.cnpq.br\/9806100244220109\">Alyssandra Viana Fonseca:<\/a><\/strong> Doutoranda em Lingu\u00edstica pela Universidade Federal do Cear\u00e1 (PPGL\/UFC\/FUNCAP). Mestra em Estudos da Linguagem, na \u00e1rea de Lingu\u00edstica Aplicada, pela Universidade Federal do Rio Grande do Norte (PPgEL\/UFRN). Graduada em Letras, L\u00edngua Portuguesa (FELCS\/UFRN) e t\u00e9cnica em Agroneg\u00f3cio pela mesma institui\u00e7\u00e3o (e-Tec\/EAJ\/UFRN). \u00c9 membro do Grupo de Estudos de Letramento e Trabalho (GELT) e do Laborat\u00f3rio de Pr\u00e1ticas Educativas Inovadoras e Acess\u00edveis (LAPEIA), al\u00e9m de integrar o conselho t\u00e9cnico da Revista Saridh &#8211; Linguagem e Discurso.<\/p>\n<p style=\"text-align: justify\"><strong><a href=\"http:\/\/lattes.cnpq.br\/2605629552326616\">Francisco Mailson de Lima Cavalcante:<\/a><\/strong> Doutorando e mestre em Ensino na linha L\u00ednguas e Artes pelo Programa de P\u00f3s-Gradua\u00e7\u00e3o em Ensino (POSENSINO) da Universidade Federal do Rural do Semi-\u00e1rido (UFERSA), em associa\u00e7\u00e3o com a Universidade do Estado do Rio Grande do Norte (UERN) e o Instituto Federal de Educa\u00e7\u00e3o, Ci\u00eancia e Tecnologia do Rio Grande do Norte (IFRN). Especialista em Metodologia de Ensino da L\u00edngua Portuguesa, Literatura e Artes (FAVENI). Graduado em Letras, com habilita\u00e7\u00e3o em L\u00edngua Portuguesa e suas respectivas literaturas pela UFERSA, e em pedagogia pela UNIBF Centro Universit\u00e1rio. Tem experi\u00eancia como professor substituto no Departamento de Linguagens e Ci\u00eancias Humanas (DLCH\/ UFERSA). \u00c9 membro do Grupo de Pesquisa em Estudos Lingu\u00edsticos do Texto (GPELT\/UFERSA), do grupo de pesquisa &#8220;Oralidade, Letramentos e Ensino&#8221; (ORALE\/UFERSA) e do grupo de pesquisa &#8220;Linguagens e Internet&#8221; (GLINET\/UFERSA). Atua como pesquisador na \u00e1rea da Lingu\u00edstica de Texto, com foco de pesquisa em temas como texto, g\u00eaneros do discurso, argumenta\u00e7\u00e3o e ensino de L\u00edngua Portuguesa. Atualmente, \u00e9 professor de L\u00edngua Portuguesa no munic\u00edpio de Cara\u00fabas, RN.<\/p>\n<p style=\"text-align: justify\"><strong><a href=\"http:\/\/lattes.cnpq.br\/4607143171535478\">Maria Lidiana Costa:<\/a><\/strong> Graduada em Letras L\u00edngua portuguesa pela Universidade Estadual do Rio Grande do Norte- UERN(2016). Especialista em Linguagem, Educa\u00e7\u00e3o e Interculturalidade- UERN(2019). Especialista em Literatura e Ensino pelo Instituto Federal do Rio Grande do Norte &#8211; IFRN (2020).Especializa\u00e7\u00e3o em M\u00eddias na Educa\u00e7\u00e3o\/UERN. Mestra pelo programa de P\u00f3s-Gradua\u00e7\u00e3o em Letras &#8211; PPGL.(UERN), com pesquisa desenvolvida na \u00e1rea de concentra\u00e7\u00e3o: &#8220;Estudos do Discurso e do Texto&#8221;, na linha de pesquisa: &#8220;Texto liter\u00e1rio, cr\u00edtica e cultura&#8221;. A tem\u00e1tica da disserta\u00e7\u00e3o \u00e9 voltada para leitura cr\u00edtica do texto liter\u00e1rio. Atuou como professora da educa\u00e7\u00e3o b\u00e1sica durante 12(doze) anos, no ensino fundamental I e II e ensino m\u00e9dio. Atualmente exerce a fun\u00e7\u00e3o de tutora do curso de m\u00fasica(EAD\/UERN), e est\u00e1 em atua\u00e7\u00e3o como formadora municipal pelo programa Pro Alfa (Programa de forma\u00e7\u00e3o continuada em alfabetiza\u00e7\u00e3o para profissionais nos anos iniciais do ensino fundamental).<\/p>\n<p style=\"text-align: justify\"><strong><a href=\"http:\/\/lattes.cnpq.br\/4652308129894520\">Maria Nayara Pessoa de Lima:<\/a><\/strong> Possui gradua\u00e7\u00e3o em Letras &#8211; L\u00edngua Portuguesa pela Universidade do Estado do Rio Grande do Norte (2022) e gradua\u00e7\u00e3o em Letras &#8211; Espanhol pela Universidade do Estado do Rio Grande do Norte (2015). Atualmente \u00e9 assessora da SECRETARIA MUNICIPAL DE EDUCA\u00c7\u00c3O, CULTURA, ESPORTE E TURISMO DE S\u00c3O MIGUEL. Tem experi\u00eancia na \u00e1rea de Letras, com \u00eanfase em Ensino de l\u00ednguas, atuando principalmente nos seguintes temas: l\u00edngua espanhola, cultura, ensino e m\u00e9todo; ensino e aprendizagem; livro did\u00e1tico. \u00c9 Especialista em Linguagens, Suas Tecnologias e o Mundo Do Trabalho, pela Universidade Federal Do Piau\u00ed &#8211; UFP. Atualmente, \u00e9 pesquisadora-bolsista pela FUNDA\u00c7\u00c3O DE AMPARO E PROMO\u00c7\u00c3O DA CI\u00caNCIA, TECNOLOGIA E INOVA\u00c7\u00c3O DO RIO GRANDE DO NORTE(FAPERN) CNPJ\/MF: 06.091.808\/0001-08, atuando na Universidade do Estado do Rio Grande do Norte &#8211; UERN.<\/p>\n<p style=\"text-align: justify\"><strong><a href=\"http:\/\/lattes.cnpq.br\/5562995407698175\">S\u00e2mya Ruth Medeiros Pereira:<\/a><\/strong> Graduada em Letras Libras pela Universidade Federal Rural do Semi-\u00c1rido (UFERSA) e especialista em Libras pela Faculdade Venda Nova do Imigrante (FAVENE), atua com destaque na \u00e1rea de Libras, especialmente no Atendimento Educacional Especializado (AEE).<\/p>\n","protected":false},"excerpt":{"rendered":"<p>PROFESSORES EFETIVOS Cr\u00edgina Cibelle Pereira:\u00a0Possui Gradua\u00e7\u00e3o em Letras L\u00edngua Portuguesa, pela Universidade do Estado do Rio Grande do Norte (UERN), Campus Pau dos Ferros (2005); Mestrado (2007) e Doutorado (2012) em Estudos da Linguagem pela Universidade Federal do Rio Grande do Norte (UFRN). \u00c9 professora na Categoria Adjunto IV do Departamento de Letras Vern\u00e1culas (DLV) [&hellip;]<\/p>\n","protected":false},"author":1,"featured_media":0,"parent":0,"menu_order":0,"comment_status":"closed","ping_status":"closed","template":"","meta":{"footnotes":""},"class_list":["post-304","page","type-page","status-publish","hentry"],"_links":{"self":[{"href":"https:\/\/portal.uern.br\/paudosferros\/dlv\/wp-json\/wp\/v2\/pages\/304","targetHints":{"allow":["GET"]}}],"collection":[{"href":"https:\/\/portal.uern.br\/paudosferros\/dlv\/wp-json\/wp\/v2\/pages"}],"about":[{"href":"https:\/\/portal.uern.br\/paudosferros\/dlv\/wp-json\/wp\/v2\/types\/page"}],"author":[{"embeddable":true,"href":"https:\/\/portal.uern.br\/paudosferros\/dlv\/wp-json\/wp\/v2\/users\/1"}],"replies":[{"embeddable":true,"href":"https:\/\/portal.uern.br\/paudosferros\/dlv\/wp-json\/wp\/v2\/comments?post=304"}],"version-history":[{"count":8,"href":"https:\/\/portal.uern.br\/paudosferros\/dlv\/wp-json\/wp\/v2\/pages\/304\/revisions"}],"predecessor-version":[{"id":615,"href":"https:\/\/portal.uern.br\/paudosferros\/dlv\/wp-json\/wp\/v2\/pages\/304\/revisions\/615"}],"wp:attachment":[{"href":"https:\/\/portal.uern.br\/paudosferros\/dlv\/wp-json\/wp\/v2\/media?parent=304"}],"curies":[{"name":"wp","href":"https:\/\/api.w.org\/{rel}","templated":true}]}}