{"id":300,"date":"2023-02-09T09:51:57","date_gmt":"2023-02-09T12:51:57","guid":{"rendered":"http:\/\/beta.apps.uern.br\/wordpress\/paudosferros\/dlv\/?page_id=300"},"modified":"2025-04-04T10:05:09","modified_gmt":"2025-04-04T13:05:09","slug":"gestao","status":"publish","type":"page","link":"https:\/\/portal.uern.br\/paudosferros\/dlv\/gestao\/","title":{"rendered":"Gest\u00e3o"},"content":{"rendered":"<p>&nbsp;<\/p>\n<p><em><strong>Chefe do Departamento:<\/strong><\/em> Profa. Dra. Vanessa Bastos Lima<\/p>\n<p><em><strong>Subchefe do Departamento:<\/strong> <\/em>Prof. Dr. Manoel Freire Rodrigues<\/p>\n<p>&nbsp;<\/p>\n<p><em><strong>T\u00e9cnicos:<\/strong><\/em>\u00a0TNS Kalliny Maria da Concei\u00e7\u00e3o Bezerra Teixeira<\/p>\n<p>TNM Simone M\u00e1rcia dos Guimar\u00e3es Coelho<\/p>\n<p>&nbsp;<\/p>\n<p><em><strong>Hor\u00e1rio de Funcionamento:<\/strong><\/em>\u00a07:00 \u00e0s 13:00; 16: 00 \u00e0s 22:00<\/p>\n","protected":false},"excerpt":{"rendered":"<p>&nbsp; Chefe do Departamento: Profa. Dra. Vanessa Bastos Lima Subchefe do Departamento: Prof. Dr. Manoel Freire Rodrigues &nbsp; T\u00e9cnicos:\u00a0TNS Kalliny Maria da Concei\u00e7\u00e3o Bezerra Teixeira TNM Simone M\u00e1rcia dos Guimar\u00e3es Coelho &nbsp; Hor\u00e1rio de Funcionamento:\u00a07:00 \u00e0s 13:00; 16: 00 \u00e0s 22:00<\/p>\n","protected":false},"author":1,"featured_media":0,"parent":0,"menu_order":0,"comment_status":"closed","ping_status":"closed","template":"","meta":{"footnotes":""},"class_list":["post-300","page","type-page","status-publish","hentry"],"_links":{"self":[{"href":"https:\/\/portal.uern.br\/paudosferros\/dlv\/wp-json\/wp\/v2\/pages\/300","targetHints":{"allow":["GET"]}}],"collection":[{"href":"https:\/\/portal.uern.br\/paudosferros\/dlv\/wp-json\/wp\/v2\/pages"}],"about":[{"href":"https:\/\/portal.uern.br\/paudosferros\/dlv\/wp-json\/wp\/v2\/types\/page"}],"author":[{"embeddable":true,"href":"https:\/\/portal.uern.br\/paudosferros\/dlv\/wp-json\/wp\/v2\/users\/1"}],"replies":[{"embeddable":true,"href":"https:\/\/portal.uern.br\/paudosferros\/dlv\/wp-json\/wp\/v2\/comments?post=300"}],"version-history":[{"count":7,"href":"https:\/\/portal.uern.br\/paudosferros\/dlv\/wp-json\/wp\/v2\/pages\/300\/revisions"}],"predecessor-version":[{"id":1777,"href":"https:\/\/portal.uern.br\/paudosferros\/dlv\/wp-json\/wp\/v2\/pages\/300\/revisions\/1777"}],"wp:attachment":[{"href":"https:\/\/portal.uern.br\/paudosferros\/dlv\/wp-json\/wp\/v2\/media?parent=300"}],"curies":[{"name":"wp","href":"https:\/\/api.w.org\/{rel}","templated":true}]}}