{"id":1459,"date":"2024-02-06T16:10:57","date_gmt":"2024-02-06T19:10:57","guid":{"rendered":"https:\/\/portal.uern.br\/paudosferros\/dlv\/?page_id=1459"},"modified":"2024-02-06T16:11:02","modified_gmt":"2024-02-06T19:11:02","slug":"cose","status":"publish","type":"page","link":"https:\/\/portal.uern.br\/paudosferros\/dlv\/cose\/","title":{"rendered":"COSE"},"content":{"rendered":"<p><strong>Comiss\u00e3o Setorial de Avalia\u00e7\u00e3o \u2013 Compet\u00eancias<\/strong><\/p>\n<p data-raofz=\"16\">Em cumprimento ao\u00a0<a href=\"https:\/\/portal.uern.br\/paudosferros\/letraslinguaportuguesa\/wp-content\/uploads\/sites\/8\/2023\/10\/2812regimento_cpa-COSE.pdf\">Regimento Interno da CPA, em seu Art. 21<\/a>\u00a0\u2013 \u201cCompete \u00e0s Comiss\u00f5es Setoriais de Avalia\u00e7\u00e3o \u2013 COSEs\u201d:<\/p>\n<p data-raofz=\"16\">I.\u00a0 \u00a0 \u00a0 \u00a0 \u00a0Sensibilizar a comunidade acad\u00eamica do registro \u00f3rg\u00e3o para os processos de avalia\u00e7\u00e3o institucional;<\/p>\n<p data-raofz=\"16\">II.\u00a0 \u00a0 \u00a0 \u00a0 Desenvolver o processo de autoavalia\u00e7\u00e3o no \u00f3rg\u00e3o, conforme o\u00a0 projeto de autoavalia\u00e7\u00e3o da Unidade e orienta\u00e7\u00f5es da Comiss\u00e3o Pr\u00f3pria de Avalia\u00e7\u00e3o \u2013 CPA\/UERN;<\/p>\n<p data-raofz=\"16\">III.\u00a0 \u00a0 \u00a0 \u00a0 Organizar reuni\u00f5es sistem\u00e1ticas para desenvolver suas atividades;<\/p>\n<p data-raofz=\"16\">IV.\u00a0 \u00a0 \u00a0 \u00a0 Sistematizar e prestar as informa\u00e7\u00f5es solicitadas pela Comiss\u00e3o Pr\u00f3pria de Avalia\u00e7\u00e3o \u2013 CPA\/UERN;<\/p>\n<p data-raofz=\"16\">V.\u00a0\u00a0\u00a0\u00a0\u00a0\u00a0\u00a0\u00a0\u00a0 Ao fim de cada semestre, a COSE dever\u00e1 apresentar \u00e0 CPA\/UERN relat\u00f3rio das atividades realizadas, conforme modelo procedente da pr\u00f3pria CPA\/UERN.\u201d<\/p>\n<p data-raofz=\"16\"><span class=\"fontstyle0\"><strong>Comiss\u00e3o Setorial de Avalia\u00e7\u00e3o Institucional do Departamento de Letras Vern\u00e1culas \u2013\u00a0<a href=\"https:\/\/portal.uern.br\/paudosferros\/letraslinguaportuguesa\/wp-content\/uploads\/sites\/8\/2023\/10\/SEI_SEARH-22280610-Portaria-COSE.pdf\">PORTARIA-SEI N\u00ba 460, DE 14 DE SETEMBRO DE 2023\u00a0<\/a><\/strong><\/span><\/p>\n<p data-raofz=\"16\"><span class=\"fontstyle2\">Profa. Dra. Maria Leidiana Alves \u2013 Coordenadora<br \/>\nProf. Dr. Manoel Freire Rodrigues<br \/>\nTNM Simone M\u00e1rcia dos Guimar\u00e3es Co\u00ealho<br \/>\nDiscente Andr\u00e9 Paulo da Silva<\/span><\/p>\n","protected":false},"excerpt":{"rendered":"<p>Comiss\u00e3o Setorial de Avalia\u00e7\u00e3o \u2013 Compet\u00eancias Em cumprimento ao\u00a0Regimento Interno da CPA, em seu Art. 21\u00a0\u2013 \u201cCompete \u00e0s Comiss\u00f5es Setoriais de Avalia\u00e7\u00e3o \u2013 COSEs\u201d: I.\u00a0 \u00a0 \u00a0 \u00a0 \u00a0Sensibilizar a comunidade acad\u00eamica do registro \u00f3rg\u00e3o para os processos de avalia\u00e7\u00e3o institucional; II.\u00a0 \u00a0 \u00a0 \u00a0 Desenvolver o processo de autoavalia\u00e7\u00e3o no \u00f3rg\u00e3o, conforme o\u00a0 projeto [&hellip;]<\/p>\n","protected":false},"author":5,"featured_media":0,"parent":0,"menu_order":0,"comment_status":"closed","ping_status":"closed","template":"","meta":{"footnotes":""},"class_list":["post-1459","page","type-page","status-publish","hentry"],"_links":{"self":[{"href":"https:\/\/portal.uern.br\/paudosferros\/dlv\/wp-json\/wp\/v2\/pages\/1459","targetHints":{"allow":["GET"]}}],"collection":[{"href":"https:\/\/portal.uern.br\/paudosferros\/dlv\/wp-json\/wp\/v2\/pages"}],"about":[{"href":"https:\/\/portal.uern.br\/paudosferros\/dlv\/wp-json\/wp\/v2\/types\/page"}],"author":[{"embeddable":true,"href":"https:\/\/portal.uern.br\/paudosferros\/dlv\/wp-json\/wp\/v2\/users\/5"}],"replies":[{"embeddable":true,"href":"https:\/\/portal.uern.br\/paudosferros\/dlv\/wp-json\/wp\/v2\/comments?post=1459"}],"version-history":[{"count":1,"href":"https:\/\/portal.uern.br\/paudosferros\/dlv\/wp-json\/wp\/v2\/pages\/1459\/revisions"}],"predecessor-version":[{"id":1460,"href":"https:\/\/portal.uern.br\/paudosferros\/dlv\/wp-json\/wp\/v2\/pages\/1459\/revisions\/1460"}],"wp:attachment":[{"href":"https:\/\/portal.uern.br\/paudosferros\/dlv\/wp-json\/wp\/v2\/media?parent=1459"}],"curies":[{"name":"wp","href":"https:\/\/api.w.org\/{rel}","templated":true}]}}