{"id":1457,"date":"2024-02-06T16:10:25","date_gmt":"2024-02-06T19:10:25","guid":{"rendered":"https:\/\/portal.uern.br\/paudosferros\/dlv\/?page_id=1457"},"modified":"2024-02-06T16:10:29","modified_gmt":"2024-02-06T19:10:29","slug":"nde","status":"publish","type":"page","link":"https:\/\/portal.uern.br\/paudosferros\/dlv\/nde\/","title":{"rendered":"NDE"},"content":{"rendered":"<p><span class=\"fontstyle0\">No ano de 2013 surge o N\u00facleo Docente Estruturante, atrav\u00e9s da\u00a0<\/span><a href=\"https:\/\/portal.uern.br\/paudosferros\/letraslinguaportuguesa\/wp-content\/uploads\/sites\/8\/2023\/10\/Resolucao-59-2013-CONSEPE-Cria-e-Regulamenta-o-Nucleo-Docente-Estruturante-NDE-dos-Cursos-de-Graduacao-da-Universidade-do-Estado-do-Rio-Grande-do-Norte-UERN.pdf\"><span class=\"fontstyle2\">Resolu\u00e7\u00e3o\u00a0<\/span><\/a><span class=\"fontstyle0\">N.\u00ba 59\/2013 \u2013 CONSEPE. Cria e Regulamenta o N\u00facleo Docente. Estruturante \u2013\u00a0<\/span><span class=\"fontstyle2\">NDE\u00a0<\/span><span class=\"fontstyle0\">dos Cursos de Gradua\u00e7\u00e3o. Conforme o Art. 2\u00ba da Resolu\u00e7\u00e3o referida, o \u201cN\u00facleo Docente Estruturante \u2013 NDE \u00e9 uma comiss\u00e3o permanente, de car\u00e1ter propositivo, consultivo e executivo, dos cursos de gradua\u00e7\u00e3o, vinculado aos Departamentos Acad\u00eamicos, que se ocupa da concep\u00e7\u00e3o do curso e de sua consolida\u00e7\u00e3o, desenvolvendo suas atividades de modo articulado com as entidades representativas e deliberativas de professores e alunos da UERN, considerando as demandas sociais locoregionais, as diretrizes curriculares nacionais e a miss\u00e3o da Universidade.\u201d Desde ent\u00e3o, o PPC passou a ser atualizado e revisado pelo NDE do Departamento de Letras Vern\u00e1culas do CAPF\/UERN<\/span><\/p>\n<p><strong>N\u00facleo Docente Estruturante \u2013 NDE<\/strong>\u00a0\u2013\u00a0<a href=\"https:\/\/portal.uern.br\/paudosferros\/letraslinguaportuguesa\/wp-content\/uploads\/sites\/8\/2023\/10\/SEI_SEARH-22281684-Portaria-NDE.pdf\"><span class=\"fontstyle0\">PORTARIA-SEI N\u00ba 202, DE 28 DE ABRIL DE 2023<\/span>\u00a0<\/a><\/p>\n<p><strong><span class=\"fontstyle0\">NDE \u2013 Letras L\u00edngua Portuguesa<\/span><\/strong><\/p>\n<p><span class=\"fontstyle0\">Profa. Dra.Maria Edneide Ferreira de Carvalho \u2013 Coordenadora<br \/>\nProfa. Dra. Dalva Teixeira da Silva Penha<br \/>\nProfa. Ma. Lucineide da Silva Carneiro<br \/>\nProfa. Dra. Maria Leidiana Alves<br \/>\nProfa. Dra. Cr\u00edgina Cibelle Pereira<br \/>\nProf. Dr. Jos\u00e9 Gevildo Viana<\/span><\/p>\n","protected":false},"excerpt":{"rendered":"<p>No ano de 2013 surge o N\u00facleo Docente Estruturante, atrav\u00e9s da\u00a0Resolu\u00e7\u00e3o\u00a0N.\u00ba 59\/2013 \u2013 CONSEPE. Cria e Regulamenta o N\u00facleo Docente. Estruturante \u2013\u00a0NDE\u00a0dos Cursos de Gradua\u00e7\u00e3o. Conforme o Art. 2\u00ba da Resolu\u00e7\u00e3o referida, o \u201cN\u00facleo Docente Estruturante \u2013 NDE \u00e9 uma comiss\u00e3o permanente, de car\u00e1ter propositivo, consultivo e executivo, dos cursos de gradua\u00e7\u00e3o, vinculado aos Departamentos [&hellip;]<\/p>\n","protected":false},"author":5,"featured_media":0,"parent":0,"menu_order":0,"comment_status":"closed","ping_status":"closed","template":"","meta":{"footnotes":""},"class_list":["post-1457","page","type-page","status-publish","hentry"],"_links":{"self":[{"href":"https:\/\/portal.uern.br\/paudosferros\/dlv\/wp-json\/wp\/v2\/pages\/1457","targetHints":{"allow":["GET"]}}],"collection":[{"href":"https:\/\/portal.uern.br\/paudosferros\/dlv\/wp-json\/wp\/v2\/pages"}],"about":[{"href":"https:\/\/portal.uern.br\/paudosferros\/dlv\/wp-json\/wp\/v2\/types\/page"}],"author":[{"embeddable":true,"href":"https:\/\/portal.uern.br\/paudosferros\/dlv\/wp-json\/wp\/v2\/users\/5"}],"replies":[{"embeddable":true,"href":"https:\/\/portal.uern.br\/paudosferros\/dlv\/wp-json\/wp\/v2\/comments?post=1457"}],"version-history":[{"count":1,"href":"https:\/\/portal.uern.br\/paudosferros\/dlv\/wp-json\/wp\/v2\/pages\/1457\/revisions"}],"predecessor-version":[{"id":1458,"href":"https:\/\/portal.uern.br\/paudosferros\/dlv\/wp-json\/wp\/v2\/pages\/1457\/revisions\/1458"}],"wp:attachment":[{"href":"https:\/\/portal.uern.br\/paudosferros\/dlv\/wp-json\/wp\/v2\/media?parent=1457"}],"curies":[{"name":"wp","href":"https:\/\/api.w.org\/{rel}","templated":true}]}}