{"id":1452,"date":"2024-02-06T16:07:19","date_gmt":"2024-02-06T19:07:19","guid":{"rendered":"https:\/\/portal.uern.br\/paudosferros\/dlv\/?page_id=1452"},"modified":"2024-02-06T16:07:27","modified_gmt":"2024-02-06T19:07:27","slug":"estagio-obrigatorio","status":"publish","type":"page","link":"https:\/\/portal.uern.br\/paudosferros\/dlv\/estagio-obrigatorio\/","title":{"rendered":"Est\u00e1gio Obrigat\u00f3rio"},"content":{"rendered":"<p class=\"western\"><b>Est\u00e1gio Curricular Supervisionado (Obrigat\u00f3rio<\/b><b>)<\/b><\/p>\n<p align=\"justify\">O Est\u00e1gio Curricular Supervisionado do Curso de Letras L\u00edngua Portuguesa do DLV\/CAPF\/UERN constitui-se de atividades te\u00f3rico-pr\u00e1ticas obrigat\u00f3rias a serem desenvolvidas pelo aluno\/estagi\u00e1rio no decorrer do curso, conforme preceitua a Resolu\u00e7\u00e3o CNE\/CP n\u00ba 02, de 20 de dezembro de 2019.<\/p>\n<p align=\"justify\">Com objetivo de aplicar, ampliar e adequar os conhecimentos t\u00e9cnico-cient\u00edficos e metodol\u00f3gicos necess\u00e1rios ao progresso da educa\u00e7\u00e3o e do desenvolvimento de habilidades e compet\u00eancias requeridas do profissional comprometido com a cidadania, o Est\u00e1gio Curricular Supervisionado possibilita ao graduando, o contato direto com sua futura profiss\u00e3o, atrav\u00e9s de atividades de interven\u00e7\u00e3o, de investiga\u00e7\u00e3o e de compreens\u00e3o da pr\u00e1tica de ensino de L\u00edngua Portuguesa em institui\u00e7\u00f5es de ensino da rede b\u00e1sica, p\u00fablicas ou privadas ou ainda, em espa\u00e7os sociais diversos.<\/p>\n<p align=\"justify\">Partindo desses pressupostos, o Est\u00e1gio Supervisionado de Letras L\u00edngua Portuguesa do DLV\/CAPF\/UERN se organiza em diferentes fases (Orienta\u00e7\u00e3o\/supervis\u00e3o, Planejamento, Diagn\u00f3stico, Reg\u00eancia em cursos e aulas de l\u00edngua portuguesa, Elabora\u00e7\u00e3o de Relat\u00f3rio e Semin\u00e1rios de avalia\u00e7\u00e3o) que est\u00e3o em conson\u00e2ncia com os eixos metodol\u00f3gicos norteadores do Est\u00e1gio Curricular Supervisionado Obrigat\u00f3rio previstos no artigo 5\u00ba da Resolu\u00e7\u00e3o 06\/2015-CONSEPE\/UERN, quais sejam: (i) Forma\u00e7\u00e3o interdisciplinar; (ii) Articula\u00e7\u00e3o teoria-pr\u00e1tica; (iii) Interven\u00e7\u00e3o; (iv) A resolu\u00e7\u00e3o de situa\u00e7\u00f5es problemas; e (v) Reflex\u00e3o sobre a atividade profissional.<\/p>\n<p align=\"justify\">Com uma carga hor\u00e1ria total de 420 horas, o Est\u00e1gio do curso Letras L\u00edngua Portuguesa do DLV\/CAPF\/UERN acontece no 5\u00ba, 6\u00ba, e 7\u00ba per\u00edodos do curso, regidos pela Resolu\u00e7\u00e3o 06\/2015-CONSEPE\/UERN, organizado em diferentes fases, conforme quadros abaixo:<\/p>\n<p align=\"justify\">\u00a0Fases e Carga hor\u00e1ria de Est\u00e1gio Supervisionado I \u2013 5\u00ba per\u00edodo<\/p>\n","protected":false},"excerpt":{"rendered":"<p>Est\u00e1gio Curricular Supervisionado (Obrigat\u00f3rio) O Est\u00e1gio Curricular Supervisionado do Curso de Letras L\u00edngua Portuguesa do DLV\/CAPF\/UERN constitui-se de atividades te\u00f3rico-pr\u00e1ticas obrigat\u00f3rias a serem desenvolvidas pelo aluno\/estagi\u00e1rio no decorrer do curso, conforme preceitua a Resolu\u00e7\u00e3o CNE\/CP n\u00ba 02, de 20 de dezembro de 2019. Com objetivo de aplicar, ampliar e adequar os conhecimentos t\u00e9cnico-cient\u00edficos e metodol\u00f3gicos [&hellip;]<\/p>\n","protected":false},"author":5,"featured_media":0,"parent":0,"menu_order":0,"comment_status":"closed","ping_status":"closed","template":"","meta":{"footnotes":""},"class_list":["post-1452","page","type-page","status-publish","hentry"],"_links":{"self":[{"href":"https:\/\/portal.uern.br\/paudosferros\/dlv\/wp-json\/wp\/v2\/pages\/1452","targetHints":{"allow":["GET"]}}],"collection":[{"href":"https:\/\/portal.uern.br\/paudosferros\/dlv\/wp-json\/wp\/v2\/pages"}],"about":[{"href":"https:\/\/portal.uern.br\/paudosferros\/dlv\/wp-json\/wp\/v2\/types\/page"}],"author":[{"embeddable":true,"href":"https:\/\/portal.uern.br\/paudosferros\/dlv\/wp-json\/wp\/v2\/users\/5"}],"replies":[{"embeddable":true,"href":"https:\/\/portal.uern.br\/paudosferros\/dlv\/wp-json\/wp\/v2\/comments?post=1452"}],"version-history":[{"count":1,"href":"https:\/\/portal.uern.br\/paudosferros\/dlv\/wp-json\/wp\/v2\/pages\/1452\/revisions"}],"predecessor-version":[{"id":1453,"href":"https:\/\/portal.uern.br\/paudosferros\/dlv\/wp-json\/wp\/v2\/pages\/1452\/revisions\/1453"}],"wp:attachment":[{"href":"https:\/\/portal.uern.br\/paudosferros\/dlv\/wp-json\/wp\/v2\/media?parent=1452"}],"curies":[{"name":"wp","href":"https:\/\/api.w.org\/{rel}","templated":true}]}}