{"id":1446,"date":"2024-02-06T16:05:07","date_gmt":"2024-02-06T19:05:07","guid":{"rendered":"https:\/\/portal.uern.br\/paudosferros\/dlv\/?page_id=1446"},"modified":"2024-02-06T16:05:11","modified_gmt":"2024-02-06T19:05:11","slug":"tcc","status":"publish","type":"page","link":"https:\/\/portal.uern.br\/paudosferros\/dlv\/tcc\/","title":{"rendered":"TCC"},"content":{"rendered":"<p align=\"justify\"><b>Trabalho de Conclus\u00e3o de Curso<\/b><b>\u00a0(TCC)<\/b><\/p>\n<p align=\"justify\">O Curso de Letras L\u00edngua Portuguesa do DLV\/CAPF\/UERN tem como objetivo a forma\u00e7\u00e3o de professor na \u00e1rea de L\u00edngua Materna e Literatura para atuar nos n\u00edveis de Ensino Fundamental (anos finais), M\u00e9dio ou Superior. O aluno, ao t\u00e9rmino de sua gradua\u00e7\u00e3o, dever\u00e1 produzir o trabalho de conclus\u00e3o de curso, no g\u00eanero monografia, que consiste em um trabalho individual, sob a orienta\u00e7\u00e3o de um professor com titula\u00e7\u00e3o m\u00ednima de mestre, submetendo-o a defesa p\u00fablica<b>\u00a0<\/b>para apresenta\u00e7\u00e3o e aprecia\u00e7\u00e3o de uma banca examinadora, formada por professores com titula\u00e7\u00e3o m\u00ednima de mestre.<\/p>\n<p align=\"justify\">Em casos excepcionais, o orientador e membros da banca examinadora do Trabalho de Conclus\u00e3o de Curso poder\u00e3o ter a titula\u00e7\u00e3o m\u00ednima de especialista, desde que sejam aprovados na Plen\u00e1ria do Departamento de Letras Vern\u00e1culas (DLV\/CAPF\/UERN).<\/p>\n<p align=\"justify\">A monografia \u00e9 um trabalho de inicia\u00e7\u00e3o cient\u00edfica, orientado para a pesquisa te\u00f3rico-emp\u00edrica, cujo tema deve localizar-se nas \u00e1reas tem\u00e1ticas dos Estudos Lingu\u00edsticos e das Literaturas de L\u00edngua Portuguesa e contribuir para a forma\u00e7\u00e3o profissional do graduado no Curso de Letras L\u00edngua Portuguesa do DLV\/CAPF\/UERN.<\/p>\n<p align=\"justify\">Outrossim, consta na parte regimental do\u00a0<a href=\"https:\/\/portal.uern.br\/paudosferros\/letraslinguaportuguesa\/wp-content\/uploads\/sites\/8\/2023\/10\/ATUALIZACAO-PPC-Letras-Lingua-Portuguesa-DLV-CAPF-30-de-julho.pdf\">Projeto Pedag\u00f3gico do Curso<\/a>\u00a0(Cap\u00edtulo 20) os procedimentos avaliativos para o trabalho de conclus\u00e3o de curso e, por conseguinte, para a defesa p\u00fablica.<\/p>\n","protected":false},"excerpt":{"rendered":"<p>Trabalho de Conclus\u00e3o de Curso\u00a0(TCC) O Curso de Letras L\u00edngua Portuguesa do DLV\/CAPF\/UERN tem como objetivo a forma\u00e7\u00e3o de professor na \u00e1rea de L\u00edngua Materna e Literatura para atuar nos n\u00edveis de Ensino Fundamental (anos finais), M\u00e9dio ou Superior. O aluno, ao t\u00e9rmino de sua gradua\u00e7\u00e3o, dever\u00e1 produzir o trabalho de conclus\u00e3o de curso, no [&hellip;]<\/p>\n","protected":false},"author":5,"featured_media":0,"parent":0,"menu_order":0,"comment_status":"closed","ping_status":"closed","template":"","meta":{"footnotes":""},"class_list":["post-1446","page","type-page","status-publish","hentry"],"_links":{"self":[{"href":"https:\/\/portal.uern.br\/paudosferros\/dlv\/wp-json\/wp\/v2\/pages\/1446","targetHints":{"allow":["GET"]}}],"collection":[{"href":"https:\/\/portal.uern.br\/paudosferros\/dlv\/wp-json\/wp\/v2\/pages"}],"about":[{"href":"https:\/\/portal.uern.br\/paudosferros\/dlv\/wp-json\/wp\/v2\/types\/page"}],"author":[{"embeddable":true,"href":"https:\/\/portal.uern.br\/paudosferros\/dlv\/wp-json\/wp\/v2\/users\/5"}],"replies":[{"embeddable":true,"href":"https:\/\/portal.uern.br\/paudosferros\/dlv\/wp-json\/wp\/v2\/comments?post=1446"}],"version-history":[{"count":2,"href":"https:\/\/portal.uern.br\/paudosferros\/dlv\/wp-json\/wp\/v2\/pages\/1446\/revisions"}],"predecessor-version":[{"id":1533,"href":"https:\/\/portal.uern.br\/paudosferros\/dlv\/wp-json\/wp\/v2\/pages\/1446\/revisions\/1533"}],"wp:attachment":[{"href":"https:\/\/portal.uern.br\/paudosferros\/dlv\/wp-json\/wp\/v2\/media?parent=1446"}],"curies":[{"name":"wp","href":"https:\/\/api.w.org\/{rel}","templated":true}]}}