{"id":1444,"date":"2024-02-06T16:04:41","date_gmt":"2024-02-06T19:04:41","guid":{"rendered":"https:\/\/portal.uern.br\/paudosferros\/dlv\/?page_id=1444"},"modified":"2024-02-06T16:04:57","modified_gmt":"2024-02-06T19:04:57","slug":"laboratorios","status":"publish","type":"page","link":"https:\/\/portal.uern.br\/paudosferros\/dlv\/laboratorios\/","title":{"rendered":"Laborat\u00f3rios"},"content":{"rendered":"<p><strong>Laborat\u00f3rio de Inform\u00e1tica<\/strong><\/p>\n<p align=\"justify\">O Laborat\u00f3rio de Inform\u00e1tica constitui-se como espa\u00e7o para realiza\u00e7\u00e3o de atividades de ensino, de pesquisa e extens\u00e3o, com \u00eanfase na realiza\u00e7\u00e3o de aulas, bancas e cong\u00eaneres na modalidade a dist\u00e2ncia, al\u00e9m de outras atividades acad\u00eamicas. Oportuniza \u00e0 comunidade acad\u00eamica um espa\u00e7o para realiza\u00e7\u00e3o de pesquisas individuais ou coletivas, equipado com treze microcomputadores com acesso \u00e0 internet, televis\u00e3o e tel\u00e3o, o que permite o uso para apresenta\u00e7\u00f5es e recursos com material audiovisual. Esse Laborat\u00f3rio \u00e9 vinculado e coordenado pelo Departamento de Administra\u00e7\u00e3o da Unidade e est\u00e1 dispon\u00edvel para qualquer professor do\u00a0<i>Campus<\/i>, com agendamentos pr\u00e9vios.<\/p>\n<p align=\"justify\"><strong>O Museu de Cultura Sertaneja (MCS)<\/strong><\/p>\n<p align=\"justify\">O Museu de Cultura Sertaneja (MCS), do\u00a0<i>Campus<\/i>\u00a0Avan\u00e7ado de Pau dos Ferros (CAPF), da Universidade do Estado do Rio Grande do Norte (UERN) foi inaugurado no dia 15 de junho de 2012 e consolidado na institui\u00e7\u00e3o por meio da Resolu\u00e7\u00e3o n\u00ba 13\/2012 \u2013 CONSUNI, de 31 de outubro de 2012, que cria\/aprova o Museu de Cultura Sertaneja (MCS) do CAMEAM\/UERN.<\/p>\n<p align=\"justify\">O Museu funciona na sala B05, do Bloco B, t\u00e9rreo, na UERN \u2013\u00a0<i>Campus\u00a0<\/i>Avan\u00e7ado de Pau dos Ferros\/RN. O p\u00fablico do MCS consiste em escolas p\u00fablicas e privadas, institui\u00e7\u00f5es de ensino t\u00e9cnico e superior, comunidade acad\u00eamica do pr\u00f3prio\u00a0<i>campus<\/i>\u00a0da UERN, al\u00e9m dos visitantes da sociedade civil. Atualmente, j\u00e1 recebeu uma m\u00e9dia de quase 12 mil visitantes.<\/p>\n<p align=\"justify\">O espa\u00e7o \u00e9 dividido em \u201cCantinho do Cordel\u201d \u2013 onde s\u00e3o expostos diversos cord\u00e9is de variadas tem\u00e1ticas e autores; \u201cMuseu Virtual\u201d \u2013 ambiente reservado aos visitantes para assistirem entrevistas e document\u00e1rios sobre os temas que envolvem a cultura sertaneja, bem como as pessoas t\u00eam acesso \u00e0 lousa digital que proporciona a intera\u00e7\u00e3o do visitante com o mapa e outros objetos virtuais; \u201cMuseu da Economia Sertaneja\u201d \u2013 que retrata a economia da regi\u00e3o de cada \u00e9poca, de acordo com a tem\u00e1tica tratada em cada exposi\u00e7\u00e3o e, por fim, o espa\u00e7o principal em que expomos as pe\u00e7as e as fotos dos colaboradores.<\/p>\n<p align=\"justify\">O Museu de Cultura Sertaneja possui um acervo de mais de 230 (duzentas e trinta) pe\u00e7as, 122(cento e vinte e dois) livros e 792 (setecentos e noventa e dois) folhetos de cord\u00e9is, aproximadamente. Tem tamb\u00e9m o acervo virtual que conta com 03 (tr\u00eas) document\u00e1rios e um total de 50 (cinquenta) entrevistas, sendo 20 (vinte) sobre os engenhos de cana-de-a\u00e7\u00facar e casas de farinha \u2013 produzidas no ano de 2014, 14 (quatorze) entrevistas sobre as mem\u00f3rias dos vaqueiros \u2013 produzidas no ano de 2016, e 16 (dezesseis) sobre as mem\u00f3rias da Coluna Prestes, produzidas em 2018. Ressalte-se que todas essas tem\u00e1ticas e pesquisas t\u00eam como ambiente de estudo a regi\u00e3o do Alto Oeste Potiguar. Esse material fica disponibilizado para os visitantes acessarem, bem como para os alunos da gradua\u00e7\u00e3o e p\u00f3s-gradua\u00e7\u00e3o utilizarem como objetos de estudos e pesquisas cient\u00edficas.<\/p>\n<p align=\"justify\">O MCS \u00e9 o \u00fanico museu da cidade de Pau dos Ferros e um dos que possui o maior acervo da regi\u00e3o do Alto Oeste Potiguar. Funciona de segunda a sexta-feira, das 7h \u00e0s 13h, n\u00e3o atendendo apenas como um espa\u00e7o para visitas, mas como \u201claborat\u00f3rio\u201d para as pesquisas e trabalhos sobre a cultura sertaneja.<\/p>\n<p align=\"justify\">Desde 2012, ano da sua funda\u00e7\u00e3o, o MCS realiza exposi\u00e7\u00f5es, oficinas, minicursos e eventos em parceria com os projetos\/programas de extens\u00e3o que s\u00e3o coordenados por professores e compostos por alunos e t\u00e9cnicos da UERN. O Museu atua diretamente com o Programa de Extens\u00e3o Ra\u00edzes da Cultura Sertaneja (PROCULT), desde o ano de 2014. O PROCULT \u00e9 um programa vinculado ao Departamento de Letras Vern\u00e1culas\/CAPF e que atua em parceria com o Museu, pesquisando e atendendo a sociedade. No ano de 2023, o MCS est\u00e1 aberto com a sua VI Exposi\u00e7\u00e3o Tem\u00e1tica intitulada \u201cCultura e resist\u00eancia: mem\u00f3rias de comunidades quilombolas e outras comunidades negras no Alto Oeste Potiguar\u201d. O seu objetivo principal \u00e9 dar continuidade ao desenvolvimento de a\u00e7\u00f5es extensionistas que ampliem o conhecimento, o acesso e a valoriza\u00e7\u00e3o do patrim\u00f4nio hist\u00f3rico, cultural, econ\u00f4mico e pol\u00edtico do homem do sert\u00e3o nordestino, trazendo como eixo as comunidades negras e quilombolas que habitam a regi\u00e3o. Neste mesmo ano, O PROCULT est\u00e1 em sua nona edi\u00e7\u00e3o e tem como tem\u00e1tica norteadora de suas a\u00e7\u00f5es a tem\u00e1tica: A religiosidade popular no sert\u00e3o nordestino: hist\u00f3rias e mem\u00f3rias das Rezadeiras\/Benzedeiras e dos Rezadores no Museu de Cultura Sertaneja do CAPF\/UERN. Essa tem\u00e1tica constituir\u00e1 a s\u00e9tima exposi\u00e7\u00e3o tem\u00e1tica do MCS para o ano 2024.<\/p>\n","protected":false},"excerpt":{"rendered":"<p>Laborat\u00f3rio de Inform\u00e1tica O Laborat\u00f3rio de Inform\u00e1tica constitui-se como espa\u00e7o para realiza\u00e7\u00e3o de atividades de ensino, de pesquisa e extens\u00e3o, com \u00eanfase na realiza\u00e7\u00e3o de aulas, bancas e cong\u00eaneres na modalidade a dist\u00e2ncia, al\u00e9m de outras atividades acad\u00eamicas. Oportuniza \u00e0 comunidade acad\u00eamica um espa\u00e7o para realiza\u00e7\u00e3o de pesquisas individuais ou coletivas, equipado com treze microcomputadores [&hellip;]<\/p>\n","protected":false},"author":5,"featured_media":0,"parent":0,"menu_order":0,"comment_status":"closed","ping_status":"closed","template":"","meta":{"footnotes":""},"class_list":["post-1444","page","type-page","status-publish","hentry"],"_links":{"self":[{"href":"https:\/\/portal.uern.br\/paudosferros\/dlv\/wp-json\/wp\/v2\/pages\/1444","targetHints":{"allow":["GET"]}}],"collection":[{"href":"https:\/\/portal.uern.br\/paudosferros\/dlv\/wp-json\/wp\/v2\/pages"}],"about":[{"href":"https:\/\/portal.uern.br\/paudosferros\/dlv\/wp-json\/wp\/v2\/types\/page"}],"author":[{"embeddable":true,"href":"https:\/\/portal.uern.br\/paudosferros\/dlv\/wp-json\/wp\/v2\/users\/5"}],"replies":[{"embeddable":true,"href":"https:\/\/portal.uern.br\/paudosferros\/dlv\/wp-json\/wp\/v2\/comments?post=1444"}],"version-history":[{"count":2,"href":"https:\/\/portal.uern.br\/paudosferros\/dlv\/wp-json\/wp\/v2\/pages\/1444\/revisions"}],"predecessor-version":[{"id":1566,"href":"https:\/\/portal.uern.br\/paudosferros\/dlv\/wp-json\/wp\/v2\/pages\/1444\/revisions\/1566"}],"wp:attachment":[{"href":"https:\/\/portal.uern.br\/paudosferros\/dlv\/wp-json\/wp\/v2\/media?parent=1444"}],"curies":[{"name":"wp","href":"https:\/\/api.w.org\/{rel}","templated":true}]}}