{"id":1434,"date":"2024-02-06T10:46:45","date_gmt":"2024-02-06T13:46:45","guid":{"rendered":"https:\/\/portal.uern.br\/paudosferros\/dlv\/?page_id=1434"},"modified":"2024-02-06T10:46:50","modified_gmt":"2024-02-06T13:46:50","slug":"pesquisa","status":"publish","type":"page","link":"https:\/\/portal.uern.br\/paudosferros\/dlv\/pesquisa\/","title":{"rendered":"Pesquisa"},"content":{"rendered":"<p align=\"justify\">O Departamento de Letras Vern\u00e1culas compreende a pesquisa como uma pr\u00e1tica constante e inerente ao pr\u00f3prio processo de ensinar e de aprender e que perpassa, assim, todos os momentos da forma\u00e7\u00e3o. Deste modo, o DLV tem desenvolvido a\u00e7\u00f5es sistem\u00e1ticas no sentido de articular o ensino e a extens\u00e3o \u00e0 pesquisa, por meio de apoio \u00e0 pol\u00edtica de capacita\u00e7\u00e3o docente, incentivo \u00e0 forma\u00e7\u00e3o continuada de seus egressos atrav\u00e9s da oferta de cursos de p\u00f3s-gradua\u00e7\u00e3o\u00a0<i>stricto sensu<\/i>\u00a0e de p\u00f3s-gradua\u00e7\u00e3o\u00a0<i>lato sensu<\/i>, incentivo \u00e0 consolida\u00e7\u00e3o e cria\u00e7\u00e3o de grupos de pesquisa, apoio \u00e0 inicia\u00e7\u00e3o cient\u00edfica e fomento \u00e0 divulga\u00e7\u00e3o cient\u00edfica.<\/p>\n<p align=\"justify\">O desenvolvimento de atividades de pesquisas no Departamento de Letras Vern\u00e1culas est\u00e1 condicionado \u00e0 atua\u00e7\u00e3o dos docentes em grupos de pesquisas da IES e \u00e0s linhas de pesquisas destes grupos, quais sejam: 1) Estudos da produ\u00e7\u00e3o, organiza\u00e7\u00e3o e funcionalidade do texto (GPET); 2) Estudos em argumenta\u00e7\u00e3o, ret\u00f3rica e discurso (GPET); 3) Culturas Liter\u00e1rias Luso-Afro-Brasileiras e de Fronteiras (GPORT); 4) Forma Liter\u00e1ria e Representa\u00e7\u00e3o Social em Literaturas de L\u00edngua Portuguesa (GPORT); 5) A narrativa de fic\u00e7\u00e3o (GECLIT); 6) Literatura e sociedade (GECLIT); 7) Po\u00e9ticas do Liter\u00e1rio (GECLIT); 8) An\u00e1lise do Discurso e Ensino (GRED); 9) Discurso e modernidade (GRED) e 10) Discurso e pragm\u00e1tica (GRED).<\/p>\n<p class=\"western\"><strong>Grupos de pesquisa<\/strong><\/p>\n<p align=\"justify\">Como reflexo do investimento na capacita\u00e7\u00e3o docente, o Departamento de Letras Vern\u00e1culas vem priorizando atividades de pesquisa, atrav\u00e9s do incentivo ao desenvolvimento de projetos de pesquisa, o que tem culminado na consolida\u00e7\u00e3o de grupos de pesquisa, totalizando a participa\u00e7\u00e3o efetiva de docentes do DLV\/CAPF em quatro grupos, conforme apresentados abaixo:<\/p>\n<p align=\"justify\"><b>\u00a0 \u00a0 \u2013 Grupo de Estudos Cr\u00edticos da Literatura (GECLIT)<\/b><\/p>\n<p align=\"justify\">O Grupo de Estudos Cr\u00edticos da Literatura (GECLIT) foi criado com o objetivo de realizar pesquisas no \u00e2mbito da literatura, considerando as rela\u00e7\u00f5es poss\u00edveis entre o liter\u00e1rio e outras manifesta\u00e7\u00f5es culturais; com enfoque na rela\u00e7\u00e3o entre literatura e sociedade, enfatizando a correla\u00e7\u00e3o entre literatura, mito, identidade, mem\u00f3ria e hist\u00f3ria.<\/p>\n<p align=\"justify\">LINHAS DE PESQUISA: A narrativa de fic\u00e7\u00e3o; Literatura e sociedade; Po\u00e9ticas do liter\u00e1rio<\/p>\n<p align=\"justify\"><b>\u00a0 \u00a0\u2013 Grupo de Pesquisa em Literaturas de L\u00edngua Portuguesa<\/b><\/p>\n<p align=\"justify\">O Grupo de Pesquisa em Literaturas de L\u00edngua Portuguesa (GPORT) estabelece uma interface com o Programa de P\u00f3s-Gradua\u00e7\u00e3o em Letras (PPGL) da Universidade do Estado do Rio Grande do Norte (UERN), em especial com as orienta\u00e7\u00f5es da Linha de Pesquisa \u201cDiscurso, mem\u00f3ria e identidade\u201d, mantida pelo Programa. O GPORT re\u00fane pesquisadores e colaboradores interessados em refletir e em promover, no espa\u00e7o luso-afro-brasileiro, estudos ligados \u00e0 produ\u00e7\u00e3o e \u00e0 recep\u00e7\u00e3o liter\u00e1rias, a contextos e sistemas liter\u00e1rios em (trans)forma\u00e7\u00e3o na vida social, \u00e0s literaturas p\u00f3s-coloniais, \u00e0s mitologias da era global e a temas como imigra\u00e7\u00e3o, di\u00e1sporas e mistos culturais. Desse modo, as pesquisas do grupo visam aprofundar o conhecimento te\u00f3rico-anal\u00edtico acerca de culturas e identidades expressas em L\u00edngua Portuguesa no seu espa\u00e7o geogr\u00e1fico e em zonas de transi\u00e7\u00e3o (de di\u00e1logo ou de conflito).<\/p>\n<p align=\"justify\">LINHAS DE PESQUISA<\/p>\n<p align=\"justify\">Culturas liter\u00e1rias luso-afro-brasileiras e de fronteiras<\/p>\n<p align=\"justify\">Forma liter\u00e1ria e representa\u00e7\u00e3o social em literaturas de l\u00edngua portuguesa<\/p>\n<p align=\"justify\"><b>\u00a0 \u00a0\u2013 Grupo de Pesquisa em Produ\u00e7\u00e3o e Ensino de Texto<\/b><\/p>\n<p align=\"justify\">O Grupo de Pesquisa em Produ\u00e7\u00e3o e Ensino de Texto (GPET) congrega pesquisadores que investigam as pr\u00e1ticas de produ\u00e7\u00e3o e ensino de texto em contextos diversos de uso. Caracteriza-se por apresentar: (i) diferentes perspectivas te\u00f3ricas de texto e discurso que comungam, entre si, do pressuposto de que a linguagem \u00e9 constitutivamente dial\u00f3gica; e (ii) diferentes estudiosos que investigam, conjuntamente, os processos de produ\u00e7\u00e3o e ensino de texto, interessando-se, em especial, pelos processos de argumenta\u00e7\u00e3o e de funcionalidade do texto. \u00c9 formado por pesquisadores, colaboradores, t\u00e9cnicos e estudantes da UERN e de outras IES nacionais e estrangeiras. Mant\u00e9m uma vincula\u00e7\u00e3o direta com os Programas de P\u00f3s-Gradua\u00e7\u00e3o Stricto Sensu ofertados na UERN, em Pau dos Ferros: Programa de P\u00f3s-Gradua\u00e7\u00e3o em Letras (PPGL), Programa de Mestrado Profissional em Letras, em rede nacional (PROFLETRAS), e Programa de P\u00f3s-Gradua\u00e7\u00e3o em Ensino (PPGE). Vincula-se aos Departamentos de Letras Estrangeiras (DLE) e Vern\u00e1culas (DLV) do Campus da UERN em Pau dos Ferros.<\/p>\n<p align=\"justify\">LINHAS DE PESQUISA<\/p>\n<p align=\"justify\">Estudos da produ\u00e7\u00e3o, organiza\u00e7\u00e3o e funcionalidade do texto<\/p>\n<p align=\"justify\">Estudos em argumenta\u00e7\u00e3o, ret\u00f3rica e discurso<\/p>\n<p align=\"justify\"><b>\u00a0 \u00a0\u2013 Grupo de Estudos do discurso (GRED)<\/b><\/p>\n<p align=\"justify\">O Grupo de Estudos do Discurso \u2013 GRED (CAPF\/UERN), inserido no Programa de P\u00f3s-Gradua\u00e7\u00e3o em Letras (PPGL) contribui para que o ensino e a pesquisa do PPGL sejam cada vez mais verticalizados. Sob esse foco, e tendo em vista os saberes lingu\u00edsticos da modernidade, \u00e9 que os pesquisadores do GRED v\u00eam participando em eventos, tais como: congressos (nacionais e internacionais), col\u00f3quios, semin\u00e1rios e outros. Al\u00e9m disso, v\u00eam publicando textos de relev\u00e2ncia acad\u00eamica (artigos, livros, resenha, etc.) com o objetivo de apresentar e difundir resultados de suas pesquisas, cujo\u00a0<i>corpus<\/i>, com foco na An\u00e1lise do Discurso, permitem (re)pensar os sentidos do discurso, a partir dos aspectos hist\u00f3ricos, anal\u00edtico-pragm\u00e1ticos, pol\u00edticos, sociais e ideol\u00f3gico-culturais.<\/p>\n<p align=\"justify\">LINHAS DE PESQUISA<\/p>\n<p align=\"justify\">An\u00e1lise do Discurso e Ensino;<\/p>\n<p align=\"justify\">Discurso e modernidade;<\/p>\n<p align=\"justify\">Discurso e pragm\u00e1tica.<\/p>\n<p align=\"justify\">\u00c9 importante ressaltar que as informa\u00e7\u00f5es sobre os grupos de pesquisa apresentadas acima est\u00e3o no Cat\u00e1logo de Grupos de Pesquisa da UERN, no documento de AVALIA\u00c7\u00c3O DOS GRUPOS DE PESQUISA DA UERN \u2013 2018-2020, com status de consolidados ou em consolida\u00e7\u00e3o.<\/p>\n","protected":false},"excerpt":{"rendered":"<p>O Departamento de Letras Vern\u00e1culas compreende a pesquisa como uma pr\u00e1tica constante e inerente ao pr\u00f3prio processo de ensinar e de aprender e que perpassa, assim, todos os momentos da forma\u00e7\u00e3o. Deste modo, o DLV tem desenvolvido a\u00e7\u00f5es sistem\u00e1ticas no sentido de articular o ensino e a extens\u00e3o \u00e0 pesquisa, por meio de apoio \u00e0 [&hellip;]<\/p>\n","protected":false},"author":5,"featured_media":0,"parent":0,"menu_order":0,"comment_status":"closed","ping_status":"closed","template":"","meta":{"footnotes":""},"class_list":["post-1434","page","type-page","status-publish","hentry"],"_links":{"self":[{"href":"https:\/\/portal.uern.br\/paudosferros\/dlv\/wp-json\/wp\/v2\/pages\/1434","targetHints":{"allow":["GET"]}}],"collection":[{"href":"https:\/\/portal.uern.br\/paudosferros\/dlv\/wp-json\/wp\/v2\/pages"}],"about":[{"href":"https:\/\/portal.uern.br\/paudosferros\/dlv\/wp-json\/wp\/v2\/types\/page"}],"author":[{"embeddable":true,"href":"https:\/\/portal.uern.br\/paudosferros\/dlv\/wp-json\/wp\/v2\/users\/5"}],"replies":[{"embeddable":true,"href":"https:\/\/portal.uern.br\/paudosferros\/dlv\/wp-json\/wp\/v2\/comments?post=1434"}],"version-history":[{"count":1,"href":"https:\/\/portal.uern.br\/paudosferros\/dlv\/wp-json\/wp\/v2\/pages\/1434\/revisions"}],"predecessor-version":[{"id":1435,"href":"https:\/\/portal.uern.br\/paudosferros\/dlv\/wp-json\/wp\/v2\/pages\/1434\/revisions\/1435"}],"wp:attachment":[{"href":"https:\/\/portal.uern.br\/paudosferros\/dlv\/wp-json\/wp\/v2\/media?parent=1434"}],"curies":[{"name":"wp","href":"https:\/\/api.w.org\/{rel}","templated":true}]}}