{"id":1432,"date":"2024-02-06T10:45:57","date_gmt":"2024-02-06T13:45:57","guid":{"rendered":"https:\/\/portal.uern.br\/paudosferros\/dlv\/?page_id=1432"},"modified":"2024-02-06T10:46:02","modified_gmt":"2024-02-06T13:46:02","slug":"extensao","status":"publish","type":"page","link":"https:\/\/portal.uern.br\/paudosferros\/dlv\/extensao\/","title":{"rendered":"Extens\u00e3o"},"content":{"rendered":"<p align=\"justify\">Com base no preceito da indissociabilidade entre o ensino, a pesquisa e a extens\u00e3o (Artigo 207 da Constitui\u00e7\u00e3o Federal de 1988), a UERN, pautada pelo reconhecimento institucional, pela evolu\u00e7\u00e3o das pol\u00edticas p\u00fablicas e pelo amadurecimento da pr\u00e1tica acad\u00eamica no seu interior, procura ampliar os debates internos em torno do fazer extensionista.<\/p>\n<p align=\"justify\">Nestes termos, o conceito de extens\u00e3o como processo educativo, cultural e cient\u00edfico que articula o ensino e a pesquisa e viabiliza a rela\u00e7\u00e3o transformadora entre a universidade e a sociedade, norteia o trabalho realizado pelo cursos de Letras L\u00edngua Portuguesa, atrav\u00e9s da realiza\u00e7\u00e3o de a\u00e7\u00f5es abertas a toda comunidade do Alto Oeste potiguar e munic\u00edpios circunvizinhos dos estados da Para\u00edba e do Cear\u00e1, por entender que a Universidade deve promover a dissemina\u00e7\u00e3o do conhecimento, indo al\u00e9m das fronteiras do\u00a0<i>Campus<\/i>.<\/p>\n<p align=\"justify\">Assim sendo, s\u00e3o ofertadas atividades como palestras, confer\u00eancias, semin\u00e1rios, oficinas e lan\u00e7amento de livros, especialmente durante eventos, e, principalmente, cursos nas \u00e1reas de l\u00ednguas e literaturas de l\u00edngua portuguesa.<\/p>\n<p align=\"justify\">Atualmente, os professores do Curso de Letras L\u00edngua Portuguesa do DLV\/CAPF\/UERN realizam atividades a partir de tem\u00e1ticas relacionadas \u00e0s especificidades de cada um desses cursos e ao perfil dos formandos, envolvendo, na sua execu\u00e7\u00e3o, docentes, discentes e a comunidade\u2013alvo. Em edi\u00e7\u00f5es anteriores, at\u00e9 2011.2, essas a\u00e7\u00f5es, na sua maioria, eram ligadas ao antigo N\u00facleo de Ensino de L\u00ednguas e Literaturas \u2013 NELL, que datava desde 2003. Pela dificuldade de organizar e comportar as atividades extensionistas ap\u00f3s a extin\u00e7\u00e3o do NELL, o Departamento de Letras Vern\u00e1culas passou a desenvolver suas atividades extensionistas atrav\u00e9s do Projeto N\u00facleo de Estudos de Cultura, Literatura e L\u00edngua Portuguesa \u2013 NECLEP.<\/p>\n<p align=\"justify\">O NECLEP foi vinculado ao Departamento de Letras Vern\u00e1culas e funcionou at\u00e9 o ano de 2015, quando passou a ser denominado PECLEP (Projeto Ensino de Cultura, Literatura e L\u00edngua Portuguesa). No ano de 2018, houve uma nova mudan\u00e7a e esse projeto passou a se denominar CELLP (Projeto de Cursos de extens\u00e3o em L\u00edngua). Esse projeto \u00e9 atualizado e\/ou reconfigurado anualmente, atrav\u00e9s da proposi\u00e7\u00e3o de novos cursos em editais lan\u00e7ados pela Pr\u00f3-Reitoria de extens\u00e3o da UERN.<\/p>\n<p align=\"justify\">O CELLP oferta cursos que funcionam semanalmente em espa\u00e7os como escolas p\u00fablicas, com aulas ministradas por alunos da gradua\u00e7\u00e3o, sob a orienta\u00e7\u00e3o de um professor tutor. Tais cursos s\u00e3o destinados \u00e0 comunidade acad\u00eamica e a sociedade em geral.<\/p>\n<p align=\"justify\">Atualmente, o N\u00facleo de Estudos em Cultura, Literatura e L\u00edngua Portuguesa (NECLEP) encontra-se em processo de institucionaliza\u00e7\u00e3o. O NECLEP, conforme citado em sua proposta: tem a compet\u00eancia de \u201cArt. 12\u00ba \u2013 Agregar as a\u00e7\u00f5es extensionistas realizadas no Departamento de Letras Vern\u00e1culas (DLV), do Campus Avan\u00e7ado de Pau dos Ferros (CAPF), da Universidade do Estado do Rio Grande do Norte (UERN). Al\u00e9m de ofertar cursos nas \u00e1reas de Cultura (m\u00fasica, cinema entre outros) Literatura e L\u00edngua Portuguesa, o NECLEP se coloca como instrumento forte no desenvolvimento da gradua\u00e7\u00e3o em Letras L\u00edngua Portuguesa ao promover palestras, confer\u00eancias, cursos, oficinas e minicursos que possibilitem reflex\u00f5es sobre a l\u00edngua vern\u00e1cula.<\/p>\n<p align=\"justify\">Salientamos que o NECLEP funcionar\u00e1 com recursos pr\u00f3prios, oriundos das taxas simb\u00f3licas cobradas aos alunos e \u00e0 comunidade externa que far\u00e3o parte das a\u00e7\u00f5es extensionistas. O n\u00facleo prop\u00f5e-se ainda a ser um espa\u00e7o de valoriza\u00e7\u00e3o da pesquisa na forma\u00e7\u00e3o dos graduandos, uma vez que fomentar\u00e1 a necessidade da investiga\u00e7\u00e3o cient\u00edfica para respaldar as a\u00e7\u00f5es de ensino, de extens\u00e3o e de cultura a que os alunos do curso de Letras ter\u00e3o acesso.<\/p>\n<p align=\"justify\">O NECLEP atua da seguinte forma: i) oferecendo cursos de extens\u00e3o na \u00e1rea das linguagens e suas v\u00e1rias manifesta\u00e7\u00f5es culturais; ii) promovendo palestras e confer\u00eancias de cunho acad\u00eamico e pedag\u00f3gico; iii) ofertando oficinas e cursos de curta dura\u00e7\u00e3o sobre as teorias lingu\u00edsticas que fundamentam a l\u00edngua portuguesa; iv) organizando rodas de conversas que possibilitem a interdisciplinaridade, e v) desenvolvendo projetos que contemplem a cultura sertaneja.<\/p>\n<p align=\"justify\">Al\u00e9m do CELLP e do NECLEP, o DLV tem desenvolvido a\u00e7\u00f5es extensionistas junto ao Museu de Cultura sertaneja do CAPF\/UERN. No per\u00edodo de 2010 a 2013, foi desenvolvido o projeto Museu de Cultura Sertaneja que atuou, diretamente, na cria\u00e7\u00e3o e organiza\u00e7\u00e3o das primeiras exposi\u00e7\u00f5es do MCS\/CAPF\/UERN. Desde o ano de 2014, esse projeto se transformou no Projeto Ra\u00edzes da Cultura Sertaneja (PROCULT), atuando, de forma ainda mais ampla, na promo\u00e7\u00e3o e divulga\u00e7\u00e3o da identidade cultural da regi\u00e3o do Alto Oeste potiguar, junto ao MCS e a outros departamentos acad\u00eamicos do CAPF. Conforme consta no resumo da proposta do Projeto, o PROCULT, com sede na cidade de Pau dos Ferros\/RN, \u00e9 uma iniciativa de docentes do Departamento de Letras Vern\u00e1culas (DLV) e do Departamento de Letras Estrangeiras (DLE), em parceria com o Museu de Cultura Sertaneja (MCS), do\u00a0<i>Campus<\/i>\u00a0Avan\u00e7ado de Pau dos Ferros (CAPF), da Universidade do Estado do Rio Grande do Norte (UERN) e com outros Departamentos acad\u00eamicos do CAPF.<\/p>\n<p align=\"justify\">O PROCULT tem como objetivo principal desenvolver a\u00e7\u00f5es extensionistas que ampliem o conhecimento, o acesso e a valoriza\u00e7\u00e3o do patrim\u00f4nio hist\u00f3rico, cultural, econ\u00f4mico e pol\u00edtico do homem do sert\u00e3o nordestino, bem como promover atividades acad\u00eamico-pedag\u00f3gicas que fortale\u00e7am e deem visibilidade \u00e0 identidade cultural da regi\u00e3o. As a\u00e7\u00f5es acad\u00eamico-culturais e extensionistas do PROCULT s\u00e3o realizadas na sede do Museu de Cultura Sertaneja e em escolas e institui\u00e7\u00f5es p\u00fablicas e privadas da regi\u00e3o do Alto Oeste potiguar e de regi\u00f5es de fronteiras dos estados do Cear\u00e1 e Para\u00edba.<\/p>\n<p align=\"justify\">O PROCULT, no intuito de aproximar a universidade da sociedade, contribuindo tamb\u00e9m para o desenvolvimento cultural desta, se efetiva por meio de a\u00e7\u00f5es extensionistas, com destaque para \u201cMuseu de coisas sertanejas\u201d, \u201cMuseu do cordel\u201d, \u201cMuseu virtual\u201d, \u201cMuseu pedag\u00f3gico\u201d e \u201cMuseu da economia sertaneja\u201d, que focalizam a preserva\u00e7\u00e3o e valoriza\u00e7\u00e3o de pe\u00e7as materiais caracter\u00edsticas da cultura sertaneja; a forma\u00e7\u00e3o de acervo, o mapeamento e a recep\u00e7\u00e3o est\u00e9tica da literatura de cordel; a vida, as dores, os sofrimentos, as paix\u00f5es, a religiosidade, a pol\u00edtica, a economia, o trabalho e as lutas em depoimentos, filmes, imagens e narrativas orais do povo sertanejo; e o desenvolvimento de atividades junto \u00e0s escolas da educa\u00e7\u00e3o b\u00e1sica, dando visibilidade \u00e0 cultura sertaneja e contribuindo para a valoriza\u00e7\u00e3o est\u00e9tica, hist\u00f3rica e art\u00edstica dos museus.<\/p>\n<p align=\"justify\">O Departamento de Letras Vern\u00e1culas tem implementado uma pol\u00edtica de extens\u00e3o que dinamiza as atividades departamentais e, ao mesmo tempo, possibilita uma integra\u00e7\u00e3o Universidade e Sociedade em geral, essencial para fortalecer o car\u00e1ter social da Universidade. A extens\u00e3o desenvolvida no DLV tem assumido, ainda, o compromisso de promover o conhecimento e a valoriza\u00e7\u00e3o da identidade cultural da regi\u00e3o em que se situa, a saber, no interior do Rio Grande do Norte, onde as pol\u00edticas de acesso aos bens culturais e cient\u00edficos s\u00e3o ex\u00edguas e\/ou quase inexistentes.<\/p>\n","protected":false},"excerpt":{"rendered":"<p>Com base no preceito da indissociabilidade entre o ensino, a pesquisa e a extens\u00e3o (Artigo 207 da Constitui\u00e7\u00e3o Federal de 1988), a UERN, pautada pelo reconhecimento institucional, pela evolu\u00e7\u00e3o das pol\u00edticas p\u00fablicas e pelo amadurecimento da pr\u00e1tica acad\u00eamica no seu interior, procura ampliar os debates internos em torno do fazer extensionista. Nestes termos, o conceito [&hellip;]<\/p>\n","protected":false},"author":5,"featured_media":0,"parent":0,"menu_order":0,"comment_status":"closed","ping_status":"closed","template":"","meta":{"footnotes":""},"class_list":["post-1432","page","type-page","status-publish","hentry"],"_links":{"self":[{"href":"https:\/\/portal.uern.br\/paudosferros\/dlv\/wp-json\/wp\/v2\/pages\/1432","targetHints":{"allow":["GET"]}}],"collection":[{"href":"https:\/\/portal.uern.br\/paudosferros\/dlv\/wp-json\/wp\/v2\/pages"}],"about":[{"href":"https:\/\/portal.uern.br\/paudosferros\/dlv\/wp-json\/wp\/v2\/types\/page"}],"author":[{"embeddable":true,"href":"https:\/\/portal.uern.br\/paudosferros\/dlv\/wp-json\/wp\/v2\/users\/5"}],"replies":[{"embeddable":true,"href":"https:\/\/portal.uern.br\/paudosferros\/dlv\/wp-json\/wp\/v2\/comments?post=1432"}],"version-history":[{"count":1,"href":"https:\/\/portal.uern.br\/paudosferros\/dlv\/wp-json\/wp\/v2\/pages\/1432\/revisions"}],"predecessor-version":[{"id":1433,"href":"https:\/\/portal.uern.br\/paudosferros\/dlv\/wp-json\/wp\/v2\/pages\/1432\/revisions\/1433"}],"wp:attachment":[{"href":"https:\/\/portal.uern.br\/paudosferros\/dlv\/wp-json\/wp\/v2\/media?parent=1432"}],"curies":[{"name":"wp","href":"https:\/\/api.w.org\/{rel}","templated":true}]}}