{"id":1430,"date":"2024-02-06T10:45:11","date_gmt":"2024-02-06T13:45:11","guid":{"rendered":"https:\/\/portal.uern.br\/paudosferros\/dlv\/?page_id=1430"},"modified":"2024-02-06T10:50:42","modified_gmt":"2024-02-06T13:50:42","slug":"documentos","status":"publish","type":"page","link":"https:\/\/portal.uern.br\/paudosferros\/dlv\/documentos\/","title":{"rendered":"Documentos"},"content":{"rendered":"<p data-raofz=\"16\"><a role=\"link\" href=\"https:\/\/portal.uern.br\/wp-content\/uploads\/2023\/05\/Guia-do-Estudante-2.pdf\" data-raofz=\"16\">GUIA DO ESTUDANTE<\/a><\/p>\n<p data-raofz=\"16\">O MANUAL DO ESTUDANTE visa orientar toda a vida acad\u00eamica do estudante da Universidade do Estado do Rio Grande do Norte \u2013 UERN. No Manual est\u00e3o enfocados as normas e procedimentos para ingresso, matr\u00edcula, movimenta\u00e7\u00e3o interna, atividades esportivas, faltas, aproveitamento de estudos, avalia\u00e7\u00e3o, desligamento, monitoria, recursos de decis\u00e3o de Colegiado Superior e orienta\u00e7\u00e3o de cursos de gradua\u00e7\u00e3o.<\/p>\n<p data-raofz=\"16\">O Manual est\u00e1 atualizado pelo novo Regimento dos Cursos de Gradua\u00e7\u00e3o da UERN, aprovado e publicado pela\u00a0<a role=\"link\" href=\"https:\/\/portal.uern.br\/download\/resolucao-05-2014-consepe\/?wpdmdl=34620&amp;masterkey=gxhN7CfSdTsQ1VNTnbK3joazXeiEbNPe0Fm4XRApor9Lp3sm2qrvvUjXX69NPbmcnZO_vPG9yrrSv9fctQGe11xmmBuOAMfkLdS7rQN-D-Y\" rel=\"noopener\" data-raofz=\"16\">Resolu\u00e7\u00e3o 05\/2014<\/a>, do Conselho\u00a0de Ensino, Pesquisa e Extens\u00e3o \u2013 CONSEPE.<\/p>\n<h2 data-raofz=\"16\"><strong>Tutoriais<\/strong><\/h2>\n<p><a href=\"https:\/\/portal.uern.br\/paudosferros\/letraslinguaportuguesa\/wp-content\/uploads\/sites\/8\/2023\/11\/SiGAA_Tutorial_de_cadastro_e_recuperacao_de_login_e_senha_PARA_ESTUDANTES.pdf\">TUTORIAL DE CADASTRO E RECUPERA\u00c7\u00c3O DE LOGIN E SENHA<\/a><\/p>\n<p><a href=\"https:\/\/portal.uern.br\/paudosferros\/letraslinguaportuguesa\/wp-content\/uploads\/sites\/8\/2023\/11\/SIGAA___Matricula_Discente__atualizado_em_19_04_2023_.pdf\">TUTORIAL \u2013 MATR\u00cdCULA DISCENTE \u2013 SIGAA<\/a><\/p>\n<h2 class=\"elementor-heading-title elementor-size-default\" data-raofz=\"40\">Calend\u00e1rio Universit\u00e1rio<\/h2>\n<p><a role=\"link\" href=\"https:\/\/portal.uern.br\/wp-content\/uploads\/2023\/01\/0976calenda%C2%A1rio_universitario_2023.pdf\" data-raofz=\"16\">Calend\u00e1rio Universit\u00e1rio 2023.1 e 2023.2 \u2013 RESOLU\u00c7\u00c3O N.\u00ba 91\/2022 \u2013 CONSEPE<\/a><\/p>\n<div class=\"elementor-element elementor-element-45c4df0f elementor-widget elementor-widget-theme-post-title elementor-page-title elementor-widget-heading\" data-id=\"45c4df0f\" data-element_type=\"widget\" data-widget_type=\"theme-post-title.default\">\n<div class=\"elementor-widget-container\">\n<h2 class=\"elementor-heading-title elementor-size-default\"><strong>Formul\u00e1rios<\/strong><\/h2>\n<\/div>\n<\/div>\n<div class=\"elementor-element elementor-element-77eacbfb elementor-widget elementor-widget-theme-post-content\" data-id=\"77eacbfb\" data-element_type=\"widget\" data-widget_type=\"theme-post-content.default\">\n<div class=\"elementor-widget-container\">\n<p><a href=\"http:\/\/portal.uern.br\/wordpress\/proeg\/dirca\/wp-content\/uploads\/sites\/2\/2022\/10\/2788solicitaa%E2%80%A1a%C6%92o_de_emissa%C6%92o_de_documento_acadasmico_aE_aluno_matriculado_02.pdf\">Solicita\u00e7\u00e3o e Emiss\u00e3o de Documentos\u00a0<\/a><\/p>\n<p><a href=\"http:\/\/portal.uern.br\/wordpress\/proeg\/dirca\/wp-content\/uploads\/sites\/2\/2022\/10\/2788solicitaa%E2%80%A1a%C6%92o_de_documento_arquivado_na_dirca.pdf\">Solicita\u00e7\u00e3o de Documentos Arquivados na DIRCA<\/a><\/p>\n<p><a href=\"http:\/\/portal.uern.br\/wordpress\/proeg\/dirca\/wp-content\/uploads\/sites\/2\/2022\/10\/2788requerimento_de_colacao_de_grau_extraordinaria.pdf\">Requerimento de Cola\u00e7\u00e3o de Grau Extraordin\u00e1ria<\/a><\/p>\n<p><a href=\"http:\/\/portal.uern.br\/wordpress\/proeg\/dirca\/wp-content\/uploads\/sites\/2\/2022\/10\/2788requerimento_de_alteracao_de_nome.pdf\">Requerimento Altera\u00e7\u00e3o de Nome<\/a><\/p>\n<p><a href=\"http:\/\/portal.uern.br\/wordpress\/proeg\/dirca\/wp-content\/uploads\/sites\/2\/2022\/10\/2788requerimento_de_alteracao_de_nome-1.pdf\">Requerimento de Diplomas<\/a><\/p>\n<p><a href=\"http:\/\/portal.uern.br\/wordpress\/proeg\/dirca\/wp-content\/uploads\/sites\/2\/2022\/10\/2788requerimento_de_regime_do_exercicio_domiciliar.pdf\">Requerimento Exerc\u00edcio Domiciliar<\/a><\/p>\n<p><a href=\"http:\/\/portal.uern.br\/wordpress\/proeg\/dirca\/wp-content\/uploads\/sites\/2\/2022\/10\/2788solicitacao_de_diploma.pdf\">Solicita\u00e7\u00e3o de Diploma<\/a><\/p>\n<\/div>\n<\/div>\n","protected":false},"excerpt":{"rendered":"<p>GUIA DO ESTUDANTE O MANUAL DO ESTUDANTE visa orientar toda a vida acad\u00eamica do estudante da Universidade do Estado do Rio Grande do Norte \u2013 UERN. No Manual est\u00e3o enfocados as normas e procedimentos para ingresso, matr\u00edcula, movimenta\u00e7\u00e3o interna, atividades esportivas, faltas, aproveitamento de estudos, avalia\u00e7\u00e3o, desligamento, monitoria, recursos de decis\u00e3o de Colegiado Superior e [&hellip;]<\/p>\n","protected":false},"author":5,"featured_media":0,"parent":0,"menu_order":0,"comment_status":"closed","ping_status":"closed","template":"","meta":{"footnotes":""},"class_list":["post-1430","page","type-page","status-publish","hentry"],"_links":{"self":[{"href":"https:\/\/portal.uern.br\/paudosferros\/dlv\/wp-json\/wp\/v2\/pages\/1430","targetHints":{"allow":["GET"]}}],"collection":[{"href":"https:\/\/portal.uern.br\/paudosferros\/dlv\/wp-json\/wp\/v2\/pages"}],"about":[{"href":"https:\/\/portal.uern.br\/paudosferros\/dlv\/wp-json\/wp\/v2\/types\/page"}],"author":[{"embeddable":true,"href":"https:\/\/portal.uern.br\/paudosferros\/dlv\/wp-json\/wp\/v2\/users\/5"}],"replies":[{"embeddable":true,"href":"https:\/\/portal.uern.br\/paudosferros\/dlv\/wp-json\/wp\/v2\/comments?post=1430"}],"version-history":[{"count":3,"href":"https:\/\/portal.uern.br\/paudosferros\/dlv\/wp-json\/wp\/v2\/pages\/1430\/revisions"}],"predecessor-version":[{"id":1440,"href":"https:\/\/portal.uern.br\/paudosferros\/dlv\/wp-json\/wp\/v2\/pages\/1430\/revisions\/1440"}],"wp:attachment":[{"href":"https:\/\/portal.uern.br\/paudosferros\/dlv\/wp-json\/wp\/v2\/media?parent=1430"}],"curies":[{"name":"wp","href":"https:\/\/api.w.org\/{rel}","templated":true}]}}