{"id":1005,"date":"2023-10-27T09:30:17","date_gmt":"2023-10-27T12:30:17","guid":{"rendered":"https:\/\/portal.uern.br\/paudosferros\/dlv\/?page_id=1005"},"modified":"2024-04-05T19:49:41","modified_gmt":"2024-04-05T22:49:41","slug":"edital-n125-2023-dead-fuern-inscricoes-para-o-curso-de-letras-libras","status":"publish","type":"page","link":"https:\/\/portal.uern.br\/paudosferros\/dlv\/graduacao-em-letras-libras-ead\/edital-n125-2023-dead-fuern-inscricoes-para-o-curso-de-letras-libras\/","title":{"rendered":"Editais e Sele\u00e7\u00f5es do Curso de Letras LIBRAS"},"content":{"rendered":"<p><a href=\"https:\/\/portal.uern.br\/paudosferros\/dlv\/wp-content\/uploads\/sites\/12\/2024\/04\/Edital-n\u00b0063.2024-TERCEIRA-chamada-PSEEAD-LIBRAS-e-SPI-2023.pdf\" target=\"_blank\" rel=\"noopener\">EDITAL N\u00ba 063\/2024 \u2013 DEAD\/FUERN &#8211; Terceira Chamada<\/a><\/p>\n<p><a href=\"https:\/\/portal.uern.br\/paudosferros\/dlv\/wp-content\/uploads\/sites\/12\/2024\/03\/Edital-n\u00b0051.2024-Segunda-chamada-PSEEAD-LIBRAS-2023-1.pdf\" target=\"_blank\" rel=\"noopener\">EDITAL N\u00ba 051\/2024 \u2013 DEAD\/FUERN &#8211; Segunda Chamada<\/a><\/p>\n<p><a href=\"https:\/\/portal.uern.br\/paudosferros\/dlv\/wp-content\/uploads\/sites\/12\/2023\/12\/Edital-n\u00b0189.2023-Resultado-Final-PSEEAD-II-2023.pdf\" target=\"_blank\" rel=\"noopener\">EDITAL 189\/2023 &#8211; DEaD\/FUERN &#8211; RESULTADO FINAL<\/a><\/p>\n<p>\u21d2 ANEXO II DO EDITAL N\u00b0189.2023 \u2013\u00a0<mark class=\"has-inline-color has-vivid-cyan-blue-color\"><a href=\"https:\/\/dead.uern.br\/wp-content\/uploads\/2023\/12\/anexo-II.pdfff_.pdf\" target=\"_blank\" rel=\"noopener\">CLIQUE AQUI\u00a0<\/a><\/mark>\u2013 Documenta\u00e7\u00e3o necess\u00e1ria para a matr\u00edcula \u2013 08\/01\/2024 e 26\/01\/2024.<\/p>\n<p><a href=\"https:\/\/portal.uern.br\/paudosferros\/dlv\/wp-content\/uploads\/sites\/12\/2023\/12\/Edital-n\u00b0187.2023-Resultado-dos-recursos-PSEEAD-II-2023-1.pdf\" target=\"_blank\" rel=\"noopener\">EDITAL 187\/2023 &#8211; DEaD\/FUERN &#8211; RESULTADO DOS RECURSOS CONTRA O RESULTADO PRELIMINAR<\/a><\/p>\n<p><a href=\"https:\/\/portal.uern.br\/paudosferros\/dlv\/wp-content\/uploads\/sites\/12\/2023\/11\/Edital-n\u00b0184.2023-Resultado-Preliminar-RETIFICADO-PSEEAD-II-2023-1.pdf\" target=\"_blank\" rel=\"noopener\"><span class=\"fontstyle0\">EDITAL N\u00b0 184\/2023 &#8211; DEaD\/FUERN &#8211; Resultado Preliminar Retificado<\/span><\/a><\/p>\n<p><span class=\"fontstyle0\"><a href=\"https:\/\/portal.uern.br\/paudosferros\/dlv\/wp-content\/uploads\/sites\/12\/2023\/11\/Edital-n\u00b0179.2023-Resultado-Banca-Heteroidentificacao-PSEEAD-2023-II-PPI.pdf\" target=\"_blank\" rel=\"noopener\">EDITAL N\u00b0 182\/2023 &#8211; DEaD\/FUERN &#8211; Resultado Preliminar<\/a> &#8211; ATEN\u00c7\u00c3O: Candidatos(as)\u00a0AC, PPI e PCD\u00a0\u2013 Retifica\u00e7\u00e3o das notas do ENEM realizada por meio do\u00a0Edital N\u00b0 184.2023)<\/span><\/p>\n<p><a href=\"https:\/\/portal.uern.br\/paudosferros\/dlv\/wp-content\/uploads\/sites\/12\/2023\/11\/Edital-n\u00b0179.2023-Resultado-Banca-Heteroidentificacao-PSEEAD-2023-II-PPI.pdf\" target=\"_blank\" rel=\"noopener\"><span class=\"fontstyle0\">EDITAL N\u00b0 180\/2023 &#8211; DEaD\/FUERN &#8211; Resultado de Per\u00edcia PCD<\/span><\/a><\/p>\n<p><a href=\"https:\/\/portal.uern.br\/paudosferros\/dlv\/wp-content\/uploads\/sites\/12\/2023\/11\/Edital-n\u00b0179.2023-Resultado-Banca-Heteroidentificacao-PSEEAD-2023-II-PPI.pdf\" target=\"_blank\" rel=\"noopener\"><span class=\"fontstyle0\">EDITAL N\u00b0 179\/2023 &#8211; DEaD\/FUERN &#8211; Resultado da Banca de Heteroidentifica\u00e7\u00e3o<\/span><\/a><\/p>\n<p><a href=\"http:\/\/www.uern.br\/controledepaginas\/portal-EDITAL125.2023\/arquivos\/7367edital_na\u00b0161.2023_convocacao_de_pcds_para_pericia_pseead_ii_2023.pdf\" target=\"_blank\" rel=\"noopener\">EDITAL N\u00ba 161\/2023 &#8211; DEAD\/FUERN &#8211; Convoca\u00e7\u00e3o de PCDs para per\u00edcia<\/a><\/p>\n<p><a href=\"http:\/\/www.uern.br\/controledepaginas\/portal-EDITAL125.2023\/arquivos\/7367edital_na\u00b0160.2023_retificacao_cronograma_pseead_ii_2023.pdf\" target=\"_blank\" rel=\"noopener\">EDITAL N\u00ba 160\/2023 &#8211; DEAD\/FUERN &#8211; Retifica\u00e7\u00e3o do cronograma<\/a><\/p>\n<p><a href=\"http:\/\/www.uern.br\/controledepaginas\/portal-EDITAL125.2023\/arquivos\/7367edital_na\u00b0155.2023_resultado_de_recursos_das_inscricoes_pseead_ll_e_spi.pdf\" target=\"_blank\" rel=\"noopener\">EDITAL N\u00ba 155\/2023 &#8211; DEAD\/FUERN &#8211; Resultados dos recursos e situa\u00e7\u00e3o das incri\u00e7\u00f5es<\/a><\/p>\n<p><a href=\"http:\/\/www.uern.br\/controledepaginas\/portal-EDITAL125.2023\/arquivos\/7367edital_na\u00b0148.2023_homologacao_das_inscricoes_discentes_pseead_ii_2023.pdf\" target=\"_blank\" rel=\"noopener\">EDITAL N\u00ba 148\/2023 \u2013 DEAD\/FUERN &#8211; Homologa\u00e7\u00e3o das inscri\u00e7\u00f5es<\/a><\/p>\n<p><a href=\"http:\/\/www.uern.br\/controledepaginas\/portal-EDITAL125.2023\/arquivos\/7367edital_na\u00b0125.2023.pseead_unificado___libras.pdf\" target=\"_blank\" rel=\"noopener\"><span class=\"fontstyle0\">EDITAL N\u00b0125\/2023 &#8211; DEaD\/FUERN &#8211; Inscri\u00e7\u00f5es para o Processo Seletivo Especial em Educa\u00e7\u00e3o a Dist\u00e2ncia (PSEEaD-II) 2023, para ingresso no Curso de Licenciatura em Letras \u2013 LIBRAS.<br \/>\n<\/span><\/a><\/p>\n<p><strong>Informa\u00e7\u00f5es sobre sele\u00e7\u00f5es e editais basta clicar no link abaixo e fazer a pesquisa:<\/strong><\/p>\n<p><a href=\"https:\/\/dead.uern.br\/selecoes\/\" target=\"_blank\" rel=\"noopener\">https:\/\/dead.uern.br\/selecoes\/<\/a><\/p>\n","protected":false},"excerpt":{"rendered":"<p>EDITAL N\u00ba 063\/2024 \u2013 DEAD\/FUERN &#8211; Terceira Chamada EDITAL N\u00ba 051\/2024 \u2013 DEAD\/FUERN &#8211; Segunda Chamada EDITAL 189\/2023 &#8211; DEaD\/FUERN &#8211; RESULTADO FINAL \u21d2 ANEXO II DO EDITAL N\u00b0189.2023 \u2013\u00a0CLIQUE AQUI\u00a0\u2013 Documenta\u00e7\u00e3o necess\u00e1ria para a matr\u00edcula \u2013 08\/01\/2024 e 26\/01\/2024. EDITAL 187\/2023 &#8211; DEaD\/FUERN &#8211; RESULTADO DOS RECURSOS CONTRA O RESULTADO PRELIMINAR EDITAL N\u00b0 184\/2023 [&hellip;]<\/p>\n","protected":false},"author":18,"featured_media":0,"parent":310,"menu_order":0,"comment_status":"closed","ping_status":"closed","template":"","meta":{"footnotes":""},"class_list":["post-1005","page","type-page","status-publish","hentry"],"_links":{"self":[{"href":"https:\/\/portal.uern.br\/paudosferros\/dlv\/wp-json\/wp\/v2\/pages\/1005","targetHints":{"allow":["GET"]}}],"collection":[{"href":"https:\/\/portal.uern.br\/paudosferros\/dlv\/wp-json\/wp\/v2\/pages"}],"about":[{"href":"https:\/\/portal.uern.br\/paudosferros\/dlv\/wp-json\/wp\/v2\/types\/page"}],"author":[{"embeddable":true,"href":"https:\/\/portal.uern.br\/paudosferros\/dlv\/wp-json\/wp\/v2\/users\/18"}],"replies":[{"embeddable":true,"href":"https:\/\/portal.uern.br\/paudosferros\/dlv\/wp-json\/wp\/v2\/comments?post=1005"}],"version-history":[{"count":14,"href":"https:\/\/portal.uern.br\/paudosferros\/dlv\/wp-json\/wp\/v2\/pages\/1005\/revisions"}],"predecessor-version":[{"id":1532,"href":"https:\/\/portal.uern.br\/paudosferros\/dlv\/wp-json\/wp\/v2\/pages\/1005\/revisions\/1532"}],"up":[{"embeddable":true,"href":"https:\/\/portal.uern.br\/paudosferros\/dlv\/wp-json\/wp\/v2\/pages\/310"}],"wp:attachment":[{"href":"https:\/\/portal.uern.br\/paudosferros\/dlv\/wp-json\/wp\/v2\/media?parent=1005"}],"curies":[{"name":"wp","href":"https:\/\/api.w.org\/{rel}","templated":true}]}}