{"id":942,"date":"2023-08-11T18:29:25","date_gmt":"2023-08-11T21:29:25","guid":{"rendered":"https:\/\/portal.uern.br\/paudosferros\/dle\/?page_id=942"},"modified":"2026-01-27T08:33:22","modified_gmt":"2026-01-27T11:33:22","slug":"lingua-inglesa","status":"publish","type":"page","link":"https:\/\/portal.uern.br\/paudosferros\/dle\/lingua-inglesa\/","title":{"rendered":"Relat\u00f3rios de Avalia\u00e7\u00e3o Interna"},"content":{"rendered":"<p style=\"text-align: justify\">A partir dos dados da Avalia\u00e7\u00e3o Institucional realizada pela Comiss\u00e3o Pr\u00f3pria de Avalia\u00e7\u00e3o (CPA) e pela Assessoria de Avalia\u00e7\u00e3o Instituciona (AAI), as Comiss\u00f5es Setoriais de Avalia\u00e7\u00e3o (COSEs) dos Cursos de Letras L\u00edngua Inglesa e Letras L\u00edngua Espanhola elaboram os Relat\u00f3rios de Avalia\u00e7\u00e3o Interna conforme disponibilizados abaixo:<\/p>\n<p><strong>2021.1 &#8211; <\/strong><a href=\"https:\/\/portal.uern.br\/paudosferros\/dle\/wp-content\/uploads\/sites\/2\/2023\/08\/Relatorio-COSE-2021.1-04410210.000185202284.pdf\">L\u00edngua Inglesa<\/a> <strong>\u00a6<\/strong> <a href=\"https:\/\/portal.uern.br\/paudosferros\/dle\/wp-content\/uploads\/sites\/2\/2023\/08\/Relatorio-COSE-2021.1.pdf\">L\u00edngua Espanhola<\/a><\/p>\n<p><strong>2021.2 &#8211;<\/strong> <a href=\"https:\/\/portal.uern.br\/paudosferros\/dle\/wp-content\/uploads\/sites\/2\/2023\/08\/Relatorio-COSE-INGLES-2021.2.pdf\">L\u00edngua Inglesa<\/a> \u00a6 <a href=\"https:\/\/portal.uern.br\/paudosferros\/dle\/wp-content\/uploads\/sites\/2\/2023\/08\/RELATORIO-COSE-2021.2-ESPANHOL.pdf\">L\u00edngua Espanhola<\/a><\/p>\n<p><strong>2022.1 &#8211; <\/strong><a href=\"https:\/\/portal.uern.br\/paudosferros\/dle\/wp-content\/uploads\/sites\/2\/2023\/08\/Relatorio-COSE-INGLES-2022.1.pdf\">L\u00edngua Inglesa<\/a> \u00a6 <a href=\"https:\/\/portal.uern.br\/paudosferros\/dle\/wp-content\/uploads\/sites\/2\/2023\/08\/Relatorio-COSE-2022.1-Espanhol.pdf\">L\u00edngua Espanhola<\/a><\/p>\n<p><strong>2022.2 &#8211;<\/strong> <a href=\"https:\/\/portal.uern.br\/paudosferros\/dle\/wp-content\/uploads\/sites\/2\/2023\/08\/Relatorio_COSE_2022.2_INGLES.pdf\">L\u00edngua Inglesa<\/a> \u00a6 <a href=\"https:\/\/portal.uern.br\/paudosferros\/dle\/wp-content\/uploads\/sites\/2\/2023\/08\/Relatorio-COSE-2022.2-Espanhol.pdf\">L\u00edngua Espanhola<\/a><\/p>\n<p><strong>2023.1 e 2023.2 &#8211;<\/strong> <a href=\"https:\/\/portal.uern.br\/paudosferros\/dle\/wp-content\/uploads\/sites\/2\/2024\/06\/COSE___Relatorio_Analitico_2023.1-e-2023.2___Curso_de_Lingua_Inglesa___CAPF.pdf\">L\u00edngua Inglesa<\/a> \u00a6 <a href=\"https:\/\/portal.uern.br\/paudosferros\/dle\/wp-content\/uploads\/sites\/2\/2024\/06\/COSE_ESPANHOL_2023.1-e-2023.2____RELATORIO_ANALITICO__.pdf\">L\u00edngua Espanhola<\/a><\/p>\n<p><strong>2024.1 &#8211;<\/strong> <a href=\"https:\/\/portal.uern.br\/paudosferros\/dle\/wp-content\/uploads\/sites\/2\/2025\/03\/RELATR1.pdf\">L\u00edngua Inglesa<\/a> \u00a6<a href=\"https:\/\/portal.uern.br\/paudosferros\/dle\/wp-content\/uploads\/sites\/2\/2025\/03\/COSE_E1.pdf\"> L\u00edngua Espanhola<\/a><\/p>\n<p><strong>2024.2 &#8211;<\/strong> <a href=\"https:\/\/portal.uern.br\/paudosferros\/dle\/wp-content\/uploads\/sites\/2\/2025\/03\/COSE-Relatorio-Analitico-2024-Curso-de-Lingua-Inglesa-CAPF-1.pdf\">L\u00edngua Inglesa<\/a> \u00a6 <a href=\"https:\/\/portal.uern.br\/paudosferros\/dle\/wp-content\/uploads\/sites\/2\/2025\/03\/COSELN1.pdf\">L\u00edngua Espanhola<\/a><\/p>\n<p><strong>2025.1 &#8211;<\/strong> <a href=\"https:\/\/portal.uern.br\/paudosferros\/dle\/wp-content\/uploads\/sites\/2\/2026\/01\/Relatorio-COSE-Curso-de-Lingua-Inglesa-2025.1.pdf\">L\u00edngua Inglesa<\/a> \u00a6 <a href=\"https:\/\/portal.uern.br\/paudosferros\/dle\/wp-content\/uploads\/sites\/2\/2026\/01\/estes-COSE-ESPANHOL-CAPF-TEMPLATE-RELATORIO-SINTETICO.novo-2025.1_-2.pdf\">L\u00edngua Espanhola<\/a><\/p>\n<hr \/>\n<p style=\"text-align: justify\"><span style=\"font-family: georgia, palatino, serif;font-size: 10pt\"><em>Relat\u00f3rios anteriores a 2021 podem ser consultados na p\u00e1gina da AAI &#8211; Assessoria de Avalia\u00e7\u00e3o insttucional atrav\u00e9s do link: <a href=\"https:\/\/portal.uern.br\/aai\/relatorios-de-avaliacao-interna-semestral\/\">https:\/\/portal.uern.br\/aai\/relatorios-de-avaliacao-interna-semestral\/<\/a><\/em><\/span><\/p>\n","protected":false},"excerpt":{"rendered":"<p>A partir dos dados da Avalia\u00e7\u00e3o Institucional realizada pela Comiss\u00e3o Pr\u00f3pria de Avalia\u00e7\u00e3o (CPA) e pela Assessoria de Avalia\u00e7\u00e3o Instituciona (AAI), as Comiss\u00f5es Setoriais de Avalia\u00e7\u00e3o (COSEs) dos Cursos de Letras L\u00edngua Inglesa e Letras L\u00edngua Espanhola elaboram os Relat\u00f3rios de Avalia\u00e7\u00e3o Interna conforme disponibilizados abaixo: 2021.1 &#8211; L\u00edngua Inglesa \u00a6 L\u00edngua Espanhola 2021.2 &#8211; [&hellip;]<\/p>\n","protected":false},"author":10,"featured_media":0,"parent":0,"menu_order":0,"comment_status":"closed","ping_status":"closed","template":"","meta":{"footnotes":""},"class_list":["post-942","page","type-page","status-publish","hentry"],"_links":{"self":[{"href":"https:\/\/portal.uern.br\/paudosferros\/dle\/wp-json\/wp\/v2\/pages\/942","targetHints":{"allow":["GET"]}}],"collection":[{"href":"https:\/\/portal.uern.br\/paudosferros\/dle\/wp-json\/wp\/v2\/pages"}],"about":[{"href":"https:\/\/portal.uern.br\/paudosferros\/dle\/wp-json\/wp\/v2\/types\/page"}],"author":[{"embeddable":true,"href":"https:\/\/portal.uern.br\/paudosferros\/dle\/wp-json\/wp\/v2\/users\/10"}],"replies":[{"embeddable":true,"href":"https:\/\/portal.uern.br\/paudosferros\/dle\/wp-json\/wp\/v2\/comments?post=942"}],"version-history":[{"count":27,"href":"https:\/\/portal.uern.br\/paudosferros\/dle\/wp-json\/wp\/v2\/pages\/942\/revisions"}],"predecessor-version":[{"id":2301,"href":"https:\/\/portal.uern.br\/paudosferros\/dle\/wp-json\/wp\/v2\/pages\/942\/revisions\/2301"}],"wp:attachment":[{"href":"https:\/\/portal.uern.br\/paudosferros\/dle\/wp-json\/wp\/v2\/media?parent=942"}],"curies":[{"name":"wp","href":"https:\/\/api.w.org\/{rel}","templated":true}]}}