{"id":940,"date":"2023-08-11T18:29:03","date_gmt":"2023-08-11T21:29:03","guid":{"rendered":"https:\/\/portal.uern.br\/paudosferros\/dle\/?page_id=940"},"modified":"2024-09-18T21:17:03","modified_gmt":"2024-09-19T00:17:03","slug":"cose","status":"publish","type":"page","link":"https:\/\/portal.uern.br\/paudosferros\/dle\/cose\/","title":{"rendered":"COSE"},"content":{"rendered":"<h4 style=\"text-align: justify\">Compet\u00eancias das\u00a0Comiss\u00f5es Setoriais de Avalia\u00e7\u00e3o &#8211; COSEs<\/h4>\n<p style=\"text-align: justify\">Em cumprimento ao Regimento Interno da CPA, em seu Art. 21 &#8211; &#8220;Compete \u00e0s Comiss\u00f5es Setoriais de Avalia\u00e7\u00e3o &#8211; COSEs&#8221;:<\/p>\n<p style=\"text-align: justify\">\u00a0I.\u00a0 \u00a0 \u00a0 \u00a0 \u00a0Sensibilizar a comunidade acad\u00eamica do registro \u00f3rg\u00e3o para os processos de avalia\u00e7\u00e3o institucional;<\/p>\n<p style=\"text-align: justify\">\u00a0II.\u00a0 \u00a0 \u00a0 \u00a0 Desenvolver o processo de autoavalia\u00e7\u00e3o no \u00f3rg\u00e3o, conforme o\u00a0 projeto de autoavalia\u00e7\u00e3o da Unidade e orienta\u00e7\u00f5es da Comiss\u00e3o Pr\u00f3pria de Avalia\u00e7\u00e3o &#8211; CPA\/UERN;<\/p>\n<p style=\"text-align: justify\">III.\u00a0 \u00a0 \u00a0 \u00a0 Organizar reuni\u00f5es sistem\u00e1ticas para desenvolver suas atividades;<\/p>\n<p style=\"text-align: justify\">IV.\u00a0 \u00a0 \u00a0 \u00a0 Sistematizar e prestar as informa\u00e7\u00f5es solicitadas pela Comiss\u00e3o Pr\u00f3pria de Avalia\u00e7\u00e3o &#8211; CPA\/UERN;<\/p>\n<p style=\"text-align: justify\">V.\u00a0\u00a0\u00a0\u00a0\u00a0\u00a0\u00a0\u00a0\u00a0 Ao fim de cada semestre, a COSE dever\u00e1 apresentar \u00e0 CPA\/UERN relat\u00f3rio das atividades realizadas, conforme modelo procedente da pr\u00f3pria CPA\/UERN.&#8221;<\/p>\n","protected":false},"excerpt":{"rendered":"<p>Compet\u00eancias das\u00a0Comiss\u00f5es Setoriais de Avalia\u00e7\u00e3o &#8211; COSEs Em cumprimento ao Regimento Interno da CPA, em seu Art. 21 &#8211; &#8220;Compete \u00e0s Comiss\u00f5es Setoriais de Avalia\u00e7\u00e3o &#8211; COSEs&#8221;: \u00a0I.\u00a0 \u00a0 \u00a0 \u00a0 \u00a0Sensibilizar a comunidade acad\u00eamica do registro \u00f3rg\u00e3o para os processos de avalia\u00e7\u00e3o institucional; \u00a0II.\u00a0 \u00a0 \u00a0 \u00a0 Desenvolver o processo de autoavalia\u00e7\u00e3o no \u00f3rg\u00e3o, [&hellip;]<\/p>\n","protected":false},"author":10,"featured_media":0,"parent":0,"menu_order":0,"comment_status":"closed","ping_status":"closed","template":"","meta":{"footnotes":""},"class_list":["post-940","page","type-page","status-publish","hentry"],"_links":{"self":[{"href":"https:\/\/portal.uern.br\/paudosferros\/dle\/wp-json\/wp\/v2\/pages\/940","targetHints":{"allow":["GET"]}}],"collection":[{"href":"https:\/\/portal.uern.br\/paudosferros\/dle\/wp-json\/wp\/v2\/pages"}],"about":[{"href":"https:\/\/portal.uern.br\/paudosferros\/dle\/wp-json\/wp\/v2\/types\/page"}],"author":[{"embeddable":true,"href":"https:\/\/portal.uern.br\/paudosferros\/dle\/wp-json\/wp\/v2\/users\/10"}],"replies":[{"embeddable":true,"href":"https:\/\/portal.uern.br\/paudosferros\/dle\/wp-json\/wp\/v2\/comments?post=940"}],"version-history":[{"count":6,"href":"https:\/\/portal.uern.br\/paudosferros\/dle\/wp-json\/wp\/v2\/pages\/940\/revisions"}],"predecessor-version":[{"id":1818,"href":"https:\/\/portal.uern.br\/paudosferros\/dle\/wp-json\/wp\/v2\/pages\/940\/revisions\/1818"}],"wp:attachment":[{"href":"https:\/\/portal.uern.br\/paudosferros\/dle\/wp-json\/wp\/v2\/media?parent=940"}],"curies":[{"name":"wp","href":"https:\/\/api.w.org\/{rel}","templated":true}]}}