{"id":920,"date":"2023-08-11T16:56:24","date_gmt":"2023-08-11T19:56:24","guid":{"rendered":"https:\/\/portal.uern.br\/paudosferros\/dle\/?page_id=920"},"modified":"2026-04-27T20:16:20","modified_gmt":"2026-04-27T23:16:20","slug":"projetos-de-fluxo-continuo","status":"publish","type":"page","link":"https:\/\/portal.uern.br\/paudosferros\/dle\/projetos-de-fluxo-continuo\/","title":{"rendered":"Pesquisas em Fluxo Cont\u00ednuo"},"content":{"rendered":"<p><strong>Edital n\u00b0 023\/2022 &#8211; PROPEG\/UERN<\/strong><\/p>\n<p><strong>Projeto 1 (2021):<\/strong> Pelo vi\u00e9s da tradu\u00e7\u00e3o intersemi\u00f3tica: o processo de fabula\u00e7\u00e3o da personagem em The Power of the Dog<\/p>\n<p>Prof. respons\u00e1vel: Evaldo Gondim dos Santos<\/p>\n<p>Discentes participantes: Aliny Vitoria de Aquino Souza; Dayane Nic\u00e1cio Neres; Lav\u00ednia de Queiroz Fontes; Luiz Fernando Ferreira da Silva.<\/p>\n<p><strong>Projeto 2 (2025):<\/strong> A avalia\u00e7\u00e3o escrita em aulas de l\u00edngua espanhola no ensino presencial e no ensino h\u00edbrido<\/p>\n<p>Profa. respons\u00e1vel: Tatiana Louren\u00e7o de Carvalho<\/p>\n<p>Discentes participantes: Anderson Gomes Freire; Clebeson Martins de Souza; Elis\u00e2ngela Queiroz da Silva.<\/p>\n<p><strong>Projeto 3 (2025-2026):<\/strong> Audiodescri\u00e7\u00e3o como estrat\u00e9gia de produ\u00e7\u00e3o de textos verbo-visuais no ensino da linguagem: em estudo o g\u00eanero meme<\/p>\n<p>Profa. respons\u00e1vel: Edilene Rodrigues Barbosa<\/p>\n<p>Discentes participantes: Francisca Adryelly de Oliveira; Ruan Pablo da Silva de Lima; Elis\u00e2ngela Queiroz da Silva; Edney Tomaz de Sousa; Edinete de Sousa Silva.<\/p>\n<hr \/>\n<p><strong>Edital n\u00b0 004\/2021 &#8211; PROPEG\/UERN<\/strong><\/p>\n<p><strong>Projeto 1:<\/strong> O papel da met\u00e1fora da pureza moral no discurso da extrema direita<\/p>\n<p>Prof. respons\u00e1vel: Francisco Marcos de Oliveira Luz<\/p>\n<p>Discentes participantes: Sofia Gomes da Silva<\/p>\n<p><strong>Projeto 2:<\/strong> O frame moral nas par\u00e1bolas de Jesus Cristo no Evangelho de Lucas<\/p>\n<p>Prof. respons\u00e1vel: Francisco Marcos de Oliveira Luz<\/p>\n<p>Discentes participantes: J\u00falia Oliveira Vilar de Melo; Maria Cristina Fernandes Rocha; Maria Iara Pereira Lemos<\/p>\n<p><strong>Projeto 3:<\/strong> Usos do verbo \u201cter\u201d em monografias de Letras: um estudo sist\u00eamico-funcional<\/p>\n<p>Prof. respons\u00e1vel: Francisco Roberto da Silva Santos<\/p>\n<p>Discentes participantes: Clara Milena Lopes Feitosa; Jennifer Tavares da Silva<\/p>\n<hr \/>\n<p><strong>Edital n\u00b0 004\/2020 &#8211; PROPEG\/UERN<\/strong><\/p>\n<p><strong>Projeto:<\/strong> Uma an\u00e1lise cognitivista da moralidade de Jesus Cristo atrav\u00e9s de suas par\u00e1bolas<\/p>\n<p>Prof. respons\u00e1vel: Francisco Marcos de Oliveira Luz<\/p>\n<p>Discentes participantes: Sofia Gomes da Silva; Tawan Oliveira Teixeira<\/p>\n<hr \/>\n<p><strong>Edital n\u00b0 002\/2019 &#8211; PROPEG\/UERN<\/strong><\/p>\n<p><strong>Projeto:<\/strong> Audiodescri\u00e7\u00e3o no ensino de l\u00edngua espanhola: aplica\u00e7\u00e3o dos gestos emblem\u00e1ticos no ensino e aprendizagem de ELE<\/p>\n<p>Profa. respons\u00e1vel: Edilene Rodrigues Barbosa<\/p>\n<p>Discentes participantes: Maria Alice Pereira da Silva; Rafaela Rocha e Silva<\/p>\n<hr \/>\n<p><strong>Edital n\u00b0 004\/2018 &#8211; PROPEG\/UERN<\/strong><\/p>\n<p>N\u00e3o houveram projetos submetidos a este edital.<\/p>\n<hr \/>\n<p><strong>Edital n\u00b0 001\/2017- PROPEG\/UERN<\/strong><\/p>\n<p>N\u00e3o houveram projetos submetidos a este edital.<\/p>\n<hr \/>\n<p style=\"text-align: justify\"><strong>Edital n\u00ba 006\/2015 &#8211; PROPEG\/UERN<\/strong><\/p>\n<p><strong>Projeto:<\/strong> Ondjaki: mem\u00f3rias de uma inf\u00e2ncia em Angola<\/p>\n<p>Profa. respons\u00e1vel: Conc\u00edsia Lopes dos Santos<\/p>\n<p>Discentes participantes: Cl\u00e9cia Viviane Elias da Silva; Geovani Jos\u00e9 da Silva<\/p>\n<hr \/>\n<p><span style=\"font-size: 10pt\"><em><strong>*<\/strong>Outras informa\u00e7\u00f5es podem ser solicitadas ao Departamento de Letras Estrangeiras do Campus Avan\u00e7ado de Pau dos Ferros atrav\u00e9s do e-mail:\u00a0 dle_pferros@uern.br.<\/em><\/span><\/p>\n","protected":false},"excerpt":{"rendered":"<p>Edital n\u00b0 023\/2022 &#8211; PROPEG\/UERN Projeto 1 (2021): Pelo vi\u00e9s da tradu\u00e7\u00e3o intersemi\u00f3tica: o processo de fabula\u00e7\u00e3o da personagem em The Power of the Dog Prof. respons\u00e1vel: Evaldo Gondim dos Santos Discentes participantes: Aliny Vitoria de Aquino Souza; Dayane Nic\u00e1cio Neres; Lav\u00ednia de Queiroz Fontes; Luiz Fernando Ferreira da Silva. Projeto 2 (2025): A avalia\u00e7\u00e3o [&hellip;]<\/p>\n","protected":false},"author":10,"featured_media":0,"parent":0,"menu_order":0,"comment_status":"closed","ping_status":"closed","template":"","meta":{"footnotes":""},"class_list":["post-920","page","type-page","status-publish","hentry"],"_links":{"self":[{"href":"https:\/\/portal.uern.br\/paudosferros\/dle\/wp-json\/wp\/v2\/pages\/920","targetHints":{"allow":["GET"]}}],"collection":[{"href":"https:\/\/portal.uern.br\/paudosferros\/dle\/wp-json\/wp\/v2\/pages"}],"about":[{"href":"https:\/\/portal.uern.br\/paudosferros\/dle\/wp-json\/wp\/v2\/types\/page"}],"author":[{"embeddable":true,"href":"https:\/\/portal.uern.br\/paudosferros\/dle\/wp-json\/wp\/v2\/users\/10"}],"replies":[{"embeddable":true,"href":"https:\/\/portal.uern.br\/paudosferros\/dle\/wp-json\/wp\/v2\/comments?post=920"}],"version-history":[{"count":20,"href":"https:\/\/portal.uern.br\/paudosferros\/dle\/wp-json\/wp\/v2\/pages\/920\/revisions"}],"predecessor-version":[{"id":2341,"href":"https:\/\/portal.uern.br\/paudosferros\/dle\/wp-json\/wp\/v2\/pages\/920\/revisions\/2341"}],"wp:attachment":[{"href":"https:\/\/portal.uern.br\/paudosferros\/dle\/wp-json\/wp\/v2\/media?parent=920"}],"curies":[{"name":"wp","href":"https:\/\/api.w.org\/{rel}","templated":true}]}}