{"id":89,"date":"2023-01-31T15:42:45","date_gmt":"2023-01-31T18:42:45","guid":{"rendered":"http:\/\/beta.apps.uern.br\/wordpress\/paudosferros\/dle\/?page_id=89"},"modified":"2024-02-16T20:11:08","modified_gmt":"2024-02-16T23:11:08","slug":"home-laboratorio-de-linguistica-aplicada","status":"publish","type":"page","link":"https:\/\/portal.uern.br\/paudosferros\/dle\/home-laboratorio-de-linguistica-aplicada\/","title":{"rendered":"Home &#8211; Laborat\u00f3rio de Lingu\u00edstica Aplicada"},"content":{"rendered":"<p style=\"text-align: justify\">O LAB-LA tem como prop\u00f3sito atender a professores, t\u00e9cnicos e alunos do <em>Campus<\/em> Avan\u00e7ado de Pau dos Ferros &#8211; CAPF, servindo, prioritariamente, como espa\u00e7o de apoio para a realiza\u00e7\u00e3o de projetos de extens\u00e3o, projetos de pesquisa, aulas, cursos, atividades de car\u00e1ter pr\u00e1tico de disciplinas e suas monitorias, assim como, eventos acad\u00eamicos, que tratem dos estudos das linguagens humanas em todas as suas modalidades (verbais e n\u00e3o verbais) e nos mais diversos contextos sociais.<\/p>\n<p style=\"text-align: justify\"><a href=\"https:\/\/pnipe.mcti.gov.br\/laboratory\/20193\">P\u00e1gina do LAB-LA no PNIPE (Plataforma Nacional de Infraestrutura de Pesquisa) \u2013 MCTI<\/a><\/p>\n<p style=\"text-align: justify\"><a href=\"https:\/\/docs.google.com\/forms\/d\/14kjUjl8p9fE7v8uHCU3DpqTFZVp6dA59IjqJMR2kpPw\/edit\">Formul\u00e1rio de agendamento para uso do LAB-LA<\/a><\/p>\n","protected":false},"excerpt":{"rendered":"<p>O LAB-LA tem como prop\u00f3sito atender a professores, t\u00e9cnicos e alunos do Campus Avan\u00e7ado de Pau dos Ferros &#8211; CAPF, servindo, prioritariamente, como espa\u00e7o de apoio para a realiza\u00e7\u00e3o de projetos de extens\u00e3o, projetos de pesquisa, aulas, cursos, atividades de car\u00e1ter pr\u00e1tico de disciplinas e suas monitorias, assim como, eventos acad\u00eamicos, que tratem dos estudos [&hellip;]<\/p>\n","protected":false},"author":1,"featured_media":0,"parent":0,"menu_order":0,"comment_status":"closed","ping_status":"closed","template":"","meta":{"footnotes":""},"class_list":["post-89","page","type-page","status-publish","hentry"],"_links":{"self":[{"href":"https:\/\/portal.uern.br\/paudosferros\/dle\/wp-json\/wp\/v2\/pages\/89","targetHints":{"allow":["GET"]}}],"collection":[{"href":"https:\/\/portal.uern.br\/paudosferros\/dle\/wp-json\/wp\/v2\/pages"}],"about":[{"href":"https:\/\/portal.uern.br\/paudosferros\/dle\/wp-json\/wp\/v2\/types\/page"}],"author":[{"embeddable":true,"href":"https:\/\/portal.uern.br\/paudosferros\/dle\/wp-json\/wp\/v2\/users\/1"}],"replies":[{"embeddable":true,"href":"https:\/\/portal.uern.br\/paudosferros\/dle\/wp-json\/wp\/v2\/comments?post=89"}],"version-history":[{"count":6,"href":"https:\/\/portal.uern.br\/paudosferros\/dle\/wp-json\/wp\/v2\/pages\/89\/revisions"}],"predecessor-version":[{"id":1316,"href":"https:\/\/portal.uern.br\/paudosferros\/dle\/wp-json\/wp\/v2\/pages\/89\/revisions\/1316"}],"wp:attachment":[{"href":"https:\/\/portal.uern.br\/paudosferros\/dle\/wp-json\/wp\/v2\/media?parent=89"}],"curies":[{"name":"wp","href":"https:\/\/api.w.org\/{rel}","templated":true}]}}