{"id":85,"date":"2023-01-31T15:41:46","date_gmt":"2023-01-31T18:41:46","guid":{"rendered":"http:\/\/beta.apps.uern.br\/wordpress\/paudosferros\/dle\/?page_id=85"},"modified":"2024-09-18T21:32:06","modified_gmt":"2024-09-19T00:32:06","slug":"egressos","status":"publish","type":"page","link":"https:\/\/portal.uern.br\/paudosferros\/dle\/egressos\/","title":{"rendered":"Egressos"},"content":{"rendered":"<h4 style=\"text-align: justify\"><strong><span style=\"font-family: georgia, palatino, serif;font-size: 14pt;color: #000000\">Acompanhamento geral dos Egressos da UERN<\/span><\/strong><\/h4>\n<p style=\"text-align: justify\"><span style=\"color: #000000\">O processo de acompanhamento e avalia\u00e7\u00e3o dos egressos desempenha um papel crucial na busca pela excel\u00eancia acad\u00eamica e institucional. Os <\/span><em style=\"color: #000000\">feedbacks<\/em><span style=\"color: #000000\"> obtidos fornecem uma perspectiva valiosa sobre a experi\u00eancia dos alunos ap\u00f3s sua forma\u00e7\u00e3o, destacando \u00e1reas de sucesso e identificando oportunidades de melhoria. Ao exercermos a escuta sens\u00edvel e atenta das opini\u00f5es e experi\u00eancias dos egressos, a universidade pode adaptar suas pol\u00edticas, programas, curr\u00edculos e servi\u00e7os para garantir que estejam alinhados com as demandas da sociedade e do mundo do trabalho, bem como com as expectativas dos alunos, promovendo, dessa forma, um ambiente educacional cada vez mais eficaz e relevante.<\/span><\/p>\n<p style=\"text-align: justify\"><span style=\"color: #000000\">Dessa forma, a Universidade do Estado do Rio Grande do Norte objetiva identificar a trajet\u00f3ria, \u00e1rea de atua\u00e7\u00e3o e inser\u00e7\u00e3o profissional de seus egressos, possibilitando a implanta\u00e7\u00e3o de a\u00e7\u00f5es que visem a uma forma\u00e7\u00e3o continuada. Destarte,\u00a0 <\/span><strong style=\"color: #000000\">convidamos os egressos da Uern a preencherem o Formul\u00e1rio do Egresso<\/strong><span style=\"color: #000000\">,<\/span><span style=\"color: #993366\">\u00a0<\/span><a style=\"color: #000000\" role=\"link\" href=\"https:\/\/forms.gle\/CKXd8RQjkhVW7izq9\" data-raofz=\"16\"><strong><span style=\"color: #993366\">clicando AQUI<\/span>.<\/strong><\/a><\/p>\n<p>&nbsp;<\/p>\n<p style=\"text-align: justify\"><em>*Em breve ser\u00e1 disponibilizado um formul\u00e1rio atualizado para o acompanhamento dos egressos dos cursos do DLE\/CAPF.<\/em><\/p>\n","protected":false},"excerpt":{"rendered":"<p>Acompanhamento geral dos Egressos da UERN O processo de acompanhamento e avalia\u00e7\u00e3o dos egressos desempenha um papel crucial na busca pela excel\u00eancia acad\u00eamica e institucional. Os feedbacks obtidos fornecem uma perspectiva valiosa sobre a experi\u00eancia dos alunos ap\u00f3s sua forma\u00e7\u00e3o, destacando \u00e1reas de sucesso e identificando oportunidades de melhoria. Ao exercermos a escuta sens\u00edvel e [&hellip;]<\/p>\n","protected":false},"author":1,"featured_media":0,"parent":0,"menu_order":0,"comment_status":"closed","ping_status":"closed","template":"","meta":{"footnotes":""},"class_list":["post-85","page","type-page","status-publish","hentry"],"_links":{"self":[{"href":"https:\/\/portal.uern.br\/paudosferros\/dle\/wp-json\/wp\/v2\/pages\/85","targetHints":{"allow":["GET"]}}],"collection":[{"href":"https:\/\/portal.uern.br\/paudosferros\/dle\/wp-json\/wp\/v2\/pages"}],"about":[{"href":"https:\/\/portal.uern.br\/paudosferros\/dle\/wp-json\/wp\/v2\/types\/page"}],"author":[{"embeddable":true,"href":"https:\/\/portal.uern.br\/paudosferros\/dle\/wp-json\/wp\/v2\/users\/1"}],"replies":[{"embeddable":true,"href":"https:\/\/portal.uern.br\/paudosferros\/dle\/wp-json\/wp\/v2\/comments?post=85"}],"version-history":[{"count":11,"href":"https:\/\/portal.uern.br\/paudosferros\/dle\/wp-json\/wp\/v2\/pages\/85\/revisions"}],"predecessor-version":[{"id":1830,"href":"https:\/\/portal.uern.br\/paudosferros\/dle\/wp-json\/wp\/v2\/pages\/85\/revisions\/1830"}],"wp:attachment":[{"href":"https:\/\/portal.uern.br\/paudosferros\/dle\/wp-json\/wp\/v2\/media?parent=85"}],"curies":[{"name":"wp","href":"https:\/\/api.w.org\/{rel}","templated":true}]}}