{"id":83,"date":"2023-01-31T15:41:35","date_gmt":"2023-01-31T18:41:35","guid":{"rendered":"http:\/\/beta.apps.uern.br\/wordpress\/paudosferros\/dle\/?page_id=83"},"modified":"2023-08-08T16:41:05","modified_gmt":"2023-08-08T19:41:05","slug":"revista-eletronica-dialogo-das-letras","status":"publish","type":"page","link":"https:\/\/portal.uern.br\/paudosferros\/dle\/revista-eletronica-dialogo-das-letras\/","title":{"rendered":"Revista eletr\u00f4nica Di\u00e1logo das Letras"},"content":{"rendered":"<p style=\"text-align: justify\">Di\u00e1logo das Letras (Qualis A3) \u00e9 uma publica\u00e7\u00e3o on-line, de acesso aberto e gratuito, editada pelo Grupo de Pesquisa em Produ\u00e7\u00e3o e Ensino de Texto (GPET) e vinculada ao Programa de P\u00f3s-Gradua\u00e7\u00e3o em Letras, da Universidade do Estado do Rio Grande do Norte &#8211; Campus de Pau dos Ferros. A revista destina-se a leitores e colaboradores interessados em ler e\/ou publicar textos originais e in\u00e9ditos resultantes de pesquisas relacionadas aos estudos do texto e do discurso e ensino. Os trabalhos devem contemplar a investiga\u00e7\u00e3o dos objetos texto e discurso ou explorar interfaces desses objetos com o ensino. Aceita-se trabalhos que estejam ancorados nas teorias concernentes a tais objetos, assim como de outras \u00e1reas do conhecimento com as quais se possa estabelecer interlocu\u00e7\u00e3o.<\/p>\n<p style=\"text-align: justify\"><strong>Para mais informa\u00e7\u00f5es acesse o link:<\/strong>\u00a0<a href=\"https:\/\/periodicos.apps.uern.br\/index.php\/DDL\">http:\/\/natal.uern.br\/periodicos\/index.php\/DDL\/about<\/a><\/p>\n","protected":false},"excerpt":{"rendered":"<p>Di\u00e1logo das Letras (Qualis A3) \u00e9 uma publica\u00e7\u00e3o on-line, de acesso aberto e gratuito, editada pelo Grupo de Pesquisa em Produ\u00e7\u00e3o e Ensino de Texto (GPET) e vinculada ao Programa de P\u00f3s-Gradua\u00e7\u00e3o em Letras, da Universidade do Estado do Rio Grande do Norte &#8211; Campus de Pau dos Ferros. A revista destina-se a leitores e [&hellip;]<\/p>\n","protected":false},"author":1,"featured_media":0,"parent":0,"menu_order":0,"comment_status":"closed","ping_status":"closed","template":"","meta":{"footnotes":""},"class_list":["post-83","page","type-page","status-publish","hentry"],"_links":{"self":[{"href":"https:\/\/portal.uern.br\/paudosferros\/dle\/wp-json\/wp\/v2\/pages\/83","targetHints":{"allow":["GET"]}}],"collection":[{"href":"https:\/\/portal.uern.br\/paudosferros\/dle\/wp-json\/wp\/v2\/pages"}],"about":[{"href":"https:\/\/portal.uern.br\/paudosferros\/dle\/wp-json\/wp\/v2\/types\/page"}],"author":[{"embeddable":true,"href":"https:\/\/portal.uern.br\/paudosferros\/dle\/wp-json\/wp\/v2\/users\/1"}],"replies":[{"embeddable":true,"href":"https:\/\/portal.uern.br\/paudosferros\/dle\/wp-json\/wp\/v2\/comments?post=83"}],"version-history":[{"count":6,"href":"https:\/\/portal.uern.br\/paudosferros\/dle\/wp-json\/wp\/v2\/pages\/83\/revisions"}],"predecessor-version":[{"id":772,"href":"https:\/\/portal.uern.br\/paudosferros\/dle\/wp-json\/wp\/v2\/pages\/83\/revisions\/772"}],"wp:attachment":[{"href":"https:\/\/portal.uern.br\/paudosferros\/dle\/wp-json\/wp\/v2\/media?parent=83"}],"curies":[{"name":"wp","href":"https:\/\/api.w.org\/{rel}","templated":true}]}}