{"id":81,"date":"2023-01-31T15:39:37","date_gmt":"2023-01-31T18:39:37","guid":{"rendered":"http:\/\/beta.apps.uern.br\/wordpress\/paudosferros\/dle\/?page_id=81"},"modified":"2025-10-23T21:50:12","modified_gmt":"2025-10-24T00:50:12","slug":"biblioteca-virtual","status":"publish","type":"page","link":"https:\/\/portal.uern.br\/paudosferros\/dle\/biblioteca-virtual\/","title":{"rendered":"Biblioteca Virtual"},"content":{"rendered":"<p style=\"text-align: justify\">Visite o Portal de Peri\u00f3dicos da CAPES, refer\u00eancia em divulga\u00e7\u00e3o cient\u00edfica em todo o Pa\u00eds, acessado atrav\u00e9s do<span style=\"color: #0000ff\">\u00a0<a style=\"color: #0000ff\" href=\"https:\/\/www-periodicos-capes-gov-br.ez210.periodicos.capes.gov.br\/index.php?\">Link.<\/a><\/span><\/p>\n<p><strong>LIVROS:<\/strong><\/p>\n<ul style=\"list-style-type: circle\">\n<li><a href=\"https:\/\/www.uern.br\/controledepaginas\/dle-pferros-biblioteca\/arquivos\/2139livro_01_espanhol_e_ensino__2012.pdf\">ESPANHOL E ENSINO &#8211; 2012;<\/a><\/li>\n<li><a href=\"https:\/\/www.uern.br\/controledepaginas\/dle-pferros-biblioteca\/arquivos\/2139livro_03_traducao_e_ensino__2014.pdf\">TRADU\u00c7\u00c3O E ENSINO &#8211; 2014;<\/a><\/li>\n<li><a href=\"https:\/\/www.uern.br\/controledepaginas\/dle-pferros-biblioteca\/arquivos\/2139livro_05_uma_abordagem_retorico_argumentativa_para_as_nao_coincidencias_do_dizer_prof._carlos_magno.pdf\">UMA ABORDAGEM RET\u00d3RICO-ARGUMENTATIVA PARA AS N\u00c3O COINCID\u00caNCIAS DO DIZER &#8211; 2015;<\/a><\/li>\n<li><a href=\"https:\/\/www.uern.br\/controledepaginas\/dle-pferros-biblioteca\/arquivos\/2139livro_02_espanhol_na_universidade__2013__volume_i.pdf\">ESPANHOL NA UNIVERSIDADE &#8211; 2013 &#8211; VOLUME I;<\/a><\/li>\n<li><a href=\"https:\/\/www.uern.br\/controledepaginas\/dle-pferros-biblioteca\/arquivos\/2139livro_04_espanhol_na_universidade__2016__volume_ii.pdf\">ESPANHOL NA UNIVERSIDADE &#8211; 2016 &#8211; VOLUME II;<\/a><\/li>\n<li><a href=\"https:\/\/www.uern.br\/controledepaginas\/dle-pferros-biblioteca\/arquivos\/2139espanhol_volume_iii.pdf\">ESPANHOL NA UNIVERSIDADE &#8211; 2020 &#8211; VOLUME III;<\/a><\/li>\n<li><a href=\"https:\/\/portal.uern.br\/paudosferros\/dle\/wp-content\/uploads\/sites\/2\/2025\/10\/BARBOSA-E.-R.-_-LOPES-F.-L.-_-MESQUITA-NETO-J.R.-_-CARVALHO-T.-L.-Orgs.-Territorios-Hispanicos.pdf\">Territ\u00f3rios Hisp\u00e2nicos: Perspectivas Cr\u00edticas sobre L\u00edngua, Literatura e Ensino &#8211; 2025;<\/a><\/li>\n<\/ul>\n<p>&nbsp;<\/p>\n<p><strong>BIBLIOTECA SETORIAL DE PAU DOS FERROS:<\/strong><\/p>\n<ul style=\"list-style-type: circle\">\n<li><a href=\"https:\/\/portal.uern.br\/paudosferros\/dle\/wp-content\/uploads\/sites\/2\/2024\/09\/Relatorio-do-Acervo-BSPDF-1.pdf\">Boletim Bibliogr\u00e1fico &#8211; ordenado por t\u00edtulo.<\/a><\/li>\n<li><a href=\"https:\/\/portal.uern.br\/paudosferros\/dle\/wp-content\/uploads\/sites\/2\/2024\/09\/EXTRATO-BIBLIOGRAFICO-LETRAS-INGLES-.xlsx\">Extrato de acervo bibliogr\u00e1fico &#8211; Letras L\u00edngua Inglesa<\/a><\/li>\n<\/ul>\n<p>&nbsp;<\/p>\n","protected":false},"excerpt":{"rendered":"<p>Visite o Portal de Peri\u00f3dicos da CAPES, refer\u00eancia em divulga\u00e7\u00e3o cient\u00edfica em todo o Pa\u00eds, acessado atrav\u00e9s do\u00a0Link. LIVROS: ESPANHOL E ENSINO &#8211; 2012; TRADU\u00c7\u00c3O E ENSINO &#8211; 2014; UMA ABORDAGEM RET\u00d3RICO-ARGUMENTATIVA PARA AS N\u00c3O COINCID\u00caNCIAS DO DIZER &#8211; 2015; ESPANHOL NA UNIVERSIDADE &#8211; 2013 &#8211; VOLUME I; ESPANHOL NA UNIVERSIDADE &#8211; 2016 &#8211; VOLUME [&hellip;]<\/p>\n","protected":false},"author":1,"featured_media":0,"parent":0,"menu_order":0,"comment_status":"closed","ping_status":"closed","template":"","meta":{"footnotes":""},"class_list":["post-81","page","type-page","status-publish","hentry"],"_links":{"self":[{"href":"https:\/\/portal.uern.br\/paudosferros\/dle\/wp-json\/wp\/v2\/pages\/81","targetHints":{"allow":["GET"]}}],"collection":[{"href":"https:\/\/portal.uern.br\/paudosferros\/dle\/wp-json\/wp\/v2\/pages"}],"about":[{"href":"https:\/\/portal.uern.br\/paudosferros\/dle\/wp-json\/wp\/v2\/types\/page"}],"author":[{"embeddable":true,"href":"https:\/\/portal.uern.br\/paudosferros\/dle\/wp-json\/wp\/v2\/users\/1"}],"replies":[{"embeddable":true,"href":"https:\/\/portal.uern.br\/paudosferros\/dle\/wp-json\/wp\/v2\/comments?post=81"}],"version-history":[{"count":15,"href":"https:\/\/portal.uern.br\/paudosferros\/dle\/wp-json\/wp\/v2\/pages\/81\/revisions"}],"predecessor-version":[{"id":890,"href":"https:\/\/portal.uern.br\/paudosferros\/dle\/wp-json\/wp\/v2\/pages\/81\/revisions\/890"}],"wp:attachment":[{"href":"https:\/\/portal.uern.br\/paudosferros\/dle\/wp-json\/wp\/v2\/media?parent=81"}],"curies":[{"name":"wp","href":"https:\/\/api.w.org\/{rel}","templated":true}]}}