{"id":77,"date":"2023-01-31T15:33:53","date_gmt":"2023-01-31T18:33:53","guid":{"rendered":"http:\/\/beta.apps.uern.br\/wordpress\/paudosferros\/dle\/?page_id=77"},"modified":"2025-12-16T10:41:01","modified_gmt":"2025-12-16T13:41:01","slug":"declaracoes-exame-de-proficiencia","status":"publish","type":"page","link":"https:\/\/portal.uern.br\/paudosferros\/dle\/declaracoes-exame-de-proficiencia\/","title":{"rendered":"Declara\u00e7\u00f5es &#8211; Exame de Profici\u00eancia"},"content":{"rendered":"<p><strong>2025.2 &#8211; EDI\u00c7\u00c3O REGULAR<\/strong><\/p>\n<p style=\"text-align: justify\"><strong>ATEN\u00c7\u00c3O: As declara\u00e7\u00f5es dos Exames de Profici\u00eancia est\u00e3o criptografadas e para ter acesso, o interessado deve inserir como senha o n\u00famero do seu Cadastro de Pessoa F\u00edsica (CPF) sem ponto e sem tra\u00e7o.\u00a0<\/strong><\/p>\n<p style=\"text-align: justify\">Para acessar as declara\u00e7\u00f5es do Exame de Profici\u00eancia &#8211; Semestre 2025.2 &#8211; Edi\u00e7\u00e3o Regular, clique nos respectivos links:<\/p>\n<p><a href=\"https:\/\/drive.google.com\/drive\/folders\/1cFXRrdcxQSQCsQqpEVBcMbT7HZgQP2iT?usp=sharing\">L\u00cdNGUA ESPANHOLA<\/a><\/p>\n<div>\n<p><a href=\"https:\/\/drive.google.com\/drive\/folders\/10QcTDMYQ6jz_ulU0R_hemMAMbAEzrGjn?usp=sharing\">L\u00cdNGUA INGLESA<\/a><\/p>\n<\/div>\n<p><strong>2025.1 &#8211; EDI\u00c7\u00c3O REGULAR<\/strong><\/p>\n<p style=\"text-align: justify\"><strong>ATEN\u00c7\u00c3O: As declara\u00e7\u00f5es dos Exames de Profici\u00eancia est\u00e3o criptografadas e para ter acesso, o interessado deve inserir como senha o n\u00famero do seu Cadastro de Pessoa F\u00edsica (CPF) sem ponto e sem tra\u00e7o.\u00a0<\/strong><\/p>\n<p style=\"text-align: justify\">Para acessar as declara\u00e7\u00f5es do Exame de Profici\u00eancia &#8211; Semestre 2025.1 &#8211; Edi\u00e7\u00e3o Regular, clique nos respectivos links:<\/p>\n<p><a href=\"https:\/\/drive.google.com\/drive\/folders\/1gj69166XbWRGjD4vOEddp9Cc3ucaPYRM?usp=sharing\">L\u00cdNGUA ESPANHOLA<\/a><\/p>\n<div>\n<p><a href=\"https:\/\/drive.google.com\/drive\/folders\/1ro_kKIgK8o8GSLfiQA-gGAcuY-CoLY3j?usp=sharing\">L\u00cdNGUA INGLESA<\/a><\/p>\n<\/div>\n<p><strong>2024.2 &#8211; EDI\u00c7\u00c3O REGULAR<\/strong><\/p>\n<p style=\"text-align: justify\"><strong>ATEN\u00c7\u00c3O: Os certificados dos Exames de Profici\u00eancia est\u00e3o criptografados e para ter acesso, o interessado deve inserir o n\u00famero do seu Cadastro de Pessoa F\u00edsica (CPF) ou Registro Geral (RG) &#8211; sem ponto e sem tra\u00e7o.\u00a0<\/strong><\/p>\n<p style=\"text-align: justify\">Para acessar as declara\u00e7\u00f5es do Exame de Profici\u00eancia &#8211; Semestre 2024.2 &#8211; Edi\u00e7\u00e3o Regular, clique nos respectivos links:<\/p>\n<p><a href=\"https:\/\/drive.google.com\/drive\/u\/1\/folders\/131OiQSCLAsyVHXFrHy9qk6NKFUL9bYtT\">L\u00cdNGUA ESPANHOLA<\/a><\/p>\n<div>\n<p><a href=\"https:\/\/drive.google.com\/drive\/u\/1\/folders\/1leNeLPwzKucjFpC4TJZFrei8WBEfCu8T\">L\u00cdNGUA INGLESA<\/a><\/p>\n<\/div>\n<hr \/>\n<p><strong>2024.1 &#8211; EDI\u00c7\u00c3O REGULAR<\/strong><\/p>\n<p style=\"text-align: justify\"><strong>ATEN\u00c7\u00c3O: Os certificados dos Exames de Profici\u00eancia est\u00e3o criptografados e para ter acesso, o interessado deve inserir o n\u00famero do seu Cadastro de Pessoa F\u00edsica (CPF) ou Registro Geral (RG) &#8211; sem ponto e sem tra\u00e7o.\u00a0<\/strong><\/p>\n<p style=\"text-align: justify\">Para acessar as declara\u00e7\u00f5es do Exame de Profici\u00eancia &#8211; Semestre 2024.1 &#8211; Edi\u00e7\u00e3o Regular, clique nos respectivos links:<\/p>\n<p><a href=\"https:\/\/drive.google.com\/drive\/u\/1\/folders\/1db3x7hgqre7f3QYTXql5jNitc03LDM3G\">L\u00cdNGUA ESPANHOLA<\/a><\/p>\n<div>\n<p><a href=\"https:\/\/drive.google.com\/drive\/u\/1\/folders\/1usioIg7wL--YpBgi0CsXJdQaQ5auBGSf\">L\u00cdNGUA INGLESA<\/a><\/p>\n<\/div>\n<hr \/>\n<p><strong>2023.2 &#8211; EDI\u00c7\u00c3O REGULAR<\/strong><\/p>\n<p style=\"text-align: justify\"><strong>ATEN\u00c7\u00c3O: Os certificados dos Exames de Profici\u00eancia est\u00e3o criptografados e para ter acesso, o interessado deve inserir o n\u00famero do seu Cadastro de Pessoa F\u00edsica (CPF) &#8211; sem ponto e sem tra\u00e7o<\/strong><\/p>\n<p style=\"text-align: justify\">Para acessar as declara\u00e7\u00f5es do Exame de Profici\u00eancia &#8211; Semestre 2023.2 &#8211; Edi\u00e7\u00e3o Regular, clique nos respectivos links:<\/p>\n<p><a href=\"https:\/\/drive.google.com\/drive\/folders\/1HjibffaU-ry5GIQh_5gzgJXFchnoO0Hv?usp=sharing\">L\u00cdNGUA ESPANHOLA<\/a><\/p>\n<div>\n<p><a href=\"https:\/\/drive.google.com\/drive\/folders\/1rsNZlcx2guVwoRm-G-2IKFlZeZZ3jZdB?usp=sharing\">L\u00cdNGUA INGLESA<\/a><\/p>\n<hr \/>\n<\/div>\n<p>&nbsp;<\/p>\n<p><strong>2022.2 &#8211; EDI\u00c7\u00c3O REGULAR<\/strong><\/p>\n<p style=\"text-align: justify\"><strong>ATEN\u00c7\u00c3O: Os certificados dos Exames de Profici\u00eancia est\u00e3o criptografados e para ter acesso, o interessado deve inserir o n\u00famero do seu Cadastro de Pessoa F\u00edsica (CPF) &#8211; sem ponto e sem tra\u00e7o<\/strong><\/p>\n<p style=\"text-align: justify\">Para acessar as declara\u00e7\u00f5es do Exame de Profici\u00eancia &#8211; Semestre 2022.2 &#8211; Edi\u00e7\u00e3o Regular, clique nos respectivos links:<\/p>\n<p><a href=\"https:\/\/drive.google.com\/drive\/folders\/1hYUyWRYKXgBFUNPJ2YBgii-OrcidoVyj?usp=sharing\">L\u00cdNGUA ESPANHOLA<\/a><\/p>\n<div><a href=\"https:\/\/drive.google.com\/drive\/folders\/1NhgeZ55CD-UMuNYgzTBErCjOQa7z_98V?usp=sharing\">L\u00cdNGUA INGLESA<\/a><\/div>\n<div>\n<hr \/>\n<\/div>\n<p>&nbsp;<\/p>\n<p><strong>2022.1 &#8211; EDI\u00c7\u00c3O REGULAR<\/strong><\/p>\n<p style=\"text-align: justify\"><strong>ATEN\u00c7\u00c3O: Os certificados dos Exames de Profici\u00eancia est\u00e3o criptografados e para ter acesso, o interessado deve inserir o n\u00famero do seu Cadastro de Pessoa F\u00edsica (CPF) &#8211; sem ponto e sem tra\u00e7o<\/strong><\/p>\n<p style=\"text-align: justify\">Para acessar as declara\u00e7\u00f5es do Exame de Profici\u00eancia &#8211; Semestre 2022.1 &#8211; Edi\u00e7\u00e3o Regular, clique nos respectivos links:<\/p>\n<p><a href=\"https:\/\/drive.google.com\/drive\/u\/1\/folders\/1_9pCsVOiJayYiSSntbrr82q9qK-E6rmj\">L\u00cdNGUA ESPANHOLA<\/a><\/p>\n<p><a href=\"https:\/\/drive.google.com\/drive\/u\/1\/folders\/1O_bJW9yERsdb8CdORknNPOP4A76fn3PW\">L\u00cdNGUA INGLESA<\/a><\/p>\n<hr \/>\n<p>&nbsp;<\/p>\n<p><strong>2021.2 &#8211; EDI\u00c7\u00c3O REGULAR<\/strong><\/p>\n<p style=\"text-align: justify\"><strong>ATEN\u00c7\u00c3O: Os certificados dos Exames de Profici\u00eancia est\u00e3o criptografados e para ter acesso, o intressado deve inserir o n\u00famero do documento de identifica\u00e7\u00e3o apresentado no ato de inscri\u00e7\u00e3o do exame.\u00a0<\/strong><\/p>\n<p style=\"text-align: justify\">Para acessar as declara\u00e7\u00f5es do Exame de Profici\u00eancia &#8211; Semestre 2021.2 &#8211; Edi\u00e7\u00e3o Regular, clique nos respectivos links:<\/p>\n<p><a href=\"https:\/\/drive.google.com\/drive\/folders\/1-s24zvfIY_7Wk0cRyiPc9-YRIACZFb31?usp=sharing\">L\u00cdNGUA ESPANHOLA<\/a><\/p>\n<p><a href=\"https:\/\/drive.google.com\/drive\/folders\/1X1MbKia21CX4LD2b4cnZAFpA03nx8txj?usp=sharing\">L\u00cdNGUA INGLESA<\/a><\/p>\n","protected":false},"excerpt":{"rendered":"<p>2025.2 &#8211; EDI\u00c7\u00c3O REGULAR ATEN\u00c7\u00c3O: As declara\u00e7\u00f5es dos Exames de Profici\u00eancia est\u00e3o criptografadas e para ter acesso, o interessado deve inserir como senha o n\u00famero do seu Cadastro de Pessoa F\u00edsica (CPF) sem ponto e sem tra\u00e7o.\u00a0 Para acessar as declara\u00e7\u00f5es do Exame de Profici\u00eancia &#8211; Semestre 2025.2 &#8211; Edi\u00e7\u00e3o Regular, clique nos respectivos links: [&hellip;]<\/p>\n","protected":false},"author":1,"featured_media":0,"parent":0,"menu_order":0,"comment_status":"closed","ping_status":"closed","template":"","meta":{"footnotes":""},"class_list":["post-77","page","type-page","status-publish","hentry"],"_links":{"self":[{"href":"https:\/\/portal.uern.br\/paudosferros\/dle\/wp-json\/wp\/v2\/pages\/77","targetHints":{"allow":["GET"]}}],"collection":[{"href":"https:\/\/portal.uern.br\/paudosferros\/dle\/wp-json\/wp\/v2\/pages"}],"about":[{"href":"https:\/\/portal.uern.br\/paudosferros\/dle\/wp-json\/wp\/v2\/types\/page"}],"author":[{"embeddable":true,"href":"https:\/\/portal.uern.br\/paudosferros\/dle\/wp-json\/wp\/v2\/users\/1"}],"replies":[{"embeddable":true,"href":"https:\/\/portal.uern.br\/paudosferros\/dle\/wp-json\/wp\/v2\/comments?post=77"}],"version-history":[{"count":18,"href":"https:\/\/portal.uern.br\/paudosferros\/dle\/wp-json\/wp\/v2\/pages\/77\/revisions"}],"predecessor-version":[{"id":2229,"href":"https:\/\/portal.uern.br\/paudosferros\/dle\/wp-json\/wp\/v2\/pages\/77\/revisions\/2229"}],"wp:attachment":[{"href":"https:\/\/portal.uern.br\/paudosferros\/dle\/wp-json\/wp\/v2\/media?parent=77"}],"curies":[{"name":"wp","href":"https:\/\/api.w.org\/{rel}","templated":true}]}}