{"id":75,"date":"2023-01-31T15:32:43","date_gmt":"2023-01-31T18:32:43","guid":{"rendered":"http:\/\/beta.apps.uern.br\/wordpress\/paudosferros\/dle\/?page_id=75"},"modified":"2025-11-12T20:43:19","modified_gmt":"2025-11-12T23:43:19","slug":"caderno-de-provas-e-expectativa-de-respostas-exame-de-proficiencia","status":"publish","type":"page","link":"https:\/\/portal.uern.br\/paudosferros\/dle\/caderno-de-provas-e-expectativa-de-respostas-exame-de-proficiencia\/","title":{"rendered":"Caderno de Provas e Expectativa de Respostas &#8211; Exame de Profici\u00eancia"},"content":{"rendered":"<p><strong>2025.2<\/strong><\/p>\n<p>L\u00edngua Espanhola Edi\u00e7\u00e3o Regular:\u00a0<a href=\"https:\/\/portal.uern.br\/paudosferros\/dle\/wp-content\/uploads\/sites\/2\/2025\/11\/Prova-de-proficie\u0302ncia-2025.2_Esp-1.pdf\">Caderno de Prova<\/a>\u00a0e\u00a0<a href=\"https:\/\/portal.uern.br\/paudosferros\/dle\/wp-content\/uploads\/sites\/2\/2025\/11\/Expectativa-de-Respostas_Prova-de-proficie\u0302ncia-2025.2_Esp-1.pdf\">Expectativa de Respostas<\/a>.<br \/>\nL\u00edngua Inglesa Edi\u00e7\u00e3o Regular:\u00a0<a href=\"https:\/\/portal.uern.br\/paudosferros\/dle\/wp-content\/uploads\/sites\/2\/2025\/11\/Prova-proficiencia-Ingles-2025.2-versao-final.pdf\">Caderno de Prova<\/a>\u00a0e\u00a0<a href=\"https:\/\/portal.uern.br\/paudosferros\/dle\/wp-content\/uploads\/sites\/2\/2025\/11\/Expectativas-de-respostas-Lingua-Inglesa-2025.2.pdf\">Expectativa de Respostas<\/a>.<\/p>\n<p><strong>2025.1<\/strong><\/p>\n<p>L\u00edngua Espanhola Edi\u00e7\u00e3o Regular:\u00a0<a href=\"https:\/\/portal.uern.br\/paudosferros\/dle\/wp-content\/uploads\/sites\/2\/2025\/06\/Prova-de-proficie\u0302ncia-2025.1_Esp.pdf\">Caderno de Prova<\/a>\u00a0e\u00a0<a href=\"https:\/\/portal.uern.br\/paudosferros\/dle\/wp-content\/uploads\/sites\/2\/2025\/06\/Expectativa-de-Resposta_Prova-de-proficie\u0302ncia-2025.1_Esp.pdf\">Expectativa de Respostas<\/a>.<br \/>\nL\u00edngua Inglesa Edi\u00e7\u00e3o Regular:\u00a0<a href=\"https:\/\/portal.uern.br\/paudosferros\/dle\/wp-content\/uploads\/sites\/2\/2025\/06\/Prova-de-proficie\u0302ncia-2025.1-ingles.pdf\">Caderno de Prova<\/a>\u00a0e\u00a0<a href=\"https:\/\/portal.uern.br\/paudosferros\/dle\/wp-content\/uploads\/sites\/2\/2025\/06\/Expectativas-de-respostas-Lingua-Inglesa-2025.1.pdf\">Expectativa de Respostas<\/a>.<\/p>\n<p><strong>2024.2<\/strong><\/p>\n<p>L\u00edngua Espanhola Edi\u00e7\u00e3o Regular:\u00a0<a href=\"https:\/\/portal.uern.br\/paudosferros\/dle\/wp-content\/uploads\/sites\/2\/2024\/11\/Prova-de-proficie\u0302ncia-2024.2_Esp.pdf\">Caderno de Prova<\/a>\u00a0e\u00a0<a href=\"https:\/\/portal.uern.br\/paudosferros\/dle\/wp-content\/uploads\/sites\/2\/2024\/11\/Expectativa-de-Respostas-Prova-de-proficie\u0302ncia-2024.2_Esp.pdf\">Expectativa de Respostas<\/a>.<br \/>\nL\u00edngua Inglesa Edi\u00e7\u00e3o Regular:\u00a0<a href=\"https:\/\/portal.uern.br\/paudosferros\/dle\/wp-content\/uploads\/sites\/2\/2024\/11\/Prova-de-proficie\u0302ncia-2024.2-ingles.pdf\">Caderno de Prova<\/a>\u00a0e\u00a0<a href=\"https:\/\/portal.uern.br\/paudosferros\/dle\/wp-content\/uploads\/sites\/2\/2024\/11\/Expectativas-de-respostas-Lingua-Inglesa-2024.2.pdf\">Expectativa de Respostas.<\/a><\/p>\n<p><strong>2024.1<\/strong><\/p>\n<p>L\u00edngua Espanhola Edi\u00e7\u00e3o Regular: <a href=\"https:\/\/portal.uern.br\/paudosferros\/dle\/wp-content\/uploads\/sites\/2\/2024\/06\/Caderno-de-Prova-Proficie\u0302ncia-2024.1_Esp.pdf\">Caderno de Prova<\/a> e <a href=\"https:\/\/portal.uern.br\/paudosferros\/dle\/wp-content\/uploads\/sites\/2\/2024\/06\/EXPECTATIVA-DE-RESPOSTAS-Proficie\u0302ncia-2024.1_Esp.pdf\">Expectativa de Respostas<\/a>.<br \/>\nL\u00edngua Inglesa Edi\u00e7\u00e3o Regular: <a href=\"https:\/\/portal.uern.br\/paudosferros\/dle\/wp-content\/uploads\/sites\/2\/2024\/06\/Prova-proficiencia-2024.1-versao-final.pdf\">Caderno de Prova<\/a> e <a href=\"https:\/\/portal.uern.br\/paudosferros\/dle\/wp-content\/uploads\/sites\/2\/2024\/06\/Expectativas-de-respostas-Lingua-Inglesa-2024.1.pdf\">Expectativa de Respostas<\/a>.<\/p>\n<p><strong>2023.2 <\/strong><\/p>\n<p>L\u00edngua Espanhola Edi\u00e7\u00e3o Regular: <a href=\"https:\/\/portal.uern.br\/paudosferros\/dle\/wp-content\/uploads\/sites\/2\/2023\/11\/Caderno-de-provas.pdf\">Caderno de Prova<\/a> e <a href=\"https:\/\/portal.uern.br\/paudosferros\/dle\/wp-content\/uploads\/sites\/2\/2023\/11\/expectativa-de-resposta.pdf\">Expectativa de Respostas<\/a>.<br \/>\nL\u00edngua Inglesa Edi\u00e7\u00e3o Regular: <a href=\"https:\/\/portal.uern.br\/paudosferros\/dle\/wp-content\/uploads\/sites\/2\/2023\/12\/Prova-proficiencia-ingles-2023.2.pdf\">Caderno de Prova<\/a> e <a href=\"https:\/\/portal.uern.br\/paudosferros\/dle\/wp-content\/uploads\/sites\/2\/2023\/12\/Expectativas-de-respostas-Lingua-Inglesa-2023.2.pdf\">Expectativa de Respostas<\/a>.<\/p>\n<p><strong>2023.1<\/strong><\/p>\n<p>O DLE\/CAPF n\u00e3o lan\u00e7ou edital de profici\u00eancia neste semestre.<\/p>\n<p style=\"text-align: justify\"><strong>Edi\u00e7\u00e3o 2022.2<\/strong><\/p>\n<p style=\"text-align: justify\">L\u00edngua Espanhola &#8211; Edi\u00e7\u00e3o Regular:\u00a0<a href=\"http:\/\/www.uern.br\/controledepaginas\/pferros_uern_br_dle_proficiencia_contato\/arquivos\/5136prova_de_espanhol_2022.2.pdf\" target=\"_blank\" rel=\"noopener\">Caderno de Prova<\/a>\u00a0e\u00a0<a href=\"http:\/\/www.uern.br\/controledepaginas\/pferros_uern_br_dle_proficiencia_contato\/arquivos\/5136expectativas_de_resposta_espanhol_2022.2.pdf\" target=\"_blank\" rel=\"noopener\">Expectativa de Respostas<\/a><\/p>\n<p style=\"text-align: justify\">L\u00edngua Inglesa &#8211; Edi\u00e7\u00e3o Regular:\u00a0<a href=\"http:\/\/www.uern.br\/controledepaginas\/pferros_uern_br_dle_proficiencia_contato\/arquivos\/5136prova_proficiancia_ingles_2022.2.pdf\" target=\"_blank\" rel=\"noopener\">Caderno de Prova<\/a>\u00a0e<a href=\"http:\/\/www.uern.br\/controledepaginas\/pferros_uern_br_dle_proficiencia_contato\/arquivos\/5136expectativas_de_respostas_la%C2%ADngua_inglesa_2022.2.pdf\" target=\"_blank\" rel=\"noopener\"> Expectativa de Respostas<\/a><\/p>\n<p style=\"text-align: justify\"><strong>Edi\u00e7\u00e3o 2022.1<\/strong><\/p>\n<p style=\"text-align: justify\">L\u00edngua Espanhola &#8211; Edi\u00e7\u00e3o Regular:\u00a0<a href=\"http:\/\/www.uern.br\/controledepaginas\/pferros_uern_br_dle_proficiencia_contato\/arquivos\/5136prova_de_proficiei%E2%80%9Ancia_2022.1_espanhol.pdf\">Caderno de Prova<\/a>\u00a0e<a href=\"http:\/\/www.uern.br\/controledepaginas\/pferros_uern_br_dle_proficiencia_contato\/arquivos\/5136expectativas_de_respostas_lingua_espanhola_20221.pdf\"> Expectativa de Respostas.<\/a><\/p>\n<p style=\"text-align: justify\">L\u00edngua Inglesa &#8211; Edi\u00e7\u00e3o Regular:\u00a0<a href=\"http:\/\/www.uern.br\/controledepaginas\/pferros_uern_br_dle_proficiencia_contato\/arquivos\/5136prova_de_proficiancia_inglas_2022.1_impressa%C2%A3o.pdf\">Caderno de Prova<\/a>\u00a0e\u00a0<a href=\"http:\/\/www.uern.br\/controledepaginas\/pferros_uern_br_dle_proficiencia_contato\/arquivos\/5136expectativas_de_respostas_exame_da_proficiancia_em_inglas_2022.1.pdf\">Expectativa de Respostas.<\/a><\/p>\n<p style=\"text-align: justify\"><strong>Edi\u00e7\u00e3o 2021.2<\/strong><\/p>\n<p style=\"text-align: justify\">L\u00edngua Espanhola Edi\u00e7\u00e3o Regular:\u00a0<a href=\"http:\/\/www.uern.br\/controledepaginas\/pferros_uern_br_dle_proficiencia_contato\/arquivos\/5136prova_de_proficiei%E2%80%9Ancia_2021.2_esp.pdf\">Caderno de Prova<\/a>\u00a0e\u00a0<a href=\"http:\/\/www.uern.br\/controledepaginas\/pferros_uern_br_dle_proficiencia_contato\/arquivos\/5136expectativa_de_respostas_espanhol_2021.2_completo_(1).pdf\">Expectativa de Respostas.<\/a><br \/>\nL\u00edngua Inglesa Edi\u00e7\u00e3o Regular:\u00a0<a href=\"http:\/\/www.uern.br\/controledepaginas\/pferros_uern_br_dle_proficiencia_contato\/arquivos\/5136prova_proficiancia_2021.2_inglas_1.pdf\">Caderno de Prova<\/a>\u00a0e\u00a0<a href=\"http:\/\/www.uern.br\/controledepaginas\/pferros_uern_br_dle_proficiencia_contato\/arquivos\/5136expectativa_de_respostas_ingles_2021.2!.pdf\">Expectativa de Respostas.<\/a><\/p>\n<p style=\"text-align: justify\"><strong>Edi\u00e7\u00e3o 2019.2<\/strong><\/p>\n<p style=\"text-align: justify\">L\u00edngua Espanhola Edi\u00e7\u00e3o Regular:\u00a0<a href=\"https:\/\/www.uern.br\/controledepaginas\/pferros_uern_br_dle_proficiencia_contato\/arquivos\/5136prova_espanhol_2019.2.pdf\">Caderno de Prova<\/a>\u00a0e\u00a0<a href=\"https:\/\/www.uern.br\/controledepaginas\/pferros_uern_br_dle_proficiencia_contato\/arquivos\/5136expectativa_de_resposta_esp.2019.2.pdf\">Expectativa de Respostas.<\/a><br \/>\nL\u00edngua Inglesa Edi\u00e7\u00e3o regular:\u00a0<a href=\"https:\/\/www.uern.br\/controledepaginas\/pferros_uern_br_dle_proficiencia_contato\/arquivos\/5136prova_ingla%C5%A1s_2019.2.pdf\">Caderno de Prova<\/a>\u00a0e\u00a0<a href=\"https:\/\/www.uern.br\/controledepaginas\/pferros_uern_br_dle_proficiencia_contato\/arquivos\/5136expectativa__inglas_2019.2.pdf\">Expectativa de Respostas.<\/a><\/p>\n<p style=\"text-align: justify\"><strong>Edi\u00e7\u00e3o 2019.1<\/strong><\/p>\n<p style=\"text-align: justify\">L\u00edngua Espanhola Edi\u00e7\u00e3o Regular:\u00a0<a href=\"https:\/\/www.uern.br\/controledepaginas\/pferros_uern_br_dle_proficiencia_contato\/arquivos\/5136prova_espanhol_edia%E2%80%A1a%C6%92o_regular.pdf\">Caderno de Provas<\/a>\u00a0e\u00a0<a href=\"https:\/\/www.uern.br\/controledepaginas\/pferros_uern_br_dle_proficiencia_contato\/arquivos\/5136expec_de_respostas_edia%E2%80%A1a%C6%92o_regular.pdf\">Expectativa de Respostas<\/a>.<br \/>\nL\u00edngua Inglesa Edi\u00e7\u00e3o Regular:\u00a0<a href=\"https:\/\/www.uern.br\/controledepaginas\/pferros_uern_br_dle_proficiencia_contato\/arquivos\/5136prova_ingles_edia%E2%80%A1ao_regular.pdf\">Caderno de Provas<\/a>\u00a0e\u00a0<a href=\"https:\/\/www.uern.br\/controledepaginas\/pferros_uern_br_dle_proficiencia_contato\/arquivos\/5136expd_de_respostas_ingles_regular.pdf\">Expectativas de Respostas<\/a>.<br \/>\nL\u00edngua Espanhola Edi\u00e7\u00e3o Especial:\u00a0<a href=\"https:\/\/www.uern.br\/controledepaginas\/pferros_uern_br_dle_proficiencia_contato\/arquivos\/5136prova_espanhol_edia%E2%80%A1a%C6%92o_especial.pdf\">Caderno de Provas<\/a>\u00a0e\u00a0<a href=\"https:\/\/www.uern.br\/controledepaginas\/pferros_uern_br_dle_proficiencia_contato\/arquivos\/5136expec_de_respostas_edia%E2%80%A1a%C6%92o_especial.pdf\">Expectativa de Respostas<\/a>.<br \/>\nL\u00edngua Inglesa Edi\u00e7\u00e3o Especial:\u00a0<a href=\"https:\/\/www.uern.br\/controledepaginas\/pferros_uern_br_dle_proficiencia_contato\/arquivos\/5136prova_ingles_edia%E2%80%A1a%C6%92o_especial.pdf\">Caderno de Provas<\/a>\u00a0e\u00a0<a href=\"https:\/\/www.uern.br\/controledepaginas\/pferros_uern_br_dle_proficiencia_contato\/arquivos\/5136expc_de_respostas_ingles_especial.pdf\">Expectativas de Respostas.<\/a><\/p>\n<p style=\"text-align: justify\"><strong>Edi\u00e7\u00e3o 2018.2<\/strong><\/p>\n<p style=\"text-align: justify\">L\u00edngua Espanhola<\/p>\n<p><a href=\"https:\/\/www.uern.br\/controledepaginas\/pferros_uern_br_dle_proficiencia_contato\/arquivos\/5136caderno_de_provas_esp.pdf\">Caderno de Provas<\/a><\/p>\n<p><a href=\"https:\/\/www.uern.br\/controledepaginas\/pferros_uern_br_dle_proficiencia_contato\/arquivos\/5136expectativa_de_respostas_esp.pdf\">Expectativa de Respostas<\/a><\/p>\n<p style=\"text-align: justify\">L\u00edngua Inglesa<\/p>\n<p><a href=\"https:\/\/www.uern.br\/controledepaginas\/pferros_uern_br_dle_proficiencia_contato\/arquivos\/5136cadernos_de_provas_ingla%C5%A1s.pdf\">Caderno de Provas<\/a><\/p>\n<p><a href=\"https:\/\/www.uern.br\/controledepaginas\/pferros_uern_br_dle_proficiencia_contato\/arquivos\/5136expectativa_de_respostas_profici_ncia_em_l_ngua_inglesa.pdf\">Expectativa de Respostas<\/a><\/p>\n<p style=\"text-align: justify\">Lingua Inglesa (Edi\u00e7\u00e3o Especial)<\/p>\n<p><a href=\"https:\/\/www.uern.br\/controledepaginas\/pferros_uern_br_dle_proficiencia_contato\/arquivos\/5136caderno_de_provas_esp.pdf\">Caderno de Provas(Ingl\u00eas)<\/a><\/p>\n<p><a href=\"https:\/\/www.uern.br\/controledepaginas\/pferros_uern_br_dle_proficiencia_contato\/arquivos\/5136expectativa_de_respostas_esp.pdf\">Expectativa de Respostas<\/a><\/p>\n","protected":false},"excerpt":{"rendered":"<p>2025.2 L\u00edngua Espanhola Edi\u00e7\u00e3o Regular:\u00a0Caderno de Prova\u00a0e\u00a0Expectativa de Respostas. L\u00edngua Inglesa Edi\u00e7\u00e3o Regular:\u00a0Caderno de Prova\u00a0e\u00a0Expectativa de Respostas. 2025.1 L\u00edngua Espanhola Edi\u00e7\u00e3o Regular:\u00a0Caderno de Prova\u00a0e\u00a0Expectativa de Respostas. L\u00edngua Inglesa Edi\u00e7\u00e3o Regular:\u00a0Caderno de Prova\u00a0e\u00a0Expectativa de Respostas. 2024.2 L\u00edngua Espanhola Edi\u00e7\u00e3o Regular:\u00a0Caderno de Prova\u00a0e\u00a0Expectativa de Respostas. L\u00edngua Inglesa Edi\u00e7\u00e3o Regular:\u00a0Caderno de Prova\u00a0e\u00a0Expectativa de Respostas. 2024.1 L\u00edngua Espanhola Edi\u00e7\u00e3o [&hellip;]<\/p>\n","protected":false},"author":1,"featured_media":0,"parent":0,"menu_order":0,"comment_status":"closed","ping_status":"closed","template":"","meta":{"footnotes":""},"class_list":["post-75","page","type-page","status-publish","hentry"],"_links":{"self":[{"href":"https:\/\/portal.uern.br\/paudosferros\/dle\/wp-json\/wp\/v2\/pages\/75","targetHints":{"allow":["GET"]}}],"collection":[{"href":"https:\/\/portal.uern.br\/paudosferros\/dle\/wp-json\/wp\/v2\/pages"}],"about":[{"href":"https:\/\/portal.uern.br\/paudosferros\/dle\/wp-json\/wp\/v2\/types\/page"}],"author":[{"embeddable":true,"href":"https:\/\/portal.uern.br\/paudosferros\/dle\/wp-json\/wp\/v2\/users\/1"}],"replies":[{"embeddable":true,"href":"https:\/\/portal.uern.br\/paudosferros\/dle\/wp-json\/wp\/v2\/comments?post=75"}],"version-history":[{"count":25,"href":"https:\/\/portal.uern.br\/paudosferros\/dle\/wp-json\/wp\/v2\/pages\/75\/revisions"}],"predecessor-version":[{"id":2203,"href":"https:\/\/portal.uern.br\/paudosferros\/dle\/wp-json\/wp\/v2\/pages\/75\/revisions\/2203"}],"wp:attachment":[{"href":"https:\/\/portal.uern.br\/paudosferros\/dle\/wp-json\/wp\/v2\/media?parent=75"}],"curies":[{"name":"wp","href":"https:\/\/api.w.org\/{rel}","templated":true}]}}