{"id":71,"date":"2023-01-31T15:22:52","date_gmt":"2023-01-31T18:22:52","guid":{"rendered":"http:\/\/beta.apps.uern.br\/wordpress\/paudosferros\/dle\/?page_id=71"},"modified":"2025-12-05T08:42:27","modified_gmt":"2025-12-05T11:42:27","slug":"resultados-exame-de-proficiencia","status":"publish","type":"page","link":"https:\/\/portal.uern.br\/paudosferros\/dle\/resultados-exame-de-proficiencia\/","title":{"rendered":"Resultados &#8211; Exame de Profici\u00eancia"},"content":{"rendered":"<h3><strong>EDI\u00c7\u00c3O REGULAR<\/strong><\/h3>\n<p><strong>2025.2<\/strong><\/p>\n<p style=\"text-align: justify\">RESULTADO FINAL &#8211; EXAME DE PROFICI\u00caNCIA &#8211; SEMESTRE 2025.2: <a href=\"https:\/\/portal.uern.br\/paudosferros\/dle\/wp-content\/uploads\/sites\/2\/2025\/12\/Resultado-Final-Lingua-Inglesa-2025.2-assinado.pdf\">L\u00cdNGUA INGLESA<\/a> E <a href=\"https:\/\/portal.uern.br\/paudosferros\/dle\/wp-content\/uploads\/sites\/2\/2025\/12\/Resultado-Final-Lingua-Espanhola-2025.2-assinado.pdf\">L\u00cdNGUA ESPANHOLA<\/a><\/p>\n<p style=\"text-align: justify\">RESULTADO PRELIMINAR \u2013 EXAME DE PROFICI\u00caNCIA \u2013 SEMESTRE 2025.2: <a href=\"https:\/\/portal.uern.br\/paudosferros\/dle\/wp-content\/uploads\/sites\/2\/2025\/11\/RESULTADO_PRELIMINAR_INGLES_assinado.pdf\">L\u00cdNGUA INGLESA<\/a> E <a href=\"https:\/\/portal.uern.br\/paudosferros\/dle\/wp-content\/uploads\/sites\/2\/2025\/11\/RESULTADO_PRELIMINAR_ESPANHOL_assinado-1.pdf\">L\u00cdNGUA ESPANHOLA<\/a><\/p>\n<p><strong>2025.1<\/strong><\/p>\n<p style=\"text-align: justify\">RESULTADO FINAL &#8211; EXAME DE PROFICI\u00caNCIA &#8211; SEMESTRE 2025.1: <a href=\"https:\/\/portal.uern.br\/paudosferros\/dle\/wp-content\/uploads\/sites\/2\/2025\/07\/RESULTADO-FINAL-PROFICIENCIA-2025.1-\u2013-LINGUA-INGLESA.pdf\">L\u00cdNGUA INGLESA<\/a> E <a href=\"https:\/\/portal.uern.br\/paudosferros\/dle\/wp-content\/uploads\/sites\/2\/2025\/07\/RESULTADO-FINAL-PROFICIENCIA-2025.1-\u2013-LINGUA-ESPANHOLA.pdf\">L\u00cdNGUA ESPANHOLA<\/a><\/p>\n<p style=\"text-align: justify\"><a href=\"https:\/\/portal.uern.br\/paudosferros\/dle\/wp-content\/uploads\/sites\/2\/2025\/06\/SEI_34660402_Documento.pdf\">ERRATA III<\/a> &#8211; RETIFICA\u00c7\u00c3O DA ERRATA I E DO RESULTADO PRELIMINAR DO EXAME DE PROFICI\u00caNCIA EM L\u00cdNGUA INGLESA<\/p>\n<p style=\"text-align: justify\">ERRATA I &#8211; RETIFICA\u00c7\u00c3O DO RESULTADO PRELIMINAR &#8211; EXAME DE PROFICI\u00caNCIA &#8211; SEMESTRE 2025.1: <a href=\"https:\/\/portal.uern.br\/paudosferros\/dle\/wp-content\/uploads\/sites\/2\/2025\/06\/Retificacao-Resultado-da-Proficiencia-Espanhol-2025.1-_-Errata-1-ASSSINADA.pdf\">L\u00cdNGUA ESPANHOLA<\/a><\/p>\n<p style=\"text-align: justify\">RESULTADO PRELIMINAR \u2013 EXAME DE PROFICI\u00caNCIA \u2013 SEMESTRE 2025.1: <a href=\"https:\/\/portal.uern.br\/paudosferros\/dle\/wp-content\/uploads\/sites\/2\/2025\/06\/RESULTADO-PRELIMINAR-INGLES-ASSINADO.pdf\">L\u00cdNGUA INGLESA<\/a> E <a href=\"https:\/\/portal.uern.br\/paudosferros\/dle\/wp-content\/uploads\/sites\/2\/2025\/06\/RESULTADO-PRELIMINAR-ESPANHOL-ASSINADO.pdf\">L\u00cdNGUA ESPANHOLA<\/a><\/p>\n<p><strong>2024.2<\/strong><\/p>\n<p style=\"text-align: justify\">RESULTADO FINAL &#8211; EXAME DE PROFICI\u00caNCIA &#8211; SEMESTRE 2024.2: <a href=\"https:\/\/portal.uern.br\/paudosferros\/dle\/wp-content\/uploads\/sites\/2\/2024\/11\/RESULTADO_FINAL_PROFICIENCIA_2024.2_\u2013_LINGUA_INGLESA_2_assinado.pdf\">L\u00cdNGUA INGLESA<\/a> E <a href=\"https:\/\/portal.uern.br\/paudosferros\/dle\/wp-content\/uploads\/sites\/2\/2024\/11\/RESULTADO_FINAL_PROFICIENCIA_2024.2_\u2013_LINGUA_ESPANHOLA_assinado.pdf\">L\u00cdNGUA ESPANHOLA<\/a><\/p>\n<p style=\"text-align: justify\">RESULTADO PRELIMINAR \u2013 EXAME DE PROFICI\u00caNCIA \u2013 SEMESTRE 2024.2: <a href=\"https:\/\/portal.uern.br\/paudosferros\/dle\/wp-content\/uploads\/sites\/2\/2024\/11\/RESULTADO_PRELIMINAR_PROFICIENCIA_2024.2_\u2013_LINGUA_INGLESA_assinado.pdf\">L\u00cdNGUA INGLESA<\/a> E<a href=\"https:\/\/portal.uern.br\/paudosferros\/dle\/wp-content\/uploads\/sites\/2\/2024\/11\/RESULTADO_PRELIMINAR_PROFICIENCIA_2024.2_\u2013_LINGUA_ESPANHOLA_Pronto_assinado.pdf\"> L\u00cdNGUA ESPANHOLA<\/a>.<\/p>\n<p><strong>2024.1<\/strong><\/p>\n<p style=\"text-align: justify\">RESULTADO FINAL &#8211; EXAME DE PROFICI\u00caNCIA &#8211; SEMESTRE 2024.1: <a href=\"https:\/\/portal.uern.br\/paudosferros\/dle\/wp-content\/uploads\/sites\/2\/2024\/07\/RESULTADO_FINAL-INGLES-2024.1_assinado.pdf\">L\u00cdNGUA INGLESA<\/a>\u00a0E\u00a0<a href=\"https:\/\/portal.uern.br\/paudosferros\/dle\/wp-content\/uploads\/sites\/2\/2024\/07\/RESULTADO_FINAL-ESP-2024.1_assinado.pdf\">L\u00cdNGUA ESPANHOLA<\/a>.<\/p>\n<p style=\"text-align: justify\">RESULTADO PRELIMINAR \u2013 EXAME DE PROFICI\u00caNCIA \u2013 SEMESTRE 2024.1: <a href=\"https:\/\/portal.uern.br\/paudosferros\/dle\/wp-content\/uploads\/sites\/2\/2024\/06\/RESULTADO_PRELIMINAR-INGLES-2024.1_-_MODELO_assinado_assinado-1.pdf\">L\u00cdNGUA INGLESA<\/a> E <a href=\"https:\/\/portal.uern.br\/paudosferros\/dle\/wp-content\/uploads\/sites\/2\/2024\/06\/RESULTADO_PRELIMINAR-ESP-2024.1_assinado_assinado.pdf\">L\u00cdNGUA ESPANHOLA<\/a>.<\/p>\n<p><strong>2023.2<\/strong><\/p>\n<p style=\"text-align: justify\">RESULTADO FINAL &#8211; EXAME DE PROFICI\u00caNCIA &#8211; SEMESTRE 2023.2: <a href=\"https:\/\/portal.uern.br\/paudosferros\/dle\/wp-content\/uploads\/sites\/2\/2023\/12\/Resultado_FINAL_Ingles_2023.2_assinado.pdf\">L\u00cdNGUA INGLESA<\/a>\u00a0E\u00a0<a href=\"https:\/\/portal.uern.br\/paudosferros\/dle\/wp-content\/uploads\/sites\/2\/2023\/12\/Resultado_FINAL_Espanhol_2023.2_assinado.pdf\">L\u00cdNGUA ESPANHOLA<\/a>.<\/p>\n<p style=\"text-align: justify\">RESULTADO PRELIMINAR &#8211; EXAME DE PROFICI\u00caNCIA &#8211; SEMESTRE 2023.2: <a href=\"https:\/\/portal.uern.br\/paudosferros\/dle\/wp-content\/uploads\/sites\/2\/2023\/12\/RESULTADO_PRELIMINAR_-_PROFICIENCIA_INGLES_-_2023.2_assinado_assinado.pdf\">L\u00cdNGUA INGLESA<\/a>\u00a0E\u00a0<a href=\"https:\/\/portal.uern.br\/paudosferros\/dle\/wp-content\/uploads\/sites\/2\/2023\/12\/Resultado-preliminar_Espanhol-2023.2.pdf\">L\u00cdNGUA ESPANHOLA<\/a>.<\/p>\n<p><strong>2023.1 <\/strong>&#8211; N\u00e3o foram realizados exames.<\/p>\n<p style=\"text-align: justify\"><strong>2022.2<\/strong><\/p>\n<p style=\"text-align: justify\">RESULTADO FINAL &#8211; EXAME DE PROFICI\u00caNCIA &#8211; SEMESTRE 2022.2:\u00a0<a href=\"http:\/\/www.uern.br\/controledepaginas\/pferros_uern_br_dle_proficiencia_resultados\/arquivos\/5134resultado_final_ingles_2022.2.pdf\">L\u00cdNGUA INGLESA<\/a>\u00a0E\u00a0<a href=\"http:\/\/www.uern.br\/controledepaginas\/pferros_uern_br_dle_proficiencia_resultados\/arquivos\/5134resultado_final_proficiancia_2022.2.pdf\">L\u00cdNGUA ESPANHOLA<\/a>.<\/p>\n<p style=\"text-align: justify\">RESULTADO PRELIMINAR &#8211; EXAME DE PROFICI\u00caNCIA &#8211; SEMESTRE 2022.2:\u00a0<a href=\"http:\/\/www.uern.br\/controledepaginas\/pferros_uern_br_dle_proficiencia_resultados\/arquivos\/5134resultado_preliminar_ingles_2022.2.pdf\" target=\"_blank\" rel=\"noopener\">L\u00cdNGUA INGLESA<\/a>\u00a0E\u00a0<a href=\"http:\/\/www.uern.br\/controledepaginas\/pferros_uern_br_dle_proficiencia_resultados\/arquivos\/5134resultado_preliminar_espanhol_2022.2.pdf\" target=\"_blank\" rel=\"noopener\">L\u00cdNGUA ESPANHOLA<\/a><\/p>\n<p style=\"text-align: justify\"><strong>2022.1<\/strong><\/p>\n<p style=\"text-align: justify\">RESULTADO FINAL &#8211; EXAME DE PROFICI\u00caNCIA &#8211; SEMESTRE 2022.1:\u00a0<a href=\"http:\/\/www.uern.br\/controledepaginas\/pferros_uern_br_dle_proficiencia_resultados\/arquivos\/5134resultado_final_proficiencia_ingles_2022.1_(2).pdf\" target=\"_blank\" rel=\"noopener\">L\u00cdNGUA INGLESA<\/a>\u00a0E\u00a0<a href=\"http:\/\/www.uern.br\/controledepaginas\/pferros_uern_br_dle_proficiencia_resultados\/arquivos\/5134resultado_final_de_proficia%C5%A1ncia_2022.1_espanhol!!ok_(1).pdf\" target=\"_blank\" rel=\"noopener\">L\u00cdNGUA ESPANHOLA<\/a><\/p>\n<p style=\"text-align: justify\">RESULTADO PRELIMINAR &#8211; EXAME DE PROFICI\u00caNCIA &#8211; SEMESTRE 2022.1:\u00a0<a href=\"http:\/\/www.uern.br\/controledepaginas\/pferros_uern_br_dle_proficiencia_resultados\/arquivos\/5134resultado_preliminar_proficiencia_ingles_2022.1!!_(2).pdf\" target=\"_blank\" rel=\"noopener\">L\u00cdNGUA INGLESA<\/a>\u00a0E\u00a0<a href=\"http:\/\/www.uern.br\/controledepaginas\/pferros_uern_br_dle_proficiencia_resultados\/arquivos\/5134resultado_preliminar_de_proficia%C5%A1ncia_2022.1_espanhol!!ok_(1).pdf\" target=\"_blank\" rel=\"noopener\">L\u00cdNGUA ESPANHOLA<\/a><strong><a href=\"http:\/\/www.uern.br\/controledepaginas\/pferros_uern_br_dle_proficiencia_resultados\/arquivos\/5134resultado_preliminar_2021.2_inglesa.pdf\" target=\"_blank\" rel=\"noopener\"><br \/>\n<\/a><\/strong><\/p>\n<p style=\"text-align: justify\"><strong>2021.2<\/strong><\/p>\n<p style=\"text-align: justify\">RESULTADO FINAL- EXAME DE PROFICI\u00caNCIA SEMESTRE 2021.2:\u00a0<a href=\"http:\/\/www.uern.br\/controledepaginas\/pferros_uern_br_dle_proficiencia_resultados\/arquivos\/5134resultado_final_proficiencia_ingles_2021.2.pdf\" target=\"_blank\" rel=\"noopener\">L\u00cdNGUA INGLESA<\/a>\u00a0E\u00a0<a href=\"http:\/\/www.uern.br\/controledepaginas\/pferros_uern_br_dle_proficiencia_resultados\/arquivos\/5134resultado_final_de_proficia%C5%A1ncia_2021.2_espanhol!_ok.pdf\" target=\"_blank\" rel=\"noopener\">L\u00cdNGUA ESPANHOLA<\/a><\/p>\n<p style=\"text-align: justify\">RESULTADO PRELIMINAR &#8211; EXAME DE PROFICI\u00caNCIA SEMESTRE 2021.2:<a href=\"http:\/\/www.uern.br\/controledepaginas\/pferros_uern_br_dle_proficiencia_resultados\/arquivos\/5134resultado_preliminar_2021.2_inglesa.pdf\" target=\"_blank\" rel=\"noopener\">\u00a0L\u00cdNGUA INGLESA<\/a>\u00a0E\u00a0<a href=\"http:\/\/www.uern.br\/controledepaginas\/pferros_uern_br_dle_proficiencia_resultados\/arquivos\/5134resultado_de_proficia%C5%A1ncia_2021.2_espanhol!.pdf\">L\u00cdNGUA ESPANHOLA<\/a>.<\/p>\n<p style=\"text-align: justify\"><strong>2019.2.<\/strong><\/p>\n<p style=\"text-align: justify\">RESULTADO FINAL- EXAME DE PROFICI\u00caNCIA SEMESTRE 2019.2:\u00a0<a href=\"https:\/\/www.uern.br\/controledepaginas\/pferros_uern_br_dle_proficiencia_resultados\/arquivos\/5134resultado_final_ingla%C5%A1s_2019.2.pdf\" target=\"_blank\" rel=\"noopener\">LINGUA INGLESA<\/a>\u00a0E\u00a0<a href=\"https:\/\/www.uern.br\/controledepaginas\/pferros_uern_br_dle_proficiencia_resultados\/arquivos\/5134espanhol_final.pdf\" target=\"_blank\" rel=\"noopener\">L\u00cdNGUA ESPANHOLA.<\/a><\/p>\n<p style=\"text-align: justify\">RESULTADO PRELIMINAR &#8211; EXAME DE PROFICI\u00caNCIA SEMESTRE 2019.2:<a href=\"https:\/\/www.uern.br\/controledepaginas\/pferros_uern_br_dle_proficiencia_resultados\/arquivos\/5134pronto.pdf\" target=\"_blank\" rel=\"noopener\">\u00a0L\u00cdNGUA INGLESA<\/a>\u00a0E\u00a0<a href=\"https:\/\/www.uern.br\/controledepaginas\/pferros_uern_br_dle_proficiencia_resultados\/arquivos\/5134enviar.pdf\" target=\"_blank\" rel=\"noopener\">L\u00cdNGUA ESPANHOLA.<\/a><\/p>\n<p style=\"text-align: justify\"><strong>2019.1<\/strong><\/p>\n<p style=\"text-align: justify\">RESULTADO FINAL &#8211; EXAME DE PROFICI\u00caNCIA SEMESTRE 2019.1:\u00a0<a href=\"https:\/\/www.uern.br\/controledepaginas\/pferros_uern_br_dle_proficiencia_resultados\/arquivos\/5134a_final_ing.pdf\" target=\"_blank\" rel=\"noopener\">L\u00cdNGUA INGLESA<\/a>\u00a0E\u00a0<a href=\"https:\/\/www.uern.br\/controledepaginas\/pferros_uern_br_dle_proficiencia_resultados\/arquivos\/5134a_final_esp.pdf\" target=\"_blank\" rel=\"noopener\">L\u00cdNGUA ESPANHOLA.<\/a><\/p>\n<p style=\"text-align: justify\">RESULTADO PRELIMINAR &#8211; EXAME DE PROFICI\u00caNCIA SEMESTRE 2019.1:\u00a0<a href=\"https:\/\/www.uern.br\/controledepaginas\/pferros_uern_br_dle_proficiencia_resultados\/arquivos\/5134regular_ingl..pdf\" target=\"_blank\" rel=\"noopener\">L\u00cdNGUA INGLESA<\/a>\u00a0E\u00a0<a href=\"https:\/\/www.uern.br\/controledepaginas\/pferros_uern_br_dle_proficiencia_resultados\/arquivos\/5134regular_esp..pdf\" target=\"_blank\" rel=\"noopener\">L\u00cdNGUA ESPANHOLA.<\/a><\/p>\n<p style=\"text-align: justify\"><strong>2018.2<\/strong><\/p>\n<p style=\"text-align: justify\">RESULTADO FINAL &#8211; EXAME DE PROFICI\u00caNCIA SEMESTRE 2018.2:\u00a0<a href=\"https:\/\/www.uern.br\/controledepaginas\/pferros_uern_br_dle_proficiencia_resultados\/arquivos\/5134final_ingla%C5%A1s.pdf\" target=\"_blank\" rel=\"noopener\">L\u00cdNGUA INGLESA<\/a>\u00a0E\u00a0<a href=\"https:\/\/www.uern.br\/controledepaginas\/pferros_uern_br_dle_proficiencia_resultados\/arquivos\/5134final_espanhol.pdf\" target=\"_blank\" rel=\"noopener\">L\u00cdNGUA ESPANHOLA.<\/a><\/p>\n<p style=\"text-align: justify\">RESULTADO PRELIMINAR &#8211; EXAME DE PROFICI\u00caNCIA SEMESTRE 2018.2:\u00a0<a href=\"https:\/\/www.uern.br\/controledepaginas\/pferros_uern_br_dle_proficiencia_resultados\/arquivos\/5134resultado_1ing.pdf\" target=\"_blank\" rel=\"noopener\">L\u00cdNGUA INGLESA<\/a>\u00a0E\u00a0<a href=\"https:\/\/www.uern.br\/controledepaginas\/pferros_uern_br_dle_proficiencia_resultados\/arquivos\/5134resultado_1esp.pdf\" target=\"_blank\" rel=\"noopener\">L\u00cdNGUA ESPANHOLA<\/a>.<\/p>\n<p style=\"text-align: justify\"><strong>2018.1\u00a0<\/strong><\/p>\n<p style=\"text-align: justify\">LISTA DOS APROVADOS EM PROFICI\u00caNCIA SEMESTRE 2018.1:<a href=\"https:\/\/www.uern.br\/controledepaginas\/dle-pferros-apresentacao\/arquivos\/2120lista_de_aprovados_proficiencia_lingua_inglesa_2018_1_dle_cameam.pdf\" target=\"_blank\" rel=\"noopener\">\u00a0L\u00cdNGUA INGLESA<\/a>\u00a0E\u00a0<a href=\"https:\/\/www.uern.br\/controledepaginas\/dle-pferros-apresentacao\/arquivos\/2120lista_de_aprovados_proficiencia_lingua_espanhola_2018_1.pdf\" target=\"_blank\" rel=\"noopener\">L\u00cdNGUA ESPANHOLA<\/a>.\u00a0Para consultar as notas, entrar em contato com o Departamento de Letras Estrangeiras &#8211; DLE\/CAMEAM\/UERN<\/p>\n<p style=\"text-align: justify\"><strong>2017.2<\/strong><\/p>\n<p style=\"text-align: justify\">LISTA DE APROVADOS NO TESTE DE PROFICI\u00caNCIA 2017.2:\u00a0<a href=\"https:\/\/www.uern.br\/controledepaginas\/dle-pferros-apresentacao\/arquivos\/2120lista_dos_aprovados_no_exame_de_proficiencia_em_lingua_inglesa_semestre_2017_2_dle_cameam.pdf\" target=\"_blank\" rel=\"noopener\">INGL\u00caS<\/a>\u00a0e\u00a0<a href=\"https:\/\/www.uern.br\/controledepaginas\/dle-pferros-apresentacao\/arquivos\/2120lista_dos_aprovados_no_exame_de_proficiencia_em_lingua_espanhola_semestre_2017_2_dle_cameam.pdf\" target=\"_blank\" rel=\"noopener\">ESPANHOL<\/a>. Para consultar as notas, entrar em contato com o Departamento de Letras Estrangeiras &#8211; DLE\/CAMEAM\/UERN<\/p>\n<p style=\"text-align: justify\"><strong>2017.1<\/strong><\/p>\n<p style=\"text-align: justify\">LISTA DE APROVADOS NO TESTE DE PROFICI\u00caNCIA 2017.1:\u00a0<a href=\"https:\/\/www.uern.br\/controledepaginas\/dle-pferros-noticias\/arquivos\/2138lista_de_aprovados_proficiencia_lingua_inglesa_2017_1_dle_cameam.pdf\" target=\"_blank\" rel=\"noopener\">INGL\u00caS<\/a>\u00a0e\u00a0<a href=\"https:\/\/www.uern.br\/controledepaginas\/dle-pferros-noticias\/arquivos\/2138lista_de_aprovados__proficiencia_lingua_espanhola_2017_1_dle_cameam.pdf\" target=\"_blank\" rel=\"noopener\">ESPANHOL<\/a>.Para consultar as notas, entrar em contato com o Departamento de Letras Estrangeiras &#8211; DLE\/CAMEAM\/UERN<\/p>\n<p style=\"text-align: justify\"><strong>2016.2<\/strong><\/p>\n<p style=\"text-align: justify\">LISTA DE APROVADOS NO TESTE DE PROFICI\u00caNCIA 2016.2:\u00a0<a href=\"https:\/\/www.uern.br\/controledepaginas\/dle-pferros-apresentacao\/arquivos\/2120lista_dos_aprovados__para_publicacao_proficiencia_lingua_inglesa_2016_2.pdf\" target=\"_blank\" rel=\"noopener\">INGL\u00caS<\/a>\u00a0e\u00a0<a href=\"https:\/\/www.uern.br\/controledepaginas\/dle-pferros-apresentacao\/arquivos\/2120lista_dos_aprovados_para_publicacao_proficiencia_lingua_espanhola_2016_2.pdf\" target=\"_blank\" rel=\"noopener\">ESPANHOL<\/a>.Para consultar as notas, entrar em contato com o Departamento de Letras Estrangeiras &#8211; DLE\/CAMEAM\/UERN<\/p>\n<p style=\"text-align: justify\"><strong>2016.1<\/strong><\/p>\n<p style=\"text-align: justify\">LISTA DE APROVADOS NO TESTE DE PROFICI\u00caNCIA 2016.1:\u00a0<a href=\"https:\/\/www.uern.br\/controledepaginas\/dle-pferros-noticias\/arquivos\/2138lista_dos_aprovados_proficiencia_ingles_2016_1.pdf\" target=\"_blank\" rel=\"noopener\">INGL\u00caS<\/a>\u00a0e\u00a0<a href=\"https:\/\/www.uern.br\/controledepaginas\/dle-pferros-noticias\/arquivos\/2138lista_dos_aprovados_proficiencia_espanhol_2016_1.pdf\">ESPANHOL<\/a>.Para consultar as notas, entrar em contato com o Departamento de Letras Estrangeiras &#8211; DLE\/CAMEAM\/UERN<\/p>\n<p style=\"text-align: justify\">LISTA DE APROVADOS NO TESTE DE PROFICI\u00caNCIA <strong>2015.2<\/strong>:\u00a0<a href=\"https:\/\/www.uern.br\/controledepaginas\/dle-pferros-apresentacao\/arquivos\/2120aprovados__em__proficiencia_de_lingua_inglesa_2015_2.pdf\" target=\"_blank\" rel=\"noopener\">INGL\u00caS<\/a>\u00a0e\u00a0<a href=\"https:\/\/www.uern.br\/controledepaginas\/dle-pferros-apresentacao\/arquivos\/2120aprovados_em_proficiencia_lingua__espanhola_2015_2.pdf\" target=\"_blank\" rel=\"noopener\">ESPANHOL<\/a>.Para consultar as notas, entrar em contato com o Departamento de Letras Estrangeiras &#8211; DLE\/CAMEAM\/UERN<\/p>\n<p style=\"text-align: justify\">LISTA DE APROVADOS NO TESTE DE PROFICI\u00caNCIA <strong>2015.1<\/strong>:\u00a0<a href=\"https:\/\/www.uern.br\/controledepaginas\/dle-pferros-apresentacao\/arquivos\/2120lista_de_aprovados_na_prova_de_proficiencia_ingles_2015_1.pdf\" target=\"_blank\" rel=\"noopener\">INGL\u00caS<\/a>\u00a0e\u00a0<a href=\"https:\/\/www.uern.br\/controledepaginas\/dle-pferros-apresentacao\/arquivos\/2120lista_de_aprovados_da_prova_de_proficiencia_espanhol__2015_1.pdf\" target=\"_blank\" rel=\"noopener\">ESPANHOL<\/a>.Para consultar as notas, entrar em contato com o Departamento de Letras Estrangeiras &#8211; DLE\/CAMEAM\/UERN<\/p>\n<hr \/>\n<h3><strong>EDI\u00c7\u00c3O ESPECIAL<\/strong><\/h3>\n<p style=\"text-align: justify\">RESULTADO FINAL EDI\u00c7\u00c3O ESPECIAL CAPF &#8211; EXAME DE PROFICI\u00caNCIA SEMESTRE 2019.2:\u00a0<a href=\"https:\/\/www.uern.br\/controledepaginas\/pferros_uern_br_dle_proficiencia_recursos\/arquivos\/5135final_ingla%C5%A1s_especial.pdf\" target=\"_blank\" rel=\"noopener\">L\u00cdNGUA INGLESA<\/a>\u00a0E\u00a0<a href=\"https:\/\/www.uern.br\/controledepaginas\/pferros_uern_br_dle_proficiencia_recursos\/arquivos\/5135final_especi._esp..pdf\" target=\"_blank\" rel=\"noopener\">L\u00cdNGUA ESPANHOLA.<\/a><\/p>\n<p style=\"text-align: justify\">RESULTADO FINAL EDI\u00c7\u00c3O ESPECIAL CAMEAM &#8211; EXAME DE PROFICI\u00caNCIA SEMESTRE 2019.1:\u00a0<a href=\"https:\/\/www.uern.br\/controledepaginas\/pferros_uern_br_dle_proficiencia_resultados\/arquivos\/5134b_resul_final__ingl_especi.pdf\" target=\"_blank\" rel=\"noopener\">L\u00cdNGUA INGLESA<\/a>\u00a0E\u00a0<a href=\"https:\/\/www.uern.br\/controledepaginas\/pferros_uern_br_dle_proficiencia_resultados\/arquivos\/5134b_final_espa_espe.pdf\" target=\"_blank\" rel=\"noopener\">L\u00cdNGUA ESPANHOLA.<\/a><\/p>\n<p style=\"text-align: justify\">RESULTADO PRELIMINAR EDI\u00c7\u00c3O ESPECIAL CAMEAM &#8211; EXAME DE PROFICI\u00caNCIA SEMESTRE 2019.1:\u00a0<a href=\"https:\/\/www.uern.br\/controledepaginas\/pferros_uern_br_dle_proficiencia_resultados\/arquivos\/5134preli_ing_esp.pdf\" target=\"_blank\" rel=\"noopener\">L\u00cdNGUA INGLESA<\/a>\u00a0E<a href=\"https:\/\/www.uern.br\/controledepaginas\/pferros_uern_br_dle_proficiencia_resultados\/arquivos\/5134preli_esp_esp.pdf\" target=\"_blank\" rel=\"noopener\">\u00a0L\u00cdNGUA ESPANHOLA.<\/a><\/p>\n<p style=\"text-align: justify\">RESULTADO FINAL EDI\u00c7\u00c3O ESPECIAL IF SERT\u00c3O PE &#8211; EXAME DE PROFICI\u00caNCIA SEMESTRE 2019.1:\u00a0<a href=\"https:\/\/www.uern.br\/controledepaginas\/pferros_uern_br_dle_proficiencia_resultados\/arquivos\/5134a_if_sertao_ingl.pdf\" target=\"_blank\" rel=\"noopener\">L\u00cdNGUA INGLESA<\/a>\u00a0E\u00a0<a href=\"https:\/\/www.uern.br\/controledepaginas\/pferros_uern_br_dle_proficiencia_resultados\/arquivos\/5134dinter_espa.pdf\" target=\"_blank\" rel=\"noopener\">L\u00cdNGUA ESPANHOLA.<\/a><\/p>\n<p style=\"text-align: justify\">RESULTADO PRELIMINAR EDI\u00c7\u00c3O ESPECIAL IF SERT\u00c3O PE &#8211; EXAME DE PROFICI\u00caNCIA SEMESTRE 2019.1:\u00a0<a href=\"https:\/\/www.uern.br\/controledepaginas\/pferros_uern_br_dle_proficiencia_resultados\/arquivos\/5134if_sertao_ingl.pdf\" target=\"_blank\" rel=\"noopener\">L\u00cdNGUA INGLESA<\/a>\u00a0E\u00a0<a href=\"https:\/\/www.uern.br\/controledepaginas\/pferros_uern_br_dle_proficiencia_resultados\/arquivos\/5134if_setao_esp..pdf\" target=\"_blank\" rel=\"noopener\">L\u00cdNGUA ESPANHOLA.<\/a><\/p>\n<p style=\"text-align: justify\">RESULTADO FINAL &#8211; EXAME DE PROFICI\u00caNCIA EM L\u00cdNGUA INGLESA &#8211;\u00a0<a href=\"https:\/\/www.uern.br\/controledepaginas\/pferros_uern_br_dle_proficiencia_resultados\/arquivos\/5134resultado_edica%C2%A3o_especial_exame_de_proficiancia.pdf\">EDI\u00c7\u00c3O ESPECIAL<\/a>\u00a0(2018.2)<\/p>\n<p style=\"text-align: justify\">LISTA DE APROVADOS NO TESTE DE PROFICI\u00caNCIA 2018.1 &#8211; Edi\u00e7\u00e3o Especial:\u00a0<a title=\"LISTA DE APROVADOS EM PROFICI\u00caNCIA SEMESTRE 2018.1 - EDI\u00c7\u00c3O ESPECIAL: L\u00cdNGUA ESPANHOLA\" href=\"https:\/\/www.uern.br\/controledepaginas\/dle-pferros-apresentacao\/arquivos\/2120resultado_proficiencia_edia%C2%A7a%C2%A3o_especial_2018.1.pdf\" target=\"_blank\" rel=\"noopener\">L\u00cdNGUA ESPANHOLA<\/a>. Para consultar as notas, entrar em contato com o Departamento de Letras Estrangeiras &#8211; DLE\/CAMEAM\/UERN<\/p>\n","protected":false},"excerpt":{"rendered":"<p>EDI\u00c7\u00c3O REGULAR 2025.2 RESULTADO FINAL &#8211; EXAME DE PROFICI\u00caNCIA &#8211; SEMESTRE 2025.2: L\u00cdNGUA INGLESA E L\u00cdNGUA ESPANHOLA RESULTADO PRELIMINAR \u2013 EXAME DE PROFICI\u00caNCIA \u2013 SEMESTRE 2025.2: L\u00cdNGUA INGLESA E L\u00cdNGUA ESPANHOLA 2025.1 RESULTADO FINAL &#8211; EXAME DE PROFICI\u00caNCIA &#8211; SEMESTRE 2025.1: L\u00cdNGUA INGLESA E L\u00cdNGUA ESPANHOLA ERRATA III &#8211; RETIFICA\u00c7\u00c3O DA ERRATA I E DO [&hellip;]<\/p>\n","protected":false},"author":1,"featured_media":0,"parent":0,"menu_order":0,"comment_status":"closed","ping_status":"closed","template":"","meta":{"footnotes":""},"class_list":["post-71","page","type-page","status-publish","hentry"],"_links":{"self":[{"href":"https:\/\/portal.uern.br\/paudosferros\/dle\/wp-json\/wp\/v2\/pages\/71","targetHints":{"allow":["GET"]}}],"collection":[{"href":"https:\/\/portal.uern.br\/paudosferros\/dle\/wp-json\/wp\/v2\/pages"}],"about":[{"href":"https:\/\/portal.uern.br\/paudosferros\/dle\/wp-json\/wp\/v2\/types\/page"}],"author":[{"embeddable":true,"href":"https:\/\/portal.uern.br\/paudosferros\/dle\/wp-json\/wp\/v2\/users\/1"}],"replies":[{"embeddable":true,"href":"https:\/\/portal.uern.br\/paudosferros\/dle\/wp-json\/wp\/v2\/comments?post=71"}],"version-history":[{"count":39,"href":"https:\/\/portal.uern.br\/paudosferros\/dle\/wp-json\/wp\/v2\/pages\/71\/revisions"}],"predecessor-version":[{"id":2216,"href":"https:\/\/portal.uern.br\/paudosferros\/dle\/wp-json\/wp\/v2\/pages\/71\/revisions\/2216"}],"wp:attachment":[{"href":"https:\/\/portal.uern.br\/paudosferros\/dle\/wp-json\/wp\/v2\/media?parent=71"}],"curies":[{"name":"wp","href":"https:\/\/api.w.org\/{rel}","templated":true}]}}