{"id":69,"date":"2023-01-31T15:20:32","date_gmt":"2023-01-31T18:20:32","guid":{"rendered":"http:\/\/beta.apps.uern.br\/wordpress\/paudosferros\/dle\/?page_id=69"},"modified":"2025-11-07T11:17:39","modified_gmt":"2025-11-07T14:17:39","slug":"editais-exame-de-proficiencia","status":"publish","type":"page","link":"https:\/\/portal.uern.br\/paudosferros\/dle\/editais-exame-de-proficiencia\/","title":{"rendered":"Editais &#8211; Exame de Profici\u00eancia"},"content":{"rendered":"<p><strong>2025.2<\/strong><\/p>\n<p><a href=\"https:\/\/portal.uern.br\/paudosferros\/dle\/wp-content\/uploads\/sites\/2\/2025\/09\/SEI_36248949_Edital_010_2025___DLE_CAPF-3.pdf\">EDITAL N\u00ba 010\/2025-DLE\/CAPF\/UERN<\/a> &#8211; ESTABELECE NORMAS PARA A REALIZA\u00c7\u00c3O DE EXAMES DE PROFICI\u00caNCIA EM L\u00cdNGUAS ESTRANGEIRAS (L\u00cdNGUA ESPANHOLA E L\u00cdNGUA INGLESA).<\/p>\n<p>HOMOLOGA\u00c7\u00c3O DAS INSCRI\u00c7\u00d5ES PARA OS EXAMES DE PROFICI\u00caNCIA DISCIPLINADOS PELO EDITAL N\u00ba 010\/2025-DLE\/CAPF\/UERN (EDI\u00c7\u00c3O REGULAR): <a href=\"https:\/\/portal.uern.br\/paudosferros\/dle\/wp-content\/uploads\/sites\/2\/2025\/11\/1.-HOMOLOGACAO_DAS_INSCRICOES_PROFICIENCIA_2025.2_LINGUA_ESPANHOLA_assinado.pdf\">L\u00cdNGUA ESPANHOLA<\/a> E\u00a0<a href=\"https:\/\/portal.uern.br\/paudosferros\/dle\/wp-content\/uploads\/sites\/2\/2025\/11\/1.-HOMOLOGACAO-DAS-INSCRICOES-PROFICIENCIA-2025.2-\u2013-LINGUA-INGLESA-Assinado-2.pdf\">L\u00cdNGUA INGLESA<\/a> <strong>2025.2\u00a0<\/strong><\/p>\n<p>HOMOLOGA\u00c7\u00c3O DAS INSCRI\u00c7\u00d5ES PARA OS EXAMES DE PROFICI\u00caNCIA DISCIPLINADOS PELO EDITAL N\u00ba 010\/2025-DLE\/CAPF\/UERN (EDI\u00c7\u00c3O REGULAR): <a href=\"https:\/\/portal.uern.br\/paudosferros\/dle\/wp-content\/uploads\/sites\/2\/2025\/11\/HOMOLOGACAO_DAS_INSCRICOES_PROFICIENCIA_2025.2__E2_80_93_LINGUA_ESPANHOLA__28APOS_RECURSO_29_281_29_assinado.pdf\">L\u00cdNGUA ESPANHOLA<\/a> 2025.2 (ap\u00f3s recurso)<\/p>\n<p><strong>2025.1<\/strong><\/p>\n<p style=\"text-align: justify\"><a href=\"https:\/\/portal.uern.br\/paudosferros\/dle\/wp-content\/uploads\/sites\/2\/2025\/04\/SEI_32880023_Edital_007.pdf\">EDITAL N\u00ba 007\/2025-DLE\/CAPF\/UERN<\/a> &#8211; ESTABELECE NORMAS PARA A REALIZA\u00c7\u00c3O DE EXAMES DE PROFICI\u00caNCIA EM L\u00cdNGUAS ESTRANGEIRAS (L\u00cdNGUA ESPANHOLA E L\u00cdNGUA INGLESA).<\/p>\n<p><a href=\"https:\/\/portal.uern.br\/paudosferros\/dle\/wp-content\/uploads\/sites\/2\/2025\/06\/SEI_34659180_Documento.pdf\">ERRATA II<\/a> \u2013 RETIFICA\u00c7\u00c3O DO EDITAL N\u00ba 007\/2025 \u2013 DLE\/CAPF\/UERN<\/p>\n<p style=\"text-align: justify\">HOMOLOGA\u00c7\u00c3O DAS INSCRI\u00c7\u00d5ES PARA OS EXAMES DE PROFICI\u00caNCIA DISCIPLINADOS PELO EDITAL N\u00ba 007\/2025-DLE\/CAPF\/UERN (EDI\u00c7\u00c3O REGULAR): <a href=\"https:\/\/portal.uern.br\/paudosferros\/dle\/wp-content\/uploads\/sites\/2\/2025\/05\/HOMOLOGACAO-LE-2025.1.pdf\">L\u00cdNGUA ESPANHOLA<\/a> E\u00a0<a href=\"https:\/\/portal.uern.br\/paudosferros\/dle\/wp-content\/uploads\/sites\/2\/2025\/05\/HOMOLOGACAO-LI-2025.1.pdf\">L\u00cdNGUA INGLESA<\/a> <strong>2025.1\u00a0<\/strong><\/p>\n<p><strong>2024.2<\/strong><\/p>\n<p style=\"text-align: justify\"><a href=\"https:\/\/portal.uern.br\/paudosferros\/dle\/wp-content\/uploads\/sites\/2\/2024\/08\/Edital-002.2024-Exame-de-Proficiencia-Semestre-2024.2-.pdf\">EDITAL N\u00ba 002\/2024-DLE\/CAPF\/UERN<\/a> &#8211; ESTABELECE NORMAS PARA A REALIZA\u00c7\u00c3O DE EXAMES DE PROFICI\u00caNCIA EM L\u00cdNGUAS ESTRANGEIRAS (L\u00cdNGUA ESPANHOLA E L\u00cdNGUA INGLESA).<\/p>\n<p style=\"text-align: justify\">HOMOLOGA\u00c7\u00c3O DAS INSCRI\u00c7\u00d5ES PARA OS EXAMES DE PROFICI\u00caNCIA\u00a0 DISCIPLINADOS PELO EDITAL N\u00ba 002\/2024-DLE\/CAPF\/UERN (EDI\u00c7\u00c3O REGULAR): <a href=\"https:\/\/portal.uern.br\/paudosferros\/dle\/wp-content\/uploads\/sites\/2\/2024\/10\/HOMOLOGACAO_DAS_INSCRICOES_PROFICIENCIA_2024.2_\u2013_LINGUA_ESPANHOLA_assinado.pdf\">L\u00cdNGUA ESPANHOLA<\/a> E\u00a0<a href=\"https:\/\/portal.uern.br\/paudosferros\/dle\/wp-content\/uploads\/sites\/2\/2024\/10\/HOMOLOGACAO_DAS_INSCRICOES_PROFICIENCIA_2024.2_\u2013_LINGUA_INGLESA_assinado.pdf\">L\u00cdNGUA INGLESA<\/a> <strong>2024.2\u00a0<\/strong><\/p>\n<p style=\"text-align: justify\">ERRATAS &#8211; HOMOLOGA\u00c7\u00c3O DAS INSCRI\u00c7\u00d5ES PARA OS EXAMES DE PROFICI\u00caNCIA\u00a0 DISCIPLINADOS PELO EDITAL N\u00ba 002\/2024-DLE\/CAPF\/UERN (EDI\u00c7\u00c3O REGULAR): <a href=\"https:\/\/portal.uern.br\/paudosferros\/dle\/wp-content\/uploads\/sites\/2\/2024\/11\/SEI_SEAD-30158204-Documento-I.pdf\">L\u00cdNGUA ESPANHOLA<\/a> E\u00a0<a href=\"https:\/\/portal.uern.br\/paudosferros\/dle\/wp-content\/uploads\/sites\/2\/2024\/11\/SEI_30158938_Documento-II.pdf\">L\u00cdNGUA INGLESA<\/a> <strong>2024.2\u00a0<\/strong><\/p>\n<p style=\"text-align: justify\"><strong>2024.1<\/strong><\/p>\n<p style=\"text-align: justify\">AVISO: Informamos que, mesmo com a suspens\u00e3o das atividades administrativas e acad\u00eamicas do CAPF\/UERN, circulada por meio do <a href=\"https:\/\/portal.uern.br\/paudosferros\/dle\/wp-content\/uploads\/sites\/2\/2024\/06\/SEI_27151190_Memorando_Circular_14.pdf\">Memorando-Circular n\u00ba 14\/2024\/UERN &#8211; CAPF<\/a>,\u00a0 as Comiss\u00f5es do Exame de Profici\u00eancia em L\u00edngua Espanhola e L\u00edngua Inglesa, edi\u00e7\u00e3o 2024.1, decidiram <strong>manter<\/strong> a data de realiza\u00e7\u00e3o das provas, que conforme edital n\u00b0 001\/2024 &#8211; DLE\/CAPF, est\u00e1 prevista para amanh\u00e3 13\/06\/2024.<\/p>\n<p>Aos inscritos lembramos quanto a \u00a0data, hor\u00e1rio e local de realiza\u00e7\u00e3o das provas de profici\u00eancia em suas respectivas l\u00ednguas:<\/p>\n<ul>\n<li>L\u00edngua Inglesa \u00a0 &#8211; 13\/06\/2024 \u00a0 &#8211; 08h \u00e0s 11h &#8211; Sala B01<\/li>\n<li>L\u00edngua Espanhola &#8211; 13\/06\/2024 &#8211; 14h \u00e0s 17h, &#8211; Sala B01<\/li>\n<\/ul>\n<p>A decis\u00e3o foi motivada por considerarmos um prazo ex\u00edguo para a altera\u00e7\u00e3o da data das referidas provas.<\/p>\n<p><a href=\"https:\/\/portal.uern.br\/paudosferros\/dle\/wp-content\/uploads\/sites\/2\/2024\/04\/Edital-de-Proficienciaa-2024.1.pdf\">EDITAL N\u00ba 001\/2024-DLE\/CAPF\/UERN<\/a> &#8211; ESTABELECE NORMAS PARA A REALIZA\u00c7\u00c3O DE EXAMES DE PROFICI\u00caNCIA EM L\u00cdNGUAS ESTRANGEIRAS (L\u00cdNGUA ESPANHOLA E L\u00cdNGUA INGLESA).<\/p>\n<p>HOMOLOGA\u00c7\u00c3O DAS INSCRI\u00c7\u00d5ES PARA O EXAME DE PROFICI\u00caNCIA\u00a0 DISCIPLINADO PELO EDITAL N\u00ba 001\/2024-DLE\/CAPF\/UERN (EDI\u00c7\u00c3O REGULAR): <a href=\"https:\/\/portal.uern.br\/paudosferros\/dle\/wp-content\/uploads\/sites\/2\/2024\/06\/HOMOLOGACAO-ESP-2024.1.pdf\">L\u00cdNGUA ESPANHOLA<\/a> E\u00a0<a href=\"https:\/\/portal.uern.br\/paudosferros\/dle\/wp-content\/uploads\/sites\/2\/2024\/06\/HOMOLOGACAO-ING-2024.1.pdf\">L\u00cdNGUA INGLESA<\/a><\/p>\n<p><strong>2023.2\u00a0<\/strong><\/p>\n<p style=\"text-align: justify\"><a href=\"https:\/\/portal.uern.br\/paudosferros\/dle\/wp-content\/uploads\/sites\/2\/2023\/10\/Edital-007_2023-Abertura-das-inscricoes.pdf\">EDITAL N\u00ba 007\/2023-DLE\/CAPF\/UERN<\/a> &#8211; ESTABELECE NORMAS PARA A REALIZA\u00c7\u00c3O DE EXAMES DE PROFICI\u00caNCIA EM L\u00cdNGUAS ESTRANGEIRAS (L\u00cdNGUA ESPANHOLA E L\u00cdNGUA INGLESA).<\/p>\n<p style=\"text-align: justify\">HOMOLOGA\u00c7\u00c3O DAS INSCRI\u00c7\u00d5ES PARA O EXAME DE PROFICI\u00caNCIA\u00a0 DISCIPLINADO PELO EDITAL N\u00ba 007\/2023-DLE\/CAPF\/UERN (EDI\u00c7\u00c3O REGULAR): <a href=\"https:\/\/portal.uern.br\/paudosferros\/dle\/wp-content\/uploads\/sites\/2\/2023\/11\/HOMOLOGACAO_DAS_INSCRICOES_PROFICIENCIA_2023.2_\u2013_LINGUA_ESPANHOLA_assinado.pdf\">L\u00cdNGUA ESPANHOLA<\/a> E\u00a0<a href=\"https:\/\/portal.uern.br\/paudosferros\/dle\/wp-content\/uploads\/sites\/2\/2023\/11\/HOMOLOGACAO_DAS_INSCRICOES_PROFICIENCIA_2023.2_\u2013_LINGUA_INGLESA__assinado.pdf\">L\u00cdNGUA INGLESA<\/a><\/p>\n<p><strong>2023.1<\/strong><\/p>\n<p>O DLE\/CAPF n\u00e3o lan\u00e7ou edital de profici\u00eancia neste semestre.<\/p>\n<p><strong>2022.2<\/strong><\/p>\n<p style=\"text-align: justify\"><a href=\"http:\/\/www.uern.br\/controledepaginas\/pferros_uern_br_dle_proficiencia_editais\/arquivos\/5133edital_003.pdf\" target=\"_blank\" rel=\"noopener\">EDITAL N\u00ba 003\/2023-DLE\/CAPF\/UERN &#8211; ESTABELECE NORMAS PARA A REALIZA\u00c7\u00c3O DE EXAMES DE PROFICI\u00caNCIA EM L\u00cdNGUAS ESTRANGEIRAS (L\u00cdNGUA ESPANHOLA E L\u00cdNGUA INGLESA).<\/a><\/p>\n<p style=\"text-align: justify\"><a href=\"http:\/\/www.uern.br\/controledepaginas\/pferros_uern_br_dle_proficiencia_editais\/arquivos\/5133errata_i_edital_de_proficiencia_2022.2.pdf\" target=\"_blank\" rel=\"noopener\">ERRATA I DO EDITAL N\u00b0 003\/2023 &#8211; DLE\/CAPF &#8211; EXAMES DE PROFICI\u00caNCIA EM L\u00cdNGUAS ESTRANGEIRAS (L\u00cdNGUAESPANHOLA E L\u00cdNGUA INGLESA) &#8211; SEMESTRE 2022.2<\/a><\/p>\n<p style=\"text-align: justify\"><a href=\"http:\/\/www.uern.br\/controledepaginas\/pferros_uern_br_dle_proficiencia_editais\/arquivos\/5133errata_ii_assinatura..pdf\" target=\"_blank\" rel=\"noopener\">ERRATA II DO EDITAL N\u00b0 003\/2023 &#8211; DLE\/CAPF &#8211; EXAMES DE PROFICI\u00caNCIA EM L\u00cdNGUAS ESTRANGEIRAS (L\u00cdNGUAESPANHOLA E L\u00cdNGUA INGLESA) &#8211; SEMESTRE 2022.2<\/a><\/p>\n<p style=\"text-align: justify\"><a href=\"http:\/\/www.uern.br\/controledepaginas\/pferros_uern_br_dle_proficiencia_editais\/arquivos\/5133ficha_de_inscricao_proficiencia_2022.2.pdf\" target=\"_blank\" rel=\"noopener\">FICHA DE INSCRI\u00c7\u00c3O PRESENCIAL<\/a><\/p>\n<p style=\"text-align: justify\">HOMOLOGA\u00c7\u00c3O DAS INSCRI\u00c7\u00d5ES PARA O EXAME DE PROFICI\u00caNCIA\u00a0 DISCIPLINADO PELO EDITAL N\u00ba 003\/2023-DLE\/CAPF\/UERN (EDI\u00c7\u00c3O REGULAR): <a href=\"http:\/\/www.uern.br\/controledepaginas\/pferros_uern_br_dle_proficiencia_editais\/arquivos\/5133homologacao_proficiencia_espanhol.pdf\">LINGUA\u00a0ESPANHOLA\u00a0<\/a>E\u00a0<a href=\"http:\/\/www.uern.br\/controledepaginas\/pferros_uern_br_dle_proficiencia_editais\/arquivos\/5133homologacao_proficiencia_ingles.pdf\">LINGUA\u00a0INGLESA<\/a><\/p>\n<p><strong>2022.1<\/strong><\/p>\n<p style=\"text-align: justify\"><a href=\"http:\/\/www.uern.br\/controledepaginas\/pferros_uern_br_dle_proficiencia_editais\/arquivos\/5133edital_proficia%C5%A1ncia_2022.1.pdf\" target=\"_blank\" rel=\"noopener\">EDITAL N\u00ba 008\/2022-DLE\/CAPF\/UERN &#8211; ESTABELECE NORMAS PARA A REALIZA\u00c7\u00c3O DE XAMES DE PROFICI\u00caNCIA EM L\u00cdNGUAS ESTRANGEIRAS (L\u00cdNGUA ESPANHOLA E L\u00cdNGUA INGLESA).<\/a><\/p>\n<p style=\"text-align: justify\"><a href=\"http:\/\/www.uern.br\/controledepaginas\/pferros_uern_br_dle_proficiencia_editais\/arquivos\/5133ficha_de_inscricao_proficiencia_2022.1.pdf\" target=\"_blank\" rel=\"noopener\">FICHA DE INSCRI\u00c7\u00c3O PRESENCIAL.<\/a><\/p>\n<p style=\"text-align: justify\">HOMOLOGA\u00c7\u00c3O DAS INSCRI\u00c7\u00d5ES PARA O EXAME DE PROFICI\u00caNCIA\u00a0 DISCIPLINADO PELO EDITAL N\u00ba 008\/2022-DLE\/CAPF\/UERN (EDI\u00c7\u00c3O REGULAR):\u00a0<a href=\"http:\/\/www.uern.br\/controledepaginas\/pferros_uern_br_dle_proficiencia_editais\/arquivos\/5133homologacao_2022.1_es.pdf\" target=\"_blank\" rel=\"noopener\">LINGUA\u00a0ESPANHOLA<\/a>\u00a0E\u00a0<a href=\"http:\/\/www.uern.br\/controledepaginas\/pferros_uern_br_dle_proficiencia_editais\/arquivos\/5133homologacao_2022.1_i.pdf\" target=\"_blank\" rel=\"noopener\">LINGUA\u00a0INGLESA<\/a>.<\/p>\n<p style=\"text-align: justify\"><a href=\"http:\/\/www.uern.br\/controledepaginas\/pferros_uern_br_dle_proficiencia_editais\/arquivos\/5133resposta_ao_re.pdf\" target=\"_blank\" rel=\"noopener\">RESPOSTA<\/a>\u00a0A INTERPOSI\u00c7\u00c3O DE RECURSO CONTRA A\u00a0HOMOLOGA\u00c7\u00c3O DAS INSCRI\u00c7\u00d5ES PARA O EXAME DE PROFICI\u00caNCIA\u00a0 DISCIPLINADO PELO EDITAL N\u00ba 008\/2022-DLE\/CAPF\/UERN (EDI\u00c7\u00c3O REGULAR)\u00a0LINGUA\u00a0INGLESA.<\/p>\n<p style=\"text-align: justify\"><a href=\"http:\/\/www.uern.br\/controledepaginas\/pferros_uern_br_dle_proficiencia_editais\/arquivos\/5133formula%C2%A1rio_de_recurso_2022.1.pdf\" target=\"_blank\" rel=\"noopener\">REQUERIMENTO PADR\u00c3O PARA INTERPOSI\u00c7\u00c3O DE RECURSO CONTRA A CORRE\u00c7\u00c3O DE PROVAS DO EXAME DE PROFICI\u00caNCIA EM L\u00cdNGUAS ESTRANGEIRAS.<\/a><\/p>\n<p style=\"text-align: justify\"><strong>2021.2\u00a0<\/strong><\/p>\n<p style=\"text-align: justify\"><a href=\"http:\/\/www.uern.br\/controledepaginas\/pferros_uern_br_dle_proficiencia_editais\/arquivos\/5133edital_completo.pdf\" target=\"_blank\" rel=\"noopener\">EDITAL N\u00ba 003\/2022-DLE\/CAPF\/UERN &#8211; ESTABELECE NORMAS PARA A REALIZA\u00c7\u00c3O DE XAMES DE PROFICI\u00caNCIA EM L\u00cdNGUAS ESTRANGEIRAS (L\u00cdNGUA ESPANH<\/a><a href=\"http:\/\/www.uern.br\/controledepaginas\/pferros_uern_br_dle_proficiencia_editais\/arquivos\/5133ficha_de_inscria%E2%80%A1a%C6%92o_para_proficia%C5%A1ncia_2021.2_ultima_retificaa%C2%A7a%C2%A3o_(1).pdf\" target=\"_blank\" rel=\"noopener\">DE INSCRI\u00c7\u00c3O\u00a0PRESENCIAL<\/a>.<a href=\"http:\/\/www.uern.br\/controledepaginas\/pferros_uern_br_dle_proficiencia_editais\/arquivos\/5133edital_completo.pdf\" target=\"_blank\" rel=\"noopener\">OLA E L\u00cdNGUA INGLESA).<\/a><\/p>\n<p style=\"text-align: justify\"><a href=\"http:\/\/www.uern.br\/controledepaginas\/pferros_uern_br_dle_proficiencia_editais\/arquivos\/5133ficha_de_inscria%E2%80%A1a%C6%92o_para_proficia%C5%A1ncia_2021.2_ultima_retificaa%C2%A7a%C2%A3o_(1).pdf\" target=\"_blank\" rel=\"noopener\">FICHA DE INSCRI\u00c7\u00c3O\u00a0PRESENCIAL<\/a><\/p>\n<p style=\"text-align: justify\"><span class=\"fontstyle0\">HOMOLOGA\u00c7\u00c3O DAS INSCRI\u00c7\u00d5ES PARA O EXAME DE PROFICI\u00caNCIA\u00a0 DISCIPLINADO PELO EDITAL N\u00ba 003\/2022-DLE\/CAPF\/UERN (EDI\u00c7\u00c3O REGULAR):\u00a0<a href=\"http:\/\/www.uern.br\/controledepaginas\/pferros_uern_br_dle_proficiencia_editais\/arquivos\/5133homologacao_espanhol.pdf\" target=\"_blank\" rel=\"noopener\">LINGUA\u00a0ESPANHOLA<\/a>\u00a0E\u00a0<a href=\"http:\/\/www.uern.br\/controledepaginas\/pferros_uern_br_dle_proficiencia_editais\/arquivos\/5133homologaa%E2%80%A1a%C6%92o_ingla%C5%A1s.pdf\" target=\"_blank\" rel=\"noopener\">LINGUA\u00a0INGLESA<\/a>.<\/span><\/p>\n<p style=\"text-align: justify\"><a href=\"http:\/\/www.uern.br\/controledepaginas\/pferros_uern_br_dle_proficiencia_editais\/arquivos\/5133requerimento_interposia%E2%80%A1a%C6%92o_de_recurso_proficiencia_2021_2_ultima_retificaa%C2%A7a%C2%A3o.pdf\" target=\"_blank\" rel=\"noopener\">REQUERIMENTO PADR\u00c3O PARA INTERPOSI\u00c7\u00c3O DE RECURSO CONTRA A CORRE\u00c7\u00c3O DE PROVAS DO EXAME DE PROFICI\u00caNCIA EM L\u00cdNGUAS ESTRANGEIRAS<\/a><\/p>\n<p style=\"text-align: justify\"><strong>2019.2<\/strong><\/p>\n<p style=\"text-align: justify\"><a href=\"https:\/\/www.uern.br\/controledepaginas\/pferros_uern_br_dle_proficiencia_editais\/arquivos\/5133edital_na%C2%B0_009.2019_dle.capf.uern_2019.2.pdf\" target=\"_blank\" rel=\"noopener\">EDITAL N\u00ba 009\/2019 &#8211; DLE\/CAPF\/UERN &#8211; EXAME DE PROFICI\u00caNCIA (INGL\u00caS E ESPANHOL) &#8211; 2019.2<\/a><\/p>\n<p style=\"text-align: justify\"><a href=\"https:\/\/www.uern.br\/controledepaginas\/pferros_uern_br_dle_proficiencia_editais\/arquivos\/5133ficha_de_inscricao_proficiencia_2019_2_dle.pdf\" target=\"_blank\" rel=\"noopener\">FICHA DE INSCRI\u00c7\u00c3O PARA O EXAME DE PROFICI\u00caNCIA (INGL\u00caS E ESPANHOL) &#8211; 2019.2 &#8211; DLE\/CAPF\/UERN<\/a><\/p>\n<p style=\"text-align: justify\"><span class=\"fontstyle0\">HOMOLOGA\u00c7\u00c3O DAS INSCRI\u00c7\u00d5ES PARA O EXAME DE PROFICI\u00caNCIA\u00a0 DISCIPLINADO PELO EDITAL N\u00ba 009\/2019-DLE\/CAMEAM\/UERN (EDI\u00c7\u00c3O REGULAR 2019.2): LINGUA\u00a0<a href=\"https:\/\/www.uern.br\/controledepaginas\/pferros_uern_br_dle_proficiencia_editais\/arquivos\/5133h_incria%E2%80%A1a%E2%80%A2es_p_ingla%C5%A1s_2019.2_dle_capf.pdf\" target=\"_blank\" rel=\"noopener\">INGLESA<\/a>\u00a0<\/span>E LINGUA\u00a0<a href=\"https:\/\/www.uern.br\/controledepaginas\/pferros_uern_br_dle_proficiencia_editais\/arquivos\/5133h_i_proficia%C5%A1ncia_espanhol_2019.2_dle_capf.pdf\" target=\"_blank\" rel=\"noopener\">ESPANHOLA<\/a><\/p>\n<p style=\"text-align: justify\"><a href=\"https:\/\/www.uern.br\/controledepaginas\/pferros_uern_br_dle_proficiencia_recursos\/arquivos\/5135requerimento_interposia%E2%80%A1a%C6%92o_de_recurso_proficiencia_2019.2.pdf\" target=\"_blank\" rel=\"noopener\">REQUERIMENTO PARA INTERPOSI\u00c7\u00c3O DE RECURSO<\/a>\u00a0CONTRA A CORRE\u00c7\u00c3O DE PROVAS DO EXAME DE PROFICI\u00caNCIA EM L\u00cdNGUAS ESTRANGEIRAS &#8211; EDI\u00c7\u00c3O 2019.2<\/p>\n<p style=\"text-align: justify\">RESULTADO PRELIMINAR &#8211; EXAME DE PROFICI\u00caNCIA SEMESTRE 2019.2:<a href=\"https:\/\/www.uern.br\/controledepaginas\/pferros_uern_br_dle_proficiencia_resultados\/arquivos\/5134pronto.pdf\" target=\"_blank\" rel=\"noopener\">\u00a0L\u00cdNGUA INGLESA<\/a>\u00a0E\u00a0<a href=\"https:\/\/www.uern.br\/controledepaginas\/pferros_uern_br_dle_proficiencia_resultados\/arquivos\/5134enviar.pdf\" target=\"_blank\" rel=\"noopener\">L\u00cdNGUA ESPANHOLA.<\/a><\/p>\n<p style=\"text-align: justify\">RESULTADO FINAL- EXAME DE PROFICI\u00caNCIA SEMESTRE 2019.2:\u00a0<a href=\"https:\/\/www.uern.br\/controledepaginas\/pferros_uern_br_dle_proficiencia_resultados\/arquivos\/5134resultado_final_ingla%C5%A1s_2019.2.pdf\" target=\"_blank\" rel=\"noopener\">LINGUA INGLESA<\/a>\u00a0E\u00a0<a href=\"https:\/\/www.uern.br\/controledepaginas\/pferros_uern_br_dle_proficiencia_resultados\/arquivos\/5134espanhol_final.pdf\" target=\"_blank\" rel=\"noopener\">L\u00cdNGUA ESPANHOLA.<\/a><\/p>\n<p style=\"text-align: justify\"><strong>2019.1<\/strong><\/p>\n<p style=\"text-align: justify\"><a href=\"https:\/\/www.uern.br\/controledepaginas\/pferros_uern_br_dle_proficiencia_editais\/arquivos\/5133edital_007.2019_proficia%C5%A1ncia_2019.1_dle_cameam_uern.pdf\" target=\"_blank\" rel=\"noopener\">EDITAL N\u00b0 007\/2019 &#8211; DLE\/CAMEAM\/UERN &#8211; EXAME DE PROFICI\u00caNCIA (INGL\u00caS E ESPANHOL) &#8211; 2019.1<\/a><\/p>\n<p style=\"text-align: justify\"><a href=\"https:\/\/www.uern.br\/controledepaginas\/pferros_uern_br_dle_proficiencia_editais\/arquivos\/5133proficiencia_ficha_2019.1.pdf\" target=\"_blank\" rel=\"noopener\">FICHA DE INSCRI\u00c7\u00c3O PARA O EXAME DE PROFICI\u00caNCIA (INGL\u00caS E ESPANHOL) &#8211; 2019.1 &#8211; DLE\/CAMEAM\/UERN<\/a><\/p>\n<p style=\"text-align: justify\">HOMOLOGA\u00c7\u00c3O DAS INCRI\u00c7OES DO EXAME DE PROFICI\u00caNCIA 2019.1 &#8211; EDI\u00c7\u00c3O REGULAR:\u00a0<a href=\"https:\/\/www.uern.br\/controledepaginas\/pferros_uern_br_dle_proficiencia_editais\/arquivos\/5133homologaa%E2%80%A1a%C6%92o_2019.1.pdf\" target=\"_blank\" rel=\"noopener\">L\u00cdNGUA INGLESA<\/a>\u00a0E\u00a0<a href=\"https:\/\/www.uern.br\/controledepaginas\/pferros_uern_br_dle_proficiencia\/arquivos\/5132homologaa%E2%80%A1a%C6%92o.pdf\" target=\"_blank\" rel=\"noopener\">L\u00cdNGUA ESPANHOLA.<\/a><\/p>\n<p style=\"text-align: justify\">HOMOLOGA\u00c7\u00c3O DAS INCRI\u00c7\u00d5ES DO EXAME DE PROFICI\u00caNCIA 2019.1 &#8211; EDI\u00c7\u00c3O ESPECIAL &#8211; IF SERT\u00c3O\/PE:\u00a0<a href=\"https:\/\/www.uern.br\/controledepaginas\/pferros_uern_br_dle_proficiencia_editais\/arquivos\/5133homologaa%E2%80%A1a%C6%92o_das_incria%E2%80%A1a%E2%80%A2es_proficia%C5%A1ncia__2019.1_dinter_ingla%C5%A1s_dle_cameam.pdf\" target=\"_blank\" rel=\"noopener\">L\u00cdNGUA INGLESA<\/a>\u00a0E<a href=\"https:\/\/www.uern.br\/controledepaginas\/pferros_uern_br_dle_proficiencia_editais\/arquivos\/5133homologaa%E2%80%A1a%C6%92o_das_incria%E2%80%A1a%E2%80%A2es_proficia%C5%A1ncia__2019.1_dinter_espanhol_dle_cameam.pdf\" target=\"_blank\" rel=\"noopener\">\u00a0L\u00cdNGUA ESPANHOLA<\/a>.<\/p>\n<p style=\"text-align: justify\">EXPECTATIVAS DE RESPOSTAS DO EXAME DE PROFICI\u00caNCIA 2019.1 &#8211; EDI\u00c7\u00c3O REGULAR:\u00a0<a href=\"https:\/\/www.uern.br\/controledepaginas\/pferros_uern_br_dle_proficiencia_editais\/arquivos\/5133exp._res._ing._2019.1.pdf\" target=\"_blank\" rel=\"noopener\">L\u00cdNGUA INGLESA<\/a>\u00a0E\u00a0<a href=\"https:\/\/www.uern.br\/controledepaginas\/pferros_uern_br_dle_proficiencia_editais\/arquivos\/5133exp._res._esp._2019.1.pdf\" target=\"_blank\" rel=\"noopener\">L\u00cdNGUA ESPANHOLA.<\/a><\/p>\n<p style=\"text-align: justify\">RESULTADO PRELIMINAR &#8211; EXAME DE PROFICI\u00caNCIA SEMESTRE 2019.1:\u00a0<a href=\"https:\/\/www.uern.br\/controledepaginas\/pferros_uern_br_dle_proficiencia_resultados\/arquivos\/5134regular_ingl..pdf\" target=\"_blank\" rel=\"noopener\">L\u00cdNGUA INGLESA<\/a>\u00a0E\u00a0<a href=\"https:\/\/www.uern.br\/controledepaginas\/pferros_uern_br_dle_proficiencia_resultados\/arquivos\/5134regular_esp..pdf\" target=\"_blank\" rel=\"noopener\">L\u00cdNGUA ESPANHOLA.<\/a><\/p>\n<p style=\"text-align: justify\">RESULTADO FINAL &#8211; EXAME DE PROFICI\u00caNCIA SEMESTRE 2019.1:\u00a0<a href=\"https:\/\/www.uern.br\/controledepaginas\/pferros_uern_br_dle_proficiencia_resultados\/arquivos\/5134a_final_ing.pdf\" target=\"_blank\" rel=\"noopener\">L\u00cdNGUA INGLESA<\/a>\u00a0E\u00a0<a href=\"https:\/\/www.uern.br\/controledepaginas\/pferros_uern_br_dle_proficiencia_resultados\/arquivos\/5134a_final_esp.pdf\" target=\"_blank\" rel=\"noopener\">L\u00cdNGUA ESPANHOLA.<\/a><\/p>\n<p style=\"text-align: justify\"><strong>2018.1<\/strong><\/p>\n<p style=\"text-align: justify\"><a href=\"https:\/\/www.uern.br\/controledepaginas\/dle-pferros-apresentacao\/arquivos\/2120edital_n_016_2018_dle_cameam_proficiencia_2018_1.pdf\" target=\"_blank\" rel=\"noopener\">EDITAL N\u00ba 016-2018 &#8211; DLE\/CAMEAM\/UERN &#8211; PROFICI\u00caNCIA SEMESTRE 2018.1<\/a>;<\/p>\n<p style=\"text-align: justify\"><a href=\"https:\/\/www.uern.br\/controledepaginas\/dle-pferros-apresentacao\/arquivos\/2120errata_ao_edital_n_016_2018_proficiencia_2018_1_dle_cameam_uern.pdf\" target=\"_blank\" rel=\"noopener\">ERRATA AO EDITAL N\u00ba 016-2018 &#8211; DLE\/CAMEAM\/UERN &#8211; PROFICI\u00caNCIA SEMESTRE 2018.1<\/a>;<\/p>\n<p style=\"text-align: justify\">HOMOLOGA\u00c7\u00c3O DAS INSCRI\u00c7\u00d5ES PROFICI\u00caNCIA 2018.1: <a href=\"https:\/\/www.uern.br\/controledepaginas\/dle-pferros-apresentacao\/arquivos\/2120homologacao_das_inscricoes_para_o_exame_de_proficiencia_em_lingua_inglesa_2018_1_dle_cameam.pdf\" target=\"_blank\" rel=\"noopener\">\u00a0<\/a>L\u00cdNGUA INGLESA\u00a0E\u00a0L\u00cdNGUA ESPANHOLA.<\/p>\n","protected":false},"excerpt":{"rendered":"<p>2025.2 EDITAL N\u00ba 010\/2025-DLE\/CAPF\/UERN &#8211; ESTABELECE NORMAS PARA A REALIZA\u00c7\u00c3O DE EXAMES DE PROFICI\u00caNCIA EM L\u00cdNGUAS ESTRANGEIRAS (L\u00cdNGUA ESPANHOLA E L\u00cdNGUA INGLESA). HOMOLOGA\u00c7\u00c3O DAS INSCRI\u00c7\u00d5ES PARA OS EXAMES DE PROFICI\u00caNCIA DISCIPLINADOS PELO EDITAL N\u00ba 010\/2025-DLE\/CAPF\/UERN (EDI\u00c7\u00c3O REGULAR): L\u00cdNGUA ESPANHOLA E\u00a0L\u00cdNGUA INGLESA 2025.2\u00a0 HOMOLOGA\u00c7\u00c3O DAS INSCRI\u00c7\u00d5ES PARA OS EXAMES DE PROFICI\u00caNCIA DISCIPLINADOS PELO EDITAL N\u00ba 010\/2025-DLE\/CAPF\/UERN [&hellip;]<\/p>\n","protected":false},"author":1,"featured_media":0,"parent":0,"menu_order":0,"comment_status":"closed","ping_status":"closed","template":"","meta":{"footnotes":""},"class_list":["post-69","page","type-page","status-publish","hentry"],"_links":{"self":[{"href":"https:\/\/portal.uern.br\/paudosferros\/dle\/wp-json\/wp\/v2\/pages\/69","targetHints":{"allow":["GET"]}}],"collection":[{"href":"https:\/\/portal.uern.br\/paudosferros\/dle\/wp-json\/wp\/v2\/pages"}],"about":[{"href":"https:\/\/portal.uern.br\/paudosferros\/dle\/wp-json\/wp\/v2\/types\/page"}],"author":[{"embeddable":true,"href":"https:\/\/portal.uern.br\/paudosferros\/dle\/wp-json\/wp\/v2\/users\/1"}],"replies":[{"embeddable":true,"href":"https:\/\/portal.uern.br\/paudosferros\/dle\/wp-json\/wp\/v2\/comments?post=69"}],"version-history":[{"count":51,"href":"https:\/\/portal.uern.br\/paudosferros\/dle\/wp-json\/wp\/v2\/pages\/69\/revisions"}],"predecessor-version":[{"id":2200,"href":"https:\/\/portal.uern.br\/paudosferros\/dle\/wp-json\/wp\/v2\/pages\/69\/revisions\/2200"}],"wp:attachment":[{"href":"https:\/\/portal.uern.br\/paudosferros\/dle\/wp-json\/wp\/v2\/media?parent=69"}],"curies":[{"name":"wp","href":"https:\/\/api.w.org\/{rel}","templated":true}]}}