{"id":67,"date":"2023-01-31T15:18:34","date_gmt":"2023-01-31T18:18:34","guid":{"rendered":"http:\/\/beta.apps.uern.br\/wordpress\/paudosferros\/dle\/?page_id=67"},"modified":"2023-08-11T19:32:59","modified_gmt":"2023-08-11T22:32:59","slug":"home-exame-de-proficiencia","status":"publish","type":"page","link":"https:\/\/portal.uern.br\/paudosferros\/dle\/home-exame-de-proficiencia\/","title":{"rendered":"Home &#8211; Exame de Profici\u00eancia"},"content":{"rendered":"<p style=\"text-align: justify\"><strong>Sobre o Exame:<\/strong><br \/>\nO Departamento de Letras Estrangeiras do Campus Avan\u00e7ado de Pau dos Ferros da Universidade do Estado do Rio Grande do Norte realiza, semestralmente, exame de profici\u00eancia em l\u00ednguas estrangeiras (espanhol e ingl\u00eas). O Exame de Profici\u00eancia \u00e9 disciplinado por edital pr\u00f3prio e oferece as seguintes modalidades:<\/p>\n<ul style=\"list-style-type: circle\">\n<li style=\"text-align: justify\"><strong>Edi\u00e7\u00e3o Regular:<\/strong> ofertada semestralmente, se destina ao p\u00fablico em geral, especialmente \u00e0s pessoas que pretendem ingressar ou que j\u00e1 ingressaram em cursos de p\u00f3s-gradua\u00e7\u00e3o <em>stricto sensu<\/em>, de acordo com as regras dos programas a que pertencem.<\/li>\n<li style=\"text-align: justify\"><strong>Edi\u00e7\u00e3o Especial:<\/strong> ofertada mediante demanda, se destina exclusivamente a alunos matriculados nos cursos preparat\u00f3rios dos n\u00facleos de idiomas (NECLE e NECLLI) vinculados ao Departamento de Letras Estrangeiras do CAPF.<\/li>\n<\/ul>\n","protected":false},"excerpt":{"rendered":"<p>Sobre o Exame: O Departamento de Letras Estrangeiras do Campus Avan\u00e7ado de Pau dos Ferros da Universidade do Estado do Rio Grande do Norte realiza, semestralmente, exame de profici\u00eancia em l\u00ednguas estrangeiras (espanhol e ingl\u00eas). O Exame de Profici\u00eancia \u00e9 disciplinado por edital pr\u00f3prio e oferece as seguintes modalidades: Edi\u00e7\u00e3o Regular: ofertada semestralmente, se destina [&hellip;]<\/p>\n","protected":false},"author":1,"featured_media":0,"parent":0,"menu_order":0,"comment_status":"closed","ping_status":"closed","template":"","meta":{"footnotes":""},"class_list":["post-67","page","type-page","status-publish","hentry"],"_links":{"self":[{"href":"https:\/\/portal.uern.br\/paudosferros\/dle\/wp-json\/wp\/v2\/pages\/67","targetHints":{"allow":["GET"]}}],"collection":[{"href":"https:\/\/portal.uern.br\/paudosferros\/dle\/wp-json\/wp\/v2\/pages"}],"about":[{"href":"https:\/\/portal.uern.br\/paudosferros\/dle\/wp-json\/wp\/v2\/types\/page"}],"author":[{"embeddable":true,"href":"https:\/\/portal.uern.br\/paudosferros\/dle\/wp-json\/wp\/v2\/users\/1"}],"replies":[{"embeddable":true,"href":"https:\/\/portal.uern.br\/paudosferros\/dle\/wp-json\/wp\/v2\/comments?post=67"}],"version-history":[{"count":3,"href":"https:\/\/portal.uern.br\/paudosferros\/dle\/wp-json\/wp\/v2\/pages\/67\/revisions"}],"predecessor-version":[{"id":967,"href":"https:\/\/portal.uern.br\/paudosferros\/dle\/wp-json\/wp\/v2\/pages\/67\/revisions\/967"}],"wp:attachment":[{"href":"https:\/\/portal.uern.br\/paudosferros\/dle\/wp-json\/wp\/v2\/media?parent=67"}],"curies":[{"name":"wp","href":"https:\/\/api.w.org\/{rel}","templated":true}]}}