{"id":60,"date":"2023-01-31T15:14:27","date_gmt":"2023-01-31T18:14:27","guid":{"rendered":"http:\/\/beta.apps.uern.br\/wordpress\/paudosferros\/dle\/?page_id=60"},"modified":"2024-01-18T10:27:16","modified_gmt":"2024-01-18T13:27:16","slug":"formularios-e-resolucoes","status":"publish","type":"page","link":"https:\/\/portal.uern.br\/paudosferros\/dle\/formularios-e-resolucoes\/","title":{"rendered":"Formul\u00e1rios e Resolu\u00e7\u00f5es"},"content":{"rendered":"<p style=\"text-align: justify\"><strong>Requerimentos &#8211; Discentes<\/strong><\/p>\n<ul style=\"list-style-type: circle;text-align: justify\">\n<li><a href=\"http:\/\/www.uern.br\/controledepaginas\/dle-pferros-download\/arquivos\/2136segunda_chamada.pdf\">Requerimento de 2\u00aa Chamada de Avalia\u00e7\u00e3o<\/a><\/li>\n<li><a href=\"https:\/\/www.uern.br\/controledepaginas\/dle-pferros-download\/arquivos\/2136requerimento_alteraa%C2%A7a%C2%A3o_nome.pdf\">Requerimento de Altera\u00e7\u00e3o de Nome<\/a><\/li>\n<li><a href=\"https:\/\/www.uern.br\/controledepaginas\/dle-pferros-download\/arquivos\/2136requerimento_colaa%C2%A7a%C2%A3o_grau_extraordina%C2%A1ria.pdf\">Requerimento de Cola\u00e7\u00e3o de Grau Extraordin\u00e1ria<\/a><\/li>\n<li><a href=\"https:\/\/www.uern.br\/controledepaginas\/dle-pferros-download\/arquivos\/2136requerimento_desligamento_vontade_pra%C2%B3pria.pdf\">Requerimento de Desligamento Volunt\u00e1rio<\/a><\/li>\n<li><a href=\"https:\/\/portal.uern.br\/paudosferros\/dle\/wp-content\/uploads\/sites\/2\/2023\/08\/Requerimento-de-migracao-curricular.pdf\">Requerimento de migra\u00e7\u00e3o curricular<\/a><\/li>\n<li><a href=\"https:\/\/portal.uern.br\/paudosferros\/dle\/wp-content\/uploads\/sites\/2\/2023\/08\/Requerimento-de-Regime-do-Exercicio-domiciliar.pdf\">Requerimento de Regime do Ex\u00e9rcicio domiciliar<\/a><\/li>\n<li><a href=\"https:\/\/portal.uern.br\/paudosferros\/dle\/wp-content\/uploads\/sites\/2\/2023\/08\/REQUERIMENTO-PARA-SUBMISSAO-EM-PROVA-DE-NIVELAMENTO.pdf\">Requerimento para submiss\u00e3o a prova de nivelamento<\/a><\/li>\n<li><a href=\"https:\/\/portal.uern.br\/paudosferros\/dle\/wp-content\/uploads\/sites\/2\/2023\/08\/Requerimento_Aproveitamento_Estudo_UERN_Apreciacao.pdf\">Requerimento de aproveitamento de estudo realizado na UERN<\/a><\/li>\n<\/ul>\n<p style=\"text-align: justify\"><strong>Documentos &#8211; Discentes<\/strong><\/p>\n<ul style=\"text-align: justify;list-style-type: circle\">\n<li><a href=\"https:\/\/portal.uern.br\/paudosferros\/dle\/wp-content\/uploads\/sites\/2\/2023\/08\/Declaracao-de-opcao-de-curso.pdf\">Declara\u00e7\u00e3o de op\u00e7\u00e3o de curso<\/a><\/li>\n<li><a href=\"https:\/\/portal.uern.br\/paudosferros\/dle\/wp-content\/uploads\/sites\/2\/2023\/08\/termo-de-autorizacao-de-puplicacao.pdf\">Termo de Autoriza\u00e7\u00e3o para disponibiliza\u00e7\u00e3o de publica\u00e7\u00e3o eletr\u00f4nica na Biblioteca Digital da UERN<\/a><\/li>\n<li><a href=\"https:\/\/portal.uern.br\/paudosferros\/dle\/wp-content\/uploads\/sites\/2\/2023\/08\/Normas-para-envio-de-Monografias-a-Biblioteca.pdf\">Normas para entrega de Monografia<\/a><\/li>\n<\/ul>\n<p style=\"text-align: justify\"><strong>Resolu\u00e7\u00f5es<\/strong><\/p>\n<ul style=\"text-align: justify;list-style-type: circle\">\n<li><a href=\"https:\/\/portal.uern.br\/paudosferros\/dle\/wp-content\/uploads\/sites\/2\/2023\/08\/IN-02.2017-PROEG-Dispoe-sobre-os-procedimentos-de-reducao-da-carga-horaria-de-estagio.pdf\">IN 02.2017 &#8211; PROEG Disp\u00f5e sobre os procedimentos de redu\u00e7\u00e3o da carga hor\u00e1ria de est\u00e1gio<\/a><\/li>\n<li><a href=\"https:\/\/portal.uern.br\/paudosferros\/dle\/wp-content\/uploads\/sites\/2\/2023\/08\/Resolucao-no-20-2023-CONSEPE-Regulamenta-Estagio-Curricular-Supervisionado-Obrigatorio-nos-Cursos-Licenciatura-Uern-e-revoga-Resolucao-no-06-2015.pdf\">Resolu\u00e7\u00e3o n\u00ba 20-2023 &#8211; CONSEPE &#8211; Regulamenta Est\u00e1gio Curricular Supervisionado Obrigat\u00f3rio nos Cursos Licenciatura Uern e revoga Resolu\u00e7\u00e3o n\u00ba 06-2015<\/a><\/li>\n<li><a href=\"https:\/\/portal.uern.br\/paudosferros\/dle\/wp-content\/uploads\/sites\/2\/2023\/08\/RESOLU2.pdf\">Resolu\u00e7\u00e3o n\u00ba 021-2019 \u2013 CONSEPE Regulamenta o aproveitamento da carga hor\u00e1ria cursada no Programa Resid\u00eancia Pedag\u00f3gica para o(s) componente(s) de Est\u00e1gio Curricular Supervisionado nos cursos de Licenciatura<\/a><\/li>\n<li><a href=\"https:\/\/portal.uern.br\/paudosferros\/dle\/wp-content\/uploads\/sites\/2\/2023\/08\/Resolucao-de-UCE.pdf\">Resolu\u00e7\u00e3o n\u00ba 25\/2017 &#8211; CONSEP Regulamenta a curriculariza\u00e7\u00e3o das atividades de extens\u00e3o nos cursos de gradua\u00e7\u00e3o no \u00e2mbito da Universidade do Estado do Rio Grande do Norte &#8211; UERN<\/a><\/li>\n<li><a href=\"https:\/\/portal.uern.br\/paudosferros\/dle\/wp-content\/uploads\/sites\/2\/2023\/08\/Regulamento-geral-da-Extensao-da-UERN.pdf\">Regulamento geral da Extens\u00e3o da UERN<\/a><\/li>\n<li><a href=\"http:\/\/www.uern.br\/controledepaginas\/dle-pferros-download\/arquivos\/2136regimento_geral_2022.pdf\">Regimento Geral da UERN &#8211; 2022<\/a><\/li>\n<li><a href=\"https:\/\/www.uern.br\/controledepaginas\/documentos-legislacao-ensino\/arquivos\/0065resolua%C2%A7a%C2%A3o_59_2013_consepe_cria_e_regulamenta_o_nacleo_docente_estruturante_nde_dos_cursos_de_graduaa%C2%A7a%C2%A3o_da_universidade_do_estado_do_rio_grande_do_norte_uern.pdf\">Resolu\u00e7\u00e3o n.\u00ba 59\/2013-CONSEPE, que cria e regulamenta o N\u00facleo Docente Estruturante &#8211; NDE dos Cursos de Gradua\u00e7\u00e3o da UERN<\/a><\/li>\n<li><a href=\"https:\/\/www.uern.br\/controledepaginas\/documentos-legislacao-ensino\/arquivos\/0065resolua%C2%A7a%C2%A3o_56_2013_consepe_regulamenta_o_fa%C2%B3rum_integrado_de_ensino_das_licenciaturas_fiel_na_uern.pdf\">Resolu\u00e7\u00e3o n.\u00ba 56\/2013-CONSEPE, que regulamenta o F\u00f3rum Integrado de Ensino das Licenciaturas &#8211; FIEL na UERN<\/a><\/li>\n<li><a href=\"https:\/\/www.uern.br\/controledepaginas\/documentos-legislacao-recursoshumanos\/arquivos\/0068resolucao_cd_estagio_probatorio_docente.pdf\">Resolu\u00e7\u00e3o N.\u00ba 19\/2007-CD, que aprova a regulamenta\u00e7\u00e3o da avalia\u00e7\u00e3o do est\u00e1gio probat\u00f3rio<\/a><\/li>\n<li><a href=\"https:\/\/www.uern.br\/controledepaginas\/capacitacao-docente\/arquivos\/0002resolucao_47_2010_consepe_aprova_as_normas_de_capacitacao_docente_da_uern_e_revoga_a_resolucao_39_2008_consepe.pdf\">Resolu\u00e7\u00e3o n.\u00ba 47\/2010-CONSEPE, que aprova as Normas de Capacita\u00e7\u00e3o Docente da\u00a0UERN e revoga a Resolu\u00e7\u00e3o n\u00b0 39\/2008-CONSEPE.<\/a><\/li>\n<li><a href=\"https:\/\/www.uern.br\/controledepaginas\/documentos-legislacao-recursoshumanos\/arquivos\/0068resolucao_22_2012_consepe_aprova_as_normas_para_distribuicao_de_carga_horaria_docente_e_revoga_a_resolucao_13_2012_consepe.pdf\">Resolu\u00e7\u00e3o n.\u00ba 22\/2012-CONSEPE, que aprova as normas para a distribui\u00e7\u00e3o de carga hor\u00e1ria docente na UERN<\/a><\/li>\n<li><a href=\"https:\/\/www.uern.br\/controledepaginas\/documentos-legislacao-ensino\/arquivos\/0065nova_2_resolucao_36_2010_consepe.pdf\">Resolu\u00e7\u00e3o n\u00ba 36\/2010-CONSEPE, que regulamenta o Est\u00e1gio Curricular Supervisionado nos Cursos de Licenciatura da UERN<\/a><\/li>\n<\/ul>\n<p style=\"text-align: justify\"><strong>Docentes e T\u00e9cnicos<\/strong><\/p>\n<ul>\n<li style=\"text-align: justify\"><a href=\"http:\/\/www.uern.br\/controledepaginas\/dle-pferros-download\/arquivos\/2136requerimento_padrao.pdf\">Requerimento padr\u00e3o do servidor<\/a><\/li>\n<li style=\"text-align: justify\"><a href=\"https:\/\/www.uern.br\/controledepaginas\/prorhae-formularios\/arquivos\/0485guia_junta_medica_do_estado[1].pdf\">Guia para Junta M\u00e9dica do Estado<\/a><\/li>\n<\/ul>\n","protected":false},"excerpt":{"rendered":"<p>Requerimentos &#8211; Discentes Requerimento de 2\u00aa Chamada de Avalia\u00e7\u00e3o Requerimento de Altera\u00e7\u00e3o de Nome Requerimento de Cola\u00e7\u00e3o de Grau Extraordin\u00e1ria Requerimento de Desligamento Volunt\u00e1rio Requerimento de migra\u00e7\u00e3o curricular Requerimento de Regime do Ex\u00e9rcicio domiciliar Requerimento para submiss\u00e3o a prova de nivelamento Requerimento de aproveitamento de estudo realizado na UERN Documentos &#8211; Discentes Declara\u00e7\u00e3o de op\u00e7\u00e3o [&hellip;]<\/p>\n","protected":false},"author":1,"featured_media":0,"parent":0,"menu_order":0,"comment_status":"closed","ping_status":"closed","template":"","meta":{"footnotes":""},"class_list":["post-60","page","type-page","status-publish","hentry"],"_links":{"self":[{"href":"https:\/\/portal.uern.br\/paudosferros\/dle\/wp-json\/wp\/v2\/pages\/60","targetHints":{"allow":["GET"]}}],"collection":[{"href":"https:\/\/portal.uern.br\/paudosferros\/dle\/wp-json\/wp\/v2\/pages"}],"about":[{"href":"https:\/\/portal.uern.br\/paudosferros\/dle\/wp-json\/wp\/v2\/types\/page"}],"author":[{"embeddable":true,"href":"https:\/\/portal.uern.br\/paudosferros\/dle\/wp-json\/wp\/v2\/users\/1"}],"replies":[{"embeddable":true,"href":"https:\/\/portal.uern.br\/paudosferros\/dle\/wp-json\/wp\/v2\/comments?post=60"}],"version-history":[{"count":10,"href":"https:\/\/portal.uern.br\/paudosferros\/dle\/wp-json\/wp\/v2\/pages\/60\/revisions"}],"predecessor-version":[{"id":1304,"href":"https:\/\/portal.uern.br\/paudosferros\/dle\/wp-json\/wp\/v2\/pages\/60\/revisions\/1304"}],"wp:attachment":[{"href":"https:\/\/portal.uern.br\/paudosferros\/dle\/wp-json\/wp\/v2\/media?parent=60"}],"curies":[{"name":"wp","href":"https:\/\/api.w.org\/{rel}","templated":true}]}}