{"id":6,"date":"2023-01-31T14:12:45","date_gmt":"2023-01-31T17:12:45","guid":{"rendered":"http:\/\/beta.apps.uern.br\/wordpress\/paudosferros\/dle\/?page_id=6"},"modified":"2023-10-18T18:30:39","modified_gmt":"2023-10-18T21:30:39","slug":"apresentacao","status":"publish","type":"page","link":"https:\/\/portal.uern.br\/paudosferros\/dle\/","title":{"rendered":"Home"},"content":{"rendered":"<h4 style=\"text-align: justify\">O setor administrativo do Departamento de Letras Estrangeiras est\u00e1 \u00e0 disposi\u00e7\u00e3o de graduandos, docentes, egressos e comunidade em geral para quest\u00f5es relacionadas aos Cursos de Letras L\u00edngua Inglesa e Letras L\u00edngua Espanhola.<\/h4>\n<hr \/>\n<p><strong>Organograma administrativo\u00a0<\/strong><\/p>\n<p>Chefe &#8211; Prof. Dr. Jos\u00e9 Rodrigues de Mesquita Neto\u00a0 (<em><span style=\"color: #3366ff\">josemesquita@uern.br<\/span><\/em>)<br \/>\nSub-chefe &#8211; Prof. Dr. Francisco Roberto da Silva Santos (<em><span style=\"color: #3366ff\">robertosantos@uern.br<\/span><\/em>)<\/p>\n<p>T\u00e9cnicas<br \/>\nTNS. Esp. Cynthia Sonally Fernandes Ferreira (<span style=\"color: #3366ff\"><em>cynthiasonally@uern.br<\/em><\/span>)<br \/>\nTNM. Ma. Maria Tatiana Peixoto \u00a0(<em><span style=\"color: #3366ff\">tatianapeixoto@uern.br<\/span><\/em>)<\/p>\n<hr \/>\n<p><strong>Endere\u00e7o<\/strong><\/p>\n<p>Departamento de Letras Estrangeiras do Campus Avan\u00e7ado de Pau dos Ferros &#8211; CAPF\/UERN, BR-405, Km 153, Bairro Arizona, Pau dos Ferros-RN, CEP: 59.900-000.<\/p>\n<hr \/>\n<p>Funcionamos de segunda a sexta-feira das 7h \u00e0s 13h e das 16h \u00e0s 22h.<\/p>\n<hr \/>\n<p>O principal meio de contato com o departamento \u00e9 atrav\u00e9s do e-mail <em><span style=\"color: #3366ff\">dle_pferros@uern.br<\/span><\/em>.<\/p>\n<hr \/>\n<p>O departamento mant\u00e9m um perfil na rede social <em>Instagram<\/em> <span style=\"color: #3366ff\"><em>dle_pferros<\/em><\/span>.<\/p>\n","protected":false},"excerpt":{"rendered":"<p>O setor administrativo do Departamento de Letras Estrangeiras est\u00e1 \u00e0 disposi\u00e7\u00e3o de graduandos, docentes, egressos e comunidade em geral para quest\u00f5es relacionadas aos Cursos de Letras L\u00edngua Inglesa e Letras L\u00edngua Espanhola. Organograma administrativo\u00a0 Chefe &#8211; Prof. Dr. Jos\u00e9 Rodrigues de Mesquita Neto\u00a0 (josemesquita@uern.br) Sub-chefe &#8211; Prof. Dr. Francisco Roberto da Silva Santos (robertosantos@uern.br) T\u00e9cnicas [&hellip;]<\/p>\n","protected":false},"author":1,"featured_media":0,"parent":0,"menu_order":0,"comment_status":"closed","ping_status":"closed","template":"","meta":{"footnotes":""},"class_list":["post-6","page","type-page","status-publish","hentry"],"_links":{"self":[{"href":"https:\/\/portal.uern.br\/paudosferros\/dle\/wp-json\/wp\/v2\/pages\/6","targetHints":{"allow":["GET"]}}],"collection":[{"href":"https:\/\/portal.uern.br\/paudosferros\/dle\/wp-json\/wp\/v2\/pages"}],"about":[{"href":"https:\/\/portal.uern.br\/paudosferros\/dle\/wp-json\/wp\/v2\/types\/page"}],"author":[{"embeddable":true,"href":"https:\/\/portal.uern.br\/paudosferros\/dle\/wp-json\/wp\/v2\/users\/1"}],"replies":[{"embeddable":true,"href":"https:\/\/portal.uern.br\/paudosferros\/dle\/wp-json\/wp\/v2\/comments?post=6"}],"version-history":[{"count":20,"href":"https:\/\/portal.uern.br\/paudosferros\/dle\/wp-json\/wp\/v2\/pages\/6\/revisions"}],"predecessor-version":[{"id":1160,"href":"https:\/\/portal.uern.br\/paudosferros\/dle\/wp-json\/wp\/v2\/pages\/6\/revisions\/1160"}],"wp:attachment":[{"href":"https:\/\/portal.uern.br\/paudosferros\/dle\/wp-json\/wp\/v2\/media?parent=6"}],"curies":[{"name":"wp","href":"https:\/\/api.w.org\/{rel}","templated":true}]}}