{"id":56,"date":"2023-01-31T15:10:57","date_gmt":"2023-01-31T18:10:57","guid":{"rendered":"http:\/\/beta.apps.uern.br\/wordpress\/paudosferros\/dle\/?page_id=56"},"modified":"2026-01-27T08:06:15","modified_gmt":"2026-01-27T11:06:15","slug":"horario-do-semestre","status":"publish","type":"page","link":"https:\/\/portal.uern.br\/paudosferros\/dle\/horario-do-semestre\/","title":{"rendered":"Hor\u00e1rio do Semestre"},"content":{"rendered":"<p><strong>L\u00cdNGUA ESPANHOLA<\/strong><\/p>\n<p><a href=\"https:\/\/portal.uern.br\/paudosferros\/dle\/wp-content\/uploads\/sites\/2\/2026\/01\/HORARIO-2026.1-ESPANHOL.pdf\">HOR\u00c1RIO &#8211; MATUTINO &#8211; 2026.1<\/a><\/p>\n<p><a href=\"https:\/\/portal.uern.br\/paudosferros\/dle\/wp-content\/uploads\/sites\/2\/2025\/08\/Horario-2025.2-Espanhol-Atualizado-em-25.08.2025-2.pdf\">HOR\u00c1RIO &#8211; MATUTINO &#8211; 2025.2<\/a><\/p>\n<p><a href=\"https:\/\/portal.uern.br\/paudosferros\/dle\/wp-content\/uploads\/sites\/2\/2025\/03\/HORARIO-ESPANHOL-2025.1-OK.pdf\">HOR\u00c1RIO &#8211; MATUTINO &#8211; 2025.1<\/a><\/p>\n<p><a href=\"https:\/\/portal.uern.br\/paudosferros\/dle\/wp-content\/uploads\/sites\/2\/2025\/03\/HORARIO-ESPANHOL-2024.2.pdf\">HOR\u00c1RIO &#8211; MATUTINO &#8211; 2024.2<\/a><\/p>\n<p><a href=\"https:\/\/portal.uern.br\/paudosferros\/dle\/wp-content\/uploads\/sites\/2\/2024\/04\/HORARIO-ESPANHOL-2024.1-Atualizado-em-21.03.pdf\">HOR\u00c1RIO &#8211; MATUTINO &#8211; 2024.1<\/a><\/p>\n<p><a href=\"https:\/\/portal.uern.br\/paudosferros\/dle\/wp-content\/uploads\/sites\/2\/2023\/08\/HORARIO-ESPANHOL-2023.2.pdf\">HOR\u00c1RIO &#8211; MATUTINO &#8211; 2023.2<\/a><\/p>\n<p><a href=\"https:\/\/portal.uern.br\/paudosferros\/dle\/wp-content\/uploads\/sites\/2\/2024\/09\/ESPANHOL-2023.1.pdf\">HOR\u00c1RIO &#8211; MATUTINO &#8211; 2023.1<\/a><\/p>\n<p><a href=\"https:\/\/portal.uern.br\/paudosferros\/dle\/wp-content\/uploads\/sites\/2\/2024\/09\/HORARIO-ESPANHOL-2022.2.pdf\">HOR\u00c1RIO &#8211; MATUTINO &#8211; 2022.2<\/a><\/p>\n<p><a href=\"https:\/\/portal.uern.br\/paudosferros\/dle\/wp-content\/uploads\/sites\/2\/2024\/09\/HORARIO-2022.1-LINGUA-ESPANHOLA-.pdf\">HOR\u00c1RIO &#8211; MATUTINO &#8211; 2022.1<\/a><\/p>\n<p><a href=\"https:\/\/portal.uern.br\/paudosferros\/dle\/wp-content\/uploads\/sites\/2\/2024\/09\/HORARIO-DLE-2021.2-ESPANHOL.pdf\">HOR\u00c1RIO &#8211; MATUTINO &#8211; 2021.2<\/a><\/p>\n<p><a href=\"https:\/\/portal.uern.br\/paudosferros\/dle\/wp-content\/uploads\/sites\/2\/2024\/09\/HORARIO-2021.1-LINGUA-ESPANHOLA-2.pdf\">HOR\u00c1RIO &#8211; MATUTINO &#8211; 2021.1<\/a><\/p>\n<p><a href=\"https:\/\/portal.uern.br\/paudosferros\/dle\/wp-content\/uploads\/sites\/2\/2024\/09\/HORARIO-DLE-2020.2-ESPANHOL.pdf\">HOR\u00c1RIO &#8211; MATUTINO &#8211; 2020.2<\/a><\/p>\n<p><a href=\"https:\/\/portal.uern.br\/paudosferros\/dle\/wp-content\/uploads\/sites\/2\/2024\/09\/HORARIO-2020.1-LINGUA-ESPANHOLA-1.pdf\">HOR\u00c1RIO &#8211; MATUTINO &#8211; 2020.1<\/a><\/p>\n<p><a href=\"https:\/\/portal.uern.br\/paudosferros\/dle\/wp-content\/uploads\/sites\/2\/2024\/09\/ESPANHOL-2019.2.pdf\">HOR\u00c1RIO &#8211; MATUTINO &#8211; 2019.2<\/a><\/p>\n<p><a href=\"https:\/\/portal.uern.br\/paudosferros\/dle\/wp-content\/uploads\/sites\/2\/2024\/09\/HORARIO-2019.1-LINGUA-ESPANHOLA.pdf\">HOR\u00c1RIO &#8211; MATUTINO &#8211; 2019.1<\/a><\/p>\n<hr \/>\n<p><strong>L\u00cdNGUA INGLESA<\/strong><\/p>\n<p><a href=\"https:\/\/portal.uern.br\/paudosferros\/dle\/wp-content\/uploads\/sites\/2\/2026\/01\/HORARIO-2026.1-INGLES.pdf\">HOR\u00c1RIO &#8211; NOTURNO &#8211; 2026.1<\/a><\/p>\n<p><a href=\"https:\/\/portal.uern.br\/paudosferros\/dle\/wp-content\/uploads\/sites\/2\/2025\/08\/horario-ingl.pdf\">HOR\u00c1RIO &#8211; NOTURNO &#8211; 2025.2<\/a><\/p>\n<p><a href=\"https:\/\/portal.uern.br\/paudosferros\/dle\/wp-content\/uploads\/sites\/2\/2025\/03\/HORARIO-INGLES-2025.1-OK.pdf\">HOR\u00c1RIO &#8211; NOTURNO &#8211; 2025.1<\/a><\/p>\n<p><a href=\"https:\/\/portal.uern.br\/paudosferros\/dle\/wp-content\/uploads\/sites\/2\/2025\/03\/HORARIO-INGLES-2024.2.pdf\">HOR\u00c1RIO &#8211; NOTURNO &#8211; 2024.2<\/a><\/p>\n<p><a href=\"https:\/\/portal.uern.br\/paudosferros\/dle\/wp-content\/uploads\/sites\/2\/2024\/04\/HORARIO-INGLES-2024.1.Atualizado-em-21.03.2024.pdf\">HOR\u00c1RIO &#8211; NOTURNO &#8211; 2024.1<\/a><\/p>\n<p><a href=\"https:\/\/portal.uern.br\/paudosferros\/dle\/wp-content\/uploads\/sites\/2\/2023\/08\/HORARIOINGLES-2023.2.pdf\">HOR\u00c1RIO &#8211; NOTURNO &#8211; 2023.2<\/a><\/p>\n<p><a href=\"https:\/\/portal.uern.br\/paudosferros\/dle\/wp-content\/uploads\/sites\/2\/2024\/09\/INGLES-2023.1.pdf\">HOR\u00c1RIO &#8211; NOTURNO &#8211; 2023.1<\/a><\/p>\n<p><a href=\"https:\/\/portal.uern.br\/paudosferros\/dle\/wp-content\/uploads\/sites\/2\/2024\/09\/Ingles-2022.2.pdf\">HOR\u00c1RIO &#8211; NOTURNO &#8211; 2022.2<\/a><\/p>\n<p><a href=\"https:\/\/portal.uern.br\/paudosferros\/dle\/wp-content\/uploads\/sites\/2\/2024\/09\/HORARIO-2022.1-Ingles.pdf\">HOR\u00c1RIO &#8211; NOTURNO &#8211; 2022.1<\/a><\/p>\n<p><a href=\"https:\/\/portal.uern.br\/paudosferros\/dle\/wp-content\/uploads\/sites\/2\/2024\/09\/HORARIO-INGLES-2021.2.pdf\">HOR\u00c1RIO &#8211; NOTURNO &#8211; 2021.2<\/a><\/p>\n<p><a href=\"https:\/\/portal.uern.br\/paudosferros\/dle\/wp-content\/uploads\/sites\/2\/2024\/09\/HORARIO-2021.1-LINGUA-INGLESA.pdf\">HOR\u00c1RIO &#8211; NOTURNO &#8211; 2021.1<\/a><\/p>\n<p><a href=\"https:\/\/portal.uern.br\/paudosferros\/dle\/wp-content\/uploads\/sites\/2\/2024\/09\/HORARIO-DLE-2020.2-INGLES_.pdf\">HOR\u00c1RIO &#8211; NOTURNO &#8211; 2020.2<\/a><\/p>\n<p><a href=\"https:\/\/portal.uern.br\/paudosferros\/dle\/wp-content\/uploads\/sites\/2\/2024\/09\/HORARIO-2020.1-LINGUA-INGLESA.pdf\">HOR\u00c1RIO &#8211; NOTURNO &#8211; 2020.1<\/a><\/p>\n<p><a href=\"https:\/\/portal.uern.br\/paudosferros\/dle\/wp-content\/uploads\/sites\/2\/2024\/09\/INGLES-2019.2.pdf\">HOR\u00c1RIO &#8211; NOTURNO &#8211; 2019.2<\/a><\/p>\n<p><a href=\"https:\/\/portal.uern.br\/paudosferros\/dle\/wp-content\/uploads\/sites\/2\/2024\/09\/HORARIO-2019.1-LINGUA-INGLESA.pdf\">HOR\u00c1RIO &#8211; NOTURNO &#8211; 2019.1<\/a><\/p>\n<p>&nbsp;<\/p>\n<hr \/>\n<p>&nbsp;<\/p>\n","protected":false},"excerpt":{"rendered":"<p>L\u00cdNGUA ESPANHOLA HOR\u00c1RIO &#8211; MATUTINO &#8211; 2026.1 HOR\u00c1RIO &#8211; MATUTINO &#8211; 2025.2 HOR\u00c1RIO &#8211; MATUTINO &#8211; 2025.1 HOR\u00c1RIO &#8211; MATUTINO &#8211; 2024.2 HOR\u00c1RIO &#8211; MATUTINO &#8211; 2024.1 HOR\u00c1RIO &#8211; MATUTINO &#8211; 2023.2 HOR\u00c1RIO &#8211; MATUTINO &#8211; 2023.1 HOR\u00c1RIO &#8211; MATUTINO &#8211; 2022.2 HOR\u00c1RIO &#8211; MATUTINO &#8211; 2022.1 HOR\u00c1RIO &#8211; MATUTINO &#8211; 2021.2 HOR\u00c1RIO &#8211; MATUTINO [&hellip;]<\/p>\n","protected":false},"author":1,"featured_media":0,"parent":0,"menu_order":0,"comment_status":"closed","ping_status":"closed","template":"","meta":{"footnotes":""},"class_list":["post-56","page","type-page","status-publish","hentry"],"_links":{"self":[{"href":"https:\/\/portal.uern.br\/paudosferros\/dle\/wp-json\/wp\/v2\/pages\/56","targetHints":{"allow":["GET"]}}],"collection":[{"href":"https:\/\/portal.uern.br\/paudosferros\/dle\/wp-json\/wp\/v2\/pages"}],"about":[{"href":"https:\/\/portal.uern.br\/paudosferros\/dle\/wp-json\/wp\/v2\/types\/page"}],"author":[{"embeddable":true,"href":"https:\/\/portal.uern.br\/paudosferros\/dle\/wp-json\/wp\/v2\/users\/1"}],"replies":[{"embeddable":true,"href":"https:\/\/portal.uern.br\/paudosferros\/dle\/wp-json\/wp\/v2\/comments?post=56"}],"version-history":[{"count":37,"href":"https:\/\/portal.uern.br\/paudosferros\/dle\/wp-json\/wp\/v2\/pages\/56\/revisions"}],"predecessor-version":[{"id":2290,"href":"https:\/\/portal.uern.br\/paudosferros\/dle\/wp-json\/wp\/v2\/pages\/56\/revisions\/2290"}],"wp:attachment":[{"href":"https:\/\/portal.uern.br\/paudosferros\/dle\/wp-json\/wp\/v2\/media?parent=56"}],"curies":[{"name":"wp","href":"https:\/\/api.w.org\/{rel}","templated":true}]}}