{"id":54,"date":"2023-01-31T15:09:32","date_gmt":"2023-01-31T18:09:32","guid":{"rendered":"http:\/\/beta.apps.uern.br\/wordpress\/paudosferros\/dle\/?page_id=54"},"modified":"2024-09-18T20:20:39","modified_gmt":"2024-09-18T23:20:39","slug":"residencia-pedagogica","status":"publish","type":"page","link":"https:\/\/portal.uern.br\/paudosferros\/dle\/residencia-pedagogica\/","title":{"rendered":"Resid\u00eancia Pedag\u00f3gica"},"content":{"rendered":"<p><strong>L\u00cdNGUA INGLESA<\/strong><\/p>\n<p>Edi\u00e7\u00e3o 2018 &#8211; 2020 &#8211; N\u00e3o participou<\/p>\n<p>Edi\u00e7\u00e3o 2020 &#8211; 2022 &#8211; Coordenadora: Profa. Maria Zenaide Valdivino da Silva<\/p>\n<p>Edi\u00e7\u00e3o 2022 &#8211; 2024 &#8211; Coordenador: Prof. Jailson Jos\u00e9 dos Santos<\/p>\n<hr \/>\n<p><strong>L\u00cdNGUA ESPANHOLA<\/strong><\/p>\n<p>Edi\u00e7\u00e3o 2018 &#8211; 2020 &#8211; Vinculada ao n\u00facleo de Mossor\u00f3<\/p>\n<p>Edi\u00e7\u00e3o 2020 &#8211; 2022 &#8211;\u00a0N\u00e3o participou<\/p>\n<p>Edi\u00e7\u00e3o 2022 &#8211; 2024 &#8211; Coordenadora &#8211; Profa. Edilene Rodrigues Barbosa<\/p>\n<hr \/>\n<p><em><span style=\"font-size: 10pt\"><strong>*<\/strong>Informa\u00e7\u00f5es sobre as edi\u00e7\u00f5es podem ser solicitadas ao Departamento de Letras Estrangeiras do Campus Avan\u00e7ado de Pau dos Ferros atrav\u00e9s do e-mail:\u00a0 dle_pferros@uern.br.<\/span><\/em><\/p>\n","protected":false},"excerpt":{"rendered":"<p>L\u00cdNGUA INGLESA Edi\u00e7\u00e3o 2018 &#8211; 2020 &#8211; N\u00e3o participou Edi\u00e7\u00e3o 2020 &#8211; 2022 &#8211; Coordenadora: Profa. Maria Zenaide Valdivino da Silva Edi\u00e7\u00e3o 2022 &#8211; 2024 &#8211; Coordenador: Prof. Jailson Jos\u00e9 dos Santos L\u00cdNGUA ESPANHOLA Edi\u00e7\u00e3o 2018 &#8211; 2020 &#8211; Vinculada ao n\u00facleo de Mossor\u00f3 Edi\u00e7\u00e3o 2020 &#8211; 2022 &#8211;\u00a0N\u00e3o participou Edi\u00e7\u00e3o 2022 &#8211; 2024 &#8211; [&hellip;]<\/p>\n","protected":false},"author":1,"featured_media":0,"parent":0,"menu_order":0,"comment_status":"closed","ping_status":"closed","template":"","meta":{"footnotes":""},"class_list":["post-54","page","type-page","status-publish","hentry"],"_links":{"self":[{"href":"https:\/\/portal.uern.br\/paudosferros\/dle\/wp-json\/wp\/v2\/pages\/54","targetHints":{"allow":["GET"]}}],"collection":[{"href":"https:\/\/portal.uern.br\/paudosferros\/dle\/wp-json\/wp\/v2\/pages"}],"about":[{"href":"https:\/\/portal.uern.br\/paudosferros\/dle\/wp-json\/wp\/v2\/types\/page"}],"author":[{"embeddable":true,"href":"https:\/\/portal.uern.br\/paudosferros\/dle\/wp-json\/wp\/v2\/users\/1"}],"replies":[{"embeddable":true,"href":"https:\/\/portal.uern.br\/paudosferros\/dle\/wp-json\/wp\/v2\/comments?post=54"}],"version-history":[{"count":13,"href":"https:\/\/portal.uern.br\/paudosferros\/dle\/wp-json\/wp\/v2\/pages\/54\/revisions"}],"predecessor-version":[{"id":1793,"href":"https:\/\/portal.uern.br\/paudosferros\/dle\/wp-json\/wp\/v2\/pages\/54\/revisions\/1793"}],"wp:attachment":[{"href":"https:\/\/portal.uern.br\/paudosferros\/dle\/wp-json\/wp\/v2\/media?parent=54"}],"curies":[{"name":"wp","href":"https:\/\/api.w.org\/{rel}","templated":true}]}}