{"id":52,"date":"2023-01-31T15:09:12","date_gmt":"2023-01-31T18:09:12","guid":{"rendered":"http:\/\/beta.apps.uern.br\/wordpress\/paudosferros\/dle\/?page_id=52"},"modified":"2024-09-18T20:22:09","modified_gmt":"2024-09-18T23:22:09","slug":"pibid","status":"publish","type":"page","link":"https:\/\/portal.uern.br\/paudosferros\/dle\/pibid\/","title":{"rendered":"PIBID"},"content":{"rendered":"<p><strong>SUBPROJETOS: L\u00cdNGUA INGLESA<\/strong><\/p>\n<p>Edi\u00e7\u00e3o 2018 &#8211; 2020 &#8211; N\u00e3o participou<\/p>\n<p>Edi\u00e7\u00e3o 2020 &#8211; 2022 &#8211; Coordenador: Prof. Marcos Nonato de Oliveira<\/p>\n<p>Edi\u00e7\u00e3o 2022 &#8211; 2024 &#8211; Coordenador: Prof. Marcos Nonato de Oliveira<\/p>\n<p>Edi\u00e7\u00e3o 2024 &#8211; 2026 &#8211; Coordenador: Prof. Marcos Nonato de Oliveira<\/p>\n<hr \/>\n<p><strong>SUBPROJETOS: L\u00cdNGUA ESPANHOLA<\/strong><\/p>\n<p>Edi\u00e7\u00e3o 2018 &#8211; 2020 &#8211; Coordenador Volunt\u00e1rio: Prof. Jos\u00e9 Rodrigues de Mesquita Neto<\/p>\n<p>Edi\u00e7\u00e3o 2020 &#8211; 2022 &#8211; Coordenadora: Profa. Edilene Rodrigues Barbosa<\/p>\n<p>Edi\u00e7\u00e3o 2022 &#8211; 2024 &#8211; Coordenador: Prof. Jos\u00e9 Rodrigues de Mesquita Neto<\/p>\n<p>Edi\u00e7\u00e3o 2024 &#8211; 2026 &#8211; Coordenador: Prof. Jos\u00e9 Rodrigues de Mesquita Neto<\/p>\n<hr \/>\n<p><em><span style=\"font-size: 10pt\"><strong>*<\/strong>Informa\u00e7\u00f5es sobre as edi\u00e7\u00f5es podem ser solicitadas ao Departamento de Letras Estrangeiras do Campus Avan\u00e7ado de Pau dos Ferros atrav\u00e9s do e-mail:\u00a0 dle_pferros@uern.br.<\/span><\/em><\/p>\n","protected":false},"excerpt":{"rendered":"<p>SUBPROJETOS: L\u00cdNGUA INGLESA Edi\u00e7\u00e3o 2018 &#8211; 2020 &#8211; N\u00e3o participou Edi\u00e7\u00e3o 2020 &#8211; 2022 &#8211; Coordenador: Prof. Marcos Nonato de Oliveira Edi\u00e7\u00e3o 2022 &#8211; 2024 &#8211; Coordenador: Prof. Marcos Nonato de Oliveira Edi\u00e7\u00e3o 2024 &#8211; 2026 &#8211; Coordenador: Prof. Marcos Nonato de Oliveira SUBPROJETOS: L\u00cdNGUA ESPANHOLA Edi\u00e7\u00e3o 2018 &#8211; 2020 &#8211; Coordenador Volunt\u00e1rio: Prof. Jos\u00e9 [&hellip;]<\/p>\n","protected":false},"author":1,"featured_media":0,"parent":0,"menu_order":0,"comment_status":"closed","ping_status":"closed","template":"","meta":{"footnotes":""},"class_list":["post-52","page","type-page","status-publish","hentry"],"_links":{"self":[{"href":"https:\/\/portal.uern.br\/paudosferros\/dle\/wp-json\/wp\/v2\/pages\/52","targetHints":{"allow":["GET"]}}],"collection":[{"href":"https:\/\/portal.uern.br\/paudosferros\/dle\/wp-json\/wp\/v2\/pages"}],"about":[{"href":"https:\/\/portal.uern.br\/paudosferros\/dle\/wp-json\/wp\/v2\/types\/page"}],"author":[{"embeddable":true,"href":"https:\/\/portal.uern.br\/paudosferros\/dle\/wp-json\/wp\/v2\/users\/1"}],"replies":[{"embeddable":true,"href":"https:\/\/portal.uern.br\/paudosferros\/dle\/wp-json\/wp\/v2\/comments?post=52"}],"version-history":[{"count":16,"href":"https:\/\/portal.uern.br\/paudosferros\/dle\/wp-json\/wp\/v2\/pages\/52\/revisions"}],"predecessor-version":[{"id":1794,"href":"https:\/\/portal.uern.br\/paudosferros\/dle\/wp-json\/wp\/v2\/pages\/52\/revisions\/1794"}],"wp:attachment":[{"href":"https:\/\/portal.uern.br\/paudosferros\/dle\/wp-json\/wp\/v2\/media?parent=52"}],"curies":[{"name":"wp","href":"https:\/\/api.w.org\/{rel}","templated":true}]}}