{"id":48,"date":"2023-01-31T15:00:19","date_gmt":"2023-01-31T18:00:19","guid":{"rendered":"http:\/\/beta.apps.uern.br\/wordpress\/paudosferros\/dle\/?page_id=48"},"modified":"2025-10-10T19:09:21","modified_gmt":"2025-10-10T22:09:21","slug":"pim","status":"publish","type":"page","link":"https:\/\/portal.uern.br\/paudosferros\/dle\/pim\/","title":{"rendered":"PIM"},"content":{"rendered":"<p><strong>Programa Institucional de Monitoria (PIM)<\/strong><\/p>\n<p><strong>2026.1<\/strong><\/p>\n<p><a href=\"https:\/\/portal.uern.br\/paudosferros\/dle\/wp-content\/uploads\/sites\/2\/2025\/09\/Edital_11_2025_-_Abertura_de_Inscricoes_para_PIM_2026.1_assinado.pdf\">Edital n\u00ba 11\/2025 &#8211; DLE\/CAPF\/UERN &#8211; Abertura das inscri\u00e7\u00f5es para o PIM 2026.1<\/a><\/p>\n<p>Formul\u00e1rio de Inscri\u00e7\u00e3o para o PIM 2026.1 &#8211; Anexo ao Edital<\/p>\n<p><a href=\"https:\/\/portal.uern.br\/paudosferros\/dle\/wp-content\/uploads\/sites\/2\/2025\/10\/Edital-12_2025-Resultado-da-selec\u0327a\u0303o-PIM-2026.1.pdf\">Edital n\u00ba 12\/2025 &#8211; DLE\/CAPF\/UERN &#8211; Resultado da sele\u00e7\u00e3o para o PIM 2026.1<\/a><\/p>\n<p><strong>2025.2<\/strong><\/p>\n<p><a href=\"https:\/\/portal.uern.br\/paudosferros\/dle\/wp-content\/uploads\/sites\/2\/2025\/04\/Edital_008_2025-_Abertura_das_inscricoes_para_o_PIM_2025.2_-_Departamento_de_Letras_Estrangeiras_DLE_CAPF_-_publicar.pdf\">Edital n\u00ba 008\/2025 &#8211; DLE\/CAPF\/UERN &#8211; Abertura das inscri\u00e7\u00f5es para o PIM 2025.2<\/a><\/p>\n<p>Formul\u00e1rio de Inscri\u00e7\u00e3o para o PIM 2025.2 &#8211; Anexo ao Edital<\/p>\n<p><a href=\"https:\/\/portal.uern.br\/paudosferros\/dle\/wp-content\/uploads\/sites\/2\/2025\/04\/PIM-2025.2_-_Edital_de_Resultado_-_ok_assinado.pdf\">Edital n\u00ba 009\/2025 &#8211; DLE\/CAPF\/UERN &#8211; Resultado da sele\u00e7\u00e3o para o PIM 2025.2<\/a><\/p>\n<p><strong>2025.1<\/strong><\/p>\n<p><a href=\"https:\/\/portal.uern.br\/paudosferros\/dle\/wp-content\/uploads\/sites\/2\/2024\/09\/Edital-003-2024-Abertura-de-Inscricoes-para-PIM-2025.1.pdf\">Edital n\u00ba 003\/2024 &#8211; DLE\/CAPF\/UERN &#8211; Abertura das inscri\u00e7\u00f5es para o PIM 2025.1<\/a><\/p>\n<p>Formul\u00e1rio de Inscri\u00e7\u00e3o para o PIM 2025.1 &#8211; Anexo ao Edital<\/p>\n<p><a href=\"https:\/\/portal.uern.br\/paudosferros\/dle\/wp-content\/uploads\/sites\/2\/2024\/10\/PIM-2025.1.pdf\">Edital n\u00ba 004\/2024 &#8211; DLE\/CAPF\/UERN &#8211; Resultado da sele\u00e7\u00e3o para o PIM 2025.1<\/a><\/p>\n<p><strong>2024.2<\/strong><\/p>\n<p><a href=\"https:\/\/portal.uern.br\/paudosferros\/dle\/wp-content\/uploads\/sites\/2\/2024\/05\/Edital_002_-_2024_-_Abertura_de_Inscricoes_para_PIM_2024.2_assinado.pdf\">Edital n\u00ba 002\/2024 &#8211; DLE\/CAPF\/UERN &#8211; Abertura das inscri\u00e7\u00f5es para o PIM 2024.2<\/a><\/p>\n<p><a href=\"https:\/\/portal.uern.br\/paudosferros\/dle\/wp-content\/uploads\/sites\/2\/2024\/05\/formulario.pdf\">Formul\u00e1rio de Inscri\u00e7\u00e3o para o PIM 2024.2<\/a><\/p>\n<p><a href=\"https:\/\/portal.uern.br\/paudosferros\/dle\/wp-content\/uploads\/sites\/2\/2024\/06\/Edital-003-2024-Resultado-da-selec\u0327a\u0303o-PIM-2024.2-Departamento-de-Letras-Estrangeiras_DLE-CAPF.pdf\">Edital n\u00ba 003\/2024 &#8211; DLE\/CAPF\/UERN &#8211; Resultado da sele\u00e7\u00e3o para o PIM 2024.2<\/a><\/p>\n<p><strong>2024.1<\/strong><\/p>\n<p><a href=\"https:\/\/portal.uern.br\/paudosferros\/dle\/wp-content\/uploads\/sites\/2\/2023\/10\/Edital_006_-_2023_-_Abertura_de_Inscricoes_para_PIM_2024.1_assinado-1.pdf\">Edital n\u00ba 006\/2023 &#8211; DLE\/CAPF\/UERN &#8211; Abertura das inscri\u00e7\u00f5es para o PIM 2024.1<\/a><\/p>\n<p><a href=\"https:\/\/portal.uern.br\/paudosferros\/dle\/wp-content\/uploads\/sites\/2\/2023\/10\/Formulario-de-inscricao-PIM-2024.1.pdf\">Formul\u00e1rio de Inscri\u00e7\u00e3o para o PIM 2024.1<\/a><\/p>\n<p><a href=\"https:\/\/portal.uern.br\/paudosferros\/dle\/wp-content\/uploads\/sites\/2\/2023\/11\/Edital-008_2023-Resultado-da-selec\u0327a\u0303o-PIM-2024.1-Departamento-de-Letras-Estrangeiras_DLE-CAPF.pdf\">Edital n\u00ba 008\/2023 &#8211; DLE\/CAPF\/UERN &#8211; Resultado da sele\u00e7\u00e3o para o PIM 2024.1<\/a><\/p>\n<p><strong>2023.2<\/strong><\/p>\n<p><a href=\"https:\/\/portal.uern.br\/paudosferros\/dle\/wp-content\/uploads\/sites\/2\/2023\/10\/Edital-004_2023-Abertura-das-Inscricoes-para-PIM-2023.2-Departamento-de-Letras-Estrangeiras_DLE-CAPF.pdf\">Edital n\u00ba 004\/2023 &#8211; DLE\/CAPF\/UERN &#8211; Abertura das inscri\u00e7\u00f5es para o PIM 2023.2<\/a><\/p>\n<p><a href=\"https:\/\/portal.uern.br\/paudosferros\/dle\/wp-content\/uploads\/sites\/2\/2023\/10\/Edital-005_2023-Resultado-da-selec\u0327a\u0303o-PIM-2023.2-Departamento-de-Letras-Estrangeiras_DLE-CAPF.pdf\">Edital n\u00ba 005\/2023 &#8211; DLE\/CAPF\/UERN &#8211; Resultado da sele\u00e7\u00e3o para o PIM 2023.2<\/a><\/p>\n<p><strong>2023.1<\/strong><\/p>\n<p><a href=\"https:\/\/portal.uern.br\/paudosferros\/dle\/wp-content\/uploads\/sites\/2\/2023\/10\/Edital-001-2023-Abertura-de-Inscricoes-para-PIM-2023.1-Departamento-de-Letras-Estrangeiras_DLE-CAPF.pdf\">Edital n\u00ba 001\/2023 &#8211; DLE\/CAPF\/UERN &#8211; Abertura das inscri\u00e7\u00f5es para o PIM 2023.1<\/a><\/p>\n<p><a href=\"https:\/\/portal.uern.br\/paudosferros\/dle\/wp-content\/uploads\/sites\/2\/2023\/10\/Edital-002-2023-Resultado-da-selecao-PIM-2023.1-Departamento-de-Letras-Estrangeiras_DLE-CAPF.pdf\">Edital n\u00ba 002\/2023 &#8211; DLE\/CAPF\/UERN &#8211; Resultado da sele\u00e7\u00e3o para o PIM 2023.1<\/a><\/p>\n<p><strong>2022.2<\/strong><\/p>\n<p><a href=\"http:\/\/www.uern.br\/controledepaginas\/dle-pferros-programas-formativos\/arquivos\/2134@edital_de_abertura.pdf\" target=\"_blank\" rel=\"noopener\">Edital n\u00ba 009\/2022 &#8211; DLE\/CAPF\/UERN &#8211; Abertura das inscri\u00e7\u00f5es para o PIM 2022.2<\/a><\/p>\n<p><a href=\"http:\/\/www.uern.br\/controledepaginas\/dle-pferros-programas-formativos\/arquivos\/2134edital_de_resultado_pim_2022.2!.pdf\">Edital n\u00b0 010\/2022 &#8211; DLE\/CAPF\/UERN &#8211; Resultado da sele\u00e7\u00e3o para o PIM 2022.2<\/a><\/p>\n<p><strong>2022.1<\/strong><\/p>\n<p><a href=\"http:\/\/www.uern.br\/controledepaginas\/dle-pferros-programas-formativos\/arquivos\/2134edital_de_abertura_completo.pdf\" target=\"_blank\" rel=\"noopener\">Edital n\u00ba 002\/2022 &#8211; DLE\/CAPF\/UERN &#8211; Abertura das inscri\u00e7\u00f5es para o PIM 2022.1<\/a><\/p>\n<p><a href=\"http:\/\/www.uern.br\/controledepaginas\/dle-pferros-programas-formativos\/arquivos\/2134formula%C2%A1rio_de_inscria%C2%A7a%C2%A3o_pim_2022.1.pdf\" target=\"_blank\" rel=\"noopener\">Formul\u00e1rio de inscri\u00e7\u00e3o para o PIM 2022.1<\/a><\/p>\n<p><a href=\"http:\/\/www.uern.br\/controledepaginas\/dle-pferros-programas-formativos\/arquivos\/2134edital_na_004.2022_resultdo_da_selea%C2%A7a%C2%A3o_para_o_pim_2022.1_dle_capf.pdf\" target=\"_blank\" rel=\"noopener\">Edital n\u00ba 004\/2022 &#8211; DLE\/CAPF\/UERN &#8211; Resultado da sele\u00e7\u00e3o para o PIM 2022.1<\/a><\/p>\n<p><strong>2021.2<\/strong><\/p>\n<p><a href=\"http:\/\/www.uern.br\/controledepaginas\/dle-pferros-programas-formativos\/arquivos\/2134edital_008.2021_dle_inscria%C2%A7a%C2%B5es_para_pim_2021.2_completo.pdf\" target=\"_blank\" rel=\"noopener\">Edital n\u00ba 008\/2021 &#8211; DLE\/CAPF\/UERN &#8211; Abertura das inscri\u00e7\u00f5es para o PIM 2021.2.<\/a><\/p>\n<p><a href=\"http:\/\/www.uern.br\/controledepaginas\/dle-pferros-programas-formativos\/arquivos\/2134formula%C2%A1rio_de_inscria%C2%A7a%C2%A3o_pim_2021.2.pdf\" target=\"_blank\" rel=\"noopener\">Formul\u00e1rio de inscri\u00e7\u00e3o para o PIM 2021.2.<\/a><\/p>\n<p><a href=\"http:\/\/www.uern.br\/controledepaginas\/dle-pferros-programas-formativos\/arquivos\/2134termo_de_compromisso_do_monitor_remunerado.pdf\" target=\"_blank\" rel=\"noopener\">Termo de compromisso do monitor remunerado PIM 2021.2.<\/a><\/p>\n<p><a href=\"http:\/\/www.uern.br\/controledepaginas\/dle-pferros-programas-formativos\/arquivos\/2134edital_de_resultado.pdf\" target=\"_blank\" rel=\"noopener\">Edital n\u00ba 009\/2021 &#8211; DLE\/CAPF\/UERN &#8211; Resultado da sele\u00e7\u00e3o para o PIM 2021.2.<\/a><\/p>\n<p><strong>2021.1<\/strong><\/p>\n<p><a href=\"https:\/\/www.uern.br\/controledepaginas\/dle-pferros-programas-formativos\/arquivos\/2134edital_na%C2%B0_003.2021_dle.capf_pim_2021.1.pdf\">Edital n\u00b0 003\/2021 &#8211; DLE\/CAPF\/UERN &#8211; Abertura das inscri\u00e7\u00f5es para o PIM 2021.1<\/a><\/p>\n<p><a href=\"http:\/\/www.uern.br\/controledepaginas\/dle-pferros-programas-formativos\/arquivos\/2134resultado.pdf\" target=\"_blank\" rel=\"noopener\">Edital n\u00ba 004\/2021 &#8211; DLE\/CAPF\/UERN &#8211; Resultado da sele\u00e7\u00e3o para o PIM 2021.1<\/a><\/p>\n<p><strong>2020.2<\/strong><\/p>\n<p><a href=\"https:\/\/www.uern.br\/controledepaginas\/dle-pferros-programas-formativos\/arquivos\/2134ilovepdf_merged.pdf\" target=\"_blank\" rel=\"noopener\">Edital n\u00ba 004\/2020 &#8211; DLE\/CAPF\/UERN, resultado da sele\u00e7\u00e3o para o PIM 2020.2<\/a><\/p>\n<p><a href=\"https:\/\/www.uern.br\/controledepaginas\/dle-pferros-programas-formativos\/arquivos\/2134pim_20202.pdf\" target=\"_blank\" rel=\"noopener\">Edital n\u00ba 003\/2020 &#8211; DLE\/CAPF\/UERN, abertura de inscri\u00e7\u00f5es para o PIM 2020.2<\/a><\/p>\n<p><a href=\"https:\/\/www.uern.br\/controledepaginas\/dle-pferros-programas-formativos\/arquivos\/2134formulario_de_inscria%C2%A7a%C2%A3o_pim_2020.2.pdf\" target=\"_blank\" rel=\"noopener\">Formul\u00e1rio de Incri\u00e7\u00e3o para o PIM 2020.2<\/a><\/p>\n<p><a href=\"https:\/\/www.uern.br\/controledepaginas\/dle-pferros-programas-formativos\/arquivos\/2134termo.pdf\" target=\"_blank\" rel=\"noopener\">Termo de compromisso do monitor remunerado PIM 2020.2<\/a><\/p>\n<p><strong>2020.1<\/strong><\/p>\n<p><a href=\"https:\/\/portal.uern.br\/paudosferros\/dle\/wp-content\/uploads\/sites\/2\/2024\/09\/Edital-005_2020_pim_resultado_2020.1.pdf\">Edital n\u00ba 005\/2020 &#8211; DLE\/CAPF\/UERN, resultado da sele\u00e7\u00e3o para o PIM 2020.2<\/a><\/p>\n<p><a href=\"https:\/\/portal.uern.br\/paudosferros\/dle\/wp-content\/uploads\/sites\/2\/2024\/09\/Edital-No-001-2020-PIM-ABERTURA-2020.1.pdf\">Edital n\u00ba 001\/2020 &#8211; DLE\/CAPF\/UERN, abertura de inscri\u00e7\u00f5es para o PIM 2020.1<\/a><\/p>\n<p><a href=\"https:\/\/portal.uern.br\/paudosferros\/dle\/wp-content\/uploads\/sites\/2\/2024\/09\/1-FICHA-DE-INSCRICAO-PIM-2020.1.pdf\">Formul\u00e1rio de Incri\u00e7\u00e3o para o PIM 2020.1<\/a><\/p>\n<hr \/>\n<p><em><span style=\"font-size: 10pt\"><strong>*<\/strong>Outras informa\u00e7\u00f5es podem ser solicitadas ao Departamento de Letras Estrangeiras do Campus Avan\u00e7ado de Pau dos Ferros atrav\u00e9s do e-mail:\u00a0 dle_pferros@uern.br.<\/span><\/em><\/p>\n","protected":false},"excerpt":{"rendered":"<p>Programa Institucional de Monitoria (PIM) 2026.1 Edital n\u00ba 11\/2025 &#8211; DLE\/CAPF\/UERN &#8211; Abertura das inscri\u00e7\u00f5es para o PIM 2026.1 Formul\u00e1rio de Inscri\u00e7\u00e3o para o PIM 2026.1 &#8211; Anexo ao Edital Edital n\u00ba 12\/2025 &#8211; DLE\/CAPF\/UERN &#8211; Resultado da sele\u00e7\u00e3o para o PIM 2026.1 2025.2 Edital n\u00ba 008\/2025 &#8211; DLE\/CAPF\/UERN &#8211; Abertura das inscri\u00e7\u00f5es para o [&hellip;]<\/p>\n","protected":false},"author":1,"featured_media":0,"parent":0,"menu_order":0,"comment_status":"closed","ping_status":"closed","template":"","meta":{"footnotes":""},"class_list":["post-48","page","type-page","status-publish","hentry"],"_links":{"self":[{"href":"https:\/\/portal.uern.br\/paudosferros\/dle\/wp-json\/wp\/v2\/pages\/48","targetHints":{"allow":["GET"]}}],"collection":[{"href":"https:\/\/portal.uern.br\/paudosferros\/dle\/wp-json\/wp\/v2\/pages"}],"about":[{"href":"https:\/\/portal.uern.br\/paudosferros\/dle\/wp-json\/wp\/v2\/types\/page"}],"author":[{"embeddable":true,"href":"https:\/\/portal.uern.br\/paudosferros\/dle\/wp-json\/wp\/v2\/users\/1"}],"replies":[{"embeddable":true,"href":"https:\/\/portal.uern.br\/paudosferros\/dle\/wp-json\/wp\/v2\/comments?post=48"}],"version-history":[{"count":26,"href":"https:\/\/portal.uern.br\/paudosferros\/dle\/wp-json\/wp\/v2\/pages\/48\/revisions"}],"predecessor-version":[{"id":2165,"href":"https:\/\/portal.uern.br\/paudosferros\/dle\/wp-json\/wp\/v2\/pages\/48\/revisions\/2165"}],"wp:attachment":[{"href":"https:\/\/portal.uern.br\/paudosferros\/dle\/wp-json\/wp\/v2\/media?parent=48"}],"curies":[{"name":"wp","href":"https:\/\/api.w.org\/{rel}","templated":true}]}}